{"id":8756,"date":"2021-11-25T14:20:39","date_gmt":"2021-11-25T13:20:39","guid":{"rendered":"https:\/\/www.upm.es\/recursosidi\/offers-resources\/sin%20categor\u00eda\/metodo-y-sistema-de-tratamiento-de-materiales\/"},"modified":"2022-08-10T02:20:22","modified_gmt":"2022-08-10T00:20:22","slug":"metodo-y-sistema-de-tratamiento-de-materiales","status":"publish","type":"product","link":"https:\/\/www.upm.es\/recursosidi\/offers-resources\/patentes\/metodo-y-sistema-de-tratamiento-de-materiales\/","title":{"rendered":"METODO Y SISTEMA DE TRATAMIENTO DE MATERIALES"},"content":{"rendered":"<h5>Descripci\u00f3n de la patente <\/h5>\n<p>M\u00e9todo de mezclado capaz de conseguir una tasa de cortadura (shear rate) de los materiales a mezclar mayor que el de las m\u00e1quinas de mezclado actuales, as\u00ed como, simult\u00e1neamente -si se desea- una presi\u00f3n hidrost\u00e1tica alta, mayor que en los sistemas actuales, pudiendo controlar de forma independiente el shear rate y la presi\u00f3n deseadas.<\/p>\n<h5>Situaci\u00f3n <\/h5>\n<p>Concedida<\/p>\n<h5>N\u00famero de solicitud<\/h5>\n<p>P201831123<\/p>\n<h5>N\u00famero de publicaci\u00f3n<\/h5>\n<p>ES2722499<\/p>\n<h5>Fecha de presentaci\u00f3n <\/h5>\n<p>20\/11\/2018<\/p>\n<h5>Fecha de publicaci\u00f3n <\/h5>\n<p>12\/08\/2019<\/p>\n<h5>Fecha de concesi\u00f3n <\/h5>\n<p>08\/06\/2021<\/p>\n<h4><strong>Extensiones Internacionales<\/strong><\/h4>\n<h5>PCT<\/h5>\n<p><strong>Referencia de la solicitud: <\/strong>PCT\/ES2019\/070789<br \/>\nWO2020104721<br \/><strong>T\u00edtulo: <\/strong>M\u00c9TODO Y SISTEMA DE TRATAMIENTO DE MATERIALES<\/p>\n<h5>EUROPA<\/h5>\n<p><strong>Referencia de la solicitud: <\/strong>EP19888053.6<br \/><strong>T\u00edtulo:\t\t\t\t\t   <\/strong>METHOD AND SYSTEM FOR THE TREATMENT OF MATERIALS<br \/><strong>Situacion: \t\t\t\t   <\/strong>Presentada<\/p>\n<h5>PA\u00cdSES<\/h5>\n<p><strong>Pa\u00eds: <\/strong>EEUU<br \/><strong>N\u00famero de solicitud: <\/strong>US17\/295,157<br \/><strong>Situaci\u00f3n: <\/strong>Presentada<br \/><strong>Pa\u00eds: <\/strong>JAPON<br \/><strong>N\u00famero de solicitud: <\/strong>2021-527929; 2022-514190<br \/><strong>Situaci\u00f3n: <\/strong>Presentada<br \/><strong>Pa\u00eds: <\/strong>CANADA<br \/><strong>N\u00famero de solicitud: <\/strong>CA3120467<br \/><strong>Situaci\u00f3n: <\/strong>Presentada<\/p>\n<div class=\"pdfprnt-buttons pdfprnt-buttons-product pdfprnt-bottom-left\"><a href=\"https:\/\/www.upm.es\/recursosidi\/wp-json\/wp\/v2\/product\/8756?print=pdf\" class=\"pdfprnt-button pdfprnt-button-pdf\" target=\"_blank\"><span class=\"pdfprnt-button-title pdfprnt-button-pdf-title\">Descargar ficha<\/span><\/a><\/div>","protected":false},"excerpt":{"rendered":"<p>Descripci\u00f3n de la patente M\u00e9todo de mezclado capaz de conseguir una tasa de cortadura (shear rate) de los materiales a mezclar mayor que el de&hellip;<\/p>\n","protected":false},"featured_media":0,"template":"","meta":{"_acf_changed":false},"product_cat":[3946],"product_tag":[],"comunidades-upm":[],"quien":[],"mapa":[],"disponibilidad":[],"donde":[{"term_id":310,"name":"GI-IM: Grupo de Investigaci\u00f3n en Ingenier\u00eda de M\u00e1quinas","slug":"gi-im-grupo-de-investigacion-en-ingenieria-de-maquinas","term_group":0,"term_taxonomy_id":310,"taxonomy":"donde","description":"","parent":0,"count":12,"filter":"raw","term_order":"0"}],"infraestructura":[],"ods":[],"origen":[{"term_id":180,"name":"Patente","slug":"patente","term_group":0,"term_taxonomy_id":180,"taxonomy":"origen","description":"","parent":0,"count":614,"filter":"raw","term_order":"0"}],"familia_tax":false,"quien_tax":false,"donde_tax":false,"year":"","contacto":"<strong>Principales: <\/strong><ul><li>JUAN MANUEL MU\u00d1OZ GUIJOSA <blockquote><strong>juanmanuel.munoz.guijosa@upm.es<\/strong><\/blockquote><\/li><li>GUILLERMO FERNANDEZ ZAPICO <blockquote><strong><\/strong><\/blockquote><\/li><\/ul>","telefono":"","pagina_web":"","email":"","id_ficha_portal":"1508","video":"","adjuntos":false,"adjuntos_portal":"https:\/\/www.upm.es\/S2i\/Acuse\/recuperarArchivo.jsp?id=1508&id_archivo=12158&tipo=patente&extension=fichero ","inf":false,"departamento":"","acf":[],"lang":"es","translation":{"es":8756},"_links":{"self":[{"href":"https:\/\/www.upm.es\/recursosidi\/wp-json\/wp\/v2\/product\/8756"}],"collection":[{"href":"https:\/\/www.upm.es\/recursosidi\/wp-json\/wp\/v2\/product"}],"about":[{"href":"https:\/\/www.upm.es\/recursosidi\/wp-json\/wp\/v2\/types\/product"}],"wp:attachment":[{"href":"https:\/\/www.upm.es\/recursosidi\/wp-json\/wp\/v2\/media?parent=8756"}],"wp:term":[{"taxonomy":"product_cat","embeddable":true,"href":"https:\/\/www.upm.es\/recursosidi\/wp-json\/wp\/v2\/product_cat?post=8756"},{"taxonomy":"product_tag","embeddable":true,"href":"https:\/\/www.upm.es\/recursosidi\/wp-json\/wp\/v2\/product_tag?post=8756"},{"taxonomy":"comunidad_upm","embeddable":true,"href":"https:\/\/www.upm.es\/recursosidi\/wp-json\/wp\/v2\/comunidades-upm?post=8756"},{"taxonomy":"quien","embeddable":true,"href":"https:\/\/www.upm.es\/recursosidi\/wp-json\/wp\/v2\/quien?post=8756"},{"taxonomy":"mapa","embeddable":true,"href":"https:\/\/www.upm.es\/recursosidi\/wp-json\/wp\/v2\/mapa?post=8756"},{"taxonomy":"disponibilidad","embeddable":true,"href":"https:\/\/www.upm.es\/recursosidi\/wp-json\/wp\/v2\/disponibilidad?post=8756"},{"taxonomy":"donde","embeddable":true,"href":"https:\/\/www.upm.es\/recursosidi\/wp-json\/wp\/v2\/donde?post=8756"},{"taxonomy":"infraestructura","embeddable":true,"href":"https:\/\/www.upm.es\/recursosidi\/wp-json\/wp\/v2\/infraestructura?post=8756"},{"taxonomy":"ods","embeddable":true,"href":"https:\/\/www.upm.es\/recursosidi\/wp-json\/wp\/v2\/ods?post=8756"},{"taxonomy":"origen","embeddable":true,"href":"https:\/\/www.upm.es\/recursosidi\/wp-json\/wp\/v2\/origen?post=8756"}],"curies":[{"name":"wp","href":"https:\/\/api.w.org\/{rel}","templated":true}]}}