{"id":8760,"date":"2021-11-25T14:20:49","date_gmt":"2021-11-25T13:20:49","guid":{"rendered":"https:\/\/www.upm.es\/recursosidi\/offers-resources\/sin%20categor\u00eda\/sistema-y-metodo-de-proteccion-ante-faltas-entre-espiras-en-devanados-de-excitacion-de-maquinas-sincronas-con-excitacion-estatica\/"},"modified":"2022-08-10T02:20:34","modified_gmt":"2022-08-10T00:20:34","slug":"sistema-y-metodo-de-proteccion-ante-faltas-entre-espiras-en-devanados-de-excitacion-de-maquinas-sincronas-con-excitacion-estatica","status":"publish","type":"product","link":"https:\/\/www.upm.es\/recursosidi\/offers-resources\/patentes\/sistema-y-metodo-de-proteccion-ante-faltas-entre-espiras-en-devanados-de-excitacion-de-maquinas-sincronas-con-excitacion-estatica\/","title":{"rendered":"Sistema y m\u00e9todo de protecci\u00f3n ante faltas entre espiras en devanados de excitaci\u00f3n de m\u00e1quinas s\u00edncronas con excitaci\u00f3n est\u00e1tica"},"content":{"rendered":"<h5>Descripci\u00f3n de la patente <\/h5>\n<p>Sistema y M\u00e9todo de protecci\u00f3n frente a faltas entre espiras en devanados de excitaci\u00f3n de m\u00e1quinas s\u00edncronas con excitaci\u00f3n est\u00e1tica basado en la comparaci\u00f3n de la intensidad de excitaci\u00f3n medida con la corriente de excitaci\u00f3n te\u00f3rica calculada para ese punto de funcionamiento a partir de las medidas de tensi\u00f3n y corriente en el inducido.<\/p>\n<h5>Situaci\u00f3n <\/h5>\n<p>Concedida<\/p>\n<h5>N\u00famero de solicitud<\/h5>\n<p>P201731347<\/p>\n<h5>N\u00famero de publicaci\u00f3n<\/h5>\n<p>ES2682062<\/p>\n<h5>Fecha de presentaci\u00f3n <\/h5>\n<p>22\/11\/2017<\/p>\n<h5>Fecha de publicaci\u00f3n <\/h5>\n<p>18\/09\/2018<\/p>\n<h5>Fecha de concesi\u00f3n <\/h5>\n<p>24\/05\/2019<\/p>\n<h4><strong>Extensiones Internacionales<\/strong><\/h4>\n<h5>PA\u00cdSES<\/h5>\n<p><strong>Pa\u00eds: <\/strong>Estados Unidos<br \/><strong>N\u00famero de solicitud: <\/strong>16\/765,925<br \/><strong>Titulo: <\/strong>SYSTEM AND METHOD FOR PROTECTING AGAINST FAULTS BETWEEN TURNS<br \/>\nIN EXCITATION WINDINGS OF SYNCHRONOUS MACHINES WITH STATIC<br \/>\nEXCITATION<br \/><strong>Situaci\u00f3n: <\/strong>Concedida<br \/><strong>Pa\u00eds: <\/strong>Canad\u00e1<br \/><strong>N\u00famero de solicitud: <\/strong>3083125<br \/><strong>Titulo: <\/strong>SYSTEM AND<br \/>\nMETHOD FOR PROTECTING AGAINST FAULTS BETWEEN TURNS IN<br \/>\nEXCITATION WINDINGS OF SYNCHRONOUS MACHINES WITH STATIC<br \/>\nEXCITATION<br \/><strong>Situaci\u00f3n: <\/strong>Presentada<br \/><strong>Pa\u00eds: <\/strong>M\u00e9xico<br \/><strong>N\u00famero de solicitud: <\/strong>MX\/a\/2020\/005374<br \/><strong>Titulo: <\/strong>SISTEMA Y M\u00c9TODO DE PROTECCI\u00d3N FRENTE A FALTAS ENTRE ESPIRAS EN DEVANADOS DE EXCITACI\u00d3N DE MAQUINAS S\u00cdNCRONAS CON<br \/>\nEXCITACI\u00d3N EST\u00c1TICA<br \/><strong>Situaci\u00f3n: <\/strong>Presentada<\/p>\n<div class=\"pdfprnt-buttons pdfprnt-buttons-product pdfprnt-bottom-left\"><a href=\"https:\/\/www.upm.es\/recursosidi\/wp-json\/wp\/v2\/product\/8760?print=pdf\" class=\"pdfprnt-button pdfprnt-button-pdf\" target=\"_blank\"><span class=\"pdfprnt-button-title pdfprnt-button-pdf-title\">Descargar ficha<\/span><\/a><\/div>","protected":false},"excerpt":{"rendered":"<p>Descripci\u00f3n de la patente Sistema y M\u00e9todo de protecci\u00f3n frente a faltas entre espiras en devanados de excitaci\u00f3n de m\u00e1quinas s\u00edncronas con excitaci\u00f3n est\u00e1tica basado&hellip;<\/p>\n","protected":false},"featured_media":0,"template":"","meta":{"_acf_changed":false},"product_cat":[3946],"product_tag":[],"comunidades-upm":[],"quien":[],"mapa":[],"disponibilidad":[],"donde":[{"term_id":374,"name":"Generaci\u00f3n el\u00e9ctrica con energ\u00eda e\u00f3lica","slug":"generacion-electrica-con-energia-eolica","term_group":0,"term_taxonomy_id":374,"taxonomy":"donde","description":"","parent":0,"count":70,"filter":"raw","term_order":"0"},{"term_id":656,"name":"Redes e instalaciones de baja y alta tensi\u00f3n","slug":"redes-e-instalaciones-de-baja-y-alta-tension","term_group":0,"term_taxonomy_id":656,"taxonomy":"donde","description":"","parent":0,"count":16,"filter":"raw","term_order":"0"}],"infraestructura":[],"ods":[],"origen":[{"term_id":180,"name":"Patente","slug":"patente","term_group":0,"term_taxonomy_id":180,"taxonomy":"origen","description":"","parent":0,"count":614,"filter":"raw","term_order":"0"}],"familia_tax":false,"quien_tax":false,"donde_tax":false,"year":"","contacto":"<strong>Principales: <\/strong><ul><li>EMILIO DAVID REBOLLO LOPEZ <blockquote><strong>emilio.rebollo.lopez@upm.es<\/strong><\/blockquote><\/li><li>RICARDO GRANIZO ARRABE <blockquote><strong>ricardo.granizo@upm.es<\/strong><\/blockquote><\/li><li>CARLOS ANTONIO PLATERO GAONA <blockquote><strong>carlosantonio.platero@upm.es<\/strong><\/blockquote><\/li><\/ul><strong>Otros inventores UPM: <\/strong><ul><li>Miguel \u00c1ngel Pardo Vicente E.T.S. de Ingenieros Industriales<\/li><\/ul>","telefono":"","pagina_web":"","email":"","id_ficha_portal":"1426","video":"","adjuntos":false,"adjuntos_portal":"https:\/\/www.upm.es\/S2i\/Acuse\/recuperarArchivo.jsp?id=1426&id_archivo=9926&tipo=patente&extension=fichero ","inf":false,"departamento":"","acf":[],"lang":"es","translation":{"es":8760},"_links":{"self":[{"href":"https:\/\/www.upm.es\/recursosidi\/wp-json\/wp\/v2\/product\/8760"}],"collection":[{"href":"https:\/\/www.upm.es\/recursosidi\/wp-json\/wp\/v2\/product"}],"about":[{"href":"https:\/\/www.upm.es\/recursosidi\/wp-json\/wp\/v2\/types\/product"}],"wp:attachment":[{"href":"https:\/\/www.upm.es\/recursosidi\/wp-json\/wp\/v2\/media?parent=8760"}],"wp:term":[{"taxonomy":"product_cat","embeddable":true,"href":"https:\/\/www.upm.es\/recursosidi\/wp-json\/wp\/v2\/product_cat?post=8760"},{"taxonomy":"product_tag","embeddable":true,"href":"https:\/\/www.upm.es\/recursosidi\/wp-json\/wp\/v2\/product_tag?post=8760"},{"taxonomy":"comunidad_upm","embeddable":true,"href":"https:\/\/www.upm.es\/recursosidi\/wp-json\/wp\/v2\/comunidades-upm?post=8760"},{"taxonomy":"quien","embeddable":true,"href":"https:\/\/www.upm.es\/recursosidi\/wp-json\/wp\/v2\/quien?post=8760"},{"taxonomy":"mapa","embeddable":true,"href":"https:\/\/www.upm.es\/recursosidi\/wp-json\/wp\/v2\/mapa?post=8760"},{"taxonomy":"disponibilidad","embeddable":true,"href":"https:\/\/www.upm.es\/recursosidi\/wp-json\/wp\/v2\/disponibilidad?post=8760"},{"taxonomy":"donde","embeddable":true,"href":"https:\/\/www.upm.es\/recursosidi\/wp-json\/wp\/v2\/donde?post=8760"},{"taxonomy":"infraestructura","embeddable":true,"href":"https:\/\/www.upm.es\/recursosidi\/wp-json\/wp\/v2\/infraestructura?post=8760"},{"taxonomy":"ods","embeddable":true,"href":"https:\/\/www.upm.es\/recursosidi\/wp-json\/wp\/v2\/ods?post=8760"},{"taxonomy":"origen","embeddable":true,"href":"https:\/\/www.upm.es\/recursosidi\/wp-json\/wp\/v2\/origen?post=8760"}],"curies":[{"name":"wp","href":"https:\/\/api.w.org\/{rel}","templated":true}]}}