{"id":8761,"date":"2021-11-25T14:20:51","date_gmt":"2021-11-25T13:20:51","guid":{"rendered":"https:\/\/www.upm.es\/recursosidi\/offers-resources\/sin%20categor\u00eda\/dispositivo-optico-configurable\/"},"modified":"2022-08-10T02:20:36","modified_gmt":"2022-08-10T00:20:36","slug":"dispositivo-optico-configurable","status":"publish","type":"product","link":"https:\/\/www.upm.es\/recursosidi\/offers-resources\/patentes\/dispositivo-optico-configurable\/","title":{"rendered":"Dispositivo \u00f3ptico configurable"},"content":{"rendered":"<h5>Descripci\u00f3n de la patente <\/h5>\n<p>Dispositivo \u00f3ptico configurable que comprende un<br \/>\nelemento \u00f3ptico, o varios elementos \u00f3pticos dispuestos en cascada, donde cada elemento \u00f3ptico comprende una zona activa constituida por una superficie de entrada y una superficie de salida para haces de luz, y un per\u00edmetro. Cada elemento<br \/>\n\u00f3ptico comprende al menos un primer electrodo transparente y al menos un contra-electrodo transparente cuyas conexiones el\u00e9ctricas est\u00e1n situadas en la zona del per\u00edmetro. El dispositivo est\u00e1 configurado para que, mediante la aplicaci\u00f3n de una diferencia de potencial entre los electrodos de cada elemento \u00f3ptico, se genere un campo el\u00e9ctrico que haga variar el grado de conmutaci\u00f3n en distintas \u00e1reas de la zona activa de cada elemento \u00f3ptico, gener\u00e1ndose as\u00ed un perfil de variaci\u00f3n de camino \u00f3ptico de en cada uno de los elementos<br \/>\n\u00f3pticos del dispositivo, que permite enfocar un haz<br \/>\nde luz incidente de diferentes maneras, seg\u00fan el campo el\u00e9ctrico aplicado a cada uno de los electrodos.<\/p>\n<h5>Situaci\u00f3n <\/h5>\n<p>Concedida<\/p>\n<h5>N\u00famero de solicitud<\/h5>\n<p>P201830891<\/p>\n<h5>N\u00famero de publicaci\u00f3n<\/h5>\n<p>ES2711456<\/p>\n<h5>Fecha de presentaci\u00f3n <\/h5>\n<p>14\/09\/2018<\/p>\n<h5>Fecha de publicaci\u00f3n <\/h5>\n<p>03\/05\/2019<\/p>\n<h5>Fecha de concesi\u00f3n <\/h5>\n<p>04\/12\/2020<\/p>\n<h4><strong>Extensiones Internacionales<\/strong><\/h4>\n<h5>PCT<\/h5>\n<p><strong>Referencia de la solicitud: <\/strong>PCT\/ES2019\/070599<br \/><strong>T\u00edtulo: <\/strong>DISPOSITIVO \u00d3PTICO CONFIGURABLE<\/p>\n<h5>EUROPA<\/h5>\n<p><strong>Referencia de la solicitud: <\/strong>EP19859981.3<br \/><strong>T\u00edtulo:\t\t\t\t\t   <\/strong>CONFIGURABLE OPTICAL DEVICE<br \/>\n<br \/><strong>Situacion: \t\t\t\t   <\/strong>Presentada<\/p>\n<h5>PA\u00cdSES<\/h5>\n<p><strong>Pa\u00eds: <\/strong>EEUU<br \/><strong>N\u00famero de solicitud: <\/strong>US17\/274.865<br \/><strong>Titulo: <\/strong>CONFIGURABLE OPTICAL DEVICE<br \/><strong>Situaci\u00f3n: <\/strong>Concedida<br \/><strong>Pa\u00eds: <\/strong>Corea del Sur<br \/><strong>N\u00famero de solicitud: <\/strong>10-2021-7009422<br \/><strong>Titulo: <\/strong>CONFIGURABLE OPTICAL DEVICE<br \/><strong>Situaci\u00f3n: <\/strong>Presentada<br \/><strong>Pa\u00eds: <\/strong>Jap\u00f3n<br \/><strong>N\u00famero de solicitud: <\/strong>2021-514097<br \/><strong>Situaci\u00f3n: <\/strong>Presentada<\/p>\n<div class=\"pdfprnt-buttons pdfprnt-buttons-product pdfprnt-bottom-left\"><a href=\"https:\/\/www.upm.es\/recursosidi\/wp-json\/wp\/v2\/product\/8761?print=pdf\" class=\"pdfprnt-button pdfprnt-button-pdf\" target=\"_blank\"><span class=\"pdfprnt-button-title pdfprnt-button-pdf-title\">Descargar ficha<\/span><\/a><\/div>","protected":false},"excerpt":{"rendered":"<p>Descripci\u00f3n de la patente Dispositivo \u00f3ptico configurable que comprende un elemento \u00f3ptico, o varios elementos \u00f3pticos dispuestos en cascada, donde cada elemento \u00f3ptico comprende una&hellip;<\/p>\n","protected":false},"featured_media":0,"template":"","meta":{"_acf_changed":false},"product_cat":[3946],"product_tag":[],"comunidades-upm":[],"quien":[],"mapa":[],"disponibilidad":[],"donde":[{"term_id":590,"name":"Centro de Materiales y Dispositivos Avanzados para Tecnolog\u00edas de Informaci\u00f3n y Comunicaciones (CEMDATIC)","slug":"centro-de-materiales-y-dispositivos-avanzados-para-tecnologias-de-informacion-y-comunicaciones-cemdatic","term_group":0,"term_taxonomy_id":590,"taxonomy":"donde","description":"","parent":0,"count":20,"filter":"raw","term_order":"0"},{"term_id":472,"name":"Grupo de Fot\u00f3nica Aplicada","slug":"grupo-de-fotonica-aplicada","term_group":0,"term_taxonomy_id":472,"taxonomy":"donde","description":"Las actividades del GFA se centran en la fabricaci&oacute;n y caracterizaci&oacute;n de dispositivos de Cristal L&iacute;quido y dispositivos emisivos org&aacute;nicos basados en OLEDs y PLEDs as&iacute; como en el estudio y caracterizaci&oacute;n de l&aacute;seres de semiconductor.\n&nbsp;\nLas&nbsp; <strong>l&iacute;neas de investigaci&oacute;n <\/strong>de nuestro grupo son:\n\nDispositivos de cristal l&iacute;quido. Fabricamos y caracterizamos dispositivos basados en cristales l&iacute;quidos nem&aacute;ticos, polim&eacute;ricos y liotr&oacute;picos con aplicaciones a dispositivos de seguridad documental, gu&iacute;as de onda activas y biosensores para detecci&oacute;n de pat&oacute;genos en &aacute;reas de salud y alimentaci&oacute;n\nRedes de fase &oacute;pticas para conmutaci&oacute;n y encaminamiento de haces luminosos. A destacar deflectores de haces l&aacute;ser 1D y 2D sin partes m&oacute;viles para uso en sat&eacute;lites.&nbsp;\nDispositivos OLED. Investigamos sobre nuevos materiales base u dopantes, algunos de ellos cristales l&iacute;quidos electroluminiscentes\nModelado y caracterizaci&oacute;n de diodos l&aacute;ser. Dispositivos de potencia para aplicaciones LIDAR y l&aacute;seres de bombeo.\n","parent":0,"count":12,"filter":"raw","term_order":"0"}],"infraestructura":[],"ods":[],"origen":[{"term_id":180,"name":"Patente","slug":"patente","term_group":0,"term_taxonomy_id":180,"taxonomy":"origen","description":"","parent":0,"count":614,"filter":"raw","term_order":"0"}],"familia_tax":false,"quien_tax":false,"donde_tax":false,"year":"","contacto":"<strong>Principales: <\/strong><ul><li>JOSE MANUEL OTON SANCHEZ <blockquote><strong>jm.oton@upm.es<\/strong><\/blockquote><\/li><li>MORTEN ANDREAS GEDAY  <blockquote><strong>morten.geday@upm.es<\/strong><\/blockquote><\/li><li>MANUEL CA\u00d1O GARCIA <blockquote><strong>manuel.c@upm.es<\/strong><\/blockquote><\/li><li>PATXI XABIER QUINTANA ARREGUI <blockquote><strong>x.quintana@upm.es<\/strong><\/blockquote><\/li><\/ul><strong>Otros inventores UPM: <\/strong><ul><li>Jacob Andreas Geday<\/li><\/ul>","telefono":"","pagina_web":"","email":"","id_ficha_portal":"1468","video":"","adjuntos":false,"adjuntos_portal":"https:\/\/www.upm.es\/S2i\/Acuse\/recuperarArchivo.jsp?id=1468&id_archivo=11653&tipo=patente&extension=fichero ","inf":false,"departamento":"","acf":[],"lang":"es","translation":{"es":8761},"_links":{"self":[{"href":"https:\/\/www.upm.es\/recursosidi\/wp-json\/wp\/v2\/product\/8761"}],"collection":[{"href":"https:\/\/www.upm.es\/recursosidi\/wp-json\/wp\/v2\/product"}],"about":[{"href":"https:\/\/www.upm.es\/recursosidi\/wp-json\/wp\/v2\/types\/product"}],"wp:attachment":[{"href":"https:\/\/www.upm.es\/recursosidi\/wp-json\/wp\/v2\/media?parent=8761"}],"wp:term":[{"taxonomy":"product_cat","embeddable":true,"href":"https:\/\/www.upm.es\/recursosidi\/wp-json\/wp\/v2\/product_cat?post=8761"},{"taxonomy":"product_tag","embeddable":true,"href":"https:\/\/www.upm.es\/recursosidi\/wp-json\/wp\/v2\/product_tag?post=8761"},{"taxonomy":"comunidad_upm","embeddable":true,"href":"https:\/\/www.upm.es\/recursosidi\/wp-json\/wp\/v2\/comunidades-upm?post=8761"},{"taxonomy":"quien","embeddable":true,"href":"https:\/\/www.upm.es\/recursosidi\/wp-json\/wp\/v2\/quien?post=8761"},{"taxonomy":"mapa","embeddable":true,"href":"https:\/\/www.upm.es\/recursosidi\/wp-json\/wp\/v2\/mapa?post=8761"},{"taxonomy":"disponibilidad","embeddable":true,"href":"https:\/\/www.upm.es\/recursosidi\/wp-json\/wp\/v2\/disponibilidad?post=8761"},{"taxonomy":"donde","embeddable":true,"href":"https:\/\/www.upm.es\/recursosidi\/wp-json\/wp\/v2\/donde?post=8761"},{"taxonomy":"infraestructura","embeddable":true,"href":"https:\/\/www.upm.es\/recursosidi\/wp-json\/wp\/v2\/infraestructura?post=8761"},{"taxonomy":"ods","embeddable":true,"href":"https:\/\/www.upm.es\/recursosidi\/wp-json\/wp\/v2\/ods?post=8761"},{"taxonomy":"origen","embeddable":true,"href":"https:\/\/www.upm.es\/recursosidi\/wp-json\/wp\/v2\/origen?post=8761"}],"curies":[{"name":"wp","href":"https:\/\/api.w.org\/{rel}","templated":true}]}}