{"id":8763,"date":"2021-11-25T14:20:56","date_gmt":"2021-11-25T13:20:56","guid":{"rendered":"https:\/\/www.upm.es\/recursosidi\/offers-resources\/sin categor\u00eda\/elemento-radiante-de-doble-banda-y-doble-polarizacion-multi-proposito\/"},"modified":"2022-08-10T02:20:42","modified_gmt":"2022-08-10T00:20:42","slug":"elemento-radiante-de-doble-banda-y-doble-polarizacion-multi-proposito","status":"publish","type":"product","link":"https:\/\/www.upm.es\/recursosidi\/offers-resources\/patentes\/elemento-radiante-de-doble-banda-y-doble-polarizacion-multi-proposito\/","title":{"rendered":"Elemento radiante de doble banda y doble polarizaci\u00f3n multi prop\u00f3sito"},"content":{"rendered":"<h5>Descripci\u00f3n de la patente <\/h5>\n<p>Elemento radiante unitario de doble banda y polarizaci\u00f3n circular que puede ser utilizado como elemento unitario de un sistema de agrupaci\u00f3n de antenas (array de antenas en adelante), un sistema de array de antena activo o adaptativo, o como un alimentador ultra compacto para sistemas de antenas reflectoras. Este elemento, gracias a u dise\u00f1o multicapa con cristal l\u00edquido, es capaz de cambiar su fase en trasmisi\u00f3n convirti\u00e9ndose en un componente id\u00f3neo para las antenas adaptativas necesarias en los sistemas actuales y futuros. Por otro lado, la alimentaci\u00f3n compacta del elemento permite obtener las polarizaciones circulares a derecha y a izquierda. <\/p>\n<h5>Situaci\u00f3n <\/h5>\n<p>Concedida<\/p>\n<h5>N\u00famero de solicitud<\/h5>\n<p>P201731442<\/p>\n<h5>N\u00famero de publicaci\u00f3n<\/h5>\n<p>ES2657486<\/p>\n<h5>Fecha de presentaci\u00f3n <\/h5>\n<p>20\/12\/2017<\/p>\n<h5>Fecha de publicaci\u00f3n <\/h5>\n<p>05\/03\/2018<\/p>\n<h5>Fecha de concesi\u00f3n <\/h5>\n<p>08\/08\/2018<\/p>\n<div class=\"pdfprnt-buttons pdfprnt-buttons-product pdfprnt-bottom-left\"><a href=\"https:\/\/www.upm.es\/recursosidi\/wp-json\/wp\/v2\/product\/8763?print=pdf\" class=\"pdfprnt-button pdfprnt-button-pdf\" target=\"_blank\"><span class=\"pdfprnt-button-title pdfprnt-button-pdf-title\">Descargar ficha<\/span><\/a><\/div>","protected":false},"excerpt":{"rendered":"<p>Descripci\u00f3n de la patente Elemento radiante unitario de doble banda y polarizaci\u00f3n circular que puede ser utilizado como elemento unitario de un sistema de agrupaci\u00f3n&hellip;<\/p>\n","protected":false},"featured_media":0,"template":"","meta":{"_acf_changed":false},"product_cat":[3946],"product_tag":[],"comunidades-upm":[],"quien":[],"mapa":[],"disponibilidad":[],"donde":[{"term_id":614,"name":"Grupo de Electromagnetismo Aplicado","slug":"grupo-de-electromagnetismo-aplicado","term_group":0,"term_taxonomy_id":614,"taxonomy":"donde","description":"","parent":0,"count":14,"filter":"raw","term_order":"0"},{"term_id":460,"name":"Grupo de Radiaci\u00f3n","slug":"grupo-de-radiacion","term_group":0,"term_taxonomy_id":460,"taxonomy":"donde","description":"Nuestro grupo tiene una amplia experiencia en I+D+i en los siguientes temas:\n\n<strong>Dise&ntilde;o, construcci&oacute;n y medida de antenas<\/strong> para todo tipo de aplicaciones (Comunicaciones terrestres, comunicaciones por sat&eacute;lite, radar, etc.)\n<strong>An&aacute;lisis y Evaluaci&oacute;n de Compatibilidad Electromagn&eacute;tica de sistemas complejos<\/strong> (compatibilidad en buques, EMI, etc.)\n<strong>Dise&ntilde;o, construcci&oacute;n y Medida de Sistemas de Radiofrecuencia<\/strong> (Amplificadores de Bajo Nivel de Ruido, Mezcladores, Osciladores, componentes pasivos&hellip;) desde UHF hasta Terahercios.\n<strong>An&aacute;lisis y Dise&ntilde;o mediante Simulaci&oacute;n de Sistemas y Redes de Radiocomunicaciones<\/strong> (Sistemas v&iacute;a Sat&eacute;lite, Sistemas de Comunicaciones M&oacute;viles, Redes de Difusi&oacute;n de TV Digital)\n\n&nbsp;\nNuestro grupo trabaja en las siguientes <strong>l&iacute;neas de investigaci&oacute;n<\/strong>:\n\nDise&ntilde;o y prototipado de antenas reflectoras.\nDise&ntilde;o y prototipado de arrays de antenas.\nMedida de antenas y circuitos de radiofrecuencia.\nAntenas inteligentes y sistemas MIMO para Estaciones Base y Terminales.\nCircuitos de Radiofrecuencia.\nSimulaci&oacute;n y Emulaci&oacute;n de Sistemas de Comunicaciones.\n","parent":0,"count":7,"filter":"raw","term_order":"0"},{"term_id":642,"name":"Information Processing and Telecommunications Center (IPTC)","slug":"information-processing-and-telecommunications-center-iptc","term_group":0,"term_taxonomy_id":642,"taxonomy":"donde","description":"","parent":0,"count":74,"filter":"raw","term_order":"0"}],"infraestructura":[],"ods":[],"origen":[{"term_id":180,"name":"Patente","slug":"patente","term_group":0,"term_taxonomy_id":180,"taxonomy":"origen","description":"","parent":0,"count":614,"filter":"raw","term_order":"0"}],"familia_tax":false,"quien_tax":false,"donde_tax":false,"year":"","contacto":"<strong>Principales: <\/strong><ul><li>MARIANO BARBA GEA <blockquote><strong>mariano.barba@upm.es<\/strong><\/blockquote><\/li><li>JOSE ANTONIO ENCINAR GARCINU\u00d1O <blockquote><strong>jose.encinar@upm.es<\/strong><\/blockquote><\/li><li>MIGUEL ALEJANDRO SALAS NATERA <blockquote><strong>miguel.salas@upm.es<\/strong><\/blockquote><\/li><\/ul>","telefono":"","pagina_web":"","email":"","id_ficha_portal":"1400","video":"","adjuntos":false,"adjuntos_portal":"https:\/\/www.upm.es\/S2i\/Acuse\/recuperarArchivo.jsp?id=1400&id_archivo=9173&tipo=patente&extension=fichero ","inf":false,"departamento":"","acf":[],"lang":"es","translation":{"es":8763},"_links":{"self":[{"href":"https:\/\/www.upm.es\/recursosidi\/wp-json\/wp\/v2\/product\/8763"}],"collection":[{"href":"https:\/\/www.upm.es\/recursosidi\/wp-json\/wp\/v2\/product"}],"about":[{"href":"https:\/\/www.upm.es\/recursosidi\/wp-json\/wp\/v2\/types\/product"}],"wp:attachment":[{"href":"https:\/\/www.upm.es\/recursosidi\/wp-json\/wp\/v2\/media?parent=8763"}],"wp:term":[{"taxonomy":"product_cat","embeddable":true,"href":"https:\/\/www.upm.es\/recursosidi\/wp-json\/wp\/v2\/product_cat?post=8763"},{"taxonomy":"product_tag","embeddable":true,"href":"https:\/\/www.upm.es\/recursosidi\/wp-json\/wp\/v2\/product_tag?post=8763"},{"taxonomy":"comunidad_upm","embeddable":true,"href":"https:\/\/www.upm.es\/recursosidi\/wp-json\/wp\/v2\/comunidades-upm?post=8763"},{"taxonomy":"quien","embeddable":true,"href":"https:\/\/www.upm.es\/recursosidi\/wp-json\/wp\/v2\/quien?post=8763"},{"taxonomy":"mapa","embeddable":true,"href":"https:\/\/www.upm.es\/recursosidi\/wp-json\/wp\/v2\/mapa?post=8763"},{"taxonomy":"disponibilidad","embeddable":true,"href":"https:\/\/www.upm.es\/recursosidi\/wp-json\/wp\/v2\/disponibilidad?post=8763"},{"taxonomy":"donde","embeddable":true,"href":"https:\/\/www.upm.es\/recursosidi\/wp-json\/wp\/v2\/donde?post=8763"},{"taxonomy":"infraestructura","embeddable":true,"href":"https:\/\/www.upm.es\/recursosidi\/wp-json\/wp\/v2\/infraestructura?post=8763"},{"taxonomy":"ods","embeddable":true,"href":"https:\/\/www.upm.es\/recursosidi\/wp-json\/wp\/v2\/ods?post=8763"},{"taxonomy":"origen","embeddable":true,"href":"https:\/\/www.upm.es\/recursosidi\/wp-json\/wp\/v2\/origen?post=8763"}],"curies":[{"name":"wp","href":"https:\/\/api.w.org\/{rel}","templated":true}]}}