{"id":8765,"date":"2021-11-25T14:21:01","date_gmt":"2021-11-25T13:21:01","guid":{"rendered":"https:\/\/www.upm.es\/recursosidi\/offers-resources\/sin categor\u00eda\/metodo-de-verificacion-automatizada-de-modificaciones-en-el-plegado-de-piezas-de-chapaestampadas-en-frio\/"},"modified":"2022-08-10T02:20:48","modified_gmt":"2022-08-10T00:20:48","slug":"metodo-de-verificacion-automatizada-de-modificaciones-en-el-plegado-de-piezas-de-chapaestampadas-en-frio","status":"publish","type":"product","link":"https:\/\/www.upm.es\/recursosidi\/offers-resources\/patentes\/metodo-de-verificacion-automatizada-de-modificaciones-en-el-plegado-de-piezas-de-chapaestampadas-en-frio\/","title":{"rendered":"M\u00e9todo de verificaci\u00f3n automatizada de modificaciones en el plegado de piezas de chapa\r\nestampadas en fr\u00edo"},"content":{"rendered":"<h5>Descripci\u00f3n de la patente <\/h5>\n<p>La invenci\u00f3n se refiere a un m\u00e9todo de verificaci\u00f3n de modificaciones en el plegado de piezas de chapa que comprende digitalizar la pieza de chapa y transformar la geometr\u00eda digitalizada en una pluralidad de puntos pieza  y  pol\u00edgonos  superficie  de  n  lados  que  se obtienen a partir de una pluralidad de contornos en cada superficie y que son dependientes del detalle<br \/>\nm\u00ednimo de la pieza y verificar las modificaciones en el plegado de la pieza de chapa estampada en fr\u00edo en base  al  conjunto  de  puntos  pieza  y  pol\u00edgonos superficie obtenidos a partir de la pieza real inicial.<\/p>\n<h5>Situaci\u00f3n <\/h5>\n<p>Concedida<\/p>\n<h5>N\u00famero de solicitud<\/h5>\n<p>P201631010<\/p>\n<h5>N\u00famero de publicaci\u00f3n<\/h5>\n<p>ES2651196<\/p>\n<h5>Fecha de presentaci\u00f3n <\/h5>\n<p>22\/07\/2016<\/p>\n<h5>Fecha de publicaci\u00f3n <\/h5>\n<p>24\/01\/2018<\/p>\n<h5>Fecha de concesi\u00f3n <\/h5>\n<p>11\/04\/2018<\/p>\n<div class=\"pdfprnt-buttons pdfprnt-buttons-product pdfprnt-bottom-left\"><a href=\"https:\/\/www.upm.es\/recursosidi\/wp-json\/wp\/v2\/product\/8765?print=pdf\" class=\"pdfprnt-button pdfprnt-button-pdf\" target=\"_blank\"><span class=\"pdfprnt-button-title pdfprnt-button-pdf-title\">Descargar ficha<\/span><\/a><\/div>","protected":false},"excerpt":{"rendered":"<p>Descripci\u00f3n de la patente La invenci\u00f3n se refiere a un m\u00e9todo de verificaci\u00f3n de modificaciones en el plegado de piezas de chapa que comprende digitalizar&hellip;<\/p>\n","protected":false},"featured_media":0,"template":"","meta":{"_acf_changed":false},"product_cat":[3946],"product_tag":[],"comunidades-upm":[],"quien":[],"mapa":[],"disponibilidad":[],"donde":[{"term_id":378,"name":"Ingenier\u00eda de Fabricaci\u00f3n","slug":"ingenieria-de-fabricacion","term_group":0,"term_taxonomy_id":378,"taxonomy":"donde","description":"","parent":0,"count":21,"filter":"raw","term_order":"0"}],"infraestructura":[],"ods":[],"origen":[{"term_id":180,"name":"Patente","slug":"patente","term_group":0,"term_taxonomy_id":180,"taxonomy":"origen","description":"","parent":0,"count":614,"filter":"raw","term_order":"0"}],"familia_tax":false,"quien_tax":false,"donde_tax":false,"year":"","contacto":"<strong>Principales: <\/strong><ul><li>ANTONIO VIZAN IDOIPE <blockquote><strong>antonio.vizan@upm.es<\/strong><\/blockquote><\/li><\/ul><strong>Otros inventores: <\/strong><ul><li>CristinaMart\u00edn Do\u00f1ate Universidad de Ja\u00e9n<\/li> <li>Miguel \u00c1ngelRubio Paramio Universidad de Ja\u00e9n<\/li> <li>Jorge ManuelMercado Colmenero Universidad de Ja\u00e9n<\/li> <\/ul>","telefono":"","pagina_web":"","email":"","id_ficha_portal":"1459","video":"","adjuntos":false,"adjuntos_portal":"https:\/\/www.upm.es\/S2i\/Acuse\/recuperarArchivo.jsp?id=1459&id_archivo=8941&tipo=patente&extension=fichero ","inf":false,"departamento":"","acf":[],"lang":"es","translation":{"es":8765},"_links":{"self":[{"href":"https:\/\/www.upm.es\/recursosidi\/wp-json\/wp\/v2\/product\/8765"}],"collection":[{"href":"https:\/\/www.upm.es\/recursosidi\/wp-json\/wp\/v2\/product"}],"about":[{"href":"https:\/\/www.upm.es\/recursosidi\/wp-json\/wp\/v2\/types\/product"}],"wp:attachment":[{"href":"https:\/\/www.upm.es\/recursosidi\/wp-json\/wp\/v2\/media?parent=8765"}],"wp:term":[{"taxonomy":"product_cat","embeddable":true,"href":"https:\/\/www.upm.es\/recursosidi\/wp-json\/wp\/v2\/product_cat?post=8765"},{"taxonomy":"product_tag","embeddable":true,"href":"https:\/\/www.upm.es\/recursosidi\/wp-json\/wp\/v2\/product_tag?post=8765"},{"taxonomy":"comunidad_upm","embeddable":true,"href":"https:\/\/www.upm.es\/recursosidi\/wp-json\/wp\/v2\/comunidades-upm?post=8765"},{"taxonomy":"quien","embeddable":true,"href":"https:\/\/www.upm.es\/recursosidi\/wp-json\/wp\/v2\/quien?post=8765"},{"taxonomy":"mapa","embeddable":true,"href":"https:\/\/www.upm.es\/recursosidi\/wp-json\/wp\/v2\/mapa?post=8765"},{"taxonomy":"disponibilidad","embeddable":true,"href":"https:\/\/www.upm.es\/recursosidi\/wp-json\/wp\/v2\/disponibilidad?post=8765"},{"taxonomy":"donde","embeddable":true,"href":"https:\/\/www.upm.es\/recursosidi\/wp-json\/wp\/v2\/donde?post=8765"},{"taxonomy":"infraestructura","embeddable":true,"href":"https:\/\/www.upm.es\/recursosidi\/wp-json\/wp\/v2\/infraestructura?post=8765"},{"taxonomy":"ods","embeddable":true,"href":"https:\/\/www.upm.es\/recursosidi\/wp-json\/wp\/v2\/ods?post=8765"},{"taxonomy":"origen","embeddable":true,"href":"https:\/\/www.upm.es\/recursosidi\/wp-json\/wp\/v2\/origen?post=8765"}],"curies":[{"name":"wp","href":"https:\/\/api.w.org\/{rel}","templated":true}]}}