{"id":8766,"date":"2021-11-25T14:21:03","date_gmt":"2021-11-25T13:21:03","guid":{"rendered":"https:\/\/www.upm.es\/recursosidi\/offers-resources\/sin categor\u00eda\/placa-de-letrina-y-molde-para-su-fabricacion\/"},"modified":"2022-08-10T02:20:50","modified_gmt":"2022-08-10T00:20:50","slug":"placa-de-letrina-y-molde-para-su-fabricacion","status":"publish","type":"product","link":"https:\/\/www.upm.es\/recursosidi\/offers-resources\/patentes\/placa-de-letrina-y-molde-para-su-fabricacion\/","title":{"rendered":"Placa de letrina y molde para su fabricaci\u00f3n"},"content":{"rendered":"<h5>Descripci\u00f3n de la patente <\/h5>\n<p>La placa de la letrina comprende unos primeros planos inclinados descendentes opuestos entre s\u00ed y unos segundos planos inclinados descendentes opuestos entre s\u00ed que desembocan aguas abajo en una cavidad central pasante; donde los primeros y segundos planos inclinados descendentes convergen aguas abajo en dicha cavidad central pasante. La placa de letrina incluye adem\u00e1s dos cuerpos colaterales para que usuario apoye sus pies durante el uso de la placa de letrina. Es una placa de letrina lavable, de bajo peso y que permite ser realizada con el molde de madera fabricado in situ en el lugar donde dicha placa de letrina va a ser instalada por carpinteros locales, de forma que la fabricaci\u00f3n de la placa de letrina abarata costos, facilita la higiene y permite su reutilizaci\u00f3n. <\/p>\n<h5>Situaci\u00f3n <\/h5>\n<p>Concedida<\/p>\n<h5>N\u00famero de solicitud<\/h5>\n<p>U201930715<\/p>\n<h5>N\u00famero de publicaci\u00f3n<\/h5>\n<p>ES1230410<\/p>\n<h5>Fecha de presentaci\u00f3n <\/h5>\n<p>04\/06\/2018<\/p>\n<h5>Fecha de publicaci\u00f3n <\/h5>\n<p>03\/06\/2019<\/p>\n<h5>Fecha de concesi\u00f3n <\/h5>\n<p>19\/08\/2019<\/p>\n<div class=\"pdfprnt-buttons pdfprnt-buttons-product pdfprnt-bottom-left\"><a href=\"https:\/\/www.upm.es\/recursosidi\/wp-json\/wp\/v2\/product\/8766?print=pdf\" class=\"pdfprnt-button pdfprnt-button-pdf\" target=\"_blank\"><span class=\"pdfprnt-button-title pdfprnt-button-pdf-title\">Descargar ficha<\/span><\/a><\/div>","protected":false},"excerpt":{"rendered":"<p>Descripci\u00f3n de la patente La placa de la letrina comprende unos primeros planos inclinados descendentes opuestos entre s\u00ed y unos segundos planos inclinados descendentes opuestos&hellip;<\/p>\n","protected":false},"featured_media":0,"template":"","meta":{"_acf_changed":false},"product_cat":[3946],"product_tag":[],"comunidades-upm":[],"quien":[],"mapa":[],"disponibilidad":[],"donde":[{"term_id":292,"name":"Tecnolog\u00eda de la Madera y el Corcho","slug":"tecnologia-de-la-madera-y-el-corcho","term_group":0,"term_taxonomy_id":292,"taxonomy":"donde","description":"","parent":0,"count":3,"filter":"raw","term_order":"0"}],"infraestructura":[],"ods":[],"origen":[{"term_id":180,"name":"Patente","slug":"patente","term_group":0,"term_taxonomy_id":180,"taxonomy":"origen","description":"","parent":0,"count":614,"filter":"raw","term_order":"0"}],"familia_tax":false,"quien_tax":false,"donde_tax":false,"year":"","contacto":"<strong>Principales: <\/strong><ul><li>JOSE ANTONIO MANCEBO PIQUERAS <blockquote><strong>ja.mancebo@upm.es<\/strong><\/blockquote><\/li><li>ANA ESTEBAN ZAZO <blockquote><strong><\/strong><\/blockquote><\/li><li>BEATRIZ GONZALEZ RODRIGO <blockquote><strong>beatriz.gonzalez.rodrigo@upm.es<\/strong><\/blockquote><\/li><\/ul><strong>Otros inventores UPM: <\/strong><ul><li>Sergio Ballesteros Mu\u00f1oz E.T.S. de Ingenier\u00eda y Dise\u00f1o Industrial<\/li><li>Daniel Vargas Olivencia E.T.S. de Ingenier\u00eda y Dise\u00f1o Industrial<\/li><\/ul>","telefono":"","pagina_web":"","email":"","id_ficha_portal":"1449","video":"","adjuntos":false,"adjuntos_portal":"https:\/\/www.upm.es\/S2i\/Acuse\/recuperarArchivo.jsp?id=1449&id_archivo=9927&tipo=patente&extension=fichero ","inf":false,"departamento":"","acf":[],"lang":"es","translation":{"es":8766},"_links":{"self":[{"href":"https:\/\/www.upm.es\/recursosidi\/wp-json\/wp\/v2\/product\/8766"}],"collection":[{"href":"https:\/\/www.upm.es\/recursosidi\/wp-json\/wp\/v2\/product"}],"about":[{"href":"https:\/\/www.upm.es\/recursosidi\/wp-json\/wp\/v2\/types\/product"}],"wp:attachment":[{"href":"https:\/\/www.upm.es\/recursosidi\/wp-json\/wp\/v2\/media?parent=8766"}],"wp:term":[{"taxonomy":"product_cat","embeddable":true,"href":"https:\/\/www.upm.es\/recursosidi\/wp-json\/wp\/v2\/product_cat?post=8766"},{"taxonomy":"product_tag","embeddable":true,"href":"https:\/\/www.upm.es\/recursosidi\/wp-json\/wp\/v2\/product_tag?post=8766"},{"taxonomy":"comunidad_upm","embeddable":true,"href":"https:\/\/www.upm.es\/recursosidi\/wp-json\/wp\/v2\/comunidades-upm?post=8766"},{"taxonomy":"quien","embeddable":true,"href":"https:\/\/www.upm.es\/recursosidi\/wp-json\/wp\/v2\/quien?post=8766"},{"taxonomy":"mapa","embeddable":true,"href":"https:\/\/www.upm.es\/recursosidi\/wp-json\/wp\/v2\/mapa?post=8766"},{"taxonomy":"disponibilidad","embeddable":true,"href":"https:\/\/www.upm.es\/recursosidi\/wp-json\/wp\/v2\/disponibilidad?post=8766"},{"taxonomy":"donde","embeddable":true,"href":"https:\/\/www.upm.es\/recursosidi\/wp-json\/wp\/v2\/donde?post=8766"},{"taxonomy":"infraestructura","embeddable":true,"href":"https:\/\/www.upm.es\/recursosidi\/wp-json\/wp\/v2\/infraestructura?post=8766"},{"taxonomy":"ods","embeddable":true,"href":"https:\/\/www.upm.es\/recursosidi\/wp-json\/wp\/v2\/ods?post=8766"},{"taxonomy":"origen","embeddable":true,"href":"https:\/\/www.upm.es\/recursosidi\/wp-json\/wp\/v2\/origen?post=8766"}],"curies":[{"name":"wp","href":"https:\/\/api.w.org\/{rel}","templated":true}]}}