{"id":8769,"date":"2021-11-25T14:21:10","date_gmt":"2021-11-25T13:21:10","guid":{"rendered":"https:\/\/www.upm.es\/recursosidi\/offers-resources\/sin%20categor\u00eda\/metodo-de-refuerzo-de-elementos-estructurales-con-tejidos-de-altas-prestaciones-mecanicas\/"},"modified":"2022-08-10T02:21:00","modified_gmt":"2022-08-10T00:21:00","slug":"metodo-de-refuerzo-de-elementos-estructurales-con-tejidos-de-altas-prestaciones-mecanicas","status":"publish","type":"product","link":"https:\/\/www.upm.es\/recursosidi\/offers-resources\/patentes\/metodo-de-refuerzo-de-elementos-estructurales-con-tejidos-de-altas-prestaciones-mecanicas\/","title":{"rendered":"M\u00e9todo de refuerzo de elementos estructurales con tejidos de altas prestaciones mec\u00e1nicas"},"content":{"rendered":"<h5>Descripci\u00f3n de la patente <\/h5>\n<p>M\u00e9todo de refuerzo de elementos estructurales (1) con tejidos (3) de altas prestaciones mec\u00e1nicas que comprende fijar unos elementos giratorios (2) de unos medios de giro (2, 6) al elemento estructural (1), para que puedan girar dicho elemento estructural; pegar un extremo de un tejido (3) al elemento estructural (1); someter el tejido (3) a tensi\u00f3n mediante medios tensores (4, 5, 7); recubrir la superficie externa del elemento estructural (1) con adhesivo; girar el elemento estructural (1) en torno al eje de giro, de forma que el tejido (3) se enrolle sobre la superficie externa del elemento estructural (3) e inmovilizar el elemento estructural (1) para evitar que gire en sentido contrario.<\/p>\n<h5>Situaci\u00f3n <\/h5>\n<p>Concedida<\/p>\n<h5>N\u00famero de solicitud<\/h5>\n<p>P201831250<\/p>\n<h5>N\u00famero de publicaci\u00f3n<\/h5>\n<p>ES2703439<\/p>\n<h5>Fecha de presentaci\u00f3n <\/h5>\n<p>20\/12\/2018<\/p>\n<h5>Fecha de publicaci\u00f3n <\/h5>\n<p>08\/03\/2019<\/p>\n<h5>Fecha de concesi\u00f3n <\/h5>\n<p>11\/10\/2019<\/p>\n<div class=\"pdfprnt-buttons pdfprnt-buttons-product pdfprnt-bottom-left\"><a href=\"https:\/\/www.upm.es\/recursosidi\/wp-json\/wp\/v2\/product\/8769?print=pdf\" class=\"pdfprnt-button pdfprnt-button-pdf\" target=\"_blank\"><span class=\"pdfprnt-button-title pdfprnt-button-pdf-title\">Descargar ficha<\/span><\/a><\/div>","protected":false},"excerpt":{"rendered":"<p>Descripci\u00f3n de la patente M\u00e9todo de refuerzo de elementos estructurales (1) con tejidos (3) de altas prestaciones mec\u00e1nicas que comprende fijar unos elementos giratorios (2)&hellip;<\/p>\n","protected":false},"featured_media":0,"template":"","meta":{"_acf_changed":false},"product_cat":[3946],"product_tag":[],"comunidades-upm":[],"quien":[],"mapa":[],"disponibilidad":[],"donde":[{"term_id":4730,"name":"Econom\u00eda, financiaci\u00f3n y gesti\u00f3n sostenible de las infraestructuras, equipamientos sociales y servicios p\u00fablicos","slug":"economia-financiacion-y-gestion-sostenible-de-las-infraestructuras-equipamientos-sociales-y-servicios-publicos","term_group":0,"term_taxonomy_id":4730,"taxonomy":"donde","description":"","parent":0,"count":1,"filter":"raw","term_order":"0"},{"term_id":500,"name":"Tecnolog\u00eda de Materiales y Medio Ambiente","slug":"tecnologia-de-materiales-y-medio-ambiente","term_group":0,"term_taxonomy_id":500,"taxonomy":"donde","description":"Somos un grupo multidisciplinar con experiencia investigadora y profesional, fundado en 2005 por la Catedr\u00e1tica Milagros Bonilla Sim\u00f3n, formado en la actualidad por 9 profesores de la\u00a0<a href=\"https:\/\/caminos.upm.es\/\">ETSI de Caminos, Canales y Puertos<\/a>. Nuestro grupo est\u00e1 integrado en el\u00a0<a href=\"http:\/\/www.campusmoncloa.es\/tematma\/\">Campus de Excelencia Internacional Moncloa<\/a>, dentro las l\u00edneas de acci\u00f3n\u00a0<em>Tecnolog\u00edas medioambientales y nuevas energ\u00edas<\/em>\u00a0y\u00a0<em>Materiales estructurales<\/em>, correspondientes a los cl\u00faster de\u00a0<a href=\"http:\/\/www.campusmoncloa.es\/es\/clusteres\/cambio-global-y-nuevas-energias\/\">Cambio Global y Nuevas Energ\u00edas<\/a>\u00a0y\u00a0<a href=\"http:\/\/www.campusmoncloa.es\/es\/clusteres\/materiales-para-el-futuro\/\">Materiales para el Futuro<\/a>, respectivamente.","parent":0,"count":5,"filter":"raw","term_order":"0"}],"infraestructura":[],"ods":[],"origen":[{"term_id":180,"name":"Patente","slug":"patente","term_group":0,"term_taxonomy_id":180,"taxonomy":"origen","description":"","parent":0,"count":614,"filter":"raw","term_order":"0"}],"familia_tax":false,"quien_tax":false,"donde_tax":false,"year":"","contacto":"<strong>Principales: <\/strong><ul><li>VICENTE ALCARAZ CARRILLO DE ALBORNOZ <blockquote><strong>vicente.alcarazc@upm.es<\/strong><\/blockquote><\/li><li>EVA MARIA GARCIA DEL TORO <blockquote><strong>evamaria.garcia@upm.es<\/strong><\/blockquote><\/li><li>ALFREDO MARTIN LUIZAGA PATI\u00d1O <blockquote><strong>martin.luizaga@upm.es<\/strong><\/blockquote><\/li><\/ul>","telefono":"","pagina_web":"","email":"","id_ficha_portal":"1510","video":"","adjuntos":false,"adjuntos_portal":"https:\/\/www.upm.es\/S2i\/Acuse\/recuperarArchivo.jsp?id=1510&id_archivo=10509&tipo=patente&extension=fichero ","inf":false,"departamento":"","acf":[],"lang":"es","translation":{"es":8769},"_links":{"self":[{"href":"https:\/\/www.upm.es\/recursosidi\/wp-json\/wp\/v2\/product\/8769"}],"collection":[{"href":"https:\/\/www.upm.es\/recursosidi\/wp-json\/wp\/v2\/product"}],"about":[{"href":"https:\/\/www.upm.es\/recursosidi\/wp-json\/wp\/v2\/types\/product"}],"wp:attachment":[{"href":"https:\/\/www.upm.es\/recursosidi\/wp-json\/wp\/v2\/media?parent=8769"}],"wp:term":[{"taxonomy":"product_cat","embeddable":true,"href":"https:\/\/www.upm.es\/recursosidi\/wp-json\/wp\/v2\/product_cat?post=8769"},{"taxonomy":"product_tag","embeddable":true,"href":"https:\/\/www.upm.es\/recursosidi\/wp-json\/wp\/v2\/product_tag?post=8769"},{"taxonomy":"comunidad_upm","embeddable":true,"href":"https:\/\/www.upm.es\/recursosidi\/wp-json\/wp\/v2\/comunidades-upm?post=8769"},{"taxonomy":"quien","embeddable":true,"href":"https:\/\/www.upm.es\/recursosidi\/wp-json\/wp\/v2\/quien?post=8769"},{"taxonomy":"mapa","embeddable":true,"href":"https:\/\/www.upm.es\/recursosidi\/wp-json\/wp\/v2\/mapa?post=8769"},{"taxonomy":"disponibilidad","embeddable":true,"href":"https:\/\/www.upm.es\/recursosidi\/wp-json\/wp\/v2\/disponibilidad?post=8769"},{"taxonomy":"donde","embeddable":true,"href":"https:\/\/www.upm.es\/recursosidi\/wp-json\/wp\/v2\/donde?post=8769"},{"taxonomy":"infraestructura","embeddable":true,"href":"https:\/\/www.upm.es\/recursosidi\/wp-json\/wp\/v2\/infraestructura?post=8769"},{"taxonomy":"ods","embeddable":true,"href":"https:\/\/www.upm.es\/recursosidi\/wp-json\/wp\/v2\/ods?post=8769"},{"taxonomy":"origen","embeddable":true,"href":"https:\/\/www.upm.es\/recursosidi\/wp-json\/wp\/v2\/origen?post=8769"}],"curies":[{"name":"wp","href":"https:\/\/api.w.org\/{rel}","templated":true}]}}