{"id":8773,"date":"2021-11-25T14:21:20","date_gmt":"2021-11-25T13:21:20","guid":{"rendered":"https:\/\/www.upm.es\/recursosidi\/offers-resources\/sin categor\u00eda\/proceso-de-fabricacion-de-tableros-a-partir-deplantas-macrofitas-con-tejido-aerenquima-y-tablerosobtenidos-a-partir-de-dicho-proceso\/"},"modified":"2022-08-10T02:21:12","modified_gmt":"2022-08-10T00:21:12","slug":"proceso-de-fabricacion-de-tableros-a-partir-deplantas-macrofitas-con-tejido-aerenquima-y-tablerosobtenidos-a-partir-de-dicho-proceso","status":"publish","type":"product","link":"https:\/\/www.upm.es\/recursosidi\/offers-resources\/patentes\/proceso-de-fabricacion-de-tableros-a-partir-deplantas-macrofitas-con-tejido-aerenquima-y-tablerosobtenidos-a-partir-de-dicho-proceso\/","title":{"rendered":"PROCESO DE FABRICACI\u00d3N DE TABLEROS A PARTIR DE\r\nPLANTAS MACR\u00d3FITAS CON TEJIDO AER\u00c9NQUIMA Y TABLEROS\r\nOBTENIDOS A PARTIR DE DICHO PROCESO"},"content":{"rendered":"<h5>Descripci\u00f3n de la patente <\/h5>\n<p>La presente invenci\u00f3n se refiere a un proceso para la fabricaci\u00f3n de tableros aglomerados de part\u00edculas sin adhesivos a\u00f1adidos que comprende: separar la corteza de la m\u00e9dula de una planta macr\u00f3fita con tejido aer\u00e9nquima; triturar la corteza y la m\u00e9dula obteniendo part\u00edculas que son sometidas por separado a un proceso de secado; disponer las part\u00edculas secas en una manta de part\u00edculas de m\u00e9dula y una manta de part\u00edculas de corteza a las que se les a\u00f1ade agua libre; prensar las mantas a una temperatura de entre 130 y 160\u00baC, durante un tiempo de 10 a 20 minutos y una presi\u00f3n de 1 a 4 MPa, dando lugar a los tableros aglomerados de part\u00edculas de m\u00e9dula y tableros aglomerados de part\u00edculas de corteza, que se dejan enfriar hasta temperatura ambiente.<\/p>\n<h5>Situaci\u00f3n <\/h5>\n<p>Concedida<\/p>\n<h5>N\u00famero de solicitud<\/h5>\n<p>P201831156<\/p>\n<h5>N\u00famero de publicaci\u00f3n<\/h5>\n<p>ES2705437<\/p>\n<h5>Fecha de presentaci\u00f3n <\/h5>\n<p>28\/11\/2018<\/p>\n<h5>Fecha de publicaci\u00f3n <\/h5>\n<p>25\/03\/2019<\/p>\n<h5>Fecha de concesi\u00f3n <\/h5>\n<p>16\/09\/2019<\/p>\n<div class=\"pdfprnt-buttons pdfprnt-buttons-product pdfprnt-bottom-left\"><a href=\"https:\/\/www.upm.es\/recursosidi\/wp-json\/wp\/v2\/product\/8773?print=pdf\" class=\"pdfprnt-button pdfprnt-button-pdf\" target=\"_blank\"><span class=\"pdfprnt-button-title pdfprnt-button-pdf-title\">Descargar ficha<\/span><\/a><\/div>","protected":false},"excerpt":{"rendered":"<p>Descripci\u00f3n de la patente La presente invenci\u00f3n se refiere a un proceso para la fabricaci\u00f3n de tableros aglomerados de part\u00edculas sin adhesivos a\u00f1adidos que comprende:&hellip;<\/p>\n","protected":false},"featured_media":0,"template":"","meta":{"_acf_changed":false},"product_cat":[3946],"product_tag":[],"comunidades-upm":[],"quien":[],"mapa":[],"disponibilidad":[],"donde":[{"term_id":568,"name":"Sostenibilidad en la Construcci\u00f3n y en la Industria","slug":"sostenibilidad-en-la-construccion-y-en-la-industria","term_group":0,"term_taxonomy_id":568,"taxonomy":"donde","description":"El objetivo fundamental de giSCI-UPM se centra en la investigaci&oacute;n, el desarrollo y la optimizaci&oacute;n de las t&eacute;cnicas constructivas e industriales que sean respetuosas con el medio ambiente, propicien un uso eficiente de la energ&iacute;a, favorezcan la conservaci&oacute;n de los recursos disponibles mediante la reutilizaci&oacute;n y el reciclaje de los mismos, y reduzcan el impacto ambiental ocasionado por la utilizaci&oacute;n de materiales, productos, sistemas y tecnolog&iacute;as de la construcci&oacute;n. \n&nbsp;\nEs asimismo objetivo prioritario del grupo trabajar en la mejora de las condiciones de vida de los ciudadanos, por lo que en nuestros trabajos prestamos especial atenci&oacute;n a los aspectos de salud, higiene y confort de las construcciones, dentro de un contexto econ&oacute;mico adecuado.","parent":0,"count":1,"filter":"raw","term_order":"0"}],"infraestructura":[],"ods":[],"origen":[{"term_id":180,"name":"Patente","slug":"patente","term_group":0,"term_taxonomy_id":180,"taxonomy":"origen","description":"","parent":0,"count":614,"filter":"raw","term_order":"0"}],"familia_tax":false,"quien_tax":false,"donde_tax":false,"year":"","contacto":"<strong>Principales: <\/strong><ul><li>JUAN FERNANDO HIDALGO CORDERO <blockquote><strong>juanfernando.hidalgo.cordero@alumnos.upm.es<\/strong><\/blockquote><\/li><li>JUSTO GARCIA NAVARRO <blockquote><strong>justo.gnavarro@upm.es<\/strong><\/blockquote><\/li><\/ul>","telefono":"","pagina_web":"","email":"","id_ficha_portal":"1499","video":"","adjuntos":false,"adjuntos_portal":"https:\/\/www.upm.es\/S2i\/Acuse\/recuperarArchivo.jsp?id=1499&id_archivo=10328&tipo=patente&extension=fichero ","inf":false,"departamento":"","acf":[],"lang":"es","translation":{"es":8773},"_links":{"self":[{"href":"https:\/\/www.upm.es\/recursosidi\/wp-json\/wp\/v2\/product\/8773"}],"collection":[{"href":"https:\/\/www.upm.es\/recursosidi\/wp-json\/wp\/v2\/product"}],"about":[{"href":"https:\/\/www.upm.es\/recursosidi\/wp-json\/wp\/v2\/types\/product"}],"wp:attachment":[{"href":"https:\/\/www.upm.es\/recursosidi\/wp-json\/wp\/v2\/media?parent=8773"}],"wp:term":[{"taxonomy":"product_cat","embeddable":true,"href":"https:\/\/www.upm.es\/recursosidi\/wp-json\/wp\/v2\/product_cat?post=8773"},{"taxonomy":"product_tag","embeddable":true,"href":"https:\/\/www.upm.es\/recursosidi\/wp-json\/wp\/v2\/product_tag?post=8773"},{"taxonomy":"comunidad_upm","embeddable":true,"href":"https:\/\/www.upm.es\/recursosidi\/wp-json\/wp\/v2\/comunidades-upm?post=8773"},{"taxonomy":"quien","embeddable":true,"href":"https:\/\/www.upm.es\/recursosidi\/wp-json\/wp\/v2\/quien?post=8773"},{"taxonomy":"mapa","embeddable":true,"href":"https:\/\/www.upm.es\/recursosidi\/wp-json\/wp\/v2\/mapa?post=8773"},{"taxonomy":"disponibilidad","embeddable":true,"href":"https:\/\/www.upm.es\/recursosidi\/wp-json\/wp\/v2\/disponibilidad?post=8773"},{"taxonomy":"donde","embeddable":true,"href":"https:\/\/www.upm.es\/recursosidi\/wp-json\/wp\/v2\/donde?post=8773"},{"taxonomy":"infraestructura","embeddable":true,"href":"https:\/\/www.upm.es\/recursosidi\/wp-json\/wp\/v2\/infraestructura?post=8773"},{"taxonomy":"ods","embeddable":true,"href":"https:\/\/www.upm.es\/recursosidi\/wp-json\/wp\/v2\/ods?post=8773"},{"taxonomy":"origen","embeddable":true,"href":"https:\/\/www.upm.es\/recursosidi\/wp-json\/wp\/v2\/origen?post=8773"}],"curies":[{"name":"wp","href":"https:\/\/api.w.org\/{rel}","templated":true}]}}