{"id":8774,"date":"2021-11-25T14:21:22","date_gmt":"2021-11-25T13:21:22","guid":{"rendered":"https:\/\/www.upm.es\/recursosidi\/offers-resources\/sin%20categor\u00eda\/metodo-para-obtener-puntas-sensoras-de-microscopia-de-fuerza-atomica-funcionalizadas-mediante-silanizacion-por-vapor-activado-y-las-puntas-obtenidas-por-dicho-metodo\/"},"modified":"2023-01-18T09:34:21","modified_gmt":"2023-01-18T08:34:21","slug":"metodo-para-obtener-puntas-sensoras-de-microscopia-de-fuerza-atomica-funcionalizadas-mediante-silanizacion-por-vapor-activado-y-las-puntas-obtenidas-por-dicho-metodo","status":"publish","type":"product","link":"https:\/\/www.upm.es\/recursosidi\/offers-resources\/patentes\/metodo-para-obtener-puntas-sensoras-de-microscopia-de-fuerza-atomica-funcionalizadas-mediante-silanizacion-por-vapor-activado-y-las-puntas-obtenidas-por-dicho-metodo\/","title":{"rendered":"M\u00e9todo para obtener puntas sensoras de microscop\u00eda de fuerza at\u00f3mica funcionalizadas mediante silanizaci\u00f3n por vapor activado, y las puntas obtenidas por dicho m\u00e9todo."},"content":{"rendered":"<h5>Descripci\u00f3n de la patente <\/h5>\n<p>Un m\u00e9todo para obtener una punta sensora de microscopia de fuerza at\u00f3mica funcionalizada, caracterizado porque la funcionalizaci\u00f3n tiene lugar mediante un proceso de silanizaci\u00f3n por vapor activado que comprende: a) evaporar un compuesto organomet\u00e1lico que contiene al menos un \u00e1tomo de silicio y al menos un grupo funcional seleccionado entre amino, hidroxilo, carboxilo y sulfidrilo; b) activar el vapor del compuesto organomet\u00e1lico de la etapa a) mediante calentamiento; y c) hacer incidir el vapor activado de la etapa b) en una punta sensora para microscopia de fuerza at\u00f3mica para depositar una l\u00e1mina del compuesto organomet\u00e1lico sobre dicha punta sensora; donde las etapas b) y c) tienen lugar de forma consecutiva. As\u00ed como la punta sensora funcionalizada obtenida por dicho m\u00e9todo.<\/p>\n<h5>Situaci\u00f3n <\/h5>\n<p>Concedida<\/p>\n<h5>N\u00famero de solicitud<\/h5>\n<p>P201830777<\/p>\n<h5>N\u00famero de publicaci\u00f3n<\/h5>\n<p>ES2684851<\/p>\n<h5>Fecha de presentaci\u00f3n <\/h5>\n<p>27\/07\/2018<\/p>\n<h5>Fecha de publicaci\u00f3n <\/h5>\n<p>04\/10\/2018<\/p>\n<h5>Fecha de concesi\u00f3n <\/h5>\n<p>12\/06\/2019<\/p>\n<h4><strong>Extensiones Internacionales<\/strong><\/h4>\n<h5>PCT<\/h5>\n<p><strong>Referencia de la solicitud: <\/strong>PCT\/ES2019\/070456<br \/><strong>T\u00edtulo: <\/strong>M\u00c9TODO PARA OBTENER PUNTAS SENSORAS DE MICROSCOP\u00cdA DE<br \/>\nFUERZA AT\u00d3MICA FUNCIONALIZADAS MEDIANTE SILANIZACI\u00d3N POR<br \/>\nVAPOR ACTIVADO, Y LAS PUNTAS OBTENIDAS POR DICHO M\u00c9TODO<\/p>\n<h5>EUROPA<\/h5>\n<p><strong>Referencia de la solicitud: <\/strong>19841178.7<br \/><strong>T\u00edtulo:\t\t\t\t\t   <\/strong>METHOD FOR OBTAINING FUNCTIONALISED SENSOR TIPS FOR ATOMIC FORCE MICROSCOPY BY MEANS OF ACTIVATED VAPOUR SILANISATION AND TIPS OBTAINED USING SAID METHOD<br \/><strong>Situacion: \t\t\t\t   <\/strong>Presentada<\/p>\n<h5>PA\u00cdSES<\/h5>\n<p><strong>Pa\u00eds: <\/strong>China<br \/><strong>N\u00famero de solicitud: <\/strong>201980049873.2<br \/><strong>Titulo: <\/strong>M\u00e9todo para obtener puntas sensoras de microscop\u00eda de fuerza at\u00f3mica funcionalizadas mediante silanizaci\u00f3n por vapor activado, y las puntas obtenidas por dicho m\u00e9todo<br \/><strong>Situaci\u00f3n: <\/strong>Presentada<br \/><strong>Pa\u00eds: <\/strong>Estados Unidos<br \/><strong>N\u00famero de solicitud: <\/strong>17\/261,066<br \/><strong>Titulo: <\/strong>METHOD FOR OBTAINING FUNCTIONALISED SENSOR TIPS FOR ATOMIC FORCE MICROSCOPY BY MEANS OF ACTIVATED VAPOUR SILANISATION AND TIPS OBTAINED USING SAID METHOD<br \/><strong>Situaci\u00f3n: <\/strong>Concedida<\/p>\n<div class=\"pdfprnt-buttons pdfprnt-buttons-product pdfprnt-bottom-left\"><a href=\"https:\/\/www.upm.es\/recursosidi\/wp-json\/wp\/v2\/product\/8774?print=pdf\" class=\"pdfprnt-button pdfprnt-button-pdf\" target=\"_blank\"><span class=\"pdfprnt-button-title pdfprnt-button-pdf-title\">Descargar ficha<\/span><\/a><\/div>","protected":false},"excerpt":{"rendered":"<p>Descripci\u00f3n de la patente Un m\u00e9todo para obtener una punta sensora de microscopia de fuerza at\u00f3mica funcionalizada, caracterizado porque la funcionalizaci\u00f3n tiene lugar mediante un&hellip;<\/p>\n","protected":false},"featured_media":0,"template":"","meta":{"_acf_changed":false},"product_cat":[3946],"product_tag":[],"comunidades-upm":[],"quien":[],"mapa":[],"disponibilidad":[],"donde":[{"term_id":556,"name":"Centro de Tecnolog\u00eda Biom\u00e9dica (CTB)","slug":"centro-de-tecnologia-biomedica-ctb","term_group":0,"term_taxonomy_id":556,"taxonomy":"donde","description":"","parent":0,"count":84,"filter":"raw","term_order":"0"},{"term_id":342,"name":"Materiales Estructurales Avanzados y Nanomateriales","slug":"materiales-estructurales-avanzados-y-nanomateriales","term_group":0,"term_taxonomy_id":342,"taxonomy":"donde","description":"Llevamos m&aacute;s de 20 a&ntilde;os desarrollando numerosas t&eacute;cnicas experimentales con las que podemos estudiar y caracterizar casi cualquier tipo de material y geometr&iacute;a en una variedad muy amplia de condiciones de servicio.\n&nbsp;\nNuestras l&iacute;neas de investigaci&oacute;n se pueden resumir en:\n&nbsp;\n\nMateriales compuestos\nMateriales para la seguridad\nBiomateriales estructurales\nIntegridad y seguridad estructural\nMateriales para la construcci&oacute;n\nNanomateriales\n","parent":0,"count":32,"filter":"raw","term_order":"0"}],"infraestructura":[],"ods":[],"origen":[{"term_id":180,"name":"Patente","slug":"patente","term_group":0,"term_taxonomy_id":180,"taxonomy":"origen","description":"","parent":0,"count":614,"filter":"raw","term_order":"0"}],"familia_tax":false,"quien_tax":false,"donde_tax":false,"year":"","contacto":"<strong>Principales: <\/strong><ul><li>GUSTAVO VICTOR GUINEA TORTUERO <blockquote><strong>gustavovictor.guinea@upm.es<\/strong><\/blockquote><\/li><li>JOSE PEREZ RIGUEIRO <blockquote><strong>jose.perez@upm.es<\/strong><\/blockquote><\/li><li>LUIS COLCHERO . <blockquote><strong><\/strong><\/blockquote><\/li><li>RAFAEL DAZA GARCIA <blockquote><strong>rafael.daza@upm.es<\/strong><\/blockquote><\/li><\/ul>","telefono":"","pagina_web":"","email":"","id_ficha_portal":"1472","video":"","adjuntos":false,"adjuntos_portal":"https:\/\/www.upm.es\/S2i\/Acuse\/recuperarArchivo.jsp?id=1472&id_archivo=9945&tipo=patente&extension=fichero ","inf":false,"departamento":"","acf":[],"lang":"es","translation":{"es":8774},"_links":{"self":[{"href":"https:\/\/www.upm.es\/recursosidi\/wp-json\/wp\/v2\/product\/8774"}],"collection":[{"href":"https:\/\/www.upm.es\/recursosidi\/wp-json\/wp\/v2\/product"}],"about":[{"href":"https:\/\/www.upm.es\/recursosidi\/wp-json\/wp\/v2\/types\/product"}],"wp:attachment":[{"href":"https:\/\/www.upm.es\/recursosidi\/wp-json\/wp\/v2\/media?parent=8774"}],"wp:term":[{"taxonomy":"product_cat","embeddable":true,"href":"https:\/\/www.upm.es\/recursosidi\/wp-json\/wp\/v2\/product_cat?post=8774"},{"taxonomy":"product_tag","embeddable":true,"href":"https:\/\/www.upm.es\/recursosidi\/wp-json\/wp\/v2\/product_tag?post=8774"},{"taxonomy":"comunidad_upm","embeddable":true,"href":"https:\/\/www.upm.es\/recursosidi\/wp-json\/wp\/v2\/comunidades-upm?post=8774"},{"taxonomy":"quien","embeddable":true,"href":"https:\/\/www.upm.es\/recursosidi\/wp-json\/wp\/v2\/quien?post=8774"},{"taxonomy":"mapa","embeddable":true,"href":"https:\/\/www.upm.es\/recursosidi\/wp-json\/wp\/v2\/mapa?post=8774"},{"taxonomy":"disponibilidad","embeddable":true,"href":"https:\/\/www.upm.es\/recursosidi\/wp-json\/wp\/v2\/disponibilidad?post=8774"},{"taxonomy":"donde","embeddable":true,"href":"https:\/\/www.upm.es\/recursosidi\/wp-json\/wp\/v2\/donde?post=8774"},{"taxonomy":"infraestructura","embeddable":true,"href":"https:\/\/www.upm.es\/recursosidi\/wp-json\/wp\/v2\/infraestructura?post=8774"},{"taxonomy":"ods","embeddable":true,"href":"https:\/\/www.upm.es\/recursosidi\/wp-json\/wp\/v2\/ods?post=8774"},{"taxonomy":"origen","embeddable":true,"href":"https:\/\/www.upm.es\/recursosidi\/wp-json\/wp\/v2\/origen?post=8774"}],"curies":[{"name":"wp","href":"https:\/\/api.w.org\/{rel}","templated":true}]}}