{"id":8775,"date":"2021-11-25T14:21:25","date_gmt":"2021-11-25T13:21:25","guid":{"rendered":"https:\/\/www.upm.es\/recursosidi\/offers-resources\/sin categor\u00eda\/metodo-y-dispositivo-reconfigurable-para-el-guiado-de-una-senal-optica-con-dos-polarizaciones-perpendiculares\/"},"modified":"2022-08-10T02:21:17","modified_gmt":"2022-08-10T00:21:17","slug":"metodo-y-dispositivo-reconfigurable-para-el-guiado-de-una-senal-optica-con-dos-polarizaciones-perpendiculares","status":"publish","type":"product","link":"https:\/\/www.upm.es\/recursosidi\/offers-resources\/patentes\/metodo-y-dispositivo-reconfigurable-para-el-guiado-de-una-senal-optica-con-dos-polarizaciones-perpendiculares\/","title":{"rendered":"M\u00e9todo y dispositivo reconfigurable para el guiado de una se\u00f1al \u00f3ptica con dos polarizaciones perpendiculares"},"content":{"rendered":"<h5>Descripci\u00f3n de la patente <\/h5>\n<p>La presente invenci\u00f3n se refiere a un m\u00e9todo y un dispositivo reconfigurable para el guiado de una se\u00f1al \u00f3ptica con dos polarizaciones perpendiculares que comprende: unos medios de entrada para guiar la se\u00f1al \u00f3ptica; unos medios de salida; un elemento birrefringente, dispuesto entre los medios de entrada y los medios de salida, que determina un primer camino \u00f3ptico para cada una de las dos polarizaciones perpendiculares, donde dicho elemento birrefringente es conmutable entre dos estados de alineamiento; una fuente de campo electromagn\u00e9tico aplicable al elemento birrefringente, capaz de conmutar el estado de alineamiento del elemento birrefringente y determinar un segundo camino \u00f3ptico para cada una de las dos polarizaciones perpendiculares de la se\u00f1al \u00f3ptica en los medios de salida.<\/p>\n<h5>Situaci\u00f3n <\/h5>\n<p>Concedida<\/p>\n<h5>N\u00famero de solicitud<\/h5>\n<p>P201830088<\/p>\n<h5>N\u00famero de publicaci\u00f3n<\/h5>\n<p>ES2671218<\/p>\n<h5>Fecha de presentaci\u00f3n <\/h5>\n<p>01\/02\/2018<\/p>\n<h5>Fecha de publicaci\u00f3n <\/h5>\n<p>05\/06\/2018<\/p>\n<h5>Fecha de concesi\u00f3n <\/h5>\n<p>27\/11\/2018<\/p>\n<div class=\"pdfprnt-buttons pdfprnt-buttons-product pdfprnt-bottom-left\"><a href=\"https:\/\/www.upm.es\/recursosidi\/wp-json\/wp\/v2\/product\/8775?print=pdf\" class=\"pdfprnt-button pdfprnt-button-pdf\" target=\"_blank\"><span class=\"pdfprnt-button-title pdfprnt-button-pdf-title\">Descargar ficha<\/span><\/a><\/div>","protected":false},"excerpt":{"rendered":"<p>Descripci\u00f3n de la patente La presente invenci\u00f3n se refiere a un m\u00e9todo y un dispositivo reconfigurable para el guiado de una se\u00f1al \u00f3ptica con dos&hellip;<\/p>\n","protected":false},"featured_media":0,"template":"","meta":{"_acf_changed":false},"product_cat":[3946],"product_tag":[],"comunidades-upm":[],"quien":[],"mapa":[],"disponibilidad":[],"donde":[{"term_id":590,"name":"Centro de Materiales y Dispositivos Avanzados para Tecnolog\u00edas de Informaci\u00f3n y Comunicaciones (CEMDATIC)","slug":"centro-de-materiales-y-dispositivos-avanzados-para-tecnologias-de-informacion-y-comunicaciones-cemdatic","term_group":0,"term_taxonomy_id":590,"taxonomy":"donde","description":"","parent":0,"count":20,"filter":"raw","term_order":"0"},{"term_id":472,"name":"Grupo de Fot\u00f3nica Aplicada","slug":"grupo-de-fotonica-aplicada","term_group":0,"term_taxonomy_id":472,"taxonomy":"donde","description":"Las actividades del GFA se centran en la fabricaci&oacute;n y caracterizaci&oacute;n de dispositivos de Cristal L&iacute;quido y dispositivos emisivos org&aacute;nicos basados en OLEDs y PLEDs as&iacute; como en el estudio y caracterizaci&oacute;n de l&aacute;seres de semiconductor.\n&nbsp;\nLas&nbsp; <strong>l&iacute;neas de investigaci&oacute;n <\/strong>de nuestro grupo son:\n\nDispositivos de cristal l&iacute;quido. Fabricamos y caracterizamos dispositivos basados en cristales l&iacute;quidos nem&aacute;ticos, polim&eacute;ricos y liotr&oacute;picos con aplicaciones a dispositivos de seguridad documental, gu&iacute;as de onda activas y biosensores para detecci&oacute;n de pat&oacute;genos en &aacute;reas de salud y alimentaci&oacute;n\nRedes de fase &oacute;pticas para conmutaci&oacute;n y encaminamiento de haces luminosos. A destacar deflectores de haces l&aacute;ser 1D y 2D sin partes m&oacute;viles para uso en sat&eacute;lites.&nbsp;\nDispositivos OLED. Investigamos sobre nuevos materiales base u dopantes, algunos de ellos cristales l&iacute;quidos electroluminiscentes\nModelado y caracterizaci&oacute;n de diodos l&aacute;ser. Dispositivos de potencia para aplicaciones LIDAR y l&aacute;seres de bombeo.\n","parent":0,"count":12,"filter":"raw","term_order":"0"}],"infraestructura":[],"ods":[],"origen":[{"term_id":180,"name":"Patente","slug":"patente","term_group":0,"term_taxonomy_id":180,"taxonomy":"origen","description":"","parent":0,"count":614,"filter":"raw","term_order":"0"}],"familia_tax":false,"quien_tax":false,"donde_tax":false,"year":"","contacto":"<strong>Principales: <\/strong><ul><li>JOSE MANUEL OTON SANCHEZ <blockquote><strong>jm.oton@upm.es<\/strong><\/blockquote><\/li><li>MORTEN ANDREAS GEDAY  <blockquote><strong>morten.geday@upm.es<\/strong><\/blockquote><\/li><li>MANUEL CA\u00d1O GARCIA <blockquote><strong>manuel.c@upm.es<\/strong><\/blockquote><\/li><li>PATXI XABIER QUINTANA ARREGUI <blockquote><strong>x.quintana@upm.es<\/strong><\/blockquote><\/li><\/ul><strong>Otros inventores: <\/strong><ul><li>GeertVan Steenberge Universiteit Gent<\/li> <li>AhmedElmogi Universiteit Gent<\/li> <li>Marie-AlineMattelin Universiteit Gent<\/li> <li>JeroenMissine Universiteit Gent<\/li> <\/ul>","telefono":"","pagina_web":"","email":"","id_ficha_portal":"1437","video":"","adjuntos":false,"adjuntos_portal":"https:\/\/www.upm.es\/S2i\/Acuse\/recuperarArchivo.jsp?id=1437&id_archivo=9536&tipo=patente&extension=fichero ","inf":false,"departamento":"","acf":[],"lang":"es","translation":{"es":8775},"_links":{"self":[{"href":"https:\/\/www.upm.es\/recursosidi\/wp-json\/wp\/v2\/product\/8775"}],"collection":[{"href":"https:\/\/www.upm.es\/recursosidi\/wp-json\/wp\/v2\/product"}],"about":[{"href":"https:\/\/www.upm.es\/recursosidi\/wp-json\/wp\/v2\/types\/product"}],"wp:attachment":[{"href":"https:\/\/www.upm.es\/recursosidi\/wp-json\/wp\/v2\/media?parent=8775"}],"wp:term":[{"taxonomy":"product_cat","embeddable":true,"href":"https:\/\/www.upm.es\/recursosidi\/wp-json\/wp\/v2\/product_cat?post=8775"},{"taxonomy":"product_tag","embeddable":true,"href":"https:\/\/www.upm.es\/recursosidi\/wp-json\/wp\/v2\/product_tag?post=8775"},{"taxonomy":"comunidad_upm","embeddable":true,"href":"https:\/\/www.upm.es\/recursosidi\/wp-json\/wp\/v2\/comunidades-upm?post=8775"},{"taxonomy":"quien","embeddable":true,"href":"https:\/\/www.upm.es\/recursosidi\/wp-json\/wp\/v2\/quien?post=8775"},{"taxonomy":"mapa","embeddable":true,"href":"https:\/\/www.upm.es\/recursosidi\/wp-json\/wp\/v2\/mapa?post=8775"},{"taxonomy":"disponibilidad","embeddable":true,"href":"https:\/\/www.upm.es\/recursosidi\/wp-json\/wp\/v2\/disponibilidad?post=8775"},{"taxonomy":"donde","embeddable":true,"href":"https:\/\/www.upm.es\/recursosidi\/wp-json\/wp\/v2\/donde?post=8775"},{"taxonomy":"infraestructura","embeddable":true,"href":"https:\/\/www.upm.es\/recursosidi\/wp-json\/wp\/v2\/infraestructura?post=8775"},{"taxonomy":"ods","embeddable":true,"href":"https:\/\/www.upm.es\/recursosidi\/wp-json\/wp\/v2\/ods?post=8775"},{"taxonomy":"origen","embeddable":true,"href":"https:\/\/www.upm.es\/recursosidi\/wp-json\/wp\/v2\/origen?post=8775"}],"curies":[{"name":"wp","href":"https:\/\/api.w.org\/{rel}","templated":true}]}}