{"id":8777,"date":"2021-11-25T14:21:30","date_gmt":"2021-11-25T13:21:30","guid":{"rendered":"https:\/\/www.upm.es\/recursosidi\/offers-resources\/sin%20categor\u00eda\/sistema-y-metodo-de-proteccion-ante-faltas-entre-espiras-en-devanados-de-excitacion-de-maquinas-sincronas-de-polos-salientes\/"},"modified":"2022-08-10T02:21:24","modified_gmt":"2022-08-10T00:21:24","slug":"sistema-y-metodo-de-proteccion-ante-faltas-entre-espiras-en-devanados-de-excitacion-de-maquinas-sincronas-de-polos-salientes","status":"publish","type":"product","link":"https:\/\/www.upm.es\/recursosidi\/offers-resources\/patentes\/sistema-y-metodo-de-proteccion-ante-faltas-entre-espiras-en-devanados-de-excitacion-de-maquinas-sincronas-de-polos-salientes\/","title":{"rendered":"SISTEMA Y M\u00c9TODO DE PROTECCI\u00d3N ANTE FALTAS ENTRE ESPIRAS EN DEVANADOS DE EXCITACI\u00d3N DE MAQUINAS S\u00cdNCRONAS DE POLOS SALIENTES"},"content":{"rendered":"<h5>Descripci\u00f3n de la patente <\/h5>\n<p>Sistema y m&eacute;todo de protecci&oacute;n ante defectos entre<br \/>espiras en el devanado de excitaci&oacute;n de m&aacute;quinas<br \/>s&iacute;ncronas de polos salientes basado en el an&aacute;lisis de<br \/>Fourier de la se&ntilde;al de flujo disperso, donde a partir de<br \/>la relaci&oacute;n de las amplitudes de los arm&oacute;nicos<br \/>correspondiente a la frecuencia el&eacute;ctrica de la<br \/>m&aacute;quina (f1) y a la frecuencia de giro (f1\/p), se<br \/>determina si hay defecto.<\/p>\n<p><img fetchpriority=\"high\" decoding=\"async\" src=\"https:\/\/www.upm.es\/S2i\/Acuse\/recuperarArchivo.jsp?id=1587&amp;id_archivo=12588&amp;tipo=patente&amp;extension=imagen\" alt=\"Figura 1\" width=\"511\" height=\"292\" \/><\/p>\n<p>&nbsp;<\/p>\n<h5>Situaci\u00f3n <\/h5>\n<p>Concedida<\/p>\n<h5>N\u00famero de solicitud<\/h5>\n<p>P201930913<\/p>\n<h5>N\u00famero de publicaci\u00f3n<\/h5>\n<p>ES2738649<\/p>\n<h5>Fecha de presentaci\u00f3n <\/h5>\n<p>15\/10\/2019<\/p>\n<h5>Fecha de publicaci\u00f3n <\/h5>\n<p>24\/01\/2020<\/p>\n<h5>Fecha de concesi\u00f3n <\/h5>\n<p>04\/06\/2020<\/p>\n<div class=\"pdfprnt-buttons pdfprnt-buttons-product pdfprnt-bottom-left\"><a href=\"https:\/\/www.upm.es\/recursosidi\/wp-json\/wp\/v2\/product\/8777?print=pdf\" class=\"pdfprnt-button pdfprnt-button-pdf\" target=\"_blank\"><span class=\"pdfprnt-button-title pdfprnt-button-pdf-title\">Descargar ficha<\/span><\/a><\/div>","protected":false},"excerpt":{"rendered":"<p>Descripci\u00f3n de la patente Sistema y m&eacute;todo de protecci&oacute;n ante defectos entreespiras en el devanado de excitaci&oacute;n de m&aacute;quinass&iacute;ncronas de polos salientes basado en el&hellip;<\/p>\n","protected":false},"featured_media":0,"template":"","meta":{"_acf_changed":false},"product_cat":[3946],"product_tag":[4243,4125,4211,4244,4124],"comunidades-upm":[],"quien":[],"mapa":[{"term_id":2405,"name":"Ciencia para la ingenier\u00eda y la arquitectura","slug":"ciencia-para-ingenieria-y-arquitectura","term_group":0,"term_taxonomy_id":2405,"taxonomy":"mapa","description":"","parent":0,"count":127,"filter":"raw","term_order":"7"},{"term_id":133,"name":"Clima, Energ\u00eda y Movilidad","slug":"clima-energia-movilidad","term_group":0,"term_taxonomy_id":133,"taxonomy":"mapa","description":"","parent":0,"count":129,"filter":"raw","term_order":"9"},{"term_id":135,"name":"Industria, materiales y econom\u00eda circular","slug":"industria-materiales-economia_circular","term_group":0,"term_taxonomy_id":135,"taxonomy":"mapa","description":"","parent":0,"count":165,"filter":"raw","term_order":"13"}],"disponibilidad":[],"donde":[{"term_id":374,"name":"Generaci\u00f3n el\u00e9ctrica con energ\u00eda e\u00f3lica","slug":"generacion-electrica-con-energia-eolica","term_group":0,"term_taxonomy_id":374,"taxonomy":"donde","description":"","parent":0,"count":70,"filter":"raw","term_order":"0"}],"infraestructura":[],"ods":[],"origen":[{"term_id":180,"name":"Patente","slug":"patente","term_group":0,"term_taxonomy_id":180,"taxonomy":"origen","description":"","parent":0,"count":614,"filter":"raw","term_order":"0"}],"familia_tax":false,"quien_tax":false,"donde_tax":false,"year":"","contacto":"<strong>Principales: <\/strong><ul><li>CARLOS ANTONIO PLATERO GAONA <blockquote><strong>carlosantonio.platero@upm.es<\/strong><\/blockquote><\/li><\/ul><strong>Otros inventores UPM: <\/strong><ul><li>Pengfei Tian E.T.S. de Ingenieros Industriales<\/li><li>Jos\u00e9 Mar\u00eda Mart\u00ednez Cid E.T.S. de Ingenieros Industriales<\/li><\/ul>","telefono":"","pagina_web":"","email":"","id_ficha_portal":"1587","video":"","adjuntos":false,"adjuntos_portal":"https:\/\/www.upm.es\/S2i\/Acuse\/recuperarArchivo.jsp?id=1587&id_archivo=11123&tipo=patente&extension=fichero ","inf":false,"departamento":"","acf":[],"lang":"es","translation":{"es":8777},"_links":{"self":[{"href":"https:\/\/www.upm.es\/recursosidi\/wp-json\/wp\/v2\/product\/8777"}],"collection":[{"href":"https:\/\/www.upm.es\/recursosidi\/wp-json\/wp\/v2\/product"}],"about":[{"href":"https:\/\/www.upm.es\/recursosidi\/wp-json\/wp\/v2\/types\/product"}],"wp:attachment":[{"href":"https:\/\/www.upm.es\/recursosidi\/wp-json\/wp\/v2\/media?parent=8777"}],"wp:term":[{"taxonomy":"product_cat","embeddable":true,"href":"https:\/\/www.upm.es\/recursosidi\/wp-json\/wp\/v2\/product_cat?post=8777"},{"taxonomy":"product_tag","embeddable":true,"href":"https:\/\/www.upm.es\/recursosidi\/wp-json\/wp\/v2\/product_tag?post=8777"},{"taxonomy":"comunidad_upm","embeddable":true,"href":"https:\/\/www.upm.es\/recursosidi\/wp-json\/wp\/v2\/comunidades-upm?post=8777"},{"taxonomy":"quien","embeddable":true,"href":"https:\/\/www.upm.es\/recursosidi\/wp-json\/wp\/v2\/quien?post=8777"},{"taxonomy":"mapa","embeddable":true,"href":"https:\/\/www.upm.es\/recursosidi\/wp-json\/wp\/v2\/mapa?post=8777"},{"taxonomy":"disponibilidad","embeddable":true,"href":"https:\/\/www.upm.es\/recursosidi\/wp-json\/wp\/v2\/disponibilidad?post=8777"},{"taxonomy":"donde","embeddable":true,"href":"https:\/\/www.upm.es\/recursosidi\/wp-json\/wp\/v2\/donde?post=8777"},{"taxonomy":"infraestructura","embeddable":true,"href":"https:\/\/www.upm.es\/recursosidi\/wp-json\/wp\/v2\/infraestructura?post=8777"},{"taxonomy":"ods","embeddable":true,"href":"https:\/\/www.upm.es\/recursosidi\/wp-json\/wp\/v2\/ods?post=8777"},{"taxonomy":"origen","embeddable":true,"href":"https:\/\/www.upm.es\/recursosidi\/wp-json\/wp\/v2\/origen?post=8777"}],"curies":[{"name":"wp","href":"https:\/\/api.w.org\/{rel}","templated":true}]}}