{"id":8778,"date":"2021-11-25T14:21:33","date_gmt":"2021-11-25T13:21:33","guid":{"rendered":"https:\/\/www.upm.es\/recursosidi\/offers-resources\/sin%20categor\u00eda\/material-de-escayola-aligerada-con-polimeros-para-uso-en-placas-y-paneles-prefabricados\/"},"modified":"2025-09-24T03:35:36","modified_gmt":"2025-09-24T01:35:36","slug":"material-de-escayola-aligerada-con-polimeros-para-uso-en-placas-y-paneles-prefabricados","status":"publish","type":"product","link":"https:\/\/www.upm.es\/recursosidi\/offers-resources\/patentes\/material-de-escayola-aligerada-con-polimeros-para-uso-en-placas-y-paneles-prefabricados\/","title":{"rendered":"Material de escayola aligerada con pol\u00edmeros para uso en placas y paneles prefabricados"},"content":{"rendered":"<h5>Descripci\u00f3n de la patente <\/h5>\n<p>Material de escayola aligerada con pol&iacute;meros para<br \/>uso en placas y paneles prefabricados.<br \/>La presente invenci&oacute;n consiste en una mezcla de<br \/>escayola con una disoluci&oacute;n de &aacute;cido b&oacute;rico, acetato<br \/>de polivinilo y bicarbonato que permite aligerar<br \/>considerablemente el peso de los prefabricados de<br \/>escayola tradicionales. El sector de aplicaci&oacute;n de este<br \/>invento es el de la edificaci&oacute;n. La invenci&oacute;n tambi&eacute;n<br \/>se refiere a m&eacute;todos de fabricaci&oacute;n de estas<br \/>escayolas y a su uso como materiales de<br \/>construcci&oacute;n.<br \/>El resultado es la obtenci&oacute;n de una nueva placa de<br \/>escayola aligerada para falsos techos con un<br \/>comportamiento mec&aacute;nico similar a las existentes,<br \/>pero con una disminuci&oacute;n del 30% de su peso y un<br \/>mejor aislamiento t&eacute;rmico.<\/p>\n<h5>N\u00famero de solicitud<\/h5>\n<p>P201930646<\/p>\n<h5>N\u00famero de publicaci\u00f3n<\/h5>\n<p>ES2722598<\/p>\n<h5>Fecha de presentaci\u00f3n <\/h5>\n<p>11\/07\/2019<\/p>\n<h5>Fecha de publicaci\u00f3n <\/h5>\n<p>13\/08\/2019<\/p>\n<h5>Fecha de concesi\u00f3n <\/h5>\n<p>12\/12\/2019<\/p>\n<div class=\"pdfprnt-buttons pdfprnt-buttons-product pdfprnt-bottom-left\"><a href=\"https:\/\/www.upm.es\/recursosidi\/wp-json\/wp\/v2\/product\/8778?print=pdf\" class=\"pdfprnt-button pdfprnt-button-pdf\" target=\"_blank\"><span class=\"pdfprnt-button-title pdfprnt-button-pdf-title\">Descargar ficha<\/span><\/a><\/div>","protected":false},"excerpt":{"rendered":"<p>Descripci\u00f3n de la patente Material de escayola aligerada con pol&iacute;meros parauso en placas y paneles prefabricados.La presente invenci&oacute;n consiste en una mezcla deescayola con una&hellip;<\/p>\n","protected":false},"featured_media":0,"template":"","meta":{"_acf_changed":false},"product_cat":[3946],"product_tag":[4302,4301,3993,4303,2425,2548,3987,4304,4300,3989],"comunidades-upm":[],"quien":[],"mapa":[{"term_id":124,"name":"Arquitectura, Baukultur y creatividad","slug":"arquitectura-baukultur-creatividad","term_group":0,"term_taxonomy_id":124,"taxonomy":"mapa","description":"","parent":0,"count":25,"filter":"raw","term_order":"4"},{"term_id":133,"name":"Clima, Energ\u00eda y Movilidad","slug":"clima-energia-movilidad","term_group":0,"term_taxonomy_id":133,"taxonomy":"mapa","description":"","parent":0,"count":129,"filter":"raw","term_order":"9"},{"term_id":135,"name":"Industria, materiales y econom\u00eda circular","slug":"industria-materiales-economia_circular","term_group":0,"term_taxonomy_id":135,"taxonomy":"mapa","description":"","parent":0,"count":165,"filter":"raw","term_order":"13"}],"disponibilidad":[],"donde":[{"term_id":3423,"name":"Monitorizaci\u00f3n e Innovaci\u00f3n Tecnol\u00f3gica en Edificaci\u00f3n (MITE)","slug":"monitorizacion-e-innovacion-tecnologica-en-edificacion-mite","term_group":0,"term_taxonomy_id":3423,"taxonomy":"donde","description":"","parent":0,"count":26,"filter":"raw","term_order":"0"}],"infraestructura":[],"ods":[],"origen":[{"term_id":180,"name":"Patente","slug":"patente","term_group":0,"term_taxonomy_id":180,"taxonomy":"origen","description":"","parent":0,"count":614,"filter":"raw","term_order":"0"}],"familia_tax":false,"quien_tax":false,"donde_tax":false,"year":"","contacto":"<strong>Principales: <\/strong><ul><li>Daniel Ferr\u00e1ndez Vega <blockquote><strong>daniel.fvega@upm.es<\/strong><\/blockquote><\/li><li>Carlos Mor\u00f3n Fern\u00e1ndez <blockquote><strong>carlos.moron@upm.es<\/strong><\/blockquote><\/li><\/ul><strong>Otros investigadores UPM: <\/strong><ul><li>Manuel \u00c1lvarez Dorado E.T.S. de Edificaci\u00f3n<\/li><\/ul><strong>Otros inventores: <\/strong><ul><li>PabloSaiz Mart\u00ednez UNIVERSIDAD REY JUAN CARLOS<\/li> <\/ul>","telefono":"","pagina_web":"","email":"","id_ficha_portal":"1541","video":"","adjuntos":false,"adjuntos_portal":"https:\/\/www.upm.es\/S2i\/Acuse\/recuperarArchivo.jsp?id=1541&id_archivo=10684&tipo=patente&extension=fichero ","inf":false,"departamento":"","acf":[],"lang":"es","translation":{"es":8778},"_links":{"self":[{"href":"https:\/\/www.upm.es\/recursosidi\/wp-json\/wp\/v2\/product\/8778"}],"collection":[{"href":"https:\/\/www.upm.es\/recursosidi\/wp-json\/wp\/v2\/product"}],"about":[{"href":"https:\/\/www.upm.es\/recursosidi\/wp-json\/wp\/v2\/types\/product"}],"wp:attachment":[{"href":"https:\/\/www.upm.es\/recursosidi\/wp-json\/wp\/v2\/media?parent=8778"}],"wp:term":[{"taxonomy":"product_cat","embeddable":true,"href":"https:\/\/www.upm.es\/recursosidi\/wp-json\/wp\/v2\/product_cat?post=8778"},{"taxonomy":"product_tag","embeddable":true,"href":"https:\/\/www.upm.es\/recursosidi\/wp-json\/wp\/v2\/product_tag?post=8778"},{"taxonomy":"comunidad_upm","embeddable":true,"href":"https:\/\/www.upm.es\/recursosidi\/wp-json\/wp\/v2\/comunidades-upm?post=8778"},{"taxonomy":"quien","embeddable":true,"href":"https:\/\/www.upm.es\/recursosidi\/wp-json\/wp\/v2\/quien?post=8778"},{"taxonomy":"mapa","embeddable":true,"href":"https:\/\/www.upm.es\/recursosidi\/wp-json\/wp\/v2\/mapa?post=8778"},{"taxonomy":"disponibilidad","embeddable":true,"href":"https:\/\/www.upm.es\/recursosidi\/wp-json\/wp\/v2\/disponibilidad?post=8778"},{"taxonomy":"donde","embeddable":true,"href":"https:\/\/www.upm.es\/recursosidi\/wp-json\/wp\/v2\/donde?post=8778"},{"taxonomy":"infraestructura","embeddable":true,"href":"https:\/\/www.upm.es\/recursosidi\/wp-json\/wp\/v2\/infraestructura?post=8778"},{"taxonomy":"ods","embeddable":true,"href":"https:\/\/www.upm.es\/recursosidi\/wp-json\/wp\/v2\/ods?post=8778"},{"taxonomy":"origen","embeddable":true,"href":"https:\/\/www.upm.es\/recursosidi\/wp-json\/wp\/v2\/origen?post=8778"}],"curies":[{"name":"wp","href":"https:\/\/api.w.org\/{rel}","templated":true}]}}