{"id":8779,"date":"2021-11-25T14:21:36","date_gmt":"2021-11-25T13:21:36","guid":{"rendered":"https:\/\/www.upm.es\/recursosidi\/offers-resources\/sin%20categor\u00eda\/dispositivo-obstetrico-y-procedimiento-de-fabricacionde-dicho-dispositivo-obstetrico\/"},"modified":"2025-11-19T02:49:40","modified_gmt":"2025-11-19T01:49:40","slug":"dispositivo-obstetrico-y-procedimiento-de-fabricacionde-dicho-dispositivo-obstetrico","status":"publish","type":"product","link":"https:\/\/www.upm.es\/recursosidi\/offers-resources\/patentes\/dispositivo-obstetrico-y-procedimiento-de-fabricacionde-dicho-dispositivo-obstetrico\/","title":{"rendered":"DISPOSITIVO OBST\u00c9TRICO Y PROCEDIMIENTO DE FABRICACI\u00d3N\r\nDE DICHO DISPOSITIVO OBST\u00c9TRICO"},"content":{"rendered":"<h5>Descripci\u00f3n de la patente <\/h5>\n<p>Dispositivo obst&eacute;trico con una rama derecha (1) y una<br \/>rama izquierda (2) con un cuerpo principal que<br \/>dispone de un extremo en forma de cuchara (3) con<br \/>una curvatura p&eacute;lvica que facilita la introducci&oacute;n en el<br \/>canal de parto de la madre y una curvatura cef&aacute;lica<br \/>para recibir, entre la cuchara (3) de la rama derecha<br \/>(1) y la cuchara (3) de la rama izquierda (2), la cabeza<br \/>del feto. El dispositivo comprende un mango (7) en<br \/>cada rama (1, 2) y un elemento de uni&oacute;n (4) que<br \/>vincula ambas ramas (1, 2). El cuerpo principal con la<br \/>cuchara (3), el mango (7) y el elemento de uni&oacute;n (4)<br \/>son de resina fotopolimerizable. Es est&eacute;ticamente<br \/>agradable para conseguir la aceptaci&oacute;n psicol&oacute;gica<br \/>de la madre al empleo del dispositivo durante el parto.<br \/>Se describe tambi&eacute;n un procedimiento de fabricaci&oacute;n<br \/>de dicho dispositivo mediante impresi&oacute;n 3D.<\/p>\n<p><img fetchpriority=\"high\" decoding=\"async\" src=\"https:\/\/www.upm.es\/S2i\/Acuse\/recuperarArchivo.jsp?id=1671&amp;id_archivo=12523&amp;tipo=patente&amp;extension=imagen\" alt=\"Figura 1\" width=\"523\" height=\"394\" \/><\/p>\n<p>&nbsp;<\/p>\n<h5>Situaci\u00f3n <\/h5>\n<p>Concedida<\/p>\n<h5>N\u00famero de solicitud<\/h5>\n<p>P202031071<\/p>\n<h5>N\u00famero de publicaci\u00f3n<\/h5>\n<p>ES2810949<\/p>\n<h5>Fecha de presentaci\u00f3n <\/h5>\n<p>27\/10\/2020<\/p>\n<h5>Fecha de publicaci\u00f3n <\/h5>\n<p>09\/03\/2021<\/p>\n<h5>Fecha de concesi\u00f3n <\/h5>\n<p>30\/06\/2021<\/p>\n<div class=\"pdfprnt-buttons pdfprnt-buttons-product pdfprnt-bottom-left\"><a href=\"https:\/\/www.upm.es\/recursosidi\/wp-json\/wp\/v2\/product\/8779?print=pdf\" class=\"pdfprnt-button pdfprnt-button-pdf\" target=\"_blank\"><span class=\"pdfprnt-button-title pdfprnt-button-pdf-title\">Descargar ficha<\/span><\/a><\/div>","protected":false},"excerpt":{"rendered":"<p>Descripci\u00f3n de la patente Dispositivo obst&eacute;trico con una rama derecha (1) y unarama izquierda (2) con un cuerpo principal quedispone de un extremo en forma&hellip;<\/p>\n","protected":false},"featured_media":0,"template":"","meta":{"_acf_changed":false},"product_cat":[3946],"product_tag":[3965,3964,3203],"comunidades-upm":[],"quien":[],"mapa":[{"term_id":122,"name":"Salud y bienestar","slug":"salud-y-bienestar","term_group":0,"term_taxonomy_id":122,"taxonomy":"mapa","description":"","parent":0,"count":105,"filter":"raw","term_order":"17"}],"disponibilidad":[],"donde":[{"term_id":4598,"name":"Centro Tecnol\u00f3gico de Seguridad y Calidad en Industrias Energ\u00e9ticas y Minas (TECMINERGY)","slug":"centro-tecnologico-de-seguridad-y-calidad-en-industrias-energeticas-y-minas-tecminergy","term_group":0,"term_taxonomy_id":4598,"taxonomy":"donde","description":"","parent":0,"count":8,"filter":"raw","term_order":"0"},{"term_id":304,"name":"Edificaci\u00f3n, Infraestructura y Proyectos en Ingenier\u00eda Rural y Medioambiental (EIPIRMA)","slug":"edificacion-infraestructura-y-proyectos-en-ingenieria-rural-y-medioambiental-eipirma","term_group":0,"term_taxonomy_id":304,"taxonomy":"donde","description":"Realizamos trabajos de investigaci&oacute;n y colaboramos con empresas en su innovaci&oacute;n y desarrollo\n&nbsp;\nLas principales <strong>l&iacute;neas de investigaci&oacute;n<\/strong> del grupo son:\n\nSilos Agr&iacute;colas.\nM&eacute;todos Num&eacute;ricos en la Ingenier&iacute;a Rural y Medioambiental.\nM&eacute;todos estad&iacute;sticos en la Ingenier&iacute;a Rural y Medioambiental.\nIngenier&iacute;a del paisaje y espacios verdes.\nEdificaci&oacute;n Rural.\nAplicaciones de los Sistemas de Informaci&oacute;n Geogr&aacute;fica en la Ingenier&iacute;a Rural y Medioambiental.\nCaminos Rurales.\nGesti&oacute;n del conocimiento, informaci&oacute;n y educaci&oacute;n.\nHidrolog&iacute;a superficial y peque&ntilde;os embalses.\n","parent":0,"count":4,"filter":"raw","term_order":"0"}],"infraestructura":[],"ods":[],"origen":[{"term_id":180,"name":"Patente","slug":"patente","term_group":0,"term_taxonomy_id":180,"taxonomy":"origen","description":"","parent":0,"count":614,"filter":"raw","term_order":"0"}],"familia_tax":false,"quien_tax":false,"donde_tax":false,"year":"","contacto":"<strong>Principales: <\/strong><ul><li>\u00c1lvaro Ram\u00edrez G\u00f3mez <blockquote><strong>alvaro.ramirez@upm.es<\/strong><\/blockquote><\/li><\/ul><strong>Otros investigadores UPM: <\/strong><ul><li>Mar\u00eda Luisa Alija Castrillo<\/li><li>Marina V\u00e1zquez Alija E.T.S. de Ingenier\u00eda y Dise\u00f1o Industrial<\/li><li>Celso Garc\u00eda Gonz\u00e1lez<\/li><\/ul>","telefono":"","pagina_web":"","email":"","id_ficha_portal":"1671","video":"","adjuntos":false,"adjuntos_portal":"https:\/\/www.upm.es\/S2i\/Acuse\/recuperarArchivo.jsp?id=1671&id_archivo=12522&tipo=patente&extension=fichero ","inf":false,"departamento":"","acf":[],"lang":"es","translation":{"es":8779},"_links":{"self":[{"href":"https:\/\/www.upm.es\/recursosidi\/wp-json\/wp\/v2\/product\/8779"}],"collection":[{"href":"https:\/\/www.upm.es\/recursosidi\/wp-json\/wp\/v2\/product"}],"about":[{"href":"https:\/\/www.upm.es\/recursosidi\/wp-json\/wp\/v2\/types\/product"}],"wp:attachment":[{"href":"https:\/\/www.upm.es\/recursosidi\/wp-json\/wp\/v2\/media?parent=8779"}],"wp:term":[{"taxonomy":"product_cat","embeddable":true,"href":"https:\/\/www.upm.es\/recursosidi\/wp-json\/wp\/v2\/product_cat?post=8779"},{"taxonomy":"product_tag","embeddable":true,"href":"https:\/\/www.upm.es\/recursosidi\/wp-json\/wp\/v2\/product_tag?post=8779"},{"taxonomy":"comunidad_upm","embeddable":true,"href":"https:\/\/www.upm.es\/recursosidi\/wp-json\/wp\/v2\/comunidades-upm?post=8779"},{"taxonomy":"quien","embeddable":true,"href":"https:\/\/www.upm.es\/recursosidi\/wp-json\/wp\/v2\/quien?post=8779"},{"taxonomy":"mapa","embeddable":true,"href":"https:\/\/www.upm.es\/recursosidi\/wp-json\/wp\/v2\/mapa?post=8779"},{"taxonomy":"disponibilidad","embeddable":true,"href":"https:\/\/www.upm.es\/recursosidi\/wp-json\/wp\/v2\/disponibilidad?post=8779"},{"taxonomy":"donde","embeddable":true,"href":"https:\/\/www.upm.es\/recursosidi\/wp-json\/wp\/v2\/donde?post=8779"},{"taxonomy":"infraestructura","embeddable":true,"href":"https:\/\/www.upm.es\/recursosidi\/wp-json\/wp\/v2\/infraestructura?post=8779"},{"taxonomy":"ods","embeddable":true,"href":"https:\/\/www.upm.es\/recursosidi\/wp-json\/wp\/v2\/ods?post=8779"},{"taxonomy":"origen","embeddable":true,"href":"https:\/\/www.upm.es\/recursosidi\/wp-json\/wp\/v2\/origen?post=8779"}],"curies":[{"name":"wp","href":"https:\/\/api.w.org\/{rel}","templated":true}]}}