{"id":8780,"date":"2021-11-25T14:21:39","date_gmt":"2021-11-25T13:21:39","guid":{"rendered":"https:\/\/www.upm.es\/recursosidi\/offers-resources\/sin%20categor\u00eda\/carro-de-la-compra-ergonomico\/"},"modified":"2025-09-30T02:47:29","modified_gmt":"2025-09-30T00:47:29","slug":"carro-de-la-compra-ergonomico","status":"publish","type":"product","link":"https:\/\/www.upm.es\/recursosidi\/offers-resources\/patentes\/carro-de-la-compra-ergonomico\/","title":{"rendered":"CARRO DE LA COMPRA ERGON\u00d3MICO"},"content":{"rendered":"<h5>Descripci\u00f3n de la patente <\/h5>\n<p>Carro de la compra ergon&oacute;mico. Comprende un mecanismo de tijera para la elevaci&oacute;n y descenso de la carga que se realiza mediante un sistema de plataforma elevadora que reside en el interior de un cuerpo principal de una bolsa del carro. El mecanismo de plataforma elevadora de cargas mediante tijera es accionado y controlado por el usuario mediante un pedal que acciona un cilindro hidr&aacute;ulico de doble efecto. Para facilitar el manejo y conseguir un dise&ntilde;o que cumpla con los requisitos ergon&oacute;micos, el carro de la compra dispone de un manillar que permite su ajuste en altura mediante un sistema telesc&oacute;pico. La conducci&oacute;n del carro de la compra se realizar&aacute; mediante empuje y ser&aacute; ayudada mediante las ruedas delanteras que admiten la rotaci&oacute;n pivotante en 360&deg;. La bolsa del carro de la compra est&aacute; compuesta por un compartimento principal, un bolsillo t&eacute;rmico, un monedero y un parag&uuml;ero.<\/p>\n<p><img fetchpriority=\"high\" decoding=\"async\" src=\"https:\/\/www.upm.es\/S2i\/Acuse\/recuperarArchivo.jsp?id=1674&amp;id_archivo=12488&amp;tipo=patente&amp;extension=imagen\" alt=\"Figura 3\" width=\"371\" height=\"513\" \/><\/p>\n<h5>Situaci\u00f3n <\/h5>\n<p>Concedida<\/p>\n<h5>N\u00famero de solicitud<\/h5>\n<p>U202130878<\/p>\n<h5>N\u00famero de publicaci\u00f3n<\/h5>\n<p>ES1269860<\/p>\n<h5>Fecha de presentaci\u00f3n <\/h5>\n<p>04\/11\/2020<\/p>\n<h5>Fecha de publicaci\u00f3n <\/h5>\n<p>19\/02\/2021<\/p>\n<h5>Fecha de concesi\u00f3n <\/h5>\n<p>20\/09\/2021<\/p>\n<div class=\"pdfprnt-buttons pdfprnt-buttons-product pdfprnt-bottom-left\"><a href=\"https:\/\/www.upm.es\/recursosidi\/wp-json\/wp\/v2\/product\/8780?print=pdf\" class=\"pdfprnt-button pdfprnt-button-pdf\" target=\"_blank\"><span class=\"pdfprnt-button-title pdfprnt-button-pdf-title\">Descargar ficha<\/span><\/a><\/div>","protected":false},"excerpt":{"rendered":"<p>Descripci\u00f3n de la patente Carro de la compra ergon&oacute;mico. Comprende un mecanismo de tijera para la elevaci&oacute;n y descenso de la carga que se realiza&hellip;<\/p>\n","protected":false},"featured_media":0,"template":"","meta":{"_acf_changed":false},"product_cat":[3946],"product_tag":[3994,3995],"comunidades-upm":[],"quien":[],"mapa":[{"term_id":122,"name":"Salud y bienestar","slug":"salud-y-bienestar","term_group":0,"term_taxonomy_id":122,"taxonomy":"mapa","description":"","parent":0,"count":105,"filter":"raw","term_order":"17"},{"term_id":2529,"name":"Sociedad inclusiva, g\u00e9nero, diversidad","slug":"sociedad-inclusiva-genero-diversidad","term_group":0,"term_taxonomy_id":2529,"taxonomy":"mapa","description":"","parent":0,"count":2,"filter":"raw","term_order":"21"}],"disponibilidad":[],"donde":[{"term_id":392,"name":"Bioingenier\u00eda y Materiales (BIO-MAT)","slug":"bioingenieria-y-materiales-bio-mat","term_group":0,"term_taxonomy_id":392,"taxonomy":"donde","description":"En el <a href=\"http:\/\/www.upm.es\/observatorio\/vi\/index.jsp?pageac=grupo.jsp&amp;idGrupo=222\">Grupo de Bioingenier&iacute;a y Materiales (BIO-MAT)<\/a> desarrollamos nuestro trabajo en base a las siguientes l&iacute;neas de investigaci&oacute;n:\n&nbsp;\n\nBiopel&iacute;culas, Biodeterioro y Corrosi&oacute;n Microbiana\nBiodegradaci&oacute;n y Biorremediaci&oacute;n\nNanotecnolog&iacute;a de Pol&iacute;meros y Biopol&iacute;meros\nComportamiento de Materiales en Servicio\nSinterizados y Nuevos Materiales\nMicrobiolog&iacute;a Molecular y Biotecnolog&iacute;a\n","parent":0,"count":17,"filter":"raw","term_order":"0"},{"term_id":498,"name":"Dise\u00f1o y fabricaci\u00f3n industrial","slug":"diseno-y-fabricacion-industrial","term_group":0,"term_taxonomy_id":498,"taxonomy":"donde","description":"","parent":0,"count":18,"filter":"raw","term_order":"0"}],"infraestructura":[],"ods":[],"origen":[{"term_id":180,"name":"Patente","slug":"patente","term_group":0,"term_taxonomy_id":180,"taxonomy":"origen","description":"","parent":0,"count":614,"filter":"raw","term_order":"0"}],"familia_tax":false,"quien_tax":false,"donde_tax":false,"year":"","contacto":"<strong>Principales: <\/strong><ul><li>Mar\u00eda Del Mar Recio D\u00edaz <blockquote><strong>mariadelmar.recio@upm.es<\/strong><\/blockquote><\/li><li>Francisca Victoria S\u00e1nchez Mart\u00ednez <blockquote><strong>franciscavictoria.sanchez@upm.es<\/strong><\/blockquote><\/li><li>Pedro Armisen Bobo <blockquote><strong>pedro.armisen@upm.es<\/strong><\/blockquote><\/li><\/ul><strong>Otros investigadores UPM: <\/strong><ul><li>Paula Mantec\u00f3n Mart\u00ednez E.T.S. de Ingenier\u00eda y Dise\u00f1o Industrial<\/li><\/ul>","telefono":"","pagina_web":"","email":"","id_ficha_portal":"1674","video":"","adjuntos":false,"adjuntos_portal":"https:\/\/www.upm.es\/S2i\/Acuse\/recuperarArchivo.jsp?id=1674&id_archivo=12151&tipo=patente&extension=fichero ","inf":false,"departamento":"","acf":[],"lang":"es","translation":{"es":8780},"_links":{"self":[{"href":"https:\/\/www.upm.es\/recursosidi\/wp-json\/wp\/v2\/product\/8780"}],"collection":[{"href":"https:\/\/www.upm.es\/recursosidi\/wp-json\/wp\/v2\/product"}],"about":[{"href":"https:\/\/www.upm.es\/recursosidi\/wp-json\/wp\/v2\/types\/product"}],"wp:attachment":[{"href":"https:\/\/www.upm.es\/recursosidi\/wp-json\/wp\/v2\/media?parent=8780"}],"wp:term":[{"taxonomy":"product_cat","embeddable":true,"href":"https:\/\/www.upm.es\/recursosidi\/wp-json\/wp\/v2\/product_cat?post=8780"},{"taxonomy":"product_tag","embeddable":true,"href":"https:\/\/www.upm.es\/recursosidi\/wp-json\/wp\/v2\/product_tag?post=8780"},{"taxonomy":"comunidad_upm","embeddable":true,"href":"https:\/\/www.upm.es\/recursosidi\/wp-json\/wp\/v2\/comunidades-upm?post=8780"},{"taxonomy":"quien","embeddable":true,"href":"https:\/\/www.upm.es\/recursosidi\/wp-json\/wp\/v2\/quien?post=8780"},{"taxonomy":"mapa","embeddable":true,"href":"https:\/\/www.upm.es\/recursosidi\/wp-json\/wp\/v2\/mapa?post=8780"},{"taxonomy":"disponibilidad","embeddable":true,"href":"https:\/\/www.upm.es\/recursosidi\/wp-json\/wp\/v2\/disponibilidad?post=8780"},{"taxonomy":"donde","embeddable":true,"href":"https:\/\/www.upm.es\/recursosidi\/wp-json\/wp\/v2\/donde?post=8780"},{"taxonomy":"infraestructura","embeddable":true,"href":"https:\/\/www.upm.es\/recursosidi\/wp-json\/wp\/v2\/infraestructura?post=8780"},{"taxonomy":"ods","embeddable":true,"href":"https:\/\/www.upm.es\/recursosidi\/wp-json\/wp\/v2\/ods?post=8780"},{"taxonomy":"origen","embeddable":true,"href":"https:\/\/www.upm.es\/recursosidi\/wp-json\/wp\/v2\/origen?post=8780"}],"curies":[{"name":"wp","href":"https:\/\/api.w.org\/{rel}","templated":true}]}}