{"id":8781,"date":"2021-11-25T14:21:42","date_gmt":"2021-11-25T13:21:42","guid":{"rendered":"https:\/\/www.upm.es\/recursosidi\/offers-resources\/sin%20categor\u00eda\/espolvoreador-portatil-de-accionamiento-manual\/"},"modified":"2022-08-10T02:21:37","modified_gmt":"2022-08-10T00:21:37","slug":"espolvoreador-portatil-de-accionamiento-manual","status":"publish","type":"product","link":"https:\/\/www.upm.es\/recursosidi\/offers-resources\/patentes\/espolvoreador-portatil-de-accionamiento-manual\/","title":{"rendered":"Espolvoreador port\u00e1til de accionamiento manual"},"content":{"rendered":"<h5>Descripci\u00f3n de la patente <\/h5>\n<p>Espolvoreador port&aacute;til de accionamiento manual, que comprende un cilindro vertical (2) que aloja un polvo y en cuyo interior se encuentra un pist&oacute;n (4) de movimiento longitudinal libre; un tamiz (7) dispuesto en un extremo inferior del cilindro vertical; y un cilindro horizontal (10) conectado a dicho cilindro vertical en su extremo inferior, que comprende un estrechamiento en uno de sus extremos, en el que se encuentra una salida (11) de polvo pulverizado. Mediante el movimiento longitudinal del cilindro vertical (2), se provoca el movimiento del pist&oacute;n (4) en el seno del cilindro, lo que fuerza el paso del polvo a trav&eacute;s del tamiz (7) hasta el cilindro horizontal (10) y a trav&eacute;s de dicho cilindro hasta la salida (11).<\/p>\n<p><img fetchpriority=\"high\" decoding=\"async\" src=\"https:\/\/www.upm.es\/S2i\/Acuse\/recuperarArchivo.jsp?id=1647&amp;id_archivo=12486&amp;tipo=patente&amp;extension=imagen\" alt=\"Figura 2\" width=\"229\" height=\"297\" \/><\/p>\n<h5>Situaci\u00f3n <\/h5>\n<p>Concedida<\/p>\n<h5>N\u00famero de solicitud<\/h5>\n<p>P202031139<\/p>\n<h5>N\u00famero de publicaci\u00f3n<\/h5>\n<p>ES2827230<\/p>\n<h5>Fecha de presentaci\u00f3n <\/h5>\n<p>13\/11\/2020<\/p>\n<h5>Fecha de publicaci\u00f3n <\/h5>\n<p>20\/05\/2021<\/p>\n<h5>Fecha de concesi\u00f3n <\/h5>\n<p>09\/08\/2021<\/p>\n<div class=\"pdfprnt-buttons pdfprnt-buttons-product pdfprnt-bottom-left\"><a href=\"https:\/\/www.upm.es\/recursosidi\/wp-json\/wp\/v2\/product\/8781?print=pdf\" class=\"pdfprnt-button pdfprnt-button-pdf\" target=\"_blank\"><span class=\"pdfprnt-button-title pdfprnt-button-pdf-title\">Descargar ficha<\/span><\/a><\/div>","protected":false},"excerpt":{"rendered":"<p>Descripci\u00f3n de la patente Espolvoreador port&aacute;til de accionamiento manual, que comprende un cilindro vertical (2) que aloja un polvo y en cuyo interior se encuentra&hellip;<\/p>\n","protected":false},"featured_media":0,"template":"","meta":{"_acf_changed":false},"product_cat":[3946],"product_tag":[2575,4010,4012,4013,4009,4011,4008],"comunidades-upm":[],"quien":[],"mapa":[{"term_id":139,"name":"Agricultura, silvicultura, recursos naturales, usos de la tierra y crecimiento azul","slug":"agricultura-silvicultura-recursos_naturales-usos_tierra-crecimiento_azul","term_group":0,"term_taxonomy_id":139,"taxonomy":"mapa","description":"","parent":0,"count":43,"filter":"raw","term_order":"2"}],"disponibilidad":[],"donde":[{"term_id":3423,"name":"Monitorizaci\u00f3n e Innovaci\u00f3n Tecnol\u00f3gica en Edificaci\u00f3n (MITE)","slug":"monitorizacion-e-innovacion-tecnologica-en-edificacion-mite","term_group":0,"term_taxonomy_id":3423,"taxonomy":"donde","description":"","parent":0,"count":26,"filter":"raw","term_order":"0"}],"infraestructura":[],"ods":[],"origen":[{"term_id":180,"name":"Patente","slug":"patente","term_group":0,"term_taxonomy_id":180,"taxonomy":"origen","description":"","parent":0,"count":614,"filter":"raw","term_order":"0"}],"familia_tax":false,"quien_tax":false,"donde_tax":false,"year":"","contacto":"<strong>Principales: <\/strong><ul><li>TOMAS GIL LOPEZ <blockquote><strong>tomas.gill@upm.es<\/strong><\/blockquote><\/li><li>MARIA AMPARO VERDU VAZQUEZ <blockquote><strong>amparo.verdu@upm.es<\/strong><\/blockquote><\/li><\/ul><strong>Otros inventores UPM: <\/strong><ul><li>Basilio Martel Rodr\u00edgez Centro de I+d+i en Procesado de la Informaci\u00f3n y Telecomunicaciones (IPT)<\/li><\/ul>","telefono":"","pagina_web":"","email":"","id_ficha_portal":"1647","video":"","adjuntos":false,"adjuntos_portal":"https:\/\/www.upm.es\/S2i\/Acuse\/recuperarArchivo.jsp?id=1647&id_archivo=12290&tipo=patente&extension=fichero ","inf":false,"departamento":"","acf":[],"lang":"es","translation":{"es":8781},"_links":{"self":[{"href":"https:\/\/www.upm.es\/recursosidi\/wp-json\/wp\/v2\/product\/8781"}],"collection":[{"href":"https:\/\/www.upm.es\/recursosidi\/wp-json\/wp\/v2\/product"}],"about":[{"href":"https:\/\/www.upm.es\/recursosidi\/wp-json\/wp\/v2\/types\/product"}],"wp:attachment":[{"href":"https:\/\/www.upm.es\/recursosidi\/wp-json\/wp\/v2\/media?parent=8781"}],"wp:term":[{"taxonomy":"product_cat","embeddable":true,"href":"https:\/\/www.upm.es\/recursosidi\/wp-json\/wp\/v2\/product_cat?post=8781"},{"taxonomy":"product_tag","embeddable":true,"href":"https:\/\/www.upm.es\/recursosidi\/wp-json\/wp\/v2\/product_tag?post=8781"},{"taxonomy":"comunidad_upm","embeddable":true,"href":"https:\/\/www.upm.es\/recursosidi\/wp-json\/wp\/v2\/comunidades-upm?post=8781"},{"taxonomy":"quien","embeddable":true,"href":"https:\/\/www.upm.es\/recursosidi\/wp-json\/wp\/v2\/quien?post=8781"},{"taxonomy":"mapa","embeddable":true,"href":"https:\/\/www.upm.es\/recursosidi\/wp-json\/wp\/v2\/mapa?post=8781"},{"taxonomy":"disponibilidad","embeddable":true,"href":"https:\/\/www.upm.es\/recursosidi\/wp-json\/wp\/v2\/disponibilidad?post=8781"},{"taxonomy":"donde","embeddable":true,"href":"https:\/\/www.upm.es\/recursosidi\/wp-json\/wp\/v2\/donde?post=8781"},{"taxonomy":"infraestructura","embeddable":true,"href":"https:\/\/www.upm.es\/recursosidi\/wp-json\/wp\/v2\/infraestructura?post=8781"},{"taxonomy":"ods","embeddable":true,"href":"https:\/\/www.upm.es\/recursosidi\/wp-json\/wp\/v2\/ods?post=8781"},{"taxonomy":"origen","embeddable":true,"href":"https:\/\/www.upm.es\/recursosidi\/wp-json\/wp\/v2\/origen?post=8781"}],"curies":[{"name":"wp","href":"https:\/\/api.w.org\/{rel}","templated":true}]}}