{"id":8782,"date":"2021-11-25T14:21:45","date_gmt":"2021-11-25T13:21:45","guid":{"rendered":"https:\/\/www.upm.es\/recursosidi\/offers-resources\/sin%20categor\u00eda\/sistema-de-comunicacion-segura-basado-en-multiestabilidad\/"},"modified":"2022-08-10T02:21:40","modified_gmt":"2022-08-10T00:21:40","slug":"sistema-de-comunicacion-segura-basado-en-multiestabilidad","status":"publish","type":"product","link":"https:\/\/www.upm.es\/recursosidi\/offers-resources\/patentes\/sistema-de-comunicacion-segura-basado-en-multiestabilidad\/","title":{"rendered":"SISTEMA DE COMUNICACI\u00d3N SEGURA BASADO EN MULTI-ESTABILIDAD"},"content":{"rendered":"<h5>Descripci\u00f3n de la patente <\/h5>\n<p>Se divulga un sistema de comunicaci&oacute;n segura<br \/>basado en multi-estabilidad conformado por<br \/>emisor\/receptor basados en osciladores ca&oacute;ticos<br \/>multi-estables y dos canales de comunicaci&oacute;n<br \/>p&uacute;blico\/privado. El privado permite sincronizar los<br \/>osciladores de emisor y receptor. Conmutadores<br \/>ca&oacute;ticos id&eacute;nticos en emisor y receptor cambian las<br \/>condiciones iniciales de los osciladores discretamente<br \/>con intervalos m&aacute;s cortos que el tiempo de<br \/>sincronizaci&oacute;n, funcionando como llaves secretas<br \/>permitiendo el cambio de los atractores ca&oacute;ticos<br \/>simult&aacute;neamente en los osciladores de emisor y<br \/>receptor. La informaci&oacute;n se transmite por el canal<br \/>p&uacute;blico, adhiriendo un n&uacute;mero muy grande de<br \/>paquetes de se&ntilde;al de informaci&oacute;n en forma<br \/>escalonada a un n&uacute;mero muy grande de se&ntilde;ales de<br \/>enmascaramiento ca&oacute;tico multi-estable dentro de una<br \/>misma serie temporal. El cambio de los atractores<br \/>ca&oacute;ticos m&aacute;s r&aacute;pido que el tiempo de sincronizaci&oacute;n<br \/>hace imposible el ataque de sincronizaci&oacute;n, y adem&aacute;s<br \/>la sincronizaci&oacute;n de se&ntilde;ales ca&oacute;ticas entre el emisor y<br \/>receptor en cada atractor permite recuperar la se&ntilde;al<br \/>de informaci&oacute;n con una alta estabilidad.<\/p>\n<p><img fetchpriority=\"high\" decoding=\"async\" src=\"https:\/\/www.upm.es\/S2i\/Acuse\/recuperarArchivo.jsp?id=1550&amp;id_archivo=12623&amp;tipo=patente&amp;extension=imagen\" alt=\"Figura 5\" width=\"498\" height=\"399\" \/><\/p>\n<h5>Situaci\u00f3n <\/h5>\n<p>Concedida<\/p>\n<h5>N\u00famero de solicitud<\/h5>\n<p>P201930480<\/p>\n<h5>N\u00famero de publicaci\u00f3n<\/h5>\n<p>ES2724598<\/p>\n<h5>Fecha de presentaci\u00f3n <\/h5>\n<p>30\/05\/2019<\/p>\n<h5>Fecha de publicaci\u00f3n <\/h5>\n<p>12\/09\/2019<\/p>\n<h5>Fecha de concesi\u00f3n <\/h5>\n<p>12\/03\/2020<\/p>\n<div class=\"pdfprnt-buttons pdfprnt-buttons-product pdfprnt-bottom-left\"><a href=\"https:\/\/www.upm.es\/recursosidi\/wp-json\/wp\/v2\/product\/8782?print=pdf\" class=\"pdfprnt-button pdfprnt-button-pdf\" target=\"_blank\"><span class=\"pdfprnt-button-title pdfprnt-button-pdf-title\">Descargar ficha<\/span><\/a><\/div>","protected":false},"excerpt":{"rendered":"<p>Descripci\u00f3n de la patente Se divulga un sistema de comunicaci&oacute;n segurabasado en multi-estabilidad conformado poremisor\/receptor basados en osciladores ca&oacute;ticosmulti-estables y dos canales de comunicaci&oacute;np&uacute;blico\/privado. El&hellip;<\/p>\n","protected":false},"featured_media":0,"template":"","meta":{"_acf_changed":false},"product_cat":[3946],"product_tag":[4307,4311,4306,4309,4308,4310,4305],"comunidades-upm":[],"quien":[],"mapa":[{"term_id":126,"name":"Tecnolog\u00edas digitales, Inteligencia Artificial, ciberseguridad, 5G, rob\u00f3tica","slug":"tecnologias_digitales-ai-ciberseguridad-5g-robotica","term_group":0,"term_taxonomy_id":126,"taxonomy":"mapa","description":"","parent":0,"count":194,"filter":"raw","term_order":"23"}],"disponibilidad":[],"donde":[{"term_id":556,"name":"Centro de Tecnolog\u00eda Biom\u00e9dica (CTB)","slug":"centro-de-tecnologia-biomedica-ctb","term_group":0,"term_taxonomy_id":556,"taxonomy":"donde","description":"","parent":0,"count":84,"filter":"raw","term_order":"0"},{"term_id":620,"name":"Tecnolog\u00edas para Ciencias de la Salud","slug":"tecnologias-para-ciencias-de-la-salud","term_group":0,"term_taxonomy_id":620,"taxonomy":"donde","description":"","parent":0,"count":21,"filter":"raw","term_order":"0"}],"infraestructura":[],"ods":[],"origen":[{"term_id":180,"name":"Patente","slug":"patente","term_group":0,"term_taxonomy_id":180,"taxonomy":"origen","description":"","parent":0,"count":614,"filter":"raw","term_order":"0"}],"familia_tax":false,"quien_tax":false,"donde_tax":false,"year":"0000-00-00","contacto":"<strong>Principales: <\/strong><ul><li>ALEXANDER PISARCHIK  <blockquote><strong>alexander.pisarchik@upm.es<\/strong><\/blockquote><\/li><\/ul><strong>Otros inventores: <\/strong><ul><li>JUAN HUGOGARC\u00cdA L\u00d3PEZ Universidad de Guadalajara (M\u00e9xico)<\/li> <li>RIDERRE\u00c1TEGUI JAIMES Universidad de Guadalajara (M\u00e9xico)<\/li> <li>C\u00c9SAR RODR\u00cdGUEZ FLORES Universidad de Guadalajara (M\u00e9xico)<\/li> <\/ul>","telefono":"","pagina_web":"","email":"","id_ficha_portal":"1550","video":"","adjuntos":false,"adjuntos_portal":"https:\/\/www.upm.es\/S2i\/Acuse\/recuperarArchivo.jsp?id=1550&id_archivo=10989&tipo=patente&extension=fichero ","inf":false,"departamento":"","acf":[],"lang":"es","translation":{"es":8782},"_links":{"self":[{"href":"https:\/\/www.upm.es\/recursosidi\/wp-json\/wp\/v2\/product\/8782"}],"collection":[{"href":"https:\/\/www.upm.es\/recursosidi\/wp-json\/wp\/v2\/product"}],"about":[{"href":"https:\/\/www.upm.es\/recursosidi\/wp-json\/wp\/v2\/types\/product"}],"wp:attachment":[{"href":"https:\/\/www.upm.es\/recursosidi\/wp-json\/wp\/v2\/media?parent=8782"}],"wp:term":[{"taxonomy":"product_cat","embeddable":true,"href":"https:\/\/www.upm.es\/recursosidi\/wp-json\/wp\/v2\/product_cat?post=8782"},{"taxonomy":"product_tag","embeddable":true,"href":"https:\/\/www.upm.es\/recursosidi\/wp-json\/wp\/v2\/product_tag?post=8782"},{"taxonomy":"comunidad_upm","embeddable":true,"href":"https:\/\/www.upm.es\/recursosidi\/wp-json\/wp\/v2\/comunidades-upm?post=8782"},{"taxonomy":"quien","embeddable":true,"href":"https:\/\/www.upm.es\/recursosidi\/wp-json\/wp\/v2\/quien?post=8782"},{"taxonomy":"mapa","embeddable":true,"href":"https:\/\/www.upm.es\/recursosidi\/wp-json\/wp\/v2\/mapa?post=8782"},{"taxonomy":"disponibilidad","embeddable":true,"href":"https:\/\/www.upm.es\/recursosidi\/wp-json\/wp\/v2\/disponibilidad?post=8782"},{"taxonomy":"donde","embeddable":true,"href":"https:\/\/www.upm.es\/recursosidi\/wp-json\/wp\/v2\/donde?post=8782"},{"taxonomy":"infraestructura","embeddable":true,"href":"https:\/\/www.upm.es\/recursosidi\/wp-json\/wp\/v2\/infraestructura?post=8782"},{"taxonomy":"ods","embeddable":true,"href":"https:\/\/www.upm.es\/recursosidi\/wp-json\/wp\/v2\/ods?post=8782"},{"taxonomy":"origen","embeddable":true,"href":"https:\/\/www.upm.es\/recursosidi\/wp-json\/wp\/v2\/origen?post=8782"}],"curies":[{"name":"wp","href":"https:\/\/api.w.org\/{rel}","templated":true}]}}