{"id":8787,"date":"2021-11-25T14:22:02","date_gmt":"2021-11-25T13:22:02","guid":{"rendered":"https:\/\/www.upm.es\/recursosidi\/offers-resources\/sin%20categor\u00eda\/sistema-y-metodo-para-gestionar-personal-de-operacion-en-entornos-criticos\/"},"modified":"2022-08-10T02:21:56","modified_gmt":"2022-08-10T00:21:56","slug":"sistema-y-metodo-para-gestionar-personal-de-operacion-en-entornos-criticos","status":"publish","type":"product","link":"https:\/\/www.upm.es\/recursosidi\/offers-resources\/patentes\/sistema-y-metodo-para-gestionar-personal-de-operacion-en-entornos-criticos\/","title":{"rendered":"SISTEMA Y M\u00c9TODO PARA GESTIONAR PERSONAL DE OPERACI\u00d3N EN ENTORNOS CR\u00cdTICOS"},"content":{"rendered":"<h5>Descripci\u00f3n de la patente <\/h5>\n<p>La presente invenci&oacute;n se refiere a un m&eacute;todo y un<br \/>sistema para gestionar el personal de operaci&oacute;n de<br \/>una infraestructura compleja. Comprende unos<br \/>primeros medios sensores para medir un conjunto de<br \/>variables f&iacute;sicas de un operador de la infraestructura;<br \/>un m&oacute;dulo de an&aacute;lisis para asociar las variables<br \/>medidas con valores de excitaci&oacute;n y valencia y<br \/>determinar, basado en dichos valores, una emoci&oacute;n<br \/>predominante del operador; unos segundos medios<br \/>sensores para identificar un estado de funcionamiento<br \/>de la infraestructura; un m&oacute;dulo de proceso para<br \/>determinar una acci&oacute;n correctiva en funci&oacute;n del<br \/>estado de funcionamiento actual y la emoci&oacute;n<br \/>predominante del operador: y un m&oacute;dulo de<br \/>visualizaci&oacute;n configurado para proporcionar la acci&oacute;n<br \/>correctiva al operador.<\/p>\n<p><img fetchpriority=\"high\" decoding=\"async\" src=\"https:\/\/www.upm.es\/S2i\/Acuse\/recuperarArchivo.jsp?id=1537&amp;id_archivo=12613&amp;tipo=patente&amp;extension=imagen\" alt=\"Figura 1\" width=\"431\" height=\"287\" \/><\/p>\n<p>&nbsp;<\/p>\n<h5>N\u00famero de solicitud<\/h5>\n<p>P201930786<\/p>\n<h5>N\u00famero de publicaci\u00f3n<\/h5>\n<p>ES2761728<\/p>\n<h5>Fecha de presentaci\u00f3n <\/h5>\n<p>09\/09\/2019<\/p>\n<h5>Fecha de publicaci\u00f3n <\/h5>\n<p>20\/05\/2020<\/p>\n<div class=\"pdfprnt-buttons pdfprnt-buttons-product pdfprnt-bottom-left\"><a href=\"https:\/\/www.upm.es\/recursosidi\/wp-json\/wp\/v2\/product\/8787?print=pdf\" class=\"pdfprnt-button pdfprnt-button-pdf\" target=\"_blank\"><span class=\"pdfprnt-button-title pdfprnt-button-pdf-title\">Descargar ficha<\/span><\/a><\/div>","protected":false},"excerpt":{"rendered":"<p>Descripci\u00f3n de la patente La presente invenci&oacute;n se refiere a un m&eacute;todo y unsistema para gestionar el personal de operaci&oacute;n deuna infraestructura compleja. Comprende unosprimeros&hellip;<\/p>\n","protected":false},"featured_media":0,"template":"","meta":{"_acf_changed":false},"product_cat":[3946],"product_tag":[4315,4314,2577],"comunidades-upm":[],"quien":[],"mapa":[{"term_id":135,"name":"Industria, materiales y econom\u00eda circular","slug":"industria-materiales-economia_circular","term_group":0,"term_taxonomy_id":135,"taxonomy":"mapa","description":"","parent":0,"count":165,"filter":"raw","term_order":"13"},{"term_id":122,"name":"Salud y bienestar","slug":"salud-y-bienestar","term_group":0,"term_taxonomy_id":122,"taxonomy":"mapa","description":"","parent":0,"count":105,"filter":"raw","term_order":"17"},{"term_id":130,"name":"Seguridad, defensa y resiliencia","slug":"seguridad-defensa-resiliencia","term_group":0,"term_taxonomy_id":130,"taxonomy":"mapa","description":"","parent":0,"count":26,"filter":"raw","term_order":"20"},{"term_id":126,"name":"Tecnolog\u00edas digitales, Inteligencia Artificial, ciberseguridad, 5G, rob\u00f3tica","slug":"tecnologias_digitales-ai-ciberseguridad-5g-robotica","term_group":0,"term_taxonomy_id":126,"taxonomy":"mapa","description":"","parent":0,"count":194,"filter":"raw","term_order":"23"}],"disponibilidad":[],"donde":[{"term_id":618,"name":"Centro de Investigaci\u00f3n en Simulaci\u00f3n Computacional (CCS)","slug":"centro-de-investigacion-en-simulacion-computacional-ccs","term_group":0,"term_taxonomy_id":618,"taxonomy":"donde","description":"","parent":0,"count":27,"filter":"raw","term_order":"0"}],"infraestructura":[],"ods":[],"origen":[{"term_id":180,"name":"Patente","slug":"patente","term_group":0,"term_taxonomy_id":180,"taxonomy":"origen","description":"","parent":0,"count":614,"filter":"raw","term_order":"0"}],"familia_tax":false,"quien_tax":false,"donde_tax":false,"year":"0000-00-00","contacto":"<strong>Principales: <\/strong><ul><li>ALBERTO CORREDERA ARBIDE <blockquote><strong>alberto.corredera.arbide@alumnos.upm.es<\/strong><\/blockquote><\/li><\/ul>","telefono":"","pagina_web":"","email":"","id_ficha_portal":"1537","video":"","adjuntos":false,"adjuntos_portal":"","inf":false,"departamento":"","acf":[],"lang":"es","translation":{"es":8787},"_links":{"self":[{"href":"https:\/\/www.upm.es\/recursosidi\/wp-json\/wp\/v2\/product\/8787"}],"collection":[{"href":"https:\/\/www.upm.es\/recursosidi\/wp-json\/wp\/v2\/product"}],"about":[{"href":"https:\/\/www.upm.es\/recursosidi\/wp-json\/wp\/v2\/types\/product"}],"wp:attachment":[{"href":"https:\/\/www.upm.es\/recursosidi\/wp-json\/wp\/v2\/media?parent=8787"}],"wp:term":[{"taxonomy":"product_cat","embeddable":true,"href":"https:\/\/www.upm.es\/recursosidi\/wp-json\/wp\/v2\/product_cat?post=8787"},{"taxonomy":"product_tag","embeddable":true,"href":"https:\/\/www.upm.es\/recursosidi\/wp-json\/wp\/v2\/product_tag?post=8787"},{"taxonomy":"comunidad_upm","embeddable":true,"href":"https:\/\/www.upm.es\/recursosidi\/wp-json\/wp\/v2\/comunidades-upm?post=8787"},{"taxonomy":"quien","embeddable":true,"href":"https:\/\/www.upm.es\/recursosidi\/wp-json\/wp\/v2\/quien?post=8787"},{"taxonomy":"mapa","embeddable":true,"href":"https:\/\/www.upm.es\/recursosidi\/wp-json\/wp\/v2\/mapa?post=8787"},{"taxonomy":"disponibilidad","embeddable":true,"href":"https:\/\/www.upm.es\/recursosidi\/wp-json\/wp\/v2\/disponibilidad?post=8787"},{"taxonomy":"donde","embeddable":true,"href":"https:\/\/www.upm.es\/recursosidi\/wp-json\/wp\/v2\/donde?post=8787"},{"taxonomy":"infraestructura","embeddable":true,"href":"https:\/\/www.upm.es\/recursosidi\/wp-json\/wp\/v2\/infraestructura?post=8787"},{"taxonomy":"ods","embeddable":true,"href":"https:\/\/www.upm.es\/recursosidi\/wp-json\/wp\/v2\/ods?post=8787"},{"taxonomy":"origen","embeddable":true,"href":"https:\/\/www.upm.es\/recursosidi\/wp-json\/wp\/v2\/origen?post=8787"}],"curies":[{"name":"wp","href":"https:\/\/api.w.org\/{rel}","templated":true}]}}