{"id":8792,"date":"2021-11-25T14:22:14","date_gmt":"2021-11-25T13:22:14","guid":{"rendered":"https:\/\/www.upm.es\/recursosidi\/offers-resources\/sin%20categor\u00eda\/material-de-escayola-de-rapido-fraguado-y-aligerado-con-polimeros-en-granza\/"},"modified":"2025-09-24T03:35:41","modified_gmt":"2025-09-24T01:35:41","slug":"material-de-escayola-de-rapido-fraguado-y-aligerado-con-polimeros-en-granza","status":"publish","type":"product","link":"https:\/\/www.upm.es\/recursosidi\/offers-resources\/patentes\/material-de-escayola-de-rapido-fraguado-y-aligerado-con-polimeros-en-granza\/","title":{"rendered":"MATERIAL DE ESCAYOLA DE R\u00c1PIDO FRAGUADO Y ALIGERADO CON POL\u00cdMEROS EN GRANZA"},"content":{"rendered":"<h5>Descripci\u00f3n de la patente <\/h5>\n<p>Material de escayola de r&aacute;pido fraguado y aligerado<br \/>con pol&iacute;meros en granza.<br \/>La presente invenci&oacute;n consiste en un material de<br \/>escayola aligerada para la elaboraci&oacute;n de paneles y<br \/>placas prefabricadas para su uso en construcci&oacute;n,<br \/>que facilita su manipulaci&oacute;n a la vez que reduce los<br \/>tiempos de fraguado. Este material est&aacute; compuesto<br \/>por cualquier tipo de escayola como matriz principal,<br \/>con adici&oacute;n de pol&iacute;meros en granza para reducir el<br \/>peso y con adici&oacute;n de poliacrilato de sodio para<br \/>reducirlos tiempos de fraguado del material. El sector<br \/>de aplicaci&oacute;n de este invento es el de la edificaci&oacute;n.<br \/>La invenci&oacute;n tambi&eacute;n se refiere a m&eacute;todos de<br \/>fabricaci&oacute;n de estas escayolas y a su uso como<br \/>materiales de construcci&oacute;n.<br \/>El resultado es la obtenci&oacute;n de un nuevo material de<br \/>escayola aligerada para la elaboraci&oacute;n de<br \/>prefabricados, especialmente para falsos techos, con<br \/>un comportamiento mec&aacute;nico similar a los<br \/>prefabricados existentes, pero con una disminuci&oacute;n<br \/>de entre el 15 y 20% de su peso, un fraguado mucho<br \/>m&aacute;s r&aacute;pido y un mejor aislamiento t&eacute;rmico.<\/p>\n<p><img fetchpriority=\"high\" decoding=\"async\" src=\"https:\/\/www.upm.es\/S2i\/Acuse\/recuperarArchivo.jsp?id=1636&amp;id_archivo=12543&amp;tipo=patente&amp;extension=imagen\" alt=\"Figura 1\" width=\"556\" height=\"325\" \/><\/p>\n<h5>Situaci\u00f3n <\/h5>\n<p>Concedida<\/p>\n<h5>N\u00famero de solicitud<\/h5>\n<p>P202030595<\/p>\n<h5>N\u00famero de publicaci\u00f3n<\/h5>\n<p>ES2781675<\/p>\n<h5>Fecha de presentaci\u00f3n <\/h5>\n<p>19\/06\/2020<\/p>\n<h5>Fecha de publicaci\u00f3n <\/h5>\n<p>04\/09\/2020<\/p>\n<h5>Fecha de concesi\u00f3n <\/h5>\n<p>11\/01\/2021<\/p>\n<div class=\"pdfprnt-buttons pdfprnt-buttons-product pdfprnt-bottom-left\"><a href=\"https:\/\/www.upm.es\/recursosidi\/wp-json\/wp\/v2\/product\/8792?print=pdf\" class=\"pdfprnt-button pdfprnt-button-pdf\" target=\"_blank\"><span class=\"pdfprnt-button-title pdfprnt-button-pdf-title\">Descargar ficha<\/span><\/a><\/div>","protected":false},"excerpt":{"rendered":"<p>Descripci\u00f3n de la patente Material de escayola de r&aacute;pido fraguado y aligeradocon pol&iacute;meros en granza.La presente invenci&oacute;n consiste en un material deescayola aligerada para la&hellip;<\/p>\n","protected":false},"featured_media":0,"template":"","meta":{"_acf_changed":false},"product_cat":[3946],"product_tag":[3993,2425,2548,3987,3990,2497,3991,3992,3989,3988],"comunidades-upm":[],"quien":[],"mapa":[{"term_id":124,"name":"Arquitectura, Baukultur y creatividad","slug":"arquitectura-baukultur-creatividad","term_group":0,"term_taxonomy_id":124,"taxonomy":"mapa","description":"","parent":0,"count":25,"filter":"raw","term_order":"4"},{"term_id":133,"name":"Clima, Energ\u00eda y Movilidad","slug":"clima-energia-movilidad","term_group":0,"term_taxonomy_id":133,"taxonomy":"mapa","description":"","parent":0,"count":129,"filter":"raw","term_order":"9"},{"term_id":135,"name":"Industria, materiales y econom\u00eda circular","slug":"industria-materiales-economia_circular","term_group":0,"term_taxonomy_id":135,"taxonomy":"mapa","description":"","parent":0,"count":165,"filter":"raw","term_order":"13"}],"disponibilidad":[],"donde":[{"term_id":608,"name":"An\u00e1lisis y Caracterizaci\u00f3n \u00d3ptica de Materiales","slug":"analisis-y-caracterizacion-optica-de-materiales","term_group":0,"term_taxonomy_id":608,"taxonomy":"donde","description":"","parent":0,"count":15,"filter":"raw","term_order":"0"},{"term_id":3423,"name":"Monitorizaci\u00f3n e Innovaci\u00f3n Tecnol\u00f3gica en Edificaci\u00f3n (MITE)","slug":"monitorizacion-e-innovacion-tecnologica-en-edificacion-mite","term_group":0,"term_taxonomy_id":3423,"taxonomy":"donde","description":"","parent":0,"count":26,"filter":"raw","term_order":"0"}],"infraestructura":[],"ods":[],"origen":[{"term_id":180,"name":"Patente","slug":"patente","term_group":0,"term_taxonomy_id":180,"taxonomy":"origen","description":"","parent":0,"count":614,"filter":"raw","term_order":"0"}],"familia_tax":false,"quien_tax":false,"donde_tax":false,"year":"0000-00-00","contacto":"<strong>Principales: <\/strong><ul><li>Daniel Ferr\u00e1ndez Vega <blockquote><strong>daniel.fvega@upm.es<\/strong><\/blockquote><\/li><li>Carlos Mor\u00f3n Fern\u00e1ndez <blockquote><strong>carlos.moron@upm.es<\/strong><\/blockquote><\/li><li>Evangelina Atanes S\u00e1nchez <blockquote><strong>evangelina.atanes@upm.es<\/strong><\/blockquote><\/li><\/ul><strong>Otros inventores: <\/strong><ul><li>PabloSaiz Mart\u00ednez UNIVERSIDAD REY JUAN CARLOS<\/li> <\/ul>","telefono":"","pagina_web":"","email":"","id_ficha_portal":"1636","video":"","adjuntos":false,"adjuntos_portal":"https:\/\/www.upm.es\/S2i\/Acuse\/recuperarArchivo.jsp?id=1636&id_archivo=11683&tipo=patente&extension=fichero ","inf":false,"departamento":"","acf":[],"lang":"es","translation":{"es":8792},"_links":{"self":[{"href":"https:\/\/www.upm.es\/recursosidi\/wp-json\/wp\/v2\/product\/8792"}],"collection":[{"href":"https:\/\/www.upm.es\/recursosidi\/wp-json\/wp\/v2\/product"}],"about":[{"href":"https:\/\/www.upm.es\/recursosidi\/wp-json\/wp\/v2\/types\/product"}],"wp:attachment":[{"href":"https:\/\/www.upm.es\/recursosidi\/wp-json\/wp\/v2\/media?parent=8792"}],"wp:term":[{"taxonomy":"product_cat","embeddable":true,"href":"https:\/\/www.upm.es\/recursosidi\/wp-json\/wp\/v2\/product_cat?post=8792"},{"taxonomy":"product_tag","embeddable":true,"href":"https:\/\/www.upm.es\/recursosidi\/wp-json\/wp\/v2\/product_tag?post=8792"},{"taxonomy":"comunidad_upm","embeddable":true,"href":"https:\/\/www.upm.es\/recursosidi\/wp-json\/wp\/v2\/comunidades-upm?post=8792"},{"taxonomy":"quien","embeddable":true,"href":"https:\/\/www.upm.es\/recursosidi\/wp-json\/wp\/v2\/quien?post=8792"},{"taxonomy":"mapa","embeddable":true,"href":"https:\/\/www.upm.es\/recursosidi\/wp-json\/wp\/v2\/mapa?post=8792"},{"taxonomy":"disponibilidad","embeddable":true,"href":"https:\/\/www.upm.es\/recursosidi\/wp-json\/wp\/v2\/disponibilidad?post=8792"},{"taxonomy":"donde","embeddable":true,"href":"https:\/\/www.upm.es\/recursosidi\/wp-json\/wp\/v2\/donde?post=8792"},{"taxonomy":"infraestructura","embeddable":true,"href":"https:\/\/www.upm.es\/recursosidi\/wp-json\/wp\/v2\/infraestructura?post=8792"},{"taxonomy":"ods","embeddable":true,"href":"https:\/\/www.upm.es\/recursosidi\/wp-json\/wp\/v2\/ods?post=8792"},{"taxonomy":"origen","embeddable":true,"href":"https:\/\/www.upm.es\/recursosidi\/wp-json\/wp\/v2\/origen?post=8792"}],"curies":[{"name":"wp","href":"https:\/\/api.w.org\/{rel}","templated":true}]}}