{"id":8797,"date":"2021-11-25T14:22:36","date_gmt":"2021-11-25T13:22:36","guid":{"rendered":"https:\/\/www.upm.es\/recursosidi\/offers-resources\/sin%20categor\u00eda\/cafetera-portatil\/"},"modified":"2026-01-13T02:30:33","modified_gmt":"2026-01-13T01:30:33","slug":"cafetera-portatil","status":"publish","type":"product","link":"https:\/\/www.upm.es\/recursosidi\/offers-resources\/patentes\/cafetera-portatil\/","title":{"rendered":"Cafetera port\u00e1til"},"content":{"rendered":"<h5>Descripci\u00f3n de la patente <\/h5>\n<p>Cafetera port&aacute;til que comprende tres componentes<br \/>principales que son un dep&oacute;sito de agua (2), un filtro<br \/>(4) y un dep&oacute;sito de caf&eacute; (6) donde se almacena el<br \/>caf&eacute; ya formado, dispuestos de forma vertical en ese<br \/>orden.<br \/>La forma y el material del dep&oacute;sito de agua (2) le<br \/>aportan flexibilidad de modo que cuando el usuario<br \/>presiona el dep&oacute;sito lleno de agua esta pasa al filtro e<br \/>impregna el caf&eacute; molido.<br \/>La invenci&oacute;n permite ser transportada c&oacute;modamente<br \/>ya que los componentes se desmontan y pueden ser<br \/>guardados unos dentro de otros para ocupar el<br \/>m&iacute;nimo espacio.<br \/>A esto hay que a&ntilde;adir que el dispositivo creado<br \/>emplea la luz solar para calentar el caf&eacute; ya elaborado<br \/>ya que el dep&oacute;sito de caf&eacute; funciona como un colector<br \/>solar de tubos de vac&iacute;o, concretamente como tubos<br \/>evacuados simples con tecnolog&iacute;a CPC.<\/p>\n<p><img fetchpriority=\"high\" decoding=\"async\" src=\"https:\/\/www.upm.es\/S2i\/Acuse\/recuperarArchivo.jsp?id=1562&amp;id_archivo=12576&amp;tipo=patente&amp;extension=imagen\" alt=\"Figura 1\" width=\"359\" height=\"436\" \/><\/p>\n<p>&nbsp;<\/p>\n<h5>N\u00famero de solicitud<\/h5>\n<p>P201930989<\/p>\n<h5>N\u00famero de publicaci\u00f3n<\/h5>\n<p>ES2762301<\/p>\n<h5>Fecha de presentaci\u00f3n <\/h5>\n<p>13\/11\/2019<\/p>\n<h5>Fecha de publicaci\u00f3n <\/h5>\n<p>22\/05\/2020<\/p>\n<h5>Fecha de concesi\u00f3n <\/h5>\n<p>03\/02\/2021<\/p>\n<div class=\"pdfprnt-buttons pdfprnt-buttons-product pdfprnt-bottom-left\"><a href=\"https:\/\/www.upm.es\/recursosidi\/wp-json\/wp\/v2\/product\/8797?print=pdf\" class=\"pdfprnt-button pdfprnt-button-pdf\" target=\"_blank\"><span class=\"pdfprnt-button-title pdfprnt-button-pdf-title\">Descargar ficha<\/span><\/a><\/div>","protected":false},"excerpt":{"rendered":"<p>Descripci\u00f3n de la patente Cafetera port&aacute;til que comprende tres componentesprincipales que son un dep&oacute;sito de agua (2), un filtro(4) y un dep&oacute;sito de caf&eacute; (6)&hellip;<\/p>\n","protected":false},"featured_media":0,"template":"","meta":{"_acf_changed":false},"product_cat":[3946],"product_tag":[4181,4182,4184,4183],"comunidades-upm":[],"quien":[],"mapa":[{"term_id":137,"name":"Bioeconom\u00eda, Biotecnolog\u00eda y Sistemas Alimentarios","slug":"bioeconomia-biotecnologia-sistemas_alimentarios","term_group":0,"term_taxonomy_id":137,"taxonomy":"mapa","description":"","parent":0,"count":45,"filter":"raw","term_order":"6"},{"term_id":133,"name":"Clima, Energ\u00eda y Movilidad","slug":"clima-energia-movilidad","term_group":0,"term_taxonomy_id":133,"taxonomy":"mapa","description":"","parent":0,"count":129,"filter":"raw","term_order":"9"}],"disponibilidad":[],"donde":[{"term_id":4598,"name":"Centro Tecnol\u00f3gico de Seguridad y Calidad en Industrias Energ\u00e9ticas y Minas (TECMINERGY)","slug":"centro-tecnologico-de-seguridad-y-calidad-en-industrias-energeticas-y-minas-tecminergy","term_group":0,"term_taxonomy_id":4598,"taxonomy":"donde","description":"","parent":0,"count":8,"filter":"raw","term_order":"0"},{"term_id":304,"name":"Edificaci\u00f3n, Infraestructura y Proyectos en Ingenier\u00eda Rural y Medioambiental (EIPIRMA)","slug":"edificacion-infraestructura-y-proyectos-en-ingenieria-rural-y-medioambiental-eipirma","term_group":0,"term_taxonomy_id":304,"taxonomy":"donde","description":"Realizamos trabajos de investigaci&oacute;n y colaboramos con empresas en su innovaci&oacute;n y desarrollo\n&nbsp;\nLas principales <strong>l&iacute;neas de investigaci&oacute;n<\/strong> del grupo son:\n\nSilos Agr&iacute;colas.\nM&eacute;todos Num&eacute;ricos en la Ingenier&iacute;a Rural y Medioambiental.\nM&eacute;todos estad&iacute;sticos en la Ingenier&iacute;a Rural y Medioambiental.\nIngenier&iacute;a del paisaje y espacios verdes.\nEdificaci&oacute;n Rural.\nAplicaciones de los Sistemas de Informaci&oacute;n Geogr&aacute;fica en la Ingenier&iacute;a Rural y Medioambiental.\nCaminos Rurales.\nGesti&oacute;n del conocimiento, informaci&oacute;n y educaci&oacute;n.\nHidrolog&iacute;a superficial y peque&ntilde;os embalses.\n","parent":0,"count":4,"filter":"raw","term_order":"0"}],"infraestructura":[],"ods":[],"origen":[{"term_id":180,"name":"Patente","slug":"patente","term_group":0,"term_taxonomy_id":180,"taxonomy":"origen","description":"","parent":0,"count":614,"filter":"raw","term_order":"0"}],"familia_tax":false,"quien_tax":false,"donde_tax":false,"year":"","contacto":"<strong>Principales: <\/strong><ul><li>\u00c1lvaro Ram\u00edrez G\u00f3mez <blockquote><strong>alvaro.ramirez@upm.es<\/strong><\/blockquote><\/li><\/ul><strong>Otros investigadores UPM: <\/strong><ul><li>Patricia Higuero L\u00e1zaro E.T.S. de Ingenier\u00eda y Dise\u00f1o Industrial<\/li><\/ul>","telefono":"","pagina_web":"","email":"","id_ficha_portal":"1562","video":"","adjuntos":false,"adjuntos_portal":"https:\/\/www.upm.es\/S2i\/Acuse\/recuperarArchivo.jsp?id=1562&id_archivo=11790&tipo=patente&extension=fichero ","inf":false,"departamento":"","acf":[],"lang":"es","translation":{"es":8797},"_links":{"self":[{"href":"https:\/\/www.upm.es\/recursosidi\/wp-json\/wp\/v2\/product\/8797"}],"collection":[{"href":"https:\/\/www.upm.es\/recursosidi\/wp-json\/wp\/v2\/product"}],"about":[{"href":"https:\/\/www.upm.es\/recursosidi\/wp-json\/wp\/v2\/types\/product"}],"wp:attachment":[{"href":"https:\/\/www.upm.es\/recursosidi\/wp-json\/wp\/v2\/media?parent=8797"}],"wp:term":[{"taxonomy":"product_cat","embeddable":true,"href":"https:\/\/www.upm.es\/recursosidi\/wp-json\/wp\/v2\/product_cat?post=8797"},{"taxonomy":"product_tag","embeddable":true,"href":"https:\/\/www.upm.es\/recursosidi\/wp-json\/wp\/v2\/product_tag?post=8797"},{"taxonomy":"comunidad_upm","embeddable":true,"href":"https:\/\/www.upm.es\/recursosidi\/wp-json\/wp\/v2\/comunidades-upm?post=8797"},{"taxonomy":"quien","embeddable":true,"href":"https:\/\/www.upm.es\/recursosidi\/wp-json\/wp\/v2\/quien?post=8797"},{"taxonomy":"mapa","embeddable":true,"href":"https:\/\/www.upm.es\/recursosidi\/wp-json\/wp\/v2\/mapa?post=8797"},{"taxonomy":"disponibilidad","embeddable":true,"href":"https:\/\/www.upm.es\/recursosidi\/wp-json\/wp\/v2\/disponibilidad?post=8797"},{"taxonomy":"donde","embeddable":true,"href":"https:\/\/www.upm.es\/recursosidi\/wp-json\/wp\/v2\/donde?post=8797"},{"taxonomy":"infraestructura","embeddable":true,"href":"https:\/\/www.upm.es\/recursosidi\/wp-json\/wp\/v2\/infraestructura?post=8797"},{"taxonomy":"ods","embeddable":true,"href":"https:\/\/www.upm.es\/recursosidi\/wp-json\/wp\/v2\/ods?post=8797"},{"taxonomy":"origen","embeddable":true,"href":"https:\/\/www.upm.es\/recursosidi\/wp-json\/wp\/v2\/origen?post=8797"}],"curies":[{"name":"wp","href":"https:\/\/api.w.org\/{rel}","templated":true}]}}