{"id":8798,"date":"2021-11-25T14:22:38","date_gmt":"2021-11-25T13:22:38","guid":{"rendered":"https:\/\/www.upm.es\/recursosidi\/offers-resources\/sin%20categor\u00eda\/dispositivo-reflector-de-senales-de-satelite-modular-y-orientable\/"},"modified":"2022-08-10T02:23:05","modified_gmt":"2022-08-10T00:23:05","slug":"dispositivo-reflector-de-senales-de-satelite-modular-y-orientable","status":"publish","type":"product","link":"https:\/\/www.upm.es\/recursosidi\/offers-resources\/patentes\/dispositivo-reflector-de-senales-de-satelite-modular-y-orientable\/","title":{"rendered":"DISPOSITIVO REFLECTOR DE SE\u00d1ALES DE SAT\u00c9LITE MODULAR Y ORIENTABLE"},"content":{"rendered":"<h5>Descripci\u00f3n de la patente <\/h5>\n<p>Es un dispositivo para reflejar la se\u00f1al de los sat\u00e9lites SAR. Consiste en dos dispositivos reflectantes, en forma de triedro y fabricado en aluminio, para minimizar su peso. Se ha dise\u00f1ado de forma que cada reflector pueda ser orientado en cualquier direcci\u00f3n e independiente de su gemelo. Por su tama\u00f1o, peso y modularidad, puede ser transportado f\u00e1cilmente.<\/p>\n<h5>Situaci\u00f3n <\/h5>\n<p>Concedida<\/p>\n<h5>N\u00famero de solicitud<\/h5>\n<p>U202031355<\/p>\n<h5>N\u00famero de publicaci\u00f3n<\/h5>\n<p>ES1253375U<\/p>\n<h5>Fecha de presentaci\u00f3n <\/h5>\n<p>23\/06\/2020<\/p>\n<h5>Fecha de publicaci\u00f3n <\/h5>\n<p>06\/10\/2020<\/p>\n<h5>Fecha de concesi\u00f3n <\/h5>\n<p>21\/12\/2020<\/p>\n<div class=\"pdfprnt-buttons pdfprnt-buttons-product pdfprnt-bottom-left\"><a href=\"https:\/\/www.upm.es\/recursosidi\/wp-json\/wp\/v2\/product\/8798?print=pdf\" class=\"pdfprnt-button pdfprnt-button-pdf\" target=\"_blank\"><span class=\"pdfprnt-button-title pdfprnt-button-pdf-title\">Descargar ficha<\/span><\/a><\/div>","protected":false},"excerpt":{"rendered":"<p>Descripci\u00f3n de la patente Es un dispositivo para reflejar la se\u00f1al de los sat\u00e9lites SAR. Consiste en dos dispositivos reflectantes, en forma de triedro y&hellip;<\/p>\n","protected":false},"featured_media":0,"template":"","meta":{"_acf_changed":false},"product_cat":[3946],"product_tag":[],"comunidades-upm":[],"quien":[],"mapa":[],"disponibilidad":[],"donde":[],"infraestructura":[],"ods":[],"origen":[{"term_id":180,"name":"Patente","slug":"patente","term_group":0,"term_taxonomy_id":180,"taxonomy":"origen","description":"","parent":0,"count":614,"filter":"raw","term_order":"0"}],"familia_tax":false,"quien_tax":false,"donde_tax":false,"year":"","contacto":"<strong>Principales: <\/strong><ul><li>MIGUEL MARCHAMALO SACRISTAN <blockquote><strong>miguel.marchamalo@upm.es<\/strong><\/blockquote><\/li><li>RUBEN MARTINEZ MARIN <blockquote><strong>ruben.martinez@upm.es<\/strong><\/blockquote><\/li><\/ul>","telefono":"","pagina_web":"","email":"","id_ficha_portal":"1650","video":"","adjuntos":false,"adjuntos_portal":"https:\/\/www.upm.es\/S2i\/Acuse\/recuperarArchivo.jsp?id=1650&id_archivo=11453&tipo=patente&extension=fichero ","inf":false,"departamento":"","acf":[],"lang":"es","translation":{"es":8798},"_links":{"self":[{"href":"https:\/\/www.upm.es\/recursosidi\/wp-json\/wp\/v2\/product\/8798"}],"collection":[{"href":"https:\/\/www.upm.es\/recursosidi\/wp-json\/wp\/v2\/product"}],"about":[{"href":"https:\/\/www.upm.es\/recursosidi\/wp-json\/wp\/v2\/types\/product"}],"wp:attachment":[{"href":"https:\/\/www.upm.es\/recursosidi\/wp-json\/wp\/v2\/media?parent=8798"}],"wp:term":[{"taxonomy":"product_cat","embeddable":true,"href":"https:\/\/www.upm.es\/recursosidi\/wp-json\/wp\/v2\/product_cat?post=8798"},{"taxonomy":"product_tag","embeddable":true,"href":"https:\/\/www.upm.es\/recursosidi\/wp-json\/wp\/v2\/product_tag?post=8798"},{"taxonomy":"comunidad_upm","embeddable":true,"href":"https:\/\/www.upm.es\/recursosidi\/wp-json\/wp\/v2\/comunidades-upm?post=8798"},{"taxonomy":"quien","embeddable":true,"href":"https:\/\/www.upm.es\/recursosidi\/wp-json\/wp\/v2\/quien?post=8798"},{"taxonomy":"mapa","embeddable":true,"href":"https:\/\/www.upm.es\/recursosidi\/wp-json\/wp\/v2\/mapa?post=8798"},{"taxonomy":"disponibilidad","embeddable":true,"href":"https:\/\/www.upm.es\/recursosidi\/wp-json\/wp\/v2\/disponibilidad?post=8798"},{"taxonomy":"donde","embeddable":true,"href":"https:\/\/www.upm.es\/recursosidi\/wp-json\/wp\/v2\/donde?post=8798"},{"taxonomy":"infraestructura","embeddable":true,"href":"https:\/\/www.upm.es\/recursosidi\/wp-json\/wp\/v2\/infraestructura?post=8798"},{"taxonomy":"ods","embeddable":true,"href":"https:\/\/www.upm.es\/recursosidi\/wp-json\/wp\/v2\/ods?post=8798"},{"taxonomy":"origen","embeddable":true,"href":"https:\/\/www.upm.es\/recursosidi\/wp-json\/wp\/v2\/origen?post=8798"}],"curies":[{"name":"wp","href":"https:\/\/api.w.org\/{rel}","templated":true}]}}