{"id":8799,"date":"2021-11-25T14:22:41","date_gmt":"2021-11-25T13:22:41","guid":{"rendered":"https:\/\/www.upm.es\/recursosidi\/offers-resources\/sin%20categor\u00eda\/colector-cilindro-parabolico-bifuncional-e-instalacionque-comprende-dicho-colector\/"},"modified":"2022-08-10T02:23:08","modified_gmt":"2022-08-10T00:23:08","slug":"colector-cilindro-parabolico-bifuncional-e-instalacionque-comprende-dicho-colector","status":"publish","type":"product","link":"https:\/\/www.upm.es\/recursosidi\/offers-resources\/patentes\/colector-cilindro-parabolico-bifuncional-e-instalacionque-comprende-dicho-colector\/","title":{"rendered":"COLECTOR CILINDRO-PARAB\u00d3LICO BIFUNCIONAL E INSTALACI\u00d3N\r\nQUE COMPRENDE DICHO COLECTOR"},"content":{"rendered":"<h5>Descripci\u00f3n de la patente <\/h5>\n<p>Colector cilindro-parab&oacute;lico que permite, mediante un &uacute;nico dispositivo, dar cobertura de energ&iacute;a t&eacute;rmica y\/o el&eacute;ctrica generada a trav&eacute;s de la captaci&oacute;n solar, para un uso preferente de dicha energ&iacute;a en edificios y construcciones de viviendas. Dicho colector est&aacute; configurado para alternar entre dos posibles sistemas de producci&oacute;n de energ&iacute;a solar de concentraci&oacute;n: t&eacute;rmica o fotovoltaica, y para ello comprende una pantalla reflectora (1), de forma cilindro-parab&oacute;lica, configurada para reflejar y concentrar radiaci&oacute;n recibida sobre un tubo (10) de captaci&oacute;n termosolar, que puede canalizar un fluido caloportador por su interior, o sobre un panel (6) de captaci&oacute;n fotovoltaica, estando dicho tubo (10) y el panel (6) conectados a un primer mecanismo de giro (3) configurado para situarlos en el eje focal de la pantalla reflectora (1). La presente invenci&oacute;n tambi&eacute;n consiste en una instalaci&oacute;n que comprende dicho colector solar.<\/p>\n<p><img fetchpriority=\"high\" decoding=\"async\" src=\"https:\/\/www.upm.es\/S2i\/Acuse\/recuperarArchivo.jsp?id=1679&amp;id_archivo=12487&amp;tipo=patente&amp;extension=imagen\" alt=\"Figura 1\" width=\"340\" height=\"268\" \/><\/p>\n<h5>Situaci\u00f3n <\/h5>\n<p>Concedida<\/p>\n<h5>N\u00famero de solicitud<\/h5>\n<p>P202031128<\/p>\n<h5>N\u00famero de publicaci\u00f3n<\/h5>\n<p>ES2803101<\/p>\n<h5>Fecha de presentaci\u00f3n <\/h5>\n<p>10\/11\/2020<\/p>\n<h5>Fecha de publicaci\u00f3n <\/h5>\n<p>22\/01\/2021<\/p>\n<h5>Fecha de concesi\u00f3n <\/h5>\n<p>18\/06\/2021<\/p>\n<div class=\"pdfprnt-buttons pdfprnt-buttons-product pdfprnt-bottom-left\"><a href=\"https:\/\/www.upm.es\/recursosidi\/wp-json\/wp\/v2\/product\/8799?print=pdf\" class=\"pdfprnt-button pdfprnt-button-pdf\" target=\"_blank\"><span class=\"pdfprnt-button-title pdfprnt-button-pdf-title\">Descargar ficha<\/span><\/a><\/div>","protected":false},"excerpt":{"rendered":"<p>Descripci\u00f3n de la patente Colector cilindro-parab&oacute;lico que permite, mediante un &uacute;nico dispositivo, dar cobertura de energ&iacute;a t&eacute;rmica y\/o el&eacute;ctrica generada a trav&eacute;s de la captaci&oacute;n&hellip;<\/p>\n","protected":false},"featured_media":0,"template":"","meta":{"_acf_changed":false},"product_cat":[3946],"product_tag":[3979,2548,3980,3547,2957,3978,3977,3981],"comunidades-upm":[],"quien":[],"mapa":[{"term_id":124,"name":"Arquitectura, Baukultur y creatividad","slug":"arquitectura-baukultur-creatividad","term_group":0,"term_taxonomy_id":124,"taxonomy":"mapa","description":"","parent":0,"count":25,"filter":"raw","term_order":"4"},{"term_id":133,"name":"Clima, Energ\u00eda y Movilidad","slug":"clima-energia-movilidad","term_group":0,"term_taxonomy_id":133,"taxonomy":"mapa","description":"","parent":0,"count":129,"filter":"raw","term_order":"9"}],"disponibilidad":[],"donde":[{"term_id":3423,"name":"Monitorizaci\u00f3n e Innovaci\u00f3n Tecnol\u00f3gica en Edificaci\u00f3n (MITE)","slug":"monitorizacion-e-innovacion-tecnologica-en-edificacion-mite","term_group":0,"term_taxonomy_id":3423,"taxonomy":"donde","description":"","parent":0,"count":26,"filter":"raw","term_order":"0"}],"infraestructura":[],"ods":[],"origen":[{"term_id":180,"name":"Patente","slug":"patente","term_group":0,"term_taxonomy_id":180,"taxonomy":"origen","description":"","parent":0,"count":614,"filter":"raw","term_order":"0"}],"familia_tax":false,"quien_tax":false,"donde_tax":false,"year":"","contacto":"<strong>Principales: <\/strong><ul><li>DANIEL FERRANDEZ VEGA <blockquote><strong>daniel.fvega@upm.es<\/strong><\/blockquote><\/li><li>MANUEL ALVAREZ DORADO <blockquote><strong>manuel.alvarezd@upm.es<\/strong><\/blockquote><\/li><li>CARLOS MORON FERNANDEZ <blockquote><strong>carlos.moron@upm.es<\/strong><\/blockquote><\/li><\/ul><strong>Otros inventores UPM: <\/strong><ul><li>Jorge Pablo Diaz Velilla<\/li><\/ul>","telefono":"","pagina_web":"","email":"","id_ficha_portal":"1679","video":"","adjuntos":false,"adjuntos_portal":"https:\/\/www.upm.es\/S2i\/Acuse\/recuperarArchivo.jsp?id=1679&id_archivo=12189&tipo=patente&extension=fichero ","inf":false,"departamento":"","acf":[],"lang":"es","translation":{"es":8799},"_links":{"self":[{"href":"https:\/\/www.upm.es\/recursosidi\/wp-json\/wp\/v2\/product\/8799"}],"collection":[{"href":"https:\/\/www.upm.es\/recursosidi\/wp-json\/wp\/v2\/product"}],"about":[{"href":"https:\/\/www.upm.es\/recursosidi\/wp-json\/wp\/v2\/types\/product"}],"wp:attachment":[{"href":"https:\/\/www.upm.es\/recursosidi\/wp-json\/wp\/v2\/media?parent=8799"}],"wp:term":[{"taxonomy":"product_cat","embeddable":true,"href":"https:\/\/www.upm.es\/recursosidi\/wp-json\/wp\/v2\/product_cat?post=8799"},{"taxonomy":"product_tag","embeddable":true,"href":"https:\/\/www.upm.es\/recursosidi\/wp-json\/wp\/v2\/product_tag?post=8799"},{"taxonomy":"comunidad_upm","embeddable":true,"href":"https:\/\/www.upm.es\/recursosidi\/wp-json\/wp\/v2\/comunidades-upm?post=8799"},{"taxonomy":"quien","embeddable":true,"href":"https:\/\/www.upm.es\/recursosidi\/wp-json\/wp\/v2\/quien?post=8799"},{"taxonomy":"mapa","embeddable":true,"href":"https:\/\/www.upm.es\/recursosidi\/wp-json\/wp\/v2\/mapa?post=8799"},{"taxonomy":"disponibilidad","embeddable":true,"href":"https:\/\/www.upm.es\/recursosidi\/wp-json\/wp\/v2\/disponibilidad?post=8799"},{"taxonomy":"donde","embeddable":true,"href":"https:\/\/www.upm.es\/recursosidi\/wp-json\/wp\/v2\/donde?post=8799"},{"taxonomy":"infraestructura","embeddable":true,"href":"https:\/\/www.upm.es\/recursosidi\/wp-json\/wp\/v2\/infraestructura?post=8799"},{"taxonomy":"ods","embeddable":true,"href":"https:\/\/www.upm.es\/recursosidi\/wp-json\/wp\/v2\/ods?post=8799"},{"taxonomy":"origen","embeddable":true,"href":"https:\/\/www.upm.es\/recursosidi\/wp-json\/wp\/v2\/origen?post=8799"}],"curies":[{"name":"wp","href":"https:\/\/api.w.org\/{rel}","templated":true}]}}