{"id":8800,"date":"2021-11-25T14:22:44","date_gmt":"2021-11-25T13:22:44","guid":{"rendered":"https:\/\/www.upm.es\/recursosidi\/offers-resources\/sin%20categor\u00eda\/elemento-resonador-multi-banda-para-realizacion-de-filtros-polarizadores-y-superficies-selectivas-en-frecuencias\/"},"modified":"2025-10-03T02:28:42","modified_gmt":"2025-10-03T00:28:42","slug":"elemento-resonador-multi-banda-para-realizacion-de-filtros-polarizadores-y-superficies-selectivas-en-frecuencias","status":"publish","type":"product","link":"https:\/\/www.upm.es\/recursosidi\/offers-resources\/patentes\/elemento-resonador-multi-banda-para-realizacion-de-filtros-polarizadores-y-superficies-selectivas-en-frecuencias\/","title":{"rendered":"ELEMENTO RESONADOR MULTI-BANDA PARA REALIZACI\u00d3N DE FILTROS, POLARIZADORES Y SUPERFICIES SELECTIVAS EN FRECUENCIAS"},"content":{"rendered":"<h5>Descripci\u00f3n de la patente <\/h5>\n<p>Elemento resonador multi-banda, que por un lado<br \/>compensa las componentes de un campo<br \/>electromagn&eacute;tico radiado desde su centro de fase<br \/>ubicado en el eje de simetr&iacute;a del resonador para<br \/>controlar la pureza de polarizaci&oacute;n de un elemento<br \/>radiante. Por otro lado, permite seleccionar los<br \/>campos electromagn&eacute;ticos reflejados y transmitidos<br \/>en una superficie selectiva en frecuencia y multibanda.<br \/>En este sentido, es un elemento innovador<br \/>que permite el dise&ntilde;o de elementos radiantes<br \/>directivos y con relaci&oacute;n axial para su polarizaci&oacute;n<br \/>circular menor o igual a 1.5 dB para todos los &aacute;ngulos<br \/>pertenecientes a la semiesfera centrada en<br \/>&#8220;broadside&#8221;. As&iacute; mismo, este puede ser utilizado en el<br \/>dise&ntilde;o de reflectarrays, transmitarrays y cualquier<br \/>superficie dicroica multi-banda, as&iacute; como en<br \/>superficies de metamateriales.<\/p>\n<p><img fetchpriority=\"high\" decoding=\"async\" src=\"https:\/\/www.upm.es\/S2i\/Acuse\/recuperarArchivo.jsp?id=1540&amp;id_archivo=12577&amp;tipo=patente&amp;extension=imagen\" alt=\"Figura 1\" width=\"447\" height=\"254\" \/><\/p>\n<p>&nbsp;<\/p>\n<h5>Situaci\u00f3n <\/h5>\n<p>Concedida<\/p>\n<h5>N\u00famero de solicitud<\/h5>\n<p>P201930982<\/p>\n<h5>N\u00famero de publicaci\u00f3n<\/h5>\n<p>ES2745770<\/p>\n<h5>Fecha de presentaci\u00f3n <\/h5>\n<p>08\/11\/2019<\/p>\n<h5>Fecha de publicaci\u00f3n <\/h5>\n<p>03\/03\/2020<\/p>\n<h5>Fecha de concesi\u00f3n <\/h5>\n<p>29\/06\/2020<\/p>\n<h4><strong>Extensiones Internacionales<\/strong><\/h4>\n<h5>PCT<\/h5>\n<p><strong>Referencia de la solicitud: <\/strong>PCT\/ES2020\/070686<br \/><strong>T\u00edtulo: <\/strong>ELEMENTO RESONADOR MULTI-BANDA PARA REALIZACI\u00d3N DE FILTROS, POLARIZADORES Y SUPERFICIES SELECTIVAS EN FRECUENCIAS<\/p>\n<h5>EUROPA<\/h5>\n<p><strong>Referencia de la solicitud: <\/strong>EP20884004.1<br \/>\nEP4057441A1<br \/><strong>T\u00edtulo:\t\t\t\t\t   <\/strong>MULTIBAND RESONATOR ELEMENT FOR MAKING FILTERS, POLARIZERS AND FREQUENCY-SELECTIVE SURFACES<br \/><strong>Situacion: \t\t\t\t   <\/strong>Presentada<\/p>\n<h5>PA\u00cdSES<\/h5>\n<p><strong>Pa\u00eds: <\/strong>EEUU<br \/><strong>N\u00famero de solicitud: <\/strong>US 17\/775,503 <br \/><strong>Titulo: <\/strong>MULTIBAND RESONATOR ELEMENT FOR MAKING FILTERS, POLARIZERS AND<br \/>\nFREQUENCY-SELECTIVE SURFACES<br \/><strong>Situaci\u00f3n: <\/strong>Concedida<\/p>\n<div class=\"pdfprnt-buttons pdfprnt-buttons-product pdfprnt-bottom-left\"><a href=\"https:\/\/www.upm.es\/recursosidi\/wp-json\/wp\/v2\/product\/8800?print=pdf\" class=\"pdfprnt-button pdfprnt-button-pdf\" target=\"_blank\"><span class=\"pdfprnt-button-title pdfprnt-button-pdf-title\">Descargar ficha<\/span><\/a><\/div>","protected":false},"excerpt":{"rendered":"<p>Descripci\u00f3n de la patente Elemento resonador multi-banda, que por un ladocompensa las componentes de un campoelectromagn&eacute;tico radiado desde su centro de faseubicado en el eje&hellip;<\/p>\n","protected":false},"featured_media":0,"template":"","meta":{"_acf_changed":false},"product_cat":[3946],"product_tag":[4251,2551,4015,4247,4249,4248,4250,4253,4252],"comunidades-upm":[],"quien":[],"mapa":[{"term_id":2405,"name":"Ciencia para la ingenier\u00eda y la arquitectura","slug":"ciencia-para-ingenieria-y-arquitectura","term_group":0,"term_taxonomy_id":2405,"taxonomy":"mapa","description":"","parent":0,"count":127,"filter":"raw","term_order":"7"},{"term_id":135,"name":"Industria, materiales y econom\u00eda circular","slug":"industria-materiales-economia_circular","term_group":0,"term_taxonomy_id":135,"taxonomy":"mapa","description":"","parent":0,"count":165,"filter":"raw","term_order":"13"}],"disponibilidad":[],"donde":[{"term_id":614,"name":"Grupo de Electromagnetismo Aplicado","slug":"grupo-de-electromagnetismo-aplicado","term_group":0,"term_taxonomy_id":614,"taxonomy":"donde","description":"","parent":0,"count":14,"filter":"raw","term_order":"0"},{"term_id":460,"name":"Grupo de Radiaci\u00f3n","slug":"grupo-de-radiacion","term_group":0,"term_taxonomy_id":460,"taxonomy":"donde","description":"Nuestro grupo tiene una amplia experiencia en I+D+i en los siguientes temas:\n\n<strong>Dise&ntilde;o, construcci&oacute;n y medida de antenas<\/strong> para todo tipo de aplicaciones (Comunicaciones terrestres, comunicaciones por sat&eacute;lite, radar, etc.)\n<strong>An&aacute;lisis y Evaluaci&oacute;n de Compatibilidad Electromagn&eacute;tica de sistemas complejos<\/strong> (compatibilidad en buques, EMI, etc.)\n<strong>Dise&ntilde;o, construcci&oacute;n y Medida de Sistemas de Radiofrecuencia<\/strong> (Amplificadores de Bajo Nivel de Ruido, Mezcladores, Osciladores, componentes pasivos&hellip;) desde UHF hasta Terahercios.\n<strong>An&aacute;lisis y Dise&ntilde;o mediante Simulaci&oacute;n de Sistemas y Redes de Radiocomunicaciones<\/strong> (Sistemas v&iacute;a Sat&eacute;lite, Sistemas de Comunicaciones M&oacute;viles, Redes de Difusi&oacute;n de TV Digital)\n\n&nbsp;\nNuestro grupo trabaja en las siguientes <strong>l&iacute;neas de investigaci&oacute;n<\/strong>:\n\nDise&ntilde;o y prototipado de antenas reflectoras.\nDise&ntilde;o y prototipado de arrays de antenas.\nMedida de antenas y circuitos de radiofrecuencia.\nAntenas inteligentes y sistemas MIMO para Estaciones Base y Terminales.\nCircuitos de Radiofrecuencia.\nSimulaci&oacute;n y Emulaci&oacute;n de Sistemas de Comunicaciones.\n","parent":0,"count":7,"filter":"raw","term_order":"0"},{"term_id":642,"name":"Information Processing and Telecommunications Center (IPTC)","slug":"information-processing-and-telecommunications-center-iptc","term_group":0,"term_taxonomy_id":642,"taxonomy":"donde","description":"","parent":0,"count":74,"filter":"raw","term_order":"0"}],"infraestructura":[],"ods":[],"origen":[{"term_id":180,"name":"Patente","slug":"patente","term_group":0,"term_taxonomy_id":180,"taxonomy":"origen","description":"","parent":0,"count":614,"filter":"raw","term_order":"0"}],"familia_tax":false,"quien_tax":false,"donde_tax":false,"year":"","contacto":"<strong>Principales: <\/strong><ul><li>Ram\u00f3n Mart\u00ednez Rodr\u00edguez-Osorio <blockquote><strong>ramon.martinez@upm.es<\/strong><\/blockquote><\/li><li>JOSE ANTONIO ENCINAR GARCINU\u00d1O <blockquote><strong>jose.encinar@upm.es<\/strong><\/blockquote><\/li><li>Francisco Eduardo Carrasco Yepez <blockquote><strong>eduardo.carrasco@upm.es<\/strong><\/blockquote><\/li><li>Miguel Alejandro Salas Natera <blockquote><strong>miguel.salas@upm.es<\/strong><\/blockquote><\/li><\/ul><strong>Otros investigadores UPM: <\/strong><ul><li>Roberto Garrote Moreno E.T.S. de Ingenieros de Telecomunicaci\u00f3n<\/li><\/ul>","telefono":"","pagina_web":"","email":"","id_ficha_portal":"1540","video":"","adjuntos":false,"adjuntos_portal":"https:\/\/www.upm.es\/S2i\/Acuse\/recuperarArchivo.jsp?id=1540&id_archivo=11193&tipo=patente&extension=fichero ","inf":false,"departamento":"","acf":[],"lang":"es","translation":{"es":8800},"_links":{"self":[{"href":"https:\/\/www.upm.es\/recursosidi\/wp-json\/wp\/v2\/product\/8800"}],"collection":[{"href":"https:\/\/www.upm.es\/recursosidi\/wp-json\/wp\/v2\/product"}],"about":[{"href":"https:\/\/www.upm.es\/recursosidi\/wp-json\/wp\/v2\/types\/product"}],"wp:attachment":[{"href":"https:\/\/www.upm.es\/recursosidi\/wp-json\/wp\/v2\/media?parent=8800"}],"wp:term":[{"taxonomy":"product_cat","embeddable":true,"href":"https:\/\/www.upm.es\/recursosidi\/wp-json\/wp\/v2\/product_cat?post=8800"},{"taxonomy":"product_tag","embeddable":true,"href":"https:\/\/www.upm.es\/recursosidi\/wp-json\/wp\/v2\/product_tag?post=8800"},{"taxonomy":"comunidad_upm","embeddable":true,"href":"https:\/\/www.upm.es\/recursosidi\/wp-json\/wp\/v2\/comunidades-upm?post=8800"},{"taxonomy":"quien","embeddable":true,"href":"https:\/\/www.upm.es\/recursosidi\/wp-json\/wp\/v2\/quien?post=8800"},{"taxonomy":"mapa","embeddable":true,"href":"https:\/\/www.upm.es\/recursosidi\/wp-json\/wp\/v2\/mapa?post=8800"},{"taxonomy":"disponibilidad","embeddable":true,"href":"https:\/\/www.upm.es\/recursosidi\/wp-json\/wp\/v2\/disponibilidad?post=8800"},{"taxonomy":"donde","embeddable":true,"href":"https:\/\/www.upm.es\/recursosidi\/wp-json\/wp\/v2\/donde?post=8800"},{"taxonomy":"infraestructura","embeddable":true,"href":"https:\/\/www.upm.es\/recursosidi\/wp-json\/wp\/v2\/infraestructura?post=8800"},{"taxonomy":"ods","embeddable":true,"href":"https:\/\/www.upm.es\/recursosidi\/wp-json\/wp\/v2\/ods?post=8800"},{"taxonomy":"origen","embeddable":true,"href":"https:\/\/www.upm.es\/recursosidi\/wp-json\/wp\/v2\/origen?post=8800"}],"curies":[{"name":"wp","href":"https:\/\/api.w.org\/{rel}","templated":true}]}}