{"id":8803,"date":"2021-11-25T14:23:05","date_gmt":"2021-11-25T13:23:05","guid":{"rendered":"https:\/\/www.upm.es\/recursosidi\/offers-resources\/sin%20categor\u00eda\/sistema-de-perfusion-de-farmacos-en-lazo-cerrado-con-control-sinergico\/"},"modified":"2022-11-19T02:00:38","modified_gmt":"2022-11-19T01:00:38","slug":"sistema-de-perfusion-de-farmacos-en-lazo-cerrado-con-control-sinergico","status":"publish","type":"product","link":"https:\/\/www.upm.es\/recursosidi\/offers-resources\/patentes\/sistema-de-perfusion-de-farmacos-en-lazo-cerrado-con-control-sinergico\/","title":{"rendered":"SISTEMA DE PERFUSI\u00d3N DE F\u00c1RMACOS EN LAZO CERRADO CON CONTROL SIN\u00c9RGICO"},"content":{"rendered":"<h5>Descripci\u00f3n de la patente <\/h5>\n<p>Sistema de perfusi&oacute;n de f&aacute;rmacos en lazo cerrado<br \/>con control sin&eacute;rgico.<br \/>El objetivo de la invenci&oacute;n es realizar un sistema de<br \/>c&aacute;lculo autom&aacute;tico de perfusi&oacute;n de f&aacute;rmacos aplicable<br \/>a un paciente para, por ejemplo, inducir un estado<br \/>anest&eacute;sico satisfactorio en una intervenci&oacute;n<br \/>quir&uacute;rgica. El sistema de c&aacute;lculo autom&aacute;tico estar&iacute;a<br \/>condicionado por unos valores objetivo de monitores<br \/>fisiol&oacute;gicos para evaluar el estado del paciente. La<br \/>perfusi&oacute;n autom&aacute;tica consigue aumentar la seguridad<br \/>del paciente reduciendo la morbididad y mortalidad<br \/>postintervenci&oacute;n y reducir la continua toma de<br \/>decisiones del especialista.<br \/>La invenci&oacute;n es un sistema electr&oacute;nico donde se<br \/>implementa un controlador MIMO-PID que calcula las<br \/>perfusiones de varios f&aacute;rmacos en base a un error de<br \/>control definido por desviaciones del estado del<br \/>paciente, analizado por varios monitores. Las<br \/>perfusiones autom&aacute;ticas de f&aacute;rmacos est&aacute;n<br \/>condicionadas por sistemas de seguridad frente a<br \/>eventos de infra\/sobre-infusi&oacute;n y est&aacute;n<br \/>complementadas con sistemas de correcci&oacute;n y de<br \/>prealimentaci&oacute;n.<\/p>\n<p>&nbsp;<\/p>\n<p><img fetchpriority=\"high\" decoding=\"async\" src=\"https:\/\/www.upm.es\/S2i\/Acuse\/recuperarArchivo.jsp?id=1606&amp;id_archivo=12555&amp;tipo=patente&amp;extension=imagen\" alt=\"Figura 1\" width=\"293\" height=\"193\" \/><\/p>\n<h5>Situaci\u00f3n <\/h5>\n<p>Concedida<\/p>\n<h5>N\u00famero de solicitud<\/h5>\n<p>P202030337 <\/p>\n<h5>N\u00famero de publicaci\u00f3n<\/h5>\n<p>ES2808969<\/p>\n<h5>Fecha de presentaci\u00f3n <\/h5>\n<p>23\/04\/2020<\/p>\n<h5>Fecha de publicaci\u00f3n <\/h5>\n<p>02\/03\/2021<\/p>\n<h5>Fecha de concesi\u00f3n <\/h5>\n<p>04\/10\/2022<\/p>\n<h4><strong>Extensiones Internacionales<\/strong><\/h4>\n<h5>PCT<\/h5>\n<p><strong>Referencia de la solicitud: <\/strong>PCT\/ES2021\/070273<br \/><strong>T\u00edtulo: <\/strong>SISTEMA DE PERFUSI\u00d3N DE F\u00c1RMACOS EN LAZO CERRADO CON<br \/>\nCONTROL SIN\u00c9RGICO<\/p>\n<h5>EUROPA<\/h5>\n<p><strong>Referencia de la solicitud: <\/strong>EP21792360.6<br \/><strong>T\u00edtulo:\t\t\t\t\t   <\/strong>CLOSED-LOOP DRUG INFUSION SYSTEM WITH SYNERGISTIC CONTROL<br \/><strong>Situacion: \t\t\t\t   <\/strong>Presentada<\/p>\n<h5>PA\u00cdSES<\/h5>\n<p><strong>Pa\u00eds: <\/strong>Jap\u00f3n<br \/><strong>N\u00famero de solicitud: <\/strong>2022-564524<br \/><strong>Situaci\u00f3n: <\/strong>Presentada<br \/><strong>Pa\u00eds: <\/strong>Estados Unidos<br \/><strong>N\u00famero de solicitud: <\/strong>17\/996,968<br \/><strong>Titulo: <\/strong>CLOSED-LOOP DRUG INFUSION SYSTEM WITH SYNERGISTIC CONTROL<br \/><strong>Situaci\u00f3n: <\/strong>Presentada<\/p>\n<div class=\"pdfprnt-buttons pdfprnt-buttons-product pdfprnt-bottom-left\"><a href=\"https:\/\/www.upm.es\/recursosidi\/wp-json\/wp\/v2\/product\/8803?print=pdf\" class=\"pdfprnt-button pdfprnt-button-pdf\" target=\"_blank\"><span class=\"pdfprnt-button-title pdfprnt-button-pdf-title\">Descargar ficha<\/span><\/a><\/div>","protected":false},"excerpt":{"rendered":"<p>Descripci\u00f3n de la patente Sistema de perfusi&oacute;n de f&aacute;rmacos en lazo cerradocon control sin&eacute;rgico.El objetivo de la invenci&oacute;n es realizar un sistema dec&aacute;lculo autom&aacute;tico de&hellip;<\/p>\n","protected":false},"featured_media":0,"template":"","meta":{"_acf_changed":false},"product_cat":[3946],"product_tag":[4101,4102,4104,4105,4103,4100],"comunidades-upm":[],"quien":[],"mapa":[{"term_id":122,"name":"Salud y bienestar","slug":"salud-y-bienestar","term_group":0,"term_taxonomy_id":122,"taxonomy":"mapa","description":"","parent":0,"count":105,"filter":"raw","term_order":"17"}],"disponibilidad":[],"donde":[{"term_id":556,"name":"Centro de Tecnolog\u00eda Biom\u00e9dica (CTB)","slug":"centro-de-tecnologia-biomedica-ctb","term_group":0,"term_taxonomy_id":556,"taxonomy":"donde","description":"","parent":0,"count":84,"filter":"raw","term_order":"0"},{"term_id":474,"name":"Grupo de Bioingenier\u00eda y Telemedicina","slug":"grupo-de-bioingenieria-y-telemedicina","term_group":0,"term_taxonomy_id":474,"taxonomy":"donde","description":"Nuestras principales l&iacute;neas de investigaci&oacute;n son:\n-&nbsp; <strong>P&aacute;ncreas artificial<\/strong>: algoritmos de control en lazo cerrado, predicci&oacute;n de glucosa y monitorizaci&oacute;n de actividad f&iacute;sica.\n&nbsp;\n-&nbsp; <strong>Tecnolog&iacute;as web y m&oacute;viles integradas con sensores biom&eacute;dicos <\/strong>para la monitorizaci&oacute;n y la ayuda a la decisi&oacute;n a pacientes y profesionales.\n&nbsp;\n-&nbsp; <strong>Tecnolog&iacute;as de apoyo al<\/strong> <strong>envejecimiento activo. <\/strong>\n<strong>&nbsp;<\/strong>\n-&nbsp; <strong>Inteligencia artificial en medicina: <\/strong>an&aacute;lisis inteligente de datos m&eacute;dicos, <em>data mining<\/em> y <em>big data<\/em>.\n&nbsp;\n-&nbsp; <strong>Im&aacute;genes m&eacute;dicas<\/strong>: segmentaci&oacute;n, registro multimodal, reconstrucci&oacute;n 3D a partir de RM, TC y US, i.e. neuroimagen en da&ntilde;o cerebral.\n&nbsp;\n-&nbsp; <strong>Simulaci&oacute;n f&iacute;sica y virtual, planificaci&oacute;n quir&uacute;rgica<\/strong> en cirug&iacute;a de m&iacute;nima invasi&oacute;n, an&aacute;lisis de video laparosc&oacute;pico <strong>y cirug&iacute;a guiada por imagen<\/strong> <strong>y v&iacute;deo<\/strong>.\n&nbsp;\n-&nbsp; <strong>Ingenier&iacute;a de Neurorrehabilitaci&oacute;n en da&ntilde;o cerebral<\/strong>: modelado de procesos, rehabilitaci&oacute;n cognitiva con entornos virtuales interactivos, rehabilitaci&oacute;n funcional &ldquo;<em>assisted-as-needed<\/em>&rdquo; y telerrehabilitaci&oacute;n domiciliaria.","parent":0,"count":11,"filter":"raw","term_order":"0"}],"infraestructura":[],"ods":[],"origen":[{"term_id":180,"name":"Patente","slug":"patente","term_group":0,"term_taxonomy_id":180,"taxonomy":"origen","description":"","parent":0,"count":614,"filter":"raw","term_order":"0"}],"familia_tax":false,"quien_tax":false,"donde_tax":false,"year":"","contacto":"<strong>Principales: <\/strong><ul><li>MARIA ELENA HERNANDO PEREZ <blockquote><strong>mariaelena.hernando@upm.es<\/strong><\/blockquote><\/li><li>AGUSTIN RODRIGUEZ HERRERO <blockquote><strong>agustin.rodriguez@upm.es<\/strong><\/blockquote><\/li><\/ul><strong>Otros inventores UPM: <\/strong><ul><li>V\u00edctor Pimentel Naranjo E.T.S. de Ingenieros de Telecomunicaci\u00f3n<\/li><\/ul><strong>Otros inventores: <\/strong><ul><li>Jos\u00e9 Mar\u00eda Calvo Vecino Fundacion Instituto de Estudios de Ciencias de la Salud de Castilla y Leon<\/li> <li>Alfredo Abad Gurumeta FUNDACION PARA LA INVESTIGACION E INNOVACION BIOMEDICA DEL HOSPITAL UNIVERSITARIO INFANTA LEONOR Y DEL HOSPITAL UNIVERSITARIO DEL SURESTE <\/li> <\/ul>","telefono":"","pagina_web":"","email":"","id_ficha_portal":"1606","video":"","adjuntos":false,"adjuntos_portal":"https:\/\/www.upm.es\/S2i\/Acuse\/recuperarArchivo.jsp?id=1606&id_archivo=13279&tipo=patente&extension=fichero","inf":false,"departamento":"","acf":[],"lang":"es","translation":{"es":8803},"_links":{"self":[{"href":"https:\/\/www.upm.es\/recursosidi\/wp-json\/wp\/v2\/product\/8803"}],"collection":[{"href":"https:\/\/www.upm.es\/recursosidi\/wp-json\/wp\/v2\/product"}],"about":[{"href":"https:\/\/www.upm.es\/recursosidi\/wp-json\/wp\/v2\/types\/product"}],"wp:attachment":[{"href":"https:\/\/www.upm.es\/recursosidi\/wp-json\/wp\/v2\/media?parent=8803"}],"wp:term":[{"taxonomy":"product_cat","embeddable":true,"href":"https:\/\/www.upm.es\/recursosidi\/wp-json\/wp\/v2\/product_cat?post=8803"},{"taxonomy":"product_tag","embeddable":true,"href":"https:\/\/www.upm.es\/recursosidi\/wp-json\/wp\/v2\/product_tag?post=8803"},{"taxonomy":"comunidad_upm","embeddable":true,"href":"https:\/\/www.upm.es\/recursosidi\/wp-json\/wp\/v2\/comunidades-upm?post=8803"},{"taxonomy":"quien","embeddable":true,"href":"https:\/\/www.upm.es\/recursosidi\/wp-json\/wp\/v2\/quien?post=8803"},{"taxonomy":"mapa","embeddable":true,"href":"https:\/\/www.upm.es\/recursosidi\/wp-json\/wp\/v2\/mapa?post=8803"},{"taxonomy":"disponibilidad","embeddable":true,"href":"https:\/\/www.upm.es\/recursosidi\/wp-json\/wp\/v2\/disponibilidad?post=8803"},{"taxonomy":"donde","embeddable":true,"href":"https:\/\/www.upm.es\/recursosidi\/wp-json\/wp\/v2\/donde?post=8803"},{"taxonomy":"infraestructura","embeddable":true,"href":"https:\/\/www.upm.es\/recursosidi\/wp-json\/wp\/v2\/infraestructura?post=8803"},{"taxonomy":"ods","embeddable":true,"href":"https:\/\/www.upm.es\/recursosidi\/wp-json\/wp\/v2\/ods?post=8803"},{"taxonomy":"origen","embeddable":true,"href":"https:\/\/www.upm.es\/recursosidi\/wp-json\/wp\/v2\/origen?post=8803"}],"curies":[{"name":"wp","href":"https:\/\/api.w.org\/{rel}","templated":true}]}}