{"id":8807,"date":"2021-11-25T14:23:27","date_gmt":"2021-11-25T13:23:27","guid":{"rendered":"https:\/\/www.upm.es\/recursosidi\/offers-resources\/sin%20categor\u00eda\/equipo-multipanel-orientable-para-la-calibracion-demovimientos-a-partir-de-nubes-de-puntos-obtenidas-conlaser-escaner-terrestre-tls-en-campo\/"},"modified":"2022-08-10T02:23:41","modified_gmt":"2022-08-10T00:23:41","slug":"equipo-multipanel-orientable-para-la-calibracion-demovimientos-a-partir-de-nubes-de-puntos-obtenidas-conlaser-escaner-terrestre-tls-en-campo","status":"publish","type":"product","link":"https:\/\/www.upm.es\/recursosidi\/offers-resources\/patentes\/equipo-multipanel-orientable-para-la-calibracion-demovimientos-a-partir-de-nubes-de-puntos-obtenidas-conlaser-escaner-terrestre-tls-en-campo\/","title":{"rendered":"EQUIPO MULTIPANEL ORIENTABLE PARA LA CALIBRACI\u00d3N DE\r\nMOVIMIENTOS A PARTIR DE NUBES DE PUNTOS OBTENIDAS CON\r\n&#8220;L\u00c1SER ESC\u00c1NER TERRESTRE (TLS)&#8221; EN CAMPO"},"content":{"rendered":"<h5>Descripci\u00f3n de la patente <\/h5>\n<p>Equipo multipanel orientable para la calibraci&oacute;n de movimientos a partir de nubes de puntos obtenidas con &#8220;L&aacute;ser Esc&aacute;ner Terrestre (TLS)&#8221; en campo. El equipo est&aacute; dise&ntilde;ado para la calibraci&oacute;n de datos procedentes de nubes de puntos adquiridas con l&aacute;ser esc&aacute;ner terrestres (TLS) para medir desplazamientos en obras civiles mediante el doble escaneo en dos momentos diferentes. Adicionalmente, se requer&iacute;a la posibilidad de utilizar el equipo en condiciones reales, es decir, en campo. Se ha dise&ntilde;ado en aluminio para su mejor manejo y consta de dos piezas separables, como son un tr&iacute;pode est&aacute;ndar (com&uacute;n con la instrumentaci&oacute;n de topograf&iacute;a) y un marco de aluminio dividido en dos partes iguales en las que se integran unos paneles m&oacute;viles y un panel fijo con varias superficies de distintos colores y texturas.<\/p>\n<p><img fetchpriority=\"high\" decoding=\"async\" src=\"https:\/\/www.upm.es\/S2i\/Acuse\/recuperarArchivo.jsp?id=1714&amp;id_archivo=12477&amp;tipo=patente&amp;extension=imagen\" alt=\"Figura 1\" width=\"299\" height=\"296\" \/><\/p>\n<h5>Situaci\u00f3n <\/h5>\n<p>Concedida<\/p>\n<h5>N\u00famero de solicitud<\/h5>\n<p>U202131988<\/p>\n<h5>Fecha de presentaci\u00f3n <\/h5>\n<p>27\/05\/2021<\/p>\n<h5>Fecha de publicaci\u00f3n <\/h5>\n<p>29\/09\/2021<\/p>\n<h5>Fecha de concesi\u00f3n <\/h5>\n<p>16\/02\/2022<\/p>\n<div class=\"pdfprnt-buttons pdfprnt-buttons-product pdfprnt-bottom-left\"><a href=\"https:\/\/www.upm.es\/recursosidi\/wp-json\/wp\/v2\/product\/8807?print=pdf\" class=\"pdfprnt-button pdfprnt-button-pdf\" target=\"_blank\"><span class=\"pdfprnt-button-title pdfprnt-button-pdf-title\">Descargar ficha<\/span><\/a><\/div>","protected":false},"excerpt":{"rendered":"<p>Descripci\u00f3n de la patente Equipo multipanel orientable para la calibraci&oacute;n de movimientos a partir de nubes de puntos obtenidas con &#8220;L&aacute;ser Esc&aacute;ner Terrestre (TLS)&#8221; en&hellip;<\/p>\n","protected":false},"featured_media":0,"template":"","meta":{"_acf_changed":false},"product_cat":[3946],"product_tag":[4119,4117,4120,4118],"comunidades-upm":[],"quien":[],"mapa":[{"term_id":124,"name":"Arquitectura, Baukultur y creatividad","slug":"arquitectura-baukultur-creatividad","term_group":0,"term_taxonomy_id":124,"taxonomy":"mapa","description":"","parent":0,"count":25,"filter":"raw","term_order":"4"},{"term_id":126,"name":"Tecnolog\u00edas digitales, Inteligencia Artificial, ciberseguridad, 5G, rob\u00f3tica","slug":"tecnologias_digitales-ai-ciberseguridad-5g-robotica","term_group":0,"term_taxonomy_id":126,"taxonomy":"mapa","description":"","parent":0,"count":194,"filter":"raw","term_order":"23"}],"disponibilidad":[],"donde":[],"infraestructura":[],"ods":[],"origen":[{"term_id":180,"name":"Patente","slug":"patente","term_group":0,"term_taxonomy_id":180,"taxonomy":"origen","description":"","parent":0,"count":614,"filter":"raw","term_order":"0"}],"familia_tax":false,"quien_tax":false,"donde_tax":false,"year":"","contacto":"<strong>Principales: <\/strong><ul><li>MIGUEL MARCHAMALO SACRISTAN <blockquote><strong>miguel.marchamalo@upm.es<\/strong><\/blockquote><\/li><li>SERGIO ALVAREZ GALLEGO <blockquote><strong>sergio.alvarez@upm.es<\/strong><\/blockquote><\/li><li>SARA MARTINEZ DELGADO <blockquote><strong>s.martinezd@alumnos.upm.es<\/strong><\/blockquote><\/li><li>RUBEN MARTINEZ MARIN <blockquote><strong>ruben.martinez@upm.es<\/strong><\/blockquote><\/li><li>LUIS ALBERTO RAMOS ALCAZAR <blockquote><strong>luis.ramos.alcazar@upm.es<\/strong><\/blockquote><\/li><\/ul>","telefono":"","pagina_web":"","email":"","id_ficha_portal":"1714","video":"","adjuntos":false,"adjuntos_portal":"https:\/\/www.upm.es\/S2i\/Acuse\/recuperarArchivo.jsp?id=1714&id_archivo=12560&tipo=patente&extension=fichero ","inf":false,"departamento":"","acf":[],"lang":"es","translation":{"es":8807},"_links":{"self":[{"href":"https:\/\/www.upm.es\/recursosidi\/wp-json\/wp\/v2\/product\/8807"}],"collection":[{"href":"https:\/\/www.upm.es\/recursosidi\/wp-json\/wp\/v2\/product"}],"about":[{"href":"https:\/\/www.upm.es\/recursosidi\/wp-json\/wp\/v2\/types\/product"}],"wp:attachment":[{"href":"https:\/\/www.upm.es\/recursosidi\/wp-json\/wp\/v2\/media?parent=8807"}],"wp:term":[{"taxonomy":"product_cat","embeddable":true,"href":"https:\/\/www.upm.es\/recursosidi\/wp-json\/wp\/v2\/product_cat?post=8807"},{"taxonomy":"product_tag","embeddable":true,"href":"https:\/\/www.upm.es\/recursosidi\/wp-json\/wp\/v2\/product_tag?post=8807"},{"taxonomy":"comunidad_upm","embeddable":true,"href":"https:\/\/www.upm.es\/recursosidi\/wp-json\/wp\/v2\/comunidades-upm?post=8807"},{"taxonomy":"quien","embeddable":true,"href":"https:\/\/www.upm.es\/recursosidi\/wp-json\/wp\/v2\/quien?post=8807"},{"taxonomy":"mapa","embeddable":true,"href":"https:\/\/www.upm.es\/recursosidi\/wp-json\/wp\/v2\/mapa?post=8807"},{"taxonomy":"disponibilidad","embeddable":true,"href":"https:\/\/www.upm.es\/recursosidi\/wp-json\/wp\/v2\/disponibilidad?post=8807"},{"taxonomy":"donde","embeddable":true,"href":"https:\/\/www.upm.es\/recursosidi\/wp-json\/wp\/v2\/donde?post=8807"},{"taxonomy":"infraestructura","embeddable":true,"href":"https:\/\/www.upm.es\/recursosidi\/wp-json\/wp\/v2\/infraestructura?post=8807"},{"taxonomy":"ods","embeddable":true,"href":"https:\/\/www.upm.es\/recursosidi\/wp-json\/wp\/v2\/ods?post=8807"},{"taxonomy":"origen","embeddable":true,"href":"https:\/\/www.upm.es\/recursosidi\/wp-json\/wp\/v2\/origen?post=8807"}],"curies":[{"name":"wp","href":"https:\/\/api.w.org\/{rel}","templated":true}]}}