{"id":8810,"date":"2021-11-25T14:23:42","date_gmt":"2021-11-25T13:23:42","guid":{"rendered":"https:\/\/www.upm.es\/recursosidi\/offers-resources\/sin%20categor\u00eda\/sistema-y-metodo-de-localizacion-de-faltas-a-tierra-endevanados-de-excitacion-de-maquinas-sincronas-conexcitacion-indirecta\/"},"modified":"2022-08-10T02:24:13","modified_gmt":"2022-08-10T00:24:13","slug":"sistema-y-metodo-de-localizacion-de-faltas-a-tierra-endevanados-de-excitacion-de-maquinas-sincronas-conexcitacion-indirecta","status":"publish","type":"product","link":"https:\/\/www.upm.es\/recursosidi\/offers-resources\/patentes\/sistema-y-metodo-de-localizacion-de-faltas-a-tierra-endevanados-de-excitacion-de-maquinas-sincronas-conexcitacion-indirecta\/","title":{"rendered":"SISTEMA Y M\u00c9TODO DE LOCALIZACI\u00d3N DE FALTAS A TIERRA EN\r\nDEVANADOS DE EXCITACI\u00d3N DE M\u00c1QUINAS S\u00cdNCRONAS CON\r\nEXCITACI\u00d3N INDIRECTA"},"content":{"rendered":"<h5>Descripci\u00f3n de la patente <\/h5>\n<p>Sistema y m&eacute;todo de localizaci&oacute;n de faltas a tierra en devanados de excitaci&oacute;n de m&aacute;quinas s&iacute;ncronas con excitaci&oacute;n indirecta basado en la puesta a tierra del neutro del devanado de inducido de la m&aacute;quina excitatriz mediante una impedancia de alto valor &oacute;hmico. El sistema y m&eacute;todo determinan la posici&oacute;n del defecto mediante el an&aacute;lisis de la tensi&oacute;n en la impedancia de puesta a tierra y la corriente de excitaci&oacute;n de la m&aacute;quina excitatriz, gracias al c&aacute;lculo de las componentes de la tensi&oacute;n en el devanado de excitaci&oacute;n de la m&aacute;quina s&iacute;ncrona.<\/p>\n<p><img fetchpriority=\"high\" decoding=\"async\" src=\"https:\/\/www.upm.es\/S2i\/Acuse\/recuperarArchivo.jsp?id=1739&amp;id_archivo=12474&amp;tipo=patente&amp;extension=imagen\" alt=\"Figura 3\" width=\"350\" height=\"206\" \/><\/p>\n<h5>Situaci\u00f3n <\/h5>\n<p>Concedida<\/p>\n<h5>N\u00famero de solicitud<\/h5>\n<p>P202130547<\/p>\n<h5>N\u00famero de publicaci\u00f3n<\/h5>\n<p>ES2861530<\/p>\n<h5>Fecha de presentaci\u00f3n <\/h5>\n<p>15\/06\/2021<\/p>\n<h5>Fecha de publicaci\u00f3n <\/h5>\n<p>06\/10\/2021<\/p>\n<h5>Fecha de concesi\u00f3n <\/h5>\n<p>01\/02\/2022<\/p>\n<div class=\"pdfprnt-buttons pdfprnt-buttons-product pdfprnt-bottom-left\"><a href=\"https:\/\/www.upm.es\/recursosidi\/wp-json\/wp\/v2\/product\/8810?print=pdf\" class=\"pdfprnt-button pdfprnt-button-pdf\" target=\"_blank\"><span class=\"pdfprnt-button-title pdfprnt-button-pdf-title\">Descargar ficha<\/span><\/a><\/div>","protected":false},"excerpt":{"rendered":"<p>Descripci\u00f3n de la patente Sistema y m&eacute;todo de localizaci&oacute;n de faltas a tierra en devanados de excitaci&oacute;n de m&aacute;quinas s&iacute;ncronas con excitaci&oacute;n indirecta basado en&hellip;<\/p>\n","protected":false},"featured_media":0,"template":"","meta":{"_acf_changed":false},"product_cat":[3946],"product_tag":[4125,4126,4127,4114,4121,4124],"comunidades-upm":[],"quien":[],"mapa":[{"term_id":2405,"name":"Ciencia para la ingenier\u00eda y la arquitectura","slug":"ciencia-para-ingenieria-y-arquitectura","term_group":0,"term_taxonomy_id":2405,"taxonomy":"mapa","description":"","parent":0,"count":127,"filter":"raw","term_order":"7"},{"term_id":133,"name":"Clima, Energ\u00eda y Movilidad","slug":"clima-energia-movilidad","term_group":0,"term_taxonomy_id":133,"taxonomy":"mapa","description":"","parent":0,"count":129,"filter":"raw","term_order":"9"},{"term_id":135,"name":"Industria, materiales y econom\u00eda circular","slug":"industria-materiales-economia_circular","term_group":0,"term_taxonomy_id":135,"taxonomy":"mapa","description":"","parent":0,"count":165,"filter":"raw","term_order":"13"}],"disponibilidad":[],"donde":[{"term_id":374,"name":"Generaci\u00f3n el\u00e9ctrica con energ\u00eda e\u00f3lica","slug":"generacion-electrica-con-energia-eolica","term_group":0,"term_taxonomy_id":374,"taxonomy":"donde","description":"","parent":0,"count":70,"filter":"raw","term_order":"0"}],"infraestructura":[],"ods":[],"origen":[{"term_id":180,"name":"Patente","slug":"patente","term_group":0,"term_taxonomy_id":180,"taxonomy":"origen","description":"","parent":0,"count":614,"filter":"raw","term_order":"0"}],"familia_tax":false,"quien_tax":false,"donde_tax":false,"year":"","contacto":"<strong>Principales: <\/strong><ul><li>JOSE ANGEL SANCHEZ FERNANDEZ <blockquote><strong>joseangel.sanchez@upm.es<\/strong><\/blockquote><\/li><li>JOSE MANUEL GUERRERO GRANADOS <blockquote><strong>josemanuel.guerrero@upm.es<\/strong><\/blockquote><\/li><li>KUMAR VIJAY MAHTANI MAHTANI <blockquote><strong>kumar.mahtani@upm.es<\/strong><\/blockquote><\/li><li>MIGUEL ANGEL PARDO VICENTE <blockquote><strong>ma.pardo@alumnos.upm.es<\/strong><\/blockquote><\/li><li>CARLOS ANTONIO PLATERO GAONA <blockquote><strong>carlosantonio.platero@upm.es<\/strong><\/blockquote><\/li><\/ul>","telefono":"","pagina_web":"","email":"","id_ficha_portal":"1739","video":"","adjuntos":false,"adjuntos_portal":"https:\/\/www.upm.es\/S2i\/Acuse\/recuperarArchivo.jsp?id=1739&id_archivo=12782&tipo=patente&extension=fichero ","inf":false,"departamento":"","acf":[],"lang":"es","translation":{"es":8810},"_links":{"self":[{"href":"https:\/\/www.upm.es\/recursosidi\/wp-json\/wp\/v2\/product\/8810"}],"collection":[{"href":"https:\/\/www.upm.es\/recursosidi\/wp-json\/wp\/v2\/product"}],"about":[{"href":"https:\/\/www.upm.es\/recursosidi\/wp-json\/wp\/v2\/types\/product"}],"wp:attachment":[{"href":"https:\/\/www.upm.es\/recursosidi\/wp-json\/wp\/v2\/media?parent=8810"}],"wp:term":[{"taxonomy":"product_cat","embeddable":true,"href":"https:\/\/www.upm.es\/recursosidi\/wp-json\/wp\/v2\/product_cat?post=8810"},{"taxonomy":"product_tag","embeddable":true,"href":"https:\/\/www.upm.es\/recursosidi\/wp-json\/wp\/v2\/product_tag?post=8810"},{"taxonomy":"comunidad_upm","embeddable":true,"href":"https:\/\/www.upm.es\/recursosidi\/wp-json\/wp\/v2\/comunidades-upm?post=8810"},{"taxonomy":"quien","embeddable":true,"href":"https:\/\/www.upm.es\/recursosidi\/wp-json\/wp\/v2\/quien?post=8810"},{"taxonomy":"mapa","embeddable":true,"href":"https:\/\/www.upm.es\/recursosidi\/wp-json\/wp\/v2\/mapa?post=8810"},{"taxonomy":"disponibilidad","embeddable":true,"href":"https:\/\/www.upm.es\/recursosidi\/wp-json\/wp\/v2\/disponibilidad?post=8810"},{"taxonomy":"donde","embeddable":true,"href":"https:\/\/www.upm.es\/recursosidi\/wp-json\/wp\/v2\/donde?post=8810"},{"taxonomy":"infraestructura","embeddable":true,"href":"https:\/\/www.upm.es\/recursosidi\/wp-json\/wp\/v2\/infraestructura?post=8810"},{"taxonomy":"ods","embeddable":true,"href":"https:\/\/www.upm.es\/recursosidi\/wp-json\/wp\/v2\/ods?post=8810"},{"taxonomy":"origen","embeddable":true,"href":"https:\/\/www.upm.es\/recursosidi\/wp-json\/wp\/v2\/origen?post=8810"}],"curies":[{"name":"wp","href":"https:\/\/api.w.org\/{rel}","templated":true}]}}