{"id":8813,"date":"2021-11-25T14:23:57","date_gmt":"2021-11-25T13:23:57","guid":{"rendered":"https:\/\/www.upm.es\/recursosidi\/offers-resources\/sin%20categor\u00eda\/material-de-construccion-aligerado-para-la-elaboracion-de-prefabricados\/"},"modified":"2026-04-21T03:40:00","modified_gmt":"2026-04-21T01:40:00","slug":"material-de-construccion-aligerado-para-la-elaboracion-de-prefabricados","status":"publish","type":"product","link":"https:\/\/www.upm.es\/recursosidi\/offers-resources\/patentes\/material-de-construccion-aligerado-para-la-elaboracion-de-prefabricados\/","title":{"rendered":"Material de construcci\u00f3n aligerado para la elaboraci\u00f3n de prefabricados"},"content":{"rendered":"<h5>Descripci\u00f3n de la patente <\/h5>\n<p>La presente invenci&oacute;n se refiere a en un primer aspecto a una composici&oacute;n que comprende material conglomerante, donde el material conglomerante se selecciona del grupo que consiste en anhidrita, yeso, escayola y combinaciones de los mismos: 1-3% de perlita expandida con respecto a la masa de material conglomerante; y 1-3% de poliacrilato de potasio con respecto a la masa de material conglomerante. La invenci&oacute;n se refiere adem&aacute;s a un material de construcci&oacute;n que comprende una composici&oacute;n de acuerdo con el primer aspecto de la invenci&oacute;n. En otro aspecto adicional, la invenci&oacute;n se refiere al uso de una composici&oacute;n de acuerdo con el primer aspecto de la invenci&oacute;n, o al uso de un material de construcci&oacute;n de acuerdo con la presente invenci&oacute;n, para la fabricaci&oacute;n de una pieza prefabricada de construcci&oacute;n. En un &uacute;ltimo aspecto, la invenci&oacute;n se refiere a un m&eacute;todo para la obtenci&oacute;n de un material de construcci&oacute;n.<\/p>\n<p><img fetchpriority=\"high\" decoding=\"async\" src=\"https:\/\/www.upm.es\/S2i\/Acuse\/recuperarArchivo.jsp?id=1706&amp;id_archivo=12476&amp;tipo=patente&amp;extension=imagen\" alt=\"Figura 1\" width=\"202\" height=\"336\" \/><\/p>\n<h5>Situaci\u00f3n <\/h5>\n<p>Concedida<\/p>\n<h5>N\u00famero de solicitud<\/h5>\n<p>P202130483<\/p>\n<h5>N\u00famero de publicaci\u00f3n<\/h5>\n<p>ES2841130<\/p>\n<h5>Fecha de presentaci\u00f3n <\/h5>\n<p>28\/05\/2021<\/p>\n<h5>Fecha de publicaci\u00f3n <\/h5>\n<p>07\/07\/2021<\/p>\n<h5>Fecha de concesi\u00f3n <\/h5>\n<p>21\/02\/2022<\/p>\n<div class=\"pdfprnt-buttons pdfprnt-buttons-product pdfprnt-bottom-left\"><a href=\"https:\/\/www.upm.es\/recursosidi\/wp-json\/wp\/v2\/product\/8813?print=pdf\" class=\"pdfprnt-button pdfprnt-button-pdf\" target=\"_blank\"><span class=\"pdfprnt-button-title pdfprnt-button-pdf-title\">Descargar ficha<\/span><\/a><\/div>","protected":false},"excerpt":{"rendered":"<p>Descripci\u00f3n de la patente La presente invenci&oacute;n se refiere a en un primer aspecto a una composici&oacute;n que comprende material conglomerante, donde el material conglomerante&hellip;<\/p>\n","protected":false},"featured_media":0,"template":"","meta":{"_acf_changed":false},"product_cat":[3946],"product_tag":[4133,2425,3987,4134,4135,2540],"comunidades-upm":[],"quien":[],"mapa":[{"term_id":124,"name":"Arquitectura, Baukultur y creatividad","slug":"arquitectura-baukultur-creatividad","term_group":0,"term_taxonomy_id":124,"taxonomy":"mapa","description":"","parent":0,"count":25,"filter":"raw","term_order":"4"},{"term_id":135,"name":"Industria, materiales y econom\u00eda circular","slug":"industria-materiales-economia_circular","term_group":0,"term_taxonomy_id":135,"taxonomy":"mapa","description":"","parent":0,"count":165,"filter":"raw","term_order":"13"}],"disponibilidad":[],"donde":[{"term_id":3423,"name":"Monitorizaci\u00f3n e Innovaci\u00f3n Tecnol\u00f3gica en Edificaci\u00f3n (MITE)","slug":"monitorizacion-e-innovacion-tecnologica-en-edificacion-mite","term_group":0,"term_taxonomy_id":3423,"taxonomy":"donde","description":"","parent":0,"count":26,"filter":"raw","term_order":"0"}],"infraestructura":[],"ods":[],"origen":[{"term_id":180,"name":"Patente","slug":"patente","term_group":0,"term_taxonomy_id":180,"taxonomy":"origen","description":"","parent":0,"count":614,"filter":"raw","term_order":"0"}],"familia_tax":false,"quien_tax":false,"donde_tax":false,"year":"","contacto":"<strong>Principales: <\/strong><ul><li>Daniel Ferr\u00e1ndez Vega <blockquote><strong>daniel.fvega@upm.es<\/strong><\/blockquote><\/li><li>Carlos Mor\u00f3n Fern\u00e1ndez <blockquote><strong>carlos.moron@upm.es<\/strong><\/blockquote><\/li><li>MANUEL ALVAREZ DORADO <blockquote><strong>manuel.alvarezd@upm.es<\/strong><\/blockquote><\/li><\/ul><strong>Otros investigadores UPM: <\/strong><ul><li>Patricia Guijarro Miragaya E.T.S. de Edificaci\u00f3n<\/li><\/ul>","telefono":"","pagina_web":"","email":"","id_ficha_portal":"1706","video":"","adjuntos":false,"adjuntos_portal":"https:\/\/www.upm.es\/S2i\/Acuse\/recuperarArchivo.jsp?id=1706&id_archivo=12850&tipo=patente&extension=fichero ","inf":false,"departamento":"","acf":[],"lang":"es","translation":{"es":8813},"_links":{"self":[{"href":"https:\/\/www.upm.es\/recursosidi\/wp-json\/wp\/v2\/product\/8813"}],"collection":[{"href":"https:\/\/www.upm.es\/recursosidi\/wp-json\/wp\/v2\/product"}],"about":[{"href":"https:\/\/www.upm.es\/recursosidi\/wp-json\/wp\/v2\/types\/product"}],"wp:attachment":[{"href":"https:\/\/www.upm.es\/recursosidi\/wp-json\/wp\/v2\/media?parent=8813"}],"wp:term":[{"taxonomy":"product_cat","embeddable":true,"href":"https:\/\/www.upm.es\/recursosidi\/wp-json\/wp\/v2\/product_cat?post=8813"},{"taxonomy":"product_tag","embeddable":true,"href":"https:\/\/www.upm.es\/recursosidi\/wp-json\/wp\/v2\/product_tag?post=8813"},{"taxonomy":"comunidad_upm","embeddable":true,"href":"https:\/\/www.upm.es\/recursosidi\/wp-json\/wp\/v2\/comunidades-upm?post=8813"},{"taxonomy":"quien","embeddable":true,"href":"https:\/\/www.upm.es\/recursosidi\/wp-json\/wp\/v2\/quien?post=8813"},{"taxonomy":"mapa","embeddable":true,"href":"https:\/\/www.upm.es\/recursosidi\/wp-json\/wp\/v2\/mapa?post=8813"},{"taxonomy":"disponibilidad","embeddable":true,"href":"https:\/\/www.upm.es\/recursosidi\/wp-json\/wp\/v2\/disponibilidad?post=8813"},{"taxonomy":"donde","embeddable":true,"href":"https:\/\/www.upm.es\/recursosidi\/wp-json\/wp\/v2\/donde?post=8813"},{"taxonomy":"infraestructura","embeddable":true,"href":"https:\/\/www.upm.es\/recursosidi\/wp-json\/wp\/v2\/infraestructura?post=8813"},{"taxonomy":"ods","embeddable":true,"href":"https:\/\/www.upm.es\/recursosidi\/wp-json\/wp\/v2\/ods?post=8813"},{"taxonomy":"origen","embeddable":true,"href":"https:\/\/www.upm.es\/recursosidi\/wp-json\/wp\/v2\/origen?post=8813"}],"curies":[{"name":"wp","href":"https:\/\/api.w.org\/{rel}","templated":true}]}}