{"id":8814,"date":"2021-11-25T14:24:02","date_gmt":"2021-11-25T13:24:02","guid":{"rendered":""},"modified":"2025-09-10T03:31:42","modified_gmt":"2025-09-10T01:31:42","slug":"metodo-para-la-correccion-de-errores-de-medicion-causados-por-la-intensidad-de-precipitacion-en-pluviometros-de-cazoletas-basculantes-o-cualquier-instrumento-para-la-medicion-de-fluidos-basado-en-el-p","status":"publish","type":"product","link":"https:\/\/www.upm.es\/recursosidi\/offers-resources\/patentes\/metodo-para-la-correccion-de-errores-de-medicion-causados-por-la-intensidad-de-precipitacion-en-pluviometros-de-cazoletas-basculantes-o-cualquier-instrumento-para-la-medicion-de-fluidos-basado-en-el-p\/","title":{"rendered":"M\u00e9todo para la correcci\u00f3n de errores de medici\u00f3n causados por la intensidad de precipitaci\u00f3n en pluvi\u00f3metros de cazoletas basculantes o cualquier instrumento para la medici\u00f3n de fluidos basado en el principio de las cazoletas basculantes"},"content":{"rendered":"<h5>Descripci\u00f3n de la patente <\/h5>\n<p>M&eacute;todo para la correcci&oacute;n de errores de medici&oacute;n<br \/>causados por la intensidad de precipitaci&oacute;n en<br \/>pluvi&oacute;metros de cazoletas basculantes o cualquier<br \/>instrumento para la medici&oacute;n de fluidos basado en el<br \/>principio de las cazoletas basculantes.<br \/>El m&eacute;todo reduce errores de medida debidos a la<br \/>variaci&oacute;n en la intensidad de precipitaci&oacute;n y<br \/>caracteriza el comportamiento del mecanismo, en<br \/>instrumentos para la medici&oacute;n de fluidos con<br \/>cazoletas basculantes. Caracterizando la adici&oacute;n de<br \/>excedentes durante el movimiento del balanc&iacute;n, el<br \/>tiempo de ca&iacute;da de la cazoleta, su variaci&oacute;n con la<br \/>intensidad de precipitaci&oacute;n y la disminuci&oacute;n del<br \/>volumen nominal de basculaci&oacute;n. Mediante la relaci&oacute;n<br \/>entre el incremento de agua excedentaria y la<br \/>reducci&oacute;n del volumen de basculaci&oacute;n, causado por la<br \/>variaci&oacute;n del tiempo de ca&iacute;da del balanc&iacute;n y del<br \/>empuje del agua.<br \/>Este m&eacute;todo es industrializable, reduce los errores de<br \/>medici&oacute;n, de f&aacute;cil implementaci&oacute;n, automatizable y<br \/>aplicable a cualquier equipo de cazoletas<br \/>basculantes.<\/p>\n<p><img fetchpriority=\"high\" decoding=\"async\" src=\"https:\/\/www.upm.es\/S2i\/Acuse\/recuperarArchivo.jsp?id=1654&amp;id_archivo=12526&amp;tipo=patente&amp;extension=imagen\" alt=\"Figura 1\" width=\"372\" height=\"461\" \/><\/p>\n<p>&nbsp;<\/p>\n<h5>Situaci\u00f3n <\/h5>\n<p>Concedida<\/p>\n<h5>N\u00famero de solicitud<\/h5>\n<p>P202030968<\/p>\n<h5>N\u00famero de publicaci\u00f3n<\/h5>\n<p>ES2831899<\/p>\n<h5>Fecha de presentaci\u00f3n <\/h5>\n<p>25\/09\/2020<\/p>\n<h5>Fecha de publicaci\u00f3n <\/h5>\n<p>09\/06\/2021<\/p>\n<h5>Fecha de concesi\u00f3n <\/h5>\n<p>18\/01\/2022<\/p>\n<h4><strong>Extensiones Internacionales<\/strong><\/h4>\n<h5>PCT<\/h5>\n<p><strong>Referencia de la solicitud: <\/strong>PCT\/ES2021\/070665<br \/>\nWO 2022\/064084<br \/><strong>T\u00edtulo: <\/strong>M\u00c9TODO PARA LA CORRECCI\u00d3N DE ERRORES DE<br \/>\nMEDICI\u00d3N CAUSADOS POR LA INTENSIDAD DE<br \/>\nPRECIPITACI\u00d3N EN PLUVI\u00d3METROS DE<br \/>\nCAZOLETAS BASCULANTES<\/p>\n<div class=\"pdfprnt-buttons pdfprnt-buttons-product pdfprnt-bottom-left\"><a href=\"https:\/\/www.upm.es\/recursosidi\/wp-json\/wp\/v2\/product\/8814?print=pdf\" class=\"pdfprnt-button pdfprnt-button-pdf\" target=\"_blank\"><span class=\"pdfprnt-button-title pdfprnt-button-pdf-title\">Descargar ficha<\/span><\/a><\/div>","protected":false},"excerpt":{"rendered":"<p>Descripci\u00f3n de la patente M&eacute;todo para la correcci&oacute;n de errores de medici&oacute;ncausados por la intensidad de precipitaci&oacute;n enpluvi&oacute;metros de cazoletas basculantes o cualquierinstrumento para la&hellip;<\/p>\n","protected":false},"featured_media":0,"template":"","meta":{"_acf_changed":false},"product_cat":[3946],"product_tag":[4137,4138,3555,4136],"comunidades-upm":[],"quien":[],"mapa":[{"term_id":133,"name":"Clima, Energ\u00eda y Movilidad","slug":"clima-energia-movilidad","term_group":0,"term_taxonomy_id":133,"taxonomy":"mapa","description":"","parent":0,"count":129,"filter":"raw","term_order":"9"}],"disponibilidad":[],"donde":[{"term_id":320,"name":"Hidr\u00e1ulica del riego","slug":"hidraulica-del-riego","term_group":0,"term_taxonomy_id":320,"taxonomy":"donde","description":"","parent":0,"count":3,"filter":"raw","term_order":"0"}],"infraestructura":[],"ods":[],"origen":[{"term_id":180,"name":"Patente","slug":"patente","term_group":0,"term_taxonomy_id":180,"taxonomy":"origen","description":"","parent":0,"count":614,"filter":"raw","term_order":"0"}],"familia_tax":false,"quien_tax":false,"donde_tax":false,"year":"","contacto":"<strong>Principales: <\/strong><ul><li>Leonor Rodr\u00edguez Sinobas <blockquote><strong>leonor.rodriguez.sinobas@upm.es<\/strong><\/blockquote><\/li><li>Daniel Alberto Segovia Cardoso <blockquote><strong>da.segovia@upm.es<\/strong><\/blockquote><\/li><\/ul>","telefono":"","pagina_web":"","email":"","id_ficha_portal":"1654","video":"","adjuntos":false,"adjuntos_portal":"","inf":false,"departamento":"","acf":[],"lang":"es","translation":{"es":8814},"_links":{"self":[{"href":"https:\/\/www.upm.es\/recursosidi\/wp-json\/wp\/v2\/product\/8814"}],"collection":[{"href":"https:\/\/www.upm.es\/recursosidi\/wp-json\/wp\/v2\/product"}],"about":[{"href":"https:\/\/www.upm.es\/recursosidi\/wp-json\/wp\/v2\/types\/product"}],"wp:attachment":[{"href":"https:\/\/www.upm.es\/recursosidi\/wp-json\/wp\/v2\/media?parent=8814"}],"wp:term":[{"taxonomy":"product_cat","embeddable":true,"href":"https:\/\/www.upm.es\/recursosidi\/wp-json\/wp\/v2\/product_cat?post=8814"},{"taxonomy":"product_tag","embeddable":true,"href":"https:\/\/www.upm.es\/recursosidi\/wp-json\/wp\/v2\/product_tag?post=8814"},{"taxonomy":"comunidad_upm","embeddable":true,"href":"https:\/\/www.upm.es\/recursosidi\/wp-json\/wp\/v2\/comunidades-upm?post=8814"},{"taxonomy":"quien","embeddable":true,"href":"https:\/\/www.upm.es\/recursosidi\/wp-json\/wp\/v2\/quien?post=8814"},{"taxonomy":"mapa","embeddable":true,"href":"https:\/\/www.upm.es\/recursosidi\/wp-json\/wp\/v2\/mapa?post=8814"},{"taxonomy":"disponibilidad","embeddable":true,"href":"https:\/\/www.upm.es\/recursosidi\/wp-json\/wp\/v2\/disponibilidad?post=8814"},{"taxonomy":"donde","embeddable":true,"href":"https:\/\/www.upm.es\/recursosidi\/wp-json\/wp\/v2\/donde?post=8814"},{"taxonomy":"infraestructura","embeddable":true,"href":"https:\/\/www.upm.es\/recursosidi\/wp-json\/wp\/v2\/infraestructura?post=8814"},{"taxonomy":"ods","embeddable":true,"href":"https:\/\/www.upm.es\/recursosidi\/wp-json\/wp\/v2\/ods?post=8814"},{"taxonomy":"origen","embeddable":true,"href":"https:\/\/www.upm.es\/recursosidi\/wp-json\/wp\/v2\/origen?post=8814"}],"curies":[{"name":"wp","href":"https:\/\/api.w.org\/{rel}","templated":true}]}}