{"id":8815,"date":"2021-11-25T14:24:12","date_gmt":"2021-11-25T13:24:12","guid":{"rendered":"https:\/\/www.upm.es\/recursosidi\/offers-resources\/sin%20categor\u00eda\/procedimiento-de-clasificacion-y-analisis-automatico-de-los-movimientos-oculares-de-sujetos\/"},"modified":"2024-09-07T02:29:03","modified_gmt":"2024-09-07T00:29:03","slug":"procedimiento-de-clasificacion-y-analisis-automatico-de-los-movimientos-oculares-de-sujetos","status":"publish","type":"product","link":"https:\/\/www.upm.es\/recursosidi\/offers-resources\/patentes\/procedimiento-de-clasificacion-y-analisis-automatico-de-los-movimientos-oculares-de-sujetos\/","title":{"rendered":"Procedimiento de clasificaci\u00f3n y an\u00e1lisis autom\u00e1tico de los movimientos oculares de sujetos"},"content":{"rendered":"<h5>Descripci\u00f3n de la patente <\/h5>\n<p>Procedimiento de clasificaci&oacute;n y an&aacute;lisis autom&aacute;tico<br \/>de los movimientos oculares de sujetos.<br \/>Procedimiento de an&aacute;lisis autom&aacute;tico y clasificaci&oacute;n<br \/>de movimientos oculares de sujetos, que comprende<br \/>las etapas de: recibir una secuencia de movimientos<br \/>oculares de un sujeto en respuesta a una serie de<br \/>est&iacute;mulos: registrar los valores de las componentes<br \/>horizontales y verticales, en funci&oacute;n del tiempo, de los<br \/>movimientos oculares: extraer patrones temporales,<br \/>espaciales, frecuenciales, frecuencial-temporales,<br \/>espacio-temporales o combinaciones de los mismos,<br \/>caracter&iacute;sticos de los movimientos oculares mediante<br \/>modelos basados en teor&iacute;a de la informaci&oacute;n, an&aacute;lisis<br \/>de complejidad, an&aacute;lisis de din&aacute;mica lineal\/no lineal,<br \/>modelos probabil&iacute;sticos gr&aacute;ficos y combinaciones de<br \/>los mismos; y clasificar los movimientos oculares del<br \/>sujeto utilizando modelos de inteligencia artificial.<\/p>\n<p><img fetchpriority=\"high\" decoding=\"async\" src=\"https:\/\/www.upm.es\/S2i\/Acuse\/recuperarArchivo.jsp?id=1563&amp;id_archivo=12574&amp;tipo=patente&amp;extension=imagen\" alt=\"Figura 1\" width=\"389\" height=\"202\" \/><\/p>\n<h5>N\u00famero de solicitud<\/h5>\n<p>P201930994<\/p>\n<h5>N\u00famero de publicaci\u00f3n<\/h5>\n<p>ES2761710<\/p>\n<h5>Fecha de presentaci\u00f3n <\/h5>\n<p>14\/11\/2019<\/p>\n<h5>Fecha de publicaci\u00f3n <\/h5>\n<p>20\/05\/2020<\/p>\n<div class=\"pdfprnt-buttons pdfprnt-buttons-product pdfprnt-bottom-left\"><a href=\"https:\/\/www.upm.es\/recursosidi\/wp-json\/wp\/v2\/product\/8815?print=pdf\" class=\"pdfprnt-button pdfprnt-button-pdf\" target=\"_blank\"><span class=\"pdfprnt-button-title pdfprnt-button-pdf-title\">Descargar ficha<\/span><\/a><\/div>","protected":false},"excerpt":{"rendered":"<p>Descripci\u00f3n de la patente Procedimiento de clasificaci&oacute;n y an&aacute;lisis autom&aacute;ticode los movimientos oculares de sujetos.Procedimiento de an&aacute;lisis autom&aacute;tico y clasificaci&oacute;nde movimientos oculares de sujetos, que&hellip;<\/p>\n","protected":false},"featured_media":0,"template":"","meta":{"_acf_changed":false},"product_cat":[3946],"product_tag":[2601,4257],"comunidades-upm":[],"quien":[],"mapa":[{"term_id":137,"name":"Bioeconom\u00eda, Biotecnolog\u00eda y Sistemas Alimentarios","slug":"bioeconomia-biotecnologia-sistemas_alimentarios","term_group":0,"term_taxonomy_id":137,"taxonomy":"mapa","description":"","parent":0,"count":45,"filter":"raw","term_order":"6"},{"term_id":122,"name":"Salud y bienestar","slug":"salud-y-bienestar","term_group":0,"term_taxonomy_id":122,"taxonomy":"mapa","description":"","parent":0,"count":105,"filter":"raw","term_order":"17"},{"term_id":126,"name":"Tecnolog\u00edas digitales, Inteligencia Artificial, ciberseguridad, 5G, rob\u00f3tica","slug":"tecnologias_digitales-ai-ciberseguridad-5g-robotica","term_group":0,"term_taxonomy_id":126,"taxonomy":"mapa","description":"","parent":0,"count":194,"filter":"raw","term_order":"23"}],"disponibilidad":[],"donde":[{"term_id":670,"name":"Grupo de Investigaci\u00f3n en Bioingenier\u00eda y Optoelectr\u00f3nica","slug":"grupo-de-investigacion-en-bioingenieria-y-optoelectronica","term_group":0,"term_taxonomy_id":670,"taxonomy":"donde","description":"","parent":0,"count":4,"filter":"raw","term_order":"0"}],"infraestructura":[],"ods":[],"origen":[{"term_id":180,"name":"Patente","slug":"patente","term_group":0,"term_taxonomy_id":180,"taxonomy":"origen","description":"","parent":0,"count":614,"filter":"raw","term_order":"0"}],"familia_tax":false,"quien_tax":false,"donde_tax":false,"year":"","contacto":"<strong>Principales: <\/strong><ul><li>JUAN IGNACIO GODINO LLORENTE <blockquote><strong>ignacio.godino@upm.es<\/strong><\/blockquote><\/li><li>LAUREANO MORO VELAZQUEZ <blockquote><strong>laureano.moro@upm.es<\/strong><\/blockquote><\/li><li>JORGE ANDRES GOMEZ GARCIA <blockquote><strong>jorge.gomez.garcia@upm.es<\/strong><\/blockquote><\/li><\/ul><strong>Otros investigadores UPM: <\/strong><ul><li>Juli\u00e1n David Arias Londo\u00f1o<\/li><\/ul>","telefono":"","pagina_web":"","email":"","id_ficha_portal":"1563","video":"","adjuntos":false,"adjuntos_portal":"","inf":false,"departamento":"","acf":[],"lang":"es","translation":{"es":8815},"_links":{"self":[{"href":"https:\/\/www.upm.es\/recursosidi\/wp-json\/wp\/v2\/product\/8815"}],"collection":[{"href":"https:\/\/www.upm.es\/recursosidi\/wp-json\/wp\/v2\/product"}],"about":[{"href":"https:\/\/www.upm.es\/recursosidi\/wp-json\/wp\/v2\/types\/product"}],"wp:attachment":[{"href":"https:\/\/www.upm.es\/recursosidi\/wp-json\/wp\/v2\/media?parent=8815"}],"wp:term":[{"taxonomy":"product_cat","embeddable":true,"href":"https:\/\/www.upm.es\/recursosidi\/wp-json\/wp\/v2\/product_cat?post=8815"},{"taxonomy":"product_tag","embeddable":true,"href":"https:\/\/www.upm.es\/recursosidi\/wp-json\/wp\/v2\/product_tag?post=8815"},{"taxonomy":"comunidad_upm","embeddable":true,"href":"https:\/\/www.upm.es\/recursosidi\/wp-json\/wp\/v2\/comunidades-upm?post=8815"},{"taxonomy":"quien","embeddable":true,"href":"https:\/\/www.upm.es\/recursosidi\/wp-json\/wp\/v2\/quien?post=8815"},{"taxonomy":"mapa","embeddable":true,"href":"https:\/\/www.upm.es\/recursosidi\/wp-json\/wp\/v2\/mapa?post=8815"},{"taxonomy":"disponibilidad","embeddable":true,"href":"https:\/\/www.upm.es\/recursosidi\/wp-json\/wp\/v2\/disponibilidad?post=8815"},{"taxonomy":"donde","embeddable":true,"href":"https:\/\/www.upm.es\/recursosidi\/wp-json\/wp\/v2\/donde?post=8815"},{"taxonomy":"infraestructura","embeddable":true,"href":"https:\/\/www.upm.es\/recursosidi\/wp-json\/wp\/v2\/infraestructura?post=8815"},{"taxonomy":"ods","embeddable":true,"href":"https:\/\/www.upm.es\/recursosidi\/wp-json\/wp\/v2\/ods?post=8815"},{"taxonomy":"origen","embeddable":true,"href":"https:\/\/www.upm.es\/recursosidi\/wp-json\/wp\/v2\/origen?post=8815"}],"curies":[{"name":"wp","href":"https:\/\/api.w.org\/{rel}","templated":true}]}}