{"id":8817,"date":"2021-11-25T14:24:23","date_gmt":"2021-11-25T13:24:23","guid":{"rendered":"https:\/\/www.upm.es\/recursosidi\/offers-resources\/sin%20categor\u00eda\/sistema-y-metodo-de-localizacion-de-faltas-a-tierra-en-devanados-de-maquinas-electricas\/"},"modified":"2022-08-10T02:24:46","modified_gmt":"2022-08-10T00:24:46","slug":"sistema-y-metodo-de-localizacion-de-faltas-a-tierra-en-devanados-de-maquinas-electricas","status":"publish","type":"product","link":"https:\/\/www.upm.es\/recursosidi\/offers-resources\/patentes\/sistema-y-metodo-de-localizacion-de-faltas-a-tierra-en-devanados-de-maquinas-electricas\/","title":{"rendered":"SISTEMA Y M\u00c9TODO DE LOCALIZACI\u00d3N DE FALTAS A TIERRA EN DEVANADOS DE M\u00c1QUINAS EL\u00c9CTRICAS"},"content":{"rendered":"<h5>Descripci\u00f3n de la patente <\/h5>\n<p>Sistema y m&eacute;todo de localizaci&oacute;n de faltas a tierra en devanados de m&aacute;quinas el&eacute;ctricas. M&eacute;todo y sistema de localizaci&oacute;n de faltas a tierra (4) en devanados (3) de m&aacute;quinas el&eacute;ctricas basados en el an&aacute;lisis de respuesta en frecuencia del circuito de la m&aacute;quina, alimentando en bornes del devanado (3) a analizar, en un dispositivo (11) de localizaci&oacute;n de faltas que compara los par&aacute;metros de frecuencia de resonancia (fR) y ganancia del sistema a dicha frecuencia de resonancia (A,fR) con una base de datos de superficies producidas de ensayos previos y que permite localizar el defecto en n&uacute;mero de espira de falta (n) y resistencia de defecto (Rf).<\/p>\n<p><img fetchpriority=\"high\" decoding=\"async\" src=\"https:\/\/www.upm.es\/S2i\/Acuse\/recuperarArchivo.jsp?id=1688&amp;id_archivo=12482&amp;tipo=patente&amp;extension=imagen\" alt=\"Figura 2\" width=\"506\" height=\"208\" \/><\/p>\n<h5>Situaci\u00f3n <\/h5>\n<p>Concedida<\/p>\n<h5>N\u00famero de solicitud<\/h5>\n<p>P202031319<\/p>\n<h5>N\u00famero de publicaci\u00f3n<\/h5>\n<p>ES2848598<\/p>\n<h5>Fecha de presentaci\u00f3n <\/h5>\n<p>30\/12\/2020<\/p>\n<h5>Fecha de publicaci\u00f3n <\/h5>\n<p>10\/08\/2021<\/p>\n<h5>Fecha de concesi\u00f3n <\/h5>\n<p>14\/02\/2022<\/p>\n<div class=\"pdfprnt-buttons pdfprnt-buttons-product pdfprnt-bottom-left\"><a href=\"https:\/\/www.upm.es\/recursosidi\/wp-json\/wp\/v2\/product\/8817?print=pdf\" class=\"pdfprnt-button pdfprnt-button-pdf\" target=\"_blank\"><span class=\"pdfprnt-button-title pdfprnt-button-pdf-title\">Descargar ficha<\/span><\/a><\/div>","protected":false},"excerpt":{"rendered":"<p>Descripci\u00f3n de la patente Sistema y m&eacute;todo de localizaci&oacute;n de faltas a tierra en devanados de m&aacute;quinas el&eacute;ctricas. M&eacute;todo y sistema de localizaci&oacute;n de faltas&hellip;<\/p>\n","protected":false},"featured_media":0,"template":"","meta":{"_acf_changed":false},"product_cat":[3946],"product_tag":[4125,4114,4090,4144,4145],"comunidades-upm":[],"quien":[],"mapa":[{"term_id":2405,"name":"Ciencia para la ingenier\u00eda y la arquitectura","slug":"ciencia-para-ingenieria-y-arquitectura","term_group":0,"term_taxonomy_id":2405,"taxonomy":"mapa","description":"","parent":0,"count":127,"filter":"raw","term_order":"7"},{"term_id":133,"name":"Clima, Energ\u00eda y Movilidad","slug":"clima-energia-movilidad","term_group":0,"term_taxonomy_id":133,"taxonomy":"mapa","description":"","parent":0,"count":129,"filter":"raw","term_order":"9"},{"term_id":135,"name":"Industria, materiales y econom\u00eda circular","slug":"industria-materiales-economia_circular","term_group":0,"term_taxonomy_id":135,"taxonomy":"mapa","description":"","parent":0,"count":165,"filter":"raw","term_order":"13"}],"disponibilidad":[],"donde":[{"term_id":374,"name":"Generaci\u00f3n el\u00e9ctrica con energ\u00eda e\u00f3lica","slug":"generacion-electrica-con-energia-eolica","term_group":0,"term_taxonomy_id":374,"taxonomy":"donde","description":"","parent":0,"count":70,"filter":"raw","term_order":"0"}],"infraestructura":[],"ods":[],"origen":[{"term_id":180,"name":"Patente","slug":"patente","term_group":0,"term_taxonomy_id":180,"taxonomy":"origen","description":"","parent":0,"count":614,"filter":"raw","term_order":"0"}],"familia_tax":false,"quien_tax":false,"donde_tax":false,"year":"","contacto":"<strong>Principales: <\/strong><ul><li>JOSE MANUEL GUERRERO GRANADOS <blockquote><strong>josemanuel.guerrero@upm.es<\/strong><\/blockquote><\/li><li>CARLOS ANTONIO PLATERO GAONA <blockquote><strong>carlosantonio.platero@upm.es<\/strong><\/blockquote><\/li><\/ul><strong>Otros inventores UPM: <\/strong><ul><li>Carolina Mart\u00edn Santos DNI  05458621P E.T.S. de Ingenieros Industriales<\/li><\/ul>","telefono":"","pagina_web":"","email":"","id_ficha_portal":"1688","video":"","adjuntos":false,"adjuntos_portal":"","inf":false,"departamento":"","acf":[],"lang":"es","translation":{"es":8817},"_links":{"self":[{"href":"https:\/\/www.upm.es\/recursosidi\/wp-json\/wp\/v2\/product\/8817"}],"collection":[{"href":"https:\/\/www.upm.es\/recursosidi\/wp-json\/wp\/v2\/product"}],"about":[{"href":"https:\/\/www.upm.es\/recursosidi\/wp-json\/wp\/v2\/types\/product"}],"wp:attachment":[{"href":"https:\/\/www.upm.es\/recursosidi\/wp-json\/wp\/v2\/media?parent=8817"}],"wp:term":[{"taxonomy":"product_cat","embeddable":true,"href":"https:\/\/www.upm.es\/recursosidi\/wp-json\/wp\/v2\/product_cat?post=8817"},{"taxonomy":"product_tag","embeddable":true,"href":"https:\/\/www.upm.es\/recursosidi\/wp-json\/wp\/v2\/product_tag?post=8817"},{"taxonomy":"comunidad_upm","embeddable":true,"href":"https:\/\/www.upm.es\/recursosidi\/wp-json\/wp\/v2\/comunidades-upm?post=8817"},{"taxonomy":"quien","embeddable":true,"href":"https:\/\/www.upm.es\/recursosidi\/wp-json\/wp\/v2\/quien?post=8817"},{"taxonomy":"mapa","embeddable":true,"href":"https:\/\/www.upm.es\/recursosidi\/wp-json\/wp\/v2\/mapa?post=8817"},{"taxonomy":"disponibilidad","embeddable":true,"href":"https:\/\/www.upm.es\/recursosidi\/wp-json\/wp\/v2\/disponibilidad?post=8817"},{"taxonomy":"donde","embeddable":true,"href":"https:\/\/www.upm.es\/recursosidi\/wp-json\/wp\/v2\/donde?post=8817"},{"taxonomy":"infraestructura","embeddable":true,"href":"https:\/\/www.upm.es\/recursosidi\/wp-json\/wp\/v2\/infraestructura?post=8817"},{"taxonomy":"ods","embeddable":true,"href":"https:\/\/www.upm.es\/recursosidi\/wp-json\/wp\/v2\/ods?post=8817"},{"taxonomy":"origen","embeddable":true,"href":"https:\/\/www.upm.es\/recursosidi\/wp-json\/wp\/v2\/origen?post=8817"}],"curies":[{"name":"wp","href":"https:\/\/api.w.org\/{rel}","templated":true}]}}