{"id":8818,"date":"2021-11-25T14:24:26","date_gmt":"2021-11-25T13:24:26","guid":{"rendered":"https:\/\/www.upm.es\/recursosidi\/offers-resources\/sin%20categor\u00eda\/aleta-para-el-entrenamiento-de-natacion-al-estilo-braza\/"},"modified":"2025-07-09T02:46:59","modified_gmt":"2025-07-09T00:46:59","slug":"aleta-para-el-entrenamiento-de-natacion-al-estilo-braza","status":"publish","type":"product","link":"https:\/\/www.upm.es\/recursosidi\/offers-resources\/patentes\/aleta-para-el-entrenamiento-de-natacion-al-estilo-braza\/","title":{"rendered":"Aleta para el entrenamiento de nataci\u00f3n al estilo braza"},"content":{"rendered":"<h5>Descripci\u00f3n de la patente <\/h5>\n<p>Aleta para el entrenamiento de nataci&oacute;n al estilo<br \/>braza, que permite perfeccionar la t&eacute;cnica, as&iacute; como<br \/>mejorar el rendimiento del nadador. La aleta est&aacute;<br \/>formada por un calzante, que se adapta<br \/>perfectamente al pie del nadador, y dos cuchillas,<br \/>primera y segunda, que, siendo perpendiculares<br \/>respecto a la superficie del agua cuando se usa la<br \/>aleta de la invenci&oacute;n dentro del agua, consigue el<br \/>impulso &oacute;ptimo en el ciclo de la patada de este estilo<br \/>de nataci&oacute;n.<br \/>Para conseguir un acople perfecto de las cuchillas al<br \/>calzante se utilizan unas gu&iacute;as hembra con secci&oacute;n<br \/>en forma de cola de milano y unos topes que evitan<br \/>que la cuchilla se desmonte durante la nataci&oacute;n.<br \/>Dicho acople permite al usuario desmontar el<br \/>producto pudiendo caminar cuando no est&aacute; en<br \/>disposici&oacute;n de uso.<\/p>\n<p><img fetchpriority=\"high\" decoding=\"async\" src=\"https:\/\/www.upm.es\/S2i\/Acuse\/recuperarArchivo.jsp?id=1543&amp;id_archivo=12624&amp;tipo=patente&amp;extension=imagen\" alt=\"Figura 1\" width=\"388\" height=\"404\" \/><\/p>\n<h5>N\u00famero de solicitud<\/h5>\n<p>P201930467<\/p>\n<h5>N\u00famero de publicaci\u00f3n<\/h5>\n<p>ES2735314<\/p>\n<h5>Fecha de presentaci\u00f3n <\/h5>\n<p>28\/05\/2019<\/p>\n<h5>Fecha de publicaci\u00f3n <\/h5>\n<p>17\/12\/2019<\/p>\n<h5>Fecha de concesi\u00f3n <\/h5>\n<p>29\/06\/2021<\/p>\n<div class=\"pdfprnt-buttons pdfprnt-buttons-product pdfprnt-bottom-left\"><a href=\"https:\/\/www.upm.es\/recursosidi\/wp-json\/wp\/v2\/product\/8818?print=pdf\" class=\"pdfprnt-button pdfprnt-button-pdf\" target=\"_blank\"><span class=\"pdfprnt-button-title pdfprnt-button-pdf-title\">Descargar ficha<\/span><\/a><\/div>","protected":false},"excerpt":{"rendered":"<p>Descripci\u00f3n de la patente Aleta para el entrenamiento de nataci&oacute;n al estilobraza, que permite perfeccionar la t&eacute;cnica, as&iacute; comomejorar el rendimiento del nadador. La aleta&hellip;<\/p>\n","protected":false},"featured_media":0,"template":"","meta":{"_acf_changed":false},"product_cat":[3946],"product_tag":[3983,4255,3982],"comunidades-upm":[],"quien":[],"mapa":[{"term_id":122,"name":"Salud y bienestar","slug":"salud-y-bienestar","term_group":0,"term_taxonomy_id":122,"taxonomy":"mapa","description":"","parent":0,"count":105,"filter":"raw","term_order":"17"}],"disponibilidad":[],"donde":[{"term_id":392,"name":"Bioingenier\u00eda y Materiales (BIO-MAT)","slug":"bioingenieria-y-materiales-bio-mat","term_group":0,"term_taxonomy_id":392,"taxonomy":"donde","description":"En el <a href=\"http:\/\/www.upm.es\/observatorio\/vi\/index.jsp?pageac=grupo.jsp&amp;idGrupo=222\">Grupo de Bioingenier&iacute;a y Materiales (BIO-MAT)<\/a> desarrollamos nuestro trabajo en base a las siguientes l&iacute;neas de investigaci&oacute;n:\n&nbsp;\n\nBiopel&iacute;culas, Biodeterioro y Corrosi&oacute;n Microbiana\nBiodegradaci&oacute;n y Biorremediaci&oacute;n\nNanotecnolog&iacute;a de Pol&iacute;meros y Biopol&iacute;meros\nComportamiento de Materiales en Servicio\nSinterizados y Nuevos Materiales\nMicrobiolog&iacute;a Molecular y Biotecnolog&iacute;a\n","parent":0,"count":17,"filter":"raw","term_order":"0"},{"term_id":498,"name":"Dise\u00f1o y fabricaci\u00f3n industrial","slug":"diseno-y-fabricacion-industrial","term_group":0,"term_taxonomy_id":498,"taxonomy":"donde","description":"","parent":0,"count":18,"filter":"raw","term_order":"0"}],"infraestructura":[],"ods":[],"origen":[{"term_id":180,"name":"Patente","slug":"patente","term_group":0,"term_taxonomy_id":180,"taxonomy":"origen","description":"","parent":0,"count":614,"filter":"raw","term_order":"0"}],"familia_tax":false,"quien_tax":false,"donde_tax":false,"year":"0000-00-00","contacto":"<strong>Principales: <\/strong><ul><li>Mar\u00eda Del Mar Recio D\u00edaz <blockquote><strong>mariadelmar.recio@upm.es<\/strong><\/blockquote><\/li><li>Pedro Armisen Bobo <blockquote><strong>pedro.armisen@upm.es<\/strong><\/blockquote><\/li><\/ul><strong>Otros investigadores UPM: <\/strong><ul><li>Fernando Navarrete Rom\u00e1n E.T.S. de Ingenier\u00eda y Dise\u00f1o Industrial<\/li><\/ul>","telefono":"","pagina_web":"","email":"","id_ficha_portal":"1543","video":"","adjuntos":false,"adjuntos_portal":"https:\/\/www.upm.es\/S2i\/Acuse\/recuperarArchivo.jsp?id=1543&id_archivo=12215&tipo=patente&extension=fichero ","inf":false,"departamento":"","acf":[],"lang":"es","translation":{"es":8818},"_links":{"self":[{"href":"https:\/\/www.upm.es\/recursosidi\/wp-json\/wp\/v2\/product\/8818"}],"collection":[{"href":"https:\/\/www.upm.es\/recursosidi\/wp-json\/wp\/v2\/product"}],"about":[{"href":"https:\/\/www.upm.es\/recursosidi\/wp-json\/wp\/v2\/types\/product"}],"wp:attachment":[{"href":"https:\/\/www.upm.es\/recursosidi\/wp-json\/wp\/v2\/media?parent=8818"}],"wp:term":[{"taxonomy":"product_cat","embeddable":true,"href":"https:\/\/www.upm.es\/recursosidi\/wp-json\/wp\/v2\/product_cat?post=8818"},{"taxonomy":"product_tag","embeddable":true,"href":"https:\/\/www.upm.es\/recursosidi\/wp-json\/wp\/v2\/product_tag?post=8818"},{"taxonomy":"comunidad_upm","embeddable":true,"href":"https:\/\/www.upm.es\/recursosidi\/wp-json\/wp\/v2\/comunidades-upm?post=8818"},{"taxonomy":"quien","embeddable":true,"href":"https:\/\/www.upm.es\/recursosidi\/wp-json\/wp\/v2\/quien?post=8818"},{"taxonomy":"mapa","embeddable":true,"href":"https:\/\/www.upm.es\/recursosidi\/wp-json\/wp\/v2\/mapa?post=8818"},{"taxonomy":"disponibilidad","embeddable":true,"href":"https:\/\/www.upm.es\/recursosidi\/wp-json\/wp\/v2\/disponibilidad?post=8818"},{"taxonomy":"donde","embeddable":true,"href":"https:\/\/www.upm.es\/recursosidi\/wp-json\/wp\/v2\/donde?post=8818"},{"taxonomy":"infraestructura","embeddable":true,"href":"https:\/\/www.upm.es\/recursosidi\/wp-json\/wp\/v2\/infraestructura?post=8818"},{"taxonomy":"ods","embeddable":true,"href":"https:\/\/www.upm.es\/recursosidi\/wp-json\/wp\/v2\/ods?post=8818"},{"taxonomy":"origen","embeddable":true,"href":"https:\/\/www.upm.es\/recursosidi\/wp-json\/wp\/v2\/origen?post=8818"}],"curies":[{"name":"wp","href":"https:\/\/api.w.org\/{rel}","templated":true}]}}