{"id":8820,"date":"2021-11-25T14:24:33","date_gmt":"2021-11-25T13:24:33","guid":{"rendered":"https:\/\/www.upm.es\/recursosidi\/offers-resources\/sin%20categor\u00eda\/sistema-de-deflexion-y-antivuelco-para-instalaciones-que-comprenden-paneles-solares\/"},"modified":"2026-04-22T02:30:20","modified_gmt":"2026-04-22T00:30:20","slug":"sistema-de-deflexion-y-antivuelco-para-instalaciones-que-comprenden-paneles-solares","status":"publish","type":"product","link":"https:\/\/www.upm.es\/recursosidi\/offers-resources\/patentes\/sistema-de-deflexion-y-antivuelco-para-instalaciones-que-comprenden-paneles-solares\/","title":{"rendered":"SISTEMA DE DEFLEXI\u00d3N Y ANTIVUELCO, PARA INSTALACIONES QUE COMPRENDEN PANELES SOLARES"},"content":{"rendered":"<h5>Descripci\u00f3n de la patente <\/h5>\n<p>Sistema de deflexi&oacute;n para instalaciones de paneles<br \/>solares (2), t&eacute;rmicos o fotovoltaicos, los cuales se<br \/>encuentran inclinados respecto de un suelo, que tiene<br \/>como objetivo evitar el vuelco de dichos paneles (2)<br \/>debido a la acci&oacute;n del viento que incide en su cara<br \/>posterior. Dicho sistema comprende un elemento<br \/>deflector (1) configurado para fijarse a un panel solar<br \/>(2), que comprende dos chapas deflectoras (11, 12)<br \/>configuradas para unirse por la parte posterior de<br \/>dicho panel (2) formando una estructura tubular que<br \/>comprende una secci&oacute;n de tres lados. Dichas chapas<br \/>(11, 12) bifurcan la corriente de aire evitando crear un<br \/>efecto vela que pueda arrancar y volcar los paneles<br \/>de su bastidor (3). El elemento deflector (1) tiene la<br \/>posibilidad de graduar su &aacute;ngulo de inclinaci&oacute;n,<br \/>respecto del panel solar (2), en funci&oacute;n de la<br \/>velocidad o intensidad del viento y de las necesidades<br \/>clim&aacute;ticas de la zona. Por otra parte, el sistema<br \/>permite aprovechar parte del aire desviado para su<br \/>uso en edificaciones.<\/p>\n<p><img fetchpriority=\"high\" decoding=\"async\" src=\"https:\/\/www.upm.es\/S2i\/Acuse\/recuperarArchivo.jsp?id=1672&amp;id_archivo=12520&amp;tipo=patente&amp;extension=imagen\" alt=\"Figura 2\" width=\"346\" height=\"218\" \/><\/p>\n<p>&nbsp;<\/p>\n<h5>Situaci\u00f3n <\/h5>\n<p>Concedida<\/p>\n<h5>N\u00famero de solicitud<\/h5>\n<p>P202031100 <\/p>\n<h5>N\u00famero de publicaci\u00f3n<\/h5>\n<p>ES2804375<\/p>\n<h5>Fecha de presentaci\u00f3n <\/h5>\n<p>04\/11\/2020<\/p>\n<h5>Fecha de publicaci\u00f3n <\/h5>\n<p>05\/02\/2021<\/p>\n<h5>Fecha de concesi\u00f3n <\/h5>\n<p>17\/06\/2021<\/p>\n<div class=\"pdfprnt-buttons pdfprnt-buttons-product pdfprnt-bottom-left\"><a href=\"https:\/\/www.upm.es\/recursosidi\/wp-json\/wp\/v2\/product\/8820?print=pdf\" class=\"pdfprnt-button pdfprnt-button-pdf\" target=\"_blank\"><span class=\"pdfprnt-button-title pdfprnt-button-pdf-title\">Descargar ficha<\/span><\/a><\/div>","protected":false},"excerpt":{"rendered":"<p>Descripci\u00f3n de la patente Sistema de deflexi&oacute;n para instalaciones de panelessolares (2), t&eacute;rmicos o fotovoltaicos, los cuales seencuentran inclinados respecto de un suelo, que tienecomo&hellip;<\/p>\n","protected":false},"featured_media":0,"template":"","meta":{"_acf_changed":false},"product_cat":[3946],"product_tag":[3986,3984,3985],"comunidades-upm":[],"quien":[],"mapa":[{"term_id":2405,"name":"Ciencia para la ingenier\u00eda y la arquitectura","slug":"ciencia-para-ingenieria-y-arquitectura","term_group":0,"term_taxonomy_id":2405,"taxonomy":"mapa","description":"","parent":0,"count":127,"filter":"raw","term_order":"7"},{"term_id":133,"name":"Clima, Energ\u00eda y Movilidad","slug":"clima-energia-movilidad","term_group":0,"term_taxonomy_id":133,"taxonomy":"mapa","description":"","parent":0,"count":129,"filter":"raw","term_order":"9"}],"disponibilidad":[],"donde":[{"term_id":3423,"name":"Monitorizaci\u00f3n e Innovaci\u00f3n Tecnol\u00f3gica en Edificaci\u00f3n (MITE)","slug":"monitorizacion-e-innovacion-tecnologica-en-edificacion-mite","term_group":0,"term_taxonomy_id":3423,"taxonomy":"donde","description":"","parent":0,"count":26,"filter":"raw","term_order":"0"}],"infraestructura":[],"ods":[],"origen":[{"term_id":180,"name":"Patente","slug":"patente","term_group":0,"term_taxonomy_id":180,"taxonomy":"origen","description":"","parent":0,"count":614,"filter":"raw","term_order":"0"}],"familia_tax":false,"quien_tax":false,"donde_tax":false,"year":"","contacto":"<strong>Principales: <\/strong><ul><li>Daniel Ferr\u00e1ndez Vega <blockquote><strong>daniel.fvega@upm.es<\/strong><\/blockquote><\/li><li>Carlos Mor\u00f3n Fern\u00e1ndez <blockquote><strong>carlos.moron@upm.es<\/strong><\/blockquote><\/li><li>MANUEL ALVAREZ DORADO <blockquote><strong>manuel.alvarezd@upm.es<\/strong><\/blockquote><\/li><\/ul><strong>Otros investigadores UPM: <\/strong><ul><li>Jorge Pablo Diaz Velilla<\/li><\/ul>","telefono":"","pagina_web":"","email":"","id_ficha_portal":"1672","video":"","adjuntos":false,"adjuntos_portal":"https:\/\/www.upm.es\/S2i\/Acuse\/recuperarArchivo.jsp?id=1672&id_archivo=12187&tipo=patente&extension=fichero ","inf":false,"departamento":"","acf":[],"lang":"es","translation":{"es":8820},"_links":{"self":[{"href":"https:\/\/www.upm.es\/recursosidi\/wp-json\/wp\/v2\/product\/8820"}],"collection":[{"href":"https:\/\/www.upm.es\/recursosidi\/wp-json\/wp\/v2\/product"}],"about":[{"href":"https:\/\/www.upm.es\/recursosidi\/wp-json\/wp\/v2\/types\/product"}],"wp:attachment":[{"href":"https:\/\/www.upm.es\/recursosidi\/wp-json\/wp\/v2\/media?parent=8820"}],"wp:term":[{"taxonomy":"product_cat","embeddable":true,"href":"https:\/\/www.upm.es\/recursosidi\/wp-json\/wp\/v2\/product_cat?post=8820"},{"taxonomy":"product_tag","embeddable":true,"href":"https:\/\/www.upm.es\/recursosidi\/wp-json\/wp\/v2\/product_tag?post=8820"},{"taxonomy":"comunidad_upm","embeddable":true,"href":"https:\/\/www.upm.es\/recursosidi\/wp-json\/wp\/v2\/comunidades-upm?post=8820"},{"taxonomy":"quien","embeddable":true,"href":"https:\/\/www.upm.es\/recursosidi\/wp-json\/wp\/v2\/quien?post=8820"},{"taxonomy":"mapa","embeddable":true,"href":"https:\/\/www.upm.es\/recursosidi\/wp-json\/wp\/v2\/mapa?post=8820"},{"taxonomy":"disponibilidad","embeddable":true,"href":"https:\/\/www.upm.es\/recursosidi\/wp-json\/wp\/v2\/disponibilidad?post=8820"},{"taxonomy":"donde","embeddable":true,"href":"https:\/\/www.upm.es\/recursosidi\/wp-json\/wp\/v2\/donde?post=8820"},{"taxonomy":"infraestructura","embeddable":true,"href":"https:\/\/www.upm.es\/recursosidi\/wp-json\/wp\/v2\/infraestructura?post=8820"},{"taxonomy":"ods","embeddable":true,"href":"https:\/\/www.upm.es\/recursosidi\/wp-json\/wp\/v2\/ods?post=8820"},{"taxonomy":"origen","embeddable":true,"href":"https:\/\/www.upm.es\/recursosidi\/wp-json\/wp\/v2\/origen?post=8820"}],"curies":[{"name":"wp","href":"https:\/\/api.w.org\/{rel}","templated":true}]}}