{"id":8823,"date":"2021-11-25T14:24:41","date_gmt":"2021-11-25T13:24:41","guid":{"rendered":"https:\/\/www.upm.es\/recursosidi\/offers-resources\/sin%20categor\u00eda\/sistema-de-vibrado-para-materiales-conglomerantes-de-construccion\/"},"modified":"2025-07-31T02:54:40","modified_gmt":"2025-07-31T00:54:40","slug":"sistema-de-vibrado-para-materiales-conglomerantes-de-construccion","status":"publish","type":"product","link":"https:\/\/www.upm.es\/recursosidi\/offers-resources\/patentes\/sistema-de-vibrado-para-materiales-conglomerantes-de-construccion\/","title":{"rendered":"Sistema de vibrado para materiales conglomerantes de construcci\u00f3n"},"content":{"rendered":"<h5>Descripci\u00f3n de la patente <\/h5>\n<p>Sistema de vibrado para materiales conglomerantes<br \/>de construcci&oacute;n que comprende: un molde (1) de<br \/>encofrado configurado para alojar material<br \/>conglomerante (4) de construcci&oacute;n; medios (2) de<br \/>desplazamiento, configurados para permitir el<br \/>desplazamiento del molde (1) de encofrado a lo largo<br \/>de una direcci&oacute;n horizontal: y dos dispositivos<br \/>vibradores (3); en el que cada uno de los dispositivos<br \/>vibradores (3) est&aacute; unido a un extremo del molde de<br \/>encofrado y en el que los dos dispositivos vibradores<br \/>(3) est&aacute;n desfasados 90&ordm; entre s&iacute;.<\/p>\n<p><img fetchpriority=\"high\" decoding=\"async\" src=\"https:\/\/www.upm.es\/S2i\/Acuse\/recuperarArchivo.jsp?id=1544&amp;id_archivo=12620&amp;tipo=patente&amp;extension=imagen\" alt=\"Figura 1\" width=\"508\" height=\"181\" \/><\/p>\n<h5>N\u00famero de solicitud<\/h5>\n<p>U202032025<\/p>\n<h5>N\u00famero de publicaci\u00f3n<\/h5>\n<p>ES2736158<\/p>\n<h5>Fecha de presentaci\u00f3n <\/h5>\n<p>14\/06\/2019<\/p>\n<h5>Fecha de publicaci\u00f3n <\/h5>\n<p>26\/12\/2019<\/p>\n<h5>Fecha de concesi\u00f3n <\/h5>\n<p>02\/02\/2021<\/p>\n<div class=\"pdfprnt-buttons pdfprnt-buttons-product pdfprnt-bottom-left\"><a href=\"https:\/\/www.upm.es\/recursosidi\/wp-json\/wp\/v2\/product\/8823?print=pdf\" class=\"pdfprnt-button pdfprnt-button-pdf\" target=\"_blank\"><span class=\"pdfprnt-button-title pdfprnt-button-pdf-title\">Descargar ficha<\/span><\/a><\/div>","protected":false},"excerpt":{"rendered":"<p>Descripci\u00f3n de la patente Sistema de vibrado para materiales conglomerantesde construcci&oacute;n que comprende: un molde (1) deencofrado configurado para alojar materialconglomerante (4) de construcci&oacute;n; medios&hellip;<\/p>\n","protected":false},"featured_media":0,"template":"","meta":{"_acf_changed":false},"product_cat":[3946],"product_tag":[2425,4092,4334,4333],"comunidades-upm":[],"quien":[],"mapa":[{"term_id":124,"name":"Arquitectura, Baukultur y creatividad","slug":"arquitectura-baukultur-creatividad","term_group":0,"term_taxonomy_id":124,"taxonomy":"mapa","description":"","parent":0,"count":25,"filter":"raw","term_order":"4"},{"term_id":135,"name":"Industria, materiales y econom\u00eda circular","slug":"industria-materiales-economia_circular","term_group":0,"term_taxonomy_id":135,"taxonomy":"mapa","description":"","parent":0,"count":165,"filter":"raw","term_order":"13"}],"disponibilidad":[],"donde":[{"term_id":3423,"name":"Monitorizaci\u00f3n e Innovaci\u00f3n Tecnol\u00f3gica en Edificaci\u00f3n (MITE)","slug":"monitorizacion-e-innovacion-tecnologica-en-edificacion-mite","term_group":0,"term_taxonomy_id":3423,"taxonomy":"donde","description":"","parent":0,"count":26,"filter":"raw","term_order":"0"}],"infraestructura":[],"ods":[],"origen":[{"term_id":180,"name":"Patente","slug":"patente","term_group":0,"term_taxonomy_id":180,"taxonomy":"origen","description":"","parent":0,"count":614,"filter":"raw","term_order":"0"}],"familia_tax":false,"quien_tax":false,"donde_tax":false,"year":"0000-00-00","contacto":"<strong>Principales: <\/strong><ul><li>Daniel Ferr\u00e1ndez Vega <blockquote><strong>daniel.fvega@upm.es<\/strong><\/blockquote><\/li><li>Carlos Mor\u00f3n Fern\u00e1ndez <blockquote><strong>carlos.moron@upm.es<\/strong><\/blockquote><\/li><\/ul><strong>Otros investigadores UPM: <\/strong><ul><li>Alberto Mor\u00f3n Barrios E.T.S. de Edificaci\u00f3n<\/li><\/ul><strong>Otros inventores: <\/strong><ul><li>Pablo Saiz Mart\u00ednez UNIVERSIDAD REY JUAN CARLOS<\/li> <\/ul>","telefono":"","pagina_web":"","email":"","id_ficha_portal":"1544","video":"","adjuntos":false,"adjuntos_portal":"https:\/\/www.upm.es\/S2i\/Acuse\/recuperarArchivo.jsp?id=1544&id_archivo=11541&tipo=patente&extension=fichero ","inf":false,"departamento":"","acf":[],"lang":"es","translation":{"es":8823},"_links":{"self":[{"href":"https:\/\/www.upm.es\/recursosidi\/wp-json\/wp\/v2\/product\/8823"}],"collection":[{"href":"https:\/\/www.upm.es\/recursosidi\/wp-json\/wp\/v2\/product"}],"about":[{"href":"https:\/\/www.upm.es\/recursosidi\/wp-json\/wp\/v2\/types\/product"}],"wp:attachment":[{"href":"https:\/\/www.upm.es\/recursosidi\/wp-json\/wp\/v2\/media?parent=8823"}],"wp:term":[{"taxonomy":"product_cat","embeddable":true,"href":"https:\/\/www.upm.es\/recursosidi\/wp-json\/wp\/v2\/product_cat?post=8823"},{"taxonomy":"product_tag","embeddable":true,"href":"https:\/\/www.upm.es\/recursosidi\/wp-json\/wp\/v2\/product_tag?post=8823"},{"taxonomy":"comunidad_upm","embeddable":true,"href":"https:\/\/www.upm.es\/recursosidi\/wp-json\/wp\/v2\/comunidades-upm?post=8823"},{"taxonomy":"quien","embeddable":true,"href":"https:\/\/www.upm.es\/recursosidi\/wp-json\/wp\/v2\/quien?post=8823"},{"taxonomy":"mapa","embeddable":true,"href":"https:\/\/www.upm.es\/recursosidi\/wp-json\/wp\/v2\/mapa?post=8823"},{"taxonomy":"disponibilidad","embeddable":true,"href":"https:\/\/www.upm.es\/recursosidi\/wp-json\/wp\/v2\/disponibilidad?post=8823"},{"taxonomy":"donde","embeddable":true,"href":"https:\/\/www.upm.es\/recursosidi\/wp-json\/wp\/v2\/donde?post=8823"},{"taxonomy":"infraestructura","embeddable":true,"href":"https:\/\/www.upm.es\/recursosidi\/wp-json\/wp\/v2\/infraestructura?post=8823"},{"taxonomy":"ods","embeddable":true,"href":"https:\/\/www.upm.es\/recursosidi\/wp-json\/wp\/v2\/ods?post=8823"},{"taxonomy":"origen","embeddable":true,"href":"https:\/\/www.upm.es\/recursosidi\/wp-json\/wp\/v2\/origen?post=8823"}],"curies":[{"name":"wp","href":"https:\/\/api.w.org\/{rel}","templated":true}]}}