{"id":8824,"date":"2021-11-25T14:24:43","date_gmt":"2021-11-25T13:24:43","guid":{"rendered":"https:\/\/www.upm.es\/recursosidi\/offers-resources\/sin%20categor\u00eda\/metodo-de-control-de-un-convertidor-electronico-cc-ca-trifasico-con-fallo-en-una-fase\/"},"modified":"2024-10-31T02:28:43","modified_gmt":"2024-10-31T01:28:43","slug":"metodo-de-control-de-un-convertidor-electronico-cc-ca-trifasico-con-fallo-en-una-fase","status":"publish","type":"product","link":"https:\/\/www.upm.es\/recursosidi\/offers-resources\/patentes\/metodo-de-control-de-un-convertidor-electronico-cc-ca-trifasico-con-fallo-en-una-fase\/","title":{"rendered":"M\u00e9todo de control de un convertidor electr\u00f3nico CC\/CA trif\u00e1sico con fallo en una fase"},"content":{"rendered":"<h5>Descripci\u00f3n de la patente <\/h5>\n<p>M&eacute;todo de control de un convertidor electr&oacute;nico<br \/>CC\/CA trif&aacute;sico con fallo en una fase.<br \/>Se divulga un m&eacute;todo de control de un convertidor<br \/>electr&oacute;nico de CC\/CA trif&aacute;sico conectado a una red<br \/>el&eacute;ctrica, en el que uno o dos interruptores de la<br \/>misma fase, se encuentran averiados. El convertidor<br \/>tiene una tensi&oacute;n de entrada (Vcc) y un vector<br \/>tensi&oacute;n de salida ((vector v)ref) cuyos vectores<br \/>posibles antes de la aver&iacute;a definen un hex&aacute;gono y<br \/>despu&eacute;s de la aver&iacute;a definen un rombo. El m&eacute;todo<br \/>comprende reconstruir y estabilizar un hex&aacute;gono<br \/>formado por seis vectores espaciales a 60&ordm; a partir de<br \/>los cuatro vectores espaciales disponibles despu&eacute;s<br \/>de la aver&iacute;a, que permita modular mediante un<br \/>modulador de vectores espaciales &#8220;SVM&#8221;<br \/>convencional el vector de salida del convertidor<br \/>((vector v)ref ). El m&eacute;todo tiene en cuenta las<br \/>variaciones de tensi&oacute;n en el bus de CC del<br \/>convertidor electr&oacute;nico para estabilizar el hex&aacute;gono<br \/>regular.<\/p>\n<p><img fetchpriority=\"high\" decoding=\"async\" src=\"https:\/\/www.upm.es\/S2i\/Acuse\/recuperarArchivo.jsp?id=1554&amp;id_archivo=12591&amp;tipo=patente&amp;extension=imagen\" alt=\"Figura 7\" width=\"501\" height=\"327\" \/><\/p>\n<p>&nbsp;<\/p>\n<h5>N\u00famero de solicitud<\/h5>\n<p>P201930835<\/p>\n<h5>N\u00famero de publicaci\u00f3n<\/h5>\n<p>ES2735639<\/p>\n<h5>Fecha de presentaci\u00f3n <\/h5>\n<p>27\/09\/2019<\/p>\n<h5>Fecha de publicaci\u00f3n <\/h5>\n<p>19\/12\/2019<\/p>\n<h5>Fecha de concesi\u00f3n <\/h5>\n<p>27\/04\/2020<\/p>\n<div class=\"pdfprnt-buttons pdfprnt-buttons-product pdfprnt-bottom-left\"><a href=\"https:\/\/www.upm.es\/recursosidi\/wp-json\/wp\/v2\/product\/8824?print=pdf\" class=\"pdfprnt-button pdfprnt-button-pdf\" target=\"_blank\"><span class=\"pdfprnt-button-title pdfprnt-button-pdf-title\">Descargar ficha<\/span><\/a><\/div>","protected":false},"excerpt":{"rendered":"<p>Descripci\u00f3n de la patente M&eacute;todo de control de un convertidor electr&oacute;nicoCC\/CA trif&aacute;sico con fallo en una fase.Se divulga un m&eacute;todo de control de un convertidorelectr&oacute;nico&hellip;<\/p>\n","protected":false},"featured_media":0,"template":"","meta":{"_acf_changed":false},"product_cat":[3946],"product_tag":[4259,4258,4260,4198],"comunidades-upm":[],"quien":[],"mapa":[{"term_id":2405,"name":"Ciencia para la ingenier\u00eda y la arquitectura","slug":"ciencia-para-ingenieria-y-arquitectura","term_group":0,"term_taxonomy_id":2405,"taxonomy":"mapa","description":"","parent":0,"count":127,"filter":"raw","term_order":"7"},{"term_id":133,"name":"Clima, Energ\u00eda y Movilidad","slug":"clima-energia-movilidad","term_group":0,"term_taxonomy_id":133,"taxonomy":"mapa","description":"","parent":0,"count":129,"filter":"raw","term_order":"9"},{"term_id":135,"name":"Industria, materiales y econom\u00eda circular","slug":"industria-materiales-economia_circular","term_group":0,"term_taxonomy_id":135,"taxonomy":"mapa","description":"","parent":0,"count":165,"filter":"raw","term_order":"13"}],"disponibilidad":[],"donde":[{"term_id":546,"name":"Centro de Electr\u00f3nica Industrial (CEI)","slug":"centro-de-electronica-industrial-cei","term_group":0,"term_taxonomy_id":546,"taxonomy":"donde","description":"","parent":0,"count":25,"filter":"raw","term_order":"0"},{"term_id":374,"name":"Generaci\u00f3n el\u00e9ctrica con energ\u00eda e\u00f3lica","slug":"generacion-electrica-con-energia-eolica","term_group":0,"term_taxonomy_id":374,"taxonomy":"donde","description":"","parent":0,"count":70,"filter":"raw","term_order":"0"}],"infraestructura":[],"ods":[],"origen":[{"term_id":180,"name":"Patente","slug":"patente","term_group":0,"term_taxonomy_id":180,"taxonomy":"origen","description":"","parent":0,"count":614,"filter":"raw","term_order":"0"}],"familia_tax":false,"quien_tax":false,"donde_tax":false,"year":"","contacto":"<strong>Principales: <\/strong><ul><li>MOHAMMAD EBRAHIM ZAREI . <blockquote><strong>me.zarei@alumnos.upm.es<\/strong><\/blockquote><\/li><li>DIONISIO RAMIREZ PRIETO <blockquote><strong>dionisio.ramirez@upm.es<\/strong><\/blockquote><\/li><\/ul><strong>Otros inventores: <\/strong><ul><li>FERNANDO MART\u00cdNEZ RODRIGO Universidad de Valladolid<\/li> <li>Luis CarlosHerrero De Lucas Universidad de Valladolid<\/li> <\/ul>","telefono":"","pagina_web":"","email":"","id_ficha_portal":"1554","video":"","adjuntos":false,"adjuntos_portal":"https:\/\/www.upm.es\/S2i\/Acuse\/recuperarArchivo.jsp?id=1554&id_archivo=11055&tipo=patente&extension=fichero ","inf":false,"departamento":"","acf":[],"lang":"es","translation":{"es":8824},"_links":{"self":[{"href":"https:\/\/www.upm.es\/recursosidi\/wp-json\/wp\/v2\/product\/8824"}],"collection":[{"href":"https:\/\/www.upm.es\/recursosidi\/wp-json\/wp\/v2\/product"}],"about":[{"href":"https:\/\/www.upm.es\/recursosidi\/wp-json\/wp\/v2\/types\/product"}],"wp:attachment":[{"href":"https:\/\/www.upm.es\/recursosidi\/wp-json\/wp\/v2\/media?parent=8824"}],"wp:term":[{"taxonomy":"product_cat","embeddable":true,"href":"https:\/\/www.upm.es\/recursosidi\/wp-json\/wp\/v2\/product_cat?post=8824"},{"taxonomy":"product_tag","embeddable":true,"href":"https:\/\/www.upm.es\/recursosidi\/wp-json\/wp\/v2\/product_tag?post=8824"},{"taxonomy":"comunidad_upm","embeddable":true,"href":"https:\/\/www.upm.es\/recursosidi\/wp-json\/wp\/v2\/comunidades-upm?post=8824"},{"taxonomy":"quien","embeddable":true,"href":"https:\/\/www.upm.es\/recursosidi\/wp-json\/wp\/v2\/quien?post=8824"},{"taxonomy":"mapa","embeddable":true,"href":"https:\/\/www.upm.es\/recursosidi\/wp-json\/wp\/v2\/mapa?post=8824"},{"taxonomy":"disponibilidad","embeddable":true,"href":"https:\/\/www.upm.es\/recursosidi\/wp-json\/wp\/v2\/disponibilidad?post=8824"},{"taxonomy":"donde","embeddable":true,"href":"https:\/\/www.upm.es\/recursosidi\/wp-json\/wp\/v2\/donde?post=8824"},{"taxonomy":"infraestructura","embeddable":true,"href":"https:\/\/www.upm.es\/recursosidi\/wp-json\/wp\/v2\/infraestructura?post=8824"},{"taxonomy":"ods","embeddable":true,"href":"https:\/\/www.upm.es\/recursosidi\/wp-json\/wp\/v2\/ods?post=8824"},{"taxonomy":"origen","embeddable":true,"href":"https:\/\/www.upm.es\/recursosidi\/wp-json\/wp\/v2\/origen?post=8824"}],"curies":[{"name":"wp","href":"https:\/\/api.w.org\/{rel}","templated":true}]}}