{"id":8826,"date":"2021-11-25T14:24:49","date_gmt":"2021-11-25T13:24:49","guid":{"rendered":"https:\/\/www.upm.es\/recursosidi\/offers-resources\/sin%20categor\u00eda\/complemento-deportivo-versatil-destinado-a-la-natacion-de-entrenamiento\/"},"modified":"2022-08-10T02:25:38","modified_gmt":"2022-08-10T00:25:38","slug":"complemento-deportivo-versatil-destinado-a-la-natacion-de-entrenamiento","status":"publish","type":"product","link":"https:\/\/www.upm.es\/recursosidi\/offers-resources\/patentes\/complemento-deportivo-versatil-destinado-a-la-natacion-de-entrenamiento\/","title":{"rendered":"COMPLEMENTO DEPORTIVO VERS\u00c1TIL DESTINADO A LA NATACI\u00d3N DE ENTRENAMIENTO"},"content":{"rendered":"<h5>Descripci\u00f3n de la patente <\/h5>\n<p>Complemento deportivo vers&aacute;til destinado a la<br \/>nataci&oacute;n de entrenamiento, que comprende una aleta<br \/>(2), con un fondo (10) con orificios inferiores (14), una<br \/>protuberancia (7) sobre el fondo (10), con unos<br \/>orificios superiores (9) alineados con los orificios<br \/>inferiores (14), que crea un ra&iacute;l (11), y una pala (3)<br \/>con orificios de la pala (16) para la introducci&oacute;n de un<br \/>macarr&oacute;n flexible (19), que comprende una calza que<br \/>forma una cavidad para la introducci&oacute;n de un pie,<br \/>donde la inserci&oacute;n de la pala (3) en el ra&iacute;l (11)<br \/>provoca la alineaci&oacute;n de los orificios de la aleta (9, 14)<br \/>con los orificios de la pala (3) para habilitar la<br \/>inserci&oacute;n del macarr&oacute;n flexible (19) de forma que el<br \/>complemento deportivo (1) se puede utilizar con la<br \/>pala (3) unida a la aleta (2) para ejercitar el tren<br \/>inferior o con la pala (3) independientemente para<br \/>ejercitar el tren superior.<\/p>\n<p><img fetchpriority=\"high\" decoding=\"async\" src=\"https:\/\/www.upm.es\/S2i\/Acuse\/recuperarArchivo.jsp?id=1662&amp;id_archivo=12535&amp;tipo=patente&amp;extension=imagen\" alt=\"Figura 1\" width=\"470\" height=\"382\" \/><\/p>\n<p>&nbsp;<\/p>\n<h5>Situaci\u00f3n <\/h5>\n<p>Concedida<\/p>\n<h5>N\u00famero de solicitud<\/h5>\n<p>P202030931<\/p>\n<h5>N\u00famero de publicaci\u00f3n<\/h5>\n<p>ES2808473<\/p>\n<h5>Fecha de presentaci\u00f3n <\/h5>\n<p>14\/09\/2020<\/p>\n<h5>Fecha de publicaci\u00f3n <\/h5>\n<p>26\/02\/2021<\/p>\n<h5>Fecha de concesi\u00f3n <\/h5>\n<p>10\/09\/2021<\/p>\n<div class=\"pdfprnt-buttons pdfprnt-buttons-product pdfprnt-bottom-left\"><a href=\"https:\/\/www.upm.es\/recursosidi\/wp-json\/wp\/v2\/product\/8826?print=pdf\" class=\"pdfprnt-button pdfprnt-button-pdf\" target=\"_blank\"><span class=\"pdfprnt-button-title pdfprnt-button-pdf-title\">Descargar ficha<\/span><\/a><\/div>","protected":false},"excerpt":{"rendered":"<p>Descripci\u00f3n de la patente Complemento deportivo vers&aacute;til destinado a lanataci&oacute;n de entrenamiento, que comprende una aleta(2), con un fondo (10) con orificios inferiores (14), unaprotuberancia&hellip;<\/p>\n","protected":false},"featured_media":0,"template":"","meta":{"_acf_changed":false},"product_cat":[3946],"product_tag":[3983,3201,3982],"comunidades-upm":[],"quien":[],"mapa":[{"term_id":122,"name":"Salud y bienestar","slug":"salud-y-bienestar","term_group":0,"term_taxonomy_id":122,"taxonomy":"mapa","description":"","parent":0,"count":105,"filter":"raw","term_order":"17"}],"disponibilidad":[],"donde":[{"term_id":392,"name":"Bioingenier\u00eda y Materiales (BIO-MAT)","slug":"bioingenieria-y-materiales-bio-mat","term_group":0,"term_taxonomy_id":392,"taxonomy":"donde","description":"En el <a href=\"http:\/\/www.upm.es\/observatorio\/vi\/index.jsp?pageac=grupo.jsp&amp;idGrupo=222\">Grupo de Bioingenier&iacute;a y Materiales (BIO-MAT)<\/a> desarrollamos nuestro trabajo en base a las siguientes l&iacute;neas de investigaci&oacute;n:\n&nbsp;\n\nBiopel&iacute;culas, Biodeterioro y Corrosi&oacute;n Microbiana\nBiodegradaci&oacute;n y Biorremediaci&oacute;n\nNanotecnolog&iacute;a de Pol&iacute;meros y Biopol&iacute;meros\nComportamiento de Materiales en Servicio\nSinterizados y Nuevos Materiales\nMicrobiolog&iacute;a Molecular y Biotecnolog&iacute;a\n","parent":0,"count":17,"filter":"raw","term_order":"0"},{"term_id":498,"name":"Dise\u00f1o y fabricaci\u00f3n industrial","slug":"diseno-y-fabricacion-industrial","term_group":0,"term_taxonomy_id":498,"taxonomy":"donde","description":"","parent":0,"count":18,"filter":"raw","term_order":"0"}],"infraestructura":[],"ods":[],"origen":[{"term_id":180,"name":"Patente","slug":"patente","term_group":0,"term_taxonomy_id":180,"taxonomy":"origen","description":"","parent":0,"count":614,"filter":"raw","term_order":"0"}],"familia_tax":false,"quien_tax":false,"donde_tax":false,"year":"","contacto":"<strong>Principales: <\/strong><ul><li>FRANCISCA VICTORIA SANCHEZ MARTINEZ <blockquote><strong>franciscavictoria.sanchez@upm.es<\/strong><\/blockquote><\/li><li>MARIA DEL MAR RECIO DIAZ <blockquote><strong>mariadelmar.recio@upm.es<\/strong><\/blockquote><\/li><li>PEDRO ARMISEN BOBO <blockquote><strong>pedro.armisen@upm.es<\/strong><\/blockquote><\/li><\/ul><strong>Otros inventores UPM: <\/strong><ul><li>Jes\u00fas Mart\u00edn D\u00edez de O\u00f1ate E.T.S. de Ingenier\u00eda y Dise\u00f1o Industrial<\/li><\/ul>","telefono":"","pagina_web":"","email":"","id_ficha_portal":"1662","video":"","adjuntos":false,"adjuntos_portal":"https:\/\/www.upm.es\/S2i\/Acuse\/recuperarArchivo.jsp?id=1662&id_archivo=12333&tipo=patente&extension=fichero ","inf":false,"departamento":"","acf":[],"lang":"es","translation":{"es":8826},"_links":{"self":[{"href":"https:\/\/www.upm.es\/recursosidi\/wp-json\/wp\/v2\/product\/8826"}],"collection":[{"href":"https:\/\/www.upm.es\/recursosidi\/wp-json\/wp\/v2\/product"}],"about":[{"href":"https:\/\/www.upm.es\/recursosidi\/wp-json\/wp\/v2\/types\/product"}],"wp:attachment":[{"href":"https:\/\/www.upm.es\/recursosidi\/wp-json\/wp\/v2\/media?parent=8826"}],"wp:term":[{"taxonomy":"product_cat","embeddable":true,"href":"https:\/\/www.upm.es\/recursosidi\/wp-json\/wp\/v2\/product_cat?post=8826"},{"taxonomy":"product_tag","embeddable":true,"href":"https:\/\/www.upm.es\/recursosidi\/wp-json\/wp\/v2\/product_tag?post=8826"},{"taxonomy":"comunidad_upm","embeddable":true,"href":"https:\/\/www.upm.es\/recursosidi\/wp-json\/wp\/v2\/comunidades-upm?post=8826"},{"taxonomy":"quien","embeddable":true,"href":"https:\/\/www.upm.es\/recursosidi\/wp-json\/wp\/v2\/quien?post=8826"},{"taxonomy":"mapa","embeddable":true,"href":"https:\/\/www.upm.es\/recursosidi\/wp-json\/wp\/v2\/mapa?post=8826"},{"taxonomy":"disponibilidad","embeddable":true,"href":"https:\/\/www.upm.es\/recursosidi\/wp-json\/wp\/v2\/disponibilidad?post=8826"},{"taxonomy":"donde","embeddable":true,"href":"https:\/\/www.upm.es\/recursosidi\/wp-json\/wp\/v2\/donde?post=8826"},{"taxonomy":"infraestructura","embeddable":true,"href":"https:\/\/www.upm.es\/recursosidi\/wp-json\/wp\/v2\/infraestructura?post=8826"},{"taxonomy":"ods","embeddable":true,"href":"https:\/\/www.upm.es\/recursosidi\/wp-json\/wp\/v2\/ods?post=8826"},{"taxonomy":"origen","embeddable":true,"href":"https:\/\/www.upm.es\/recursosidi\/wp-json\/wp\/v2\/origen?post=8826"}],"curies":[{"name":"wp","href":"https:\/\/api.w.org\/{rel}","templated":true}]}}