{"id":8829,"date":"2021-11-25T14:24:57","date_gmt":"2021-11-25T13:24:57","guid":{"rendered":"https:\/\/www.upm.es\/recursosidi\/offers-resources\/sin%20categor\u00eda\/procedimiento-para-obtener-una-protesis-recubierta-con-un-recubrimiento-funcional-y-celulas-adheridas-a-dicho-recubrimiento-asi-como-las-protesis-recubiertas-obtenidas-por-este-procedimiento\/"},"modified":"2022-08-10T02:25:51","modified_gmt":"2022-08-10T00:25:51","slug":"procedimiento-para-obtener-una-protesis-recubierta-con-un-recubrimiento-funcional-y-celulas-adheridas-a-dicho-recubrimiento-asi-como-las-protesis-recubiertas-obtenidas-por-este-procedimiento","status":"publish","type":"product","link":"https:\/\/www.upm.es\/recursosidi\/offers-resources\/patentes\/procedimiento-para-obtener-una-protesis-recubierta-con-un-recubrimiento-funcional-y-celulas-adheridas-a-dicho-recubrimiento-asi-como-las-protesis-recubiertas-obtenidas-por-este-procedimiento\/","title":{"rendered":"PROCEDIMIENTO PARA OBTENER UNA PR\u00d3TESIS RECUBIERTA CON UN RECUBRIMIENTO FUNCIONAL Y C\u00c9LULAS ADHERIDAS A DICHO RECUBRIMIENTO, AS\u00cd COMO LAS PR\u00d3TESIS RECUBIERTAS OBTENIDAS POR ESTE PROCEDIMIENTO"},"content":{"rendered":"<h5>Descripci\u00f3n de la patente <\/h5>\n<p>Procedimiento para obtener una pr&oacute;tesis recubierta<br \/>con un recubrimiento funcional y c&eacute;lulas adheridas a<br \/>dicho recubrimiento, as&iacute; como las pr&oacute;tesis recubiertas<br \/>obtenidas por este procedimiento.<br \/>Un procedimiento para obtener una pr&oacute;tesis<br \/>recubierta que comprende las siguientes etapas:<br \/>depositar una l&aacute;mina funcionalizada con grupos<br \/>reactivos sobre al menos parte de la superficie de una<br \/>pr&oacute;tesis, donde la deposici&oacute;n tiene lugar mediante la<br \/>t&eacute;cnica de silanizaci&oacute;n por vapor activado; inmovilizar<br \/>al menos una mol&eacute;cula org&aacute;nica en la l&aacute;mina<br \/>depositada previamente para obtener un primer<br \/>recubrimiento (funcional); y cultivar in vitro al menos<br \/>un tipo de c&eacute;lulas sobre el primer recubrimiento, en<br \/>condiciones que permiten la supervivencia, adhesi&oacute;n<br \/>celular y, preferentemente, la diferenciaci&oacute;n a linajes<br \/>compatibles con el tejido hu&eacute;sped, dando lugar a la<br \/>pr&oacute;tesis con un segundo recubrimiento (biol&oacute;gico) que<br \/>comprende c&eacute;lulas adheridas al primer recubrimiento<br \/>(funcional). As&iacute; como la pr&oacute;tesis recubierta obtenida<br \/>por este procedimiento.<\/p>\n<p><img fetchpriority=\"high\" decoding=\"async\" src=\"https:\/\/www.upm.es\/S2i\/Acuse\/recuperarArchivo.jsp?id=1498&amp;id_archivo=12581&amp;tipo=patente&amp;extension=imagen\" alt=\"Figura 1\" width=\"555\" height=\"611\" \/><\/p>\n<p>&nbsp;<\/p>\n<h5>Situaci\u00f3n <\/h5>\n<p>Concedida<\/p>\n<h5>N\u00famero de solicitud<\/h5>\n<p>P201930949<\/p>\n<h5>N\u00famero de publicaci\u00f3n<\/h5>\n<p>ES2732949<\/p>\n<h5>Fecha de presentaci\u00f3n <\/h5>\n<p>29\/10\/2019<\/p>\n<h5>Fecha de publicaci\u00f3n <\/h5>\n<p>26\/11\/2019<\/p>\n<h5>Fecha de concesi\u00f3n <\/h5>\n<p>24\/06\/2020<\/p>\n<h4><strong>Extensiones Internacionales<\/strong><\/h4>\n<h5>PCT<\/h5>\n<p><strong>Referencia de la solicitud: <\/strong>PCT\/ES2020\/070628<br \/><strong>T\u00edtulo: <\/strong>PROCEDIMIENTO PARA OBTENER UNA PR\u00d3TESIS RECUBIERTA CON UN RECUBRIMIENTO FUNCIONAL Y C\u00c9LULAS ADHERIDAS A DICHO RECUBRIMIENTO, AS\u00cd COMO LAS PR\u00d3TESIS RECUBIERTAS OBTENIDAS POR ESTE PROCEDIMIENTO<\/p>\n<div class=\"pdfprnt-buttons pdfprnt-buttons-product pdfprnt-bottom-left\"><a href=\"https:\/\/www.upm.es\/recursosidi\/wp-json\/wp\/v2\/product\/8829?print=pdf\" class=\"pdfprnt-button pdfprnt-button-pdf\" target=\"_blank\"><span class=\"pdfprnt-button-title pdfprnt-button-pdf-title\">Descargar ficha<\/span><\/a><\/div>","protected":false},"excerpt":{"rendered":"<p>Descripci\u00f3n de la patente Procedimiento para obtener una pr&oacute;tesis recubiertacon un recubrimiento funcional y c&eacute;lulas adheridas adicho recubrimiento, as&iacute; como las pr&oacute;tesis recubiertasobtenidas por este&hellip;<\/p>\n","protected":false},"featured_media":0,"template":"","meta":{"_acf_changed":false},"product_cat":[3946],"product_tag":[4266,4263,4265,4264,4267,4269,4268],"comunidades-upm":[],"quien":[],"mapa":[{"term_id":137,"name":"Bioeconom\u00eda, Biotecnolog\u00eda y Sistemas Alimentarios","slug":"bioeconomia-biotecnologia-sistemas_alimentarios","term_group":0,"term_taxonomy_id":137,"taxonomy":"mapa","description":"","parent":0,"count":45,"filter":"raw","term_order":"6"},{"term_id":135,"name":"Industria, materiales y econom\u00eda circular","slug":"industria-materiales-economia_circular","term_group":0,"term_taxonomy_id":135,"taxonomy":"mapa","description":"","parent":0,"count":165,"filter":"raw","term_order":"13"}],"disponibilidad":[],"donde":[{"term_id":556,"name":"Centro de Tecnolog\u00eda Biom\u00e9dica (CTB)","slug":"centro-de-tecnologia-biomedica-ctb","term_group":0,"term_taxonomy_id":556,"taxonomy":"donde","description":"","parent":0,"count":84,"filter":"raw","term_order":"0"},{"term_id":342,"name":"Materiales Estructurales Avanzados y Nanomateriales","slug":"materiales-estructurales-avanzados-y-nanomateriales","term_group":0,"term_taxonomy_id":342,"taxonomy":"donde","description":"Llevamos m&aacute;s de 20 a&ntilde;os desarrollando numerosas t&eacute;cnicas experimentales con las que podemos estudiar y caracterizar casi cualquier tipo de material y geometr&iacute;a en una variedad muy amplia de condiciones de servicio.\n&nbsp;\nNuestras l&iacute;neas de investigaci&oacute;n se pueden resumir en:\n&nbsp;\n\nMateriales compuestos\nMateriales para la seguridad\nBiomateriales estructurales\nIntegridad y seguridad estructural\nMateriales para la construcci&oacute;n\nNanomateriales\n","parent":0,"count":32,"filter":"raw","term_order":"0"},{"term_id":620,"name":"Tecnolog\u00edas para Ciencias de la Salud","slug":"tecnologias-para-ciencias-de-la-salud","term_group":0,"term_taxonomy_id":620,"taxonomy":"donde","description":"","parent":0,"count":21,"filter":"raw","term_order":"0"}],"infraestructura":[],"ods":[],"origen":[{"term_id":180,"name":"Patente","slug":"patente","term_group":0,"term_taxonomy_id":180,"taxonomy":"origen","description":"","parent":0,"count":614,"filter":"raw","term_order":"0"}],"familia_tax":false,"quien_tax":false,"donde_tax":false,"year":"","contacto":"<strong>Principales: <\/strong><ul><li>GUSTAVO VICTOR GUINEA TORTUERO <blockquote><strong>gustavovictor.guinea@upm.es<\/strong><\/blockquote><\/li><li>JOSE PEREZ RIGUEIRO <blockquote><strong>jose.perez@upm.es<\/strong><\/blockquote><\/li><li>DANIEL GONZALEZ NIETO <blockquote><strong>daniel.gonzalez.nieto@upm.es<\/strong><\/blockquote><\/li><li>MILAGROS RAMOS GOMEZ <blockquote><strong>milagros.ramos@upm.es<\/strong><\/blockquote><\/li><\/ul>","telefono":"","pagina_web":"","email":"","id_ficha_portal":"1498","video":"","adjuntos":false,"adjuntos_portal":"https:\/\/www.upm.es\/S2i\/Acuse\/recuperarArchivo.jsp?id=1498&id_archivo=11195&tipo=patente&extension=fichero ","inf":false,"departamento":"","acf":[],"lang":"es","translation":{"es":8829},"_links":{"self":[{"href":"https:\/\/www.upm.es\/recursosidi\/wp-json\/wp\/v2\/product\/8829"}],"collection":[{"href":"https:\/\/www.upm.es\/recursosidi\/wp-json\/wp\/v2\/product"}],"about":[{"href":"https:\/\/www.upm.es\/recursosidi\/wp-json\/wp\/v2\/types\/product"}],"wp:attachment":[{"href":"https:\/\/www.upm.es\/recursosidi\/wp-json\/wp\/v2\/media?parent=8829"}],"wp:term":[{"taxonomy":"product_cat","embeddable":true,"href":"https:\/\/www.upm.es\/recursosidi\/wp-json\/wp\/v2\/product_cat?post=8829"},{"taxonomy":"product_tag","embeddable":true,"href":"https:\/\/www.upm.es\/recursosidi\/wp-json\/wp\/v2\/product_tag?post=8829"},{"taxonomy":"comunidad_upm","embeddable":true,"href":"https:\/\/www.upm.es\/recursosidi\/wp-json\/wp\/v2\/comunidades-upm?post=8829"},{"taxonomy":"quien","embeddable":true,"href":"https:\/\/www.upm.es\/recursosidi\/wp-json\/wp\/v2\/quien?post=8829"},{"taxonomy":"mapa","embeddable":true,"href":"https:\/\/www.upm.es\/recursosidi\/wp-json\/wp\/v2\/mapa?post=8829"},{"taxonomy":"disponibilidad","embeddable":true,"href":"https:\/\/www.upm.es\/recursosidi\/wp-json\/wp\/v2\/disponibilidad?post=8829"},{"taxonomy":"donde","embeddable":true,"href":"https:\/\/www.upm.es\/recursosidi\/wp-json\/wp\/v2\/donde?post=8829"},{"taxonomy":"infraestructura","embeddable":true,"href":"https:\/\/www.upm.es\/recursosidi\/wp-json\/wp\/v2\/infraestructura?post=8829"},{"taxonomy":"ods","embeddable":true,"href":"https:\/\/www.upm.es\/recursosidi\/wp-json\/wp\/v2\/ods?post=8829"},{"taxonomy":"origen","embeddable":true,"href":"https:\/\/www.upm.es\/recursosidi\/wp-json\/wp\/v2\/origen?post=8829"}],"curies":[{"name":"wp","href":"https:\/\/api.w.org\/{rel}","templated":true}]}}