{"id":8853,"date":"2021-11-29T13:45:40","date_gmt":"2021-11-29T12:45:40","guid":{"rendered":"https:\/\/www.upm.es\/recursosidi\/offers-resources\/sin categor\u00eda\/dispositivo-para-el-aprovechamiento-de-las-corrientes-marinas-multi-rotor-con-estructura-poligonal\/"},"modified":"2021-11-29T13:45:42","modified_gmt":"2021-11-29T12:45:42","slug":"dispositivo-para-el-aprovechamiento-de-las-corrientes-marinas-multi-rotor-con-estructura-poligonal","status":"publish","type":"product","link":"https:\/\/www.upm.es\/recursosidi\/offers-resources\/patentes\/dispositivo-para-el-aprovechamiento-de-las-corrientes-marinas-multi-rotor-con-estructura-poligonal\/","title":{"rendered":"Dispositivo para el aprovechamiento de las corrientes marinas multi-rotor con estructura poligonal"},"content":{"rendered":"<h5>Descripci\u00f3n de la patente <\/h5>\n<p>1x, 2y, 5a<\/p>\n<h5>Situaci\u00f3n <\/h5>\n<p>Concedida<\/p>\n<h5>N\u00famero de solicitud<\/h5>\n<p>P201430182<\/p>\n<h5>N\u00famero de publicaci\u00f3n<\/h5>\n<p>ES2461440<\/p>\n<h5>Fecha de presentaci\u00f3n <\/h5>\n<p>11\/02\/2014<\/p>\n<h5>Fecha de publicaci\u00f3n <\/h5>\n<p>19\/05\/2014<\/p>\n<h5>Fecha de concesi\u00f3n <\/h5>\n<p>18\/11\/2014<\/p>\n<h4><strong>Extensiones Internacionales<\/strong><\/h4>\n<h5>PA\u00cdSES<\/h5>\n<p><strong>Pa\u00eds: <\/strong>Reino Unido<br \/><strong>N\u00famero de solicitud: <\/strong>1611676.6<br \/><strong>Titulo: <\/strong>MULTI-ROTOR DEVICE WITH A POLYGONAL STRUCTURE FOR THE UTILIZATION OF MARINE CURRENTS<br \/><strong>Situaci\u00f3n: <\/strong>Concedida<\/p>\n<div class=\"pdfprnt-buttons pdfprnt-buttons-product pdfprnt-bottom-left\"><a href=\"https:\/\/www.upm.es\/recursosidi\/wp-json\/wp\/v2\/product\/8853?print=pdf\" class=\"pdfprnt-button pdfprnt-button-pdf\" target=\"_blank\"><span class=\"pdfprnt-button-title pdfprnt-button-pdf-title\">Descargar ficha<\/span><\/a><\/div>","protected":false},"excerpt":{"rendered":"<p>Descripci\u00f3n de la patente 1x, 2y, 5a Situaci\u00f3n Concedida N\u00famero de solicitud P201430182 N\u00famero de publicaci\u00f3n ES2461440 Fecha de presentaci\u00f3n 11\/02\/2014 Fecha de publicaci\u00f3n 19\/05\/2014&hellip;<\/p>\n","protected":false},"featured_media":0,"template":"","meta":{"_acf_changed":false},"product_cat":[3946],"product_tag":[],"comunidades-upm":[],"quien":[],"mapa":[],"disponibilidad":[],"donde":[{"term_id":586,"name":"Grupo de Investigaci\u00f3n Tecnol\u00f3gico en Energ\u00edas Renovables Marinas. -GIT-ERM-","slug":"grupo-de-investigacion-tecnologico-en-energias-renovables-marinas-git-erm","term_group":0,"term_taxonomy_id":586,"taxonomy":"donde","description":"","parent":0,"count":4,"filter":"raw","term_order":"0"}],"infraestructura":[],"ods":[],"origen":[{"term_id":180,"name":"Patente","slug":"patente","term_group":0,"term_taxonomy_id":180,"taxonomy":"origen","description":"","parent":0,"count":614,"filter":"raw","term_order":"0"}],"familia_tax":false,"quien_tax":false,"donde_tax":false,"year":"","contacto":"<strong>Principales: <\/strong><ul><li>Amable Lopez Pi\u00f1eiro <blockquote><strong>amable.lopez@upm.es<\/strong><\/blockquote><\/li><li>Luis Ramon Nu\u00f1ez Rivas <blockquote><strong>luisramon.nunez@upm.es<\/strong><\/blockquote><\/li><li>Jose Andres Somolinos Sanchez <blockquote><strong>joseandres.somolinos@upm.es<\/strong><\/blockquote><\/li><\/ul>","telefono":"","pagina_web":"","email":"","id_ficha_portal":"881","video":"","adjuntos":false,"adjuntos_portal":"https:\/\/www.upm.es\/S2i\/Acuse\/recuperarArchivo.jsp?id=881&id_archivo=2690&tipo=patente&extension=fichero ","inf":false,"departamento":"","acf":[],"lang":"es","translation":{"es":8853},"_links":{"self":[{"href":"https:\/\/www.upm.es\/recursosidi\/wp-json\/wp\/v2\/product\/8853"}],"collection":[{"href":"https:\/\/www.upm.es\/recursosidi\/wp-json\/wp\/v2\/product"}],"about":[{"href":"https:\/\/www.upm.es\/recursosidi\/wp-json\/wp\/v2\/types\/product"}],"wp:attachment":[{"href":"https:\/\/www.upm.es\/recursosidi\/wp-json\/wp\/v2\/media?parent=8853"}],"wp:term":[{"taxonomy":"product_cat","embeddable":true,"href":"https:\/\/www.upm.es\/recursosidi\/wp-json\/wp\/v2\/product_cat?post=8853"},{"taxonomy":"product_tag","embeddable":true,"href":"https:\/\/www.upm.es\/recursosidi\/wp-json\/wp\/v2\/product_tag?post=8853"},{"taxonomy":"comunidad_upm","embeddable":true,"href":"https:\/\/www.upm.es\/recursosidi\/wp-json\/wp\/v2\/comunidades-upm?post=8853"},{"taxonomy":"quien","embeddable":true,"href":"https:\/\/www.upm.es\/recursosidi\/wp-json\/wp\/v2\/quien?post=8853"},{"taxonomy":"mapa","embeddable":true,"href":"https:\/\/www.upm.es\/recursosidi\/wp-json\/wp\/v2\/mapa?post=8853"},{"taxonomy":"disponibilidad","embeddable":true,"href":"https:\/\/www.upm.es\/recursosidi\/wp-json\/wp\/v2\/disponibilidad?post=8853"},{"taxonomy":"donde","embeddable":true,"href":"https:\/\/www.upm.es\/recursosidi\/wp-json\/wp\/v2\/donde?post=8853"},{"taxonomy":"infraestructura","embeddable":true,"href":"https:\/\/www.upm.es\/recursosidi\/wp-json\/wp\/v2\/infraestructura?post=8853"},{"taxonomy":"ods","embeddable":true,"href":"https:\/\/www.upm.es\/recursosidi\/wp-json\/wp\/v2\/ods?post=8853"},{"taxonomy":"origen","embeddable":true,"href":"https:\/\/www.upm.es\/recursosidi\/wp-json\/wp\/v2\/origen?post=8853"}],"curies":[{"name":"wp","href":"https:\/\/api.w.org\/{rel}","templated":true}]}}