{"id":8860,"date":"2021-11-29T14:27:05","date_gmt":"2021-11-29T13:27:05","guid":{"rendered":"https:\/\/www.upm.es\/recursosidi\/offers-resources\/sin categor\u00eda\/material-de-relleno-para-la-construccion\/"},"modified":"2021-11-29T14:27:07","modified_gmt":"2021-11-29T13:27:07","slug":"material-de-relleno-para-la-construccion","status":"publish","type":"product","link":"https:\/\/www.upm.es\/recursosidi\/offers-resources\/patentes\/material-de-relleno-para-la-construccion\/","title":{"rendered":"MATERIAL DE RELLENO PARA LA CONSTRUCCI\u00d3N"},"content":{"rendered":"<h5>Descripci\u00f3n de la patente <\/h5>\n<p>4A<\/p>\n<h5>Situaci\u00f3n <\/h5>\n<p>Concedida<\/p>\n<h5>N\u00famero de solicitud<\/h5>\n<p>P201431878<\/p>\n<h5>N\u00famero de publicaci\u00f3n<\/h5>\n<p>ES2529269_A1<\/p>\n<h5>Fecha de presentaci\u00f3n <\/h5>\n<p>18\/12\/2014<\/p>\n<h5>Fecha de concesi\u00f3n <\/h5>\n<p>01\/07\/2015<\/p>\n<div class=\"pdfprnt-buttons pdfprnt-buttons-product pdfprnt-bottom-left\"><a href=\"https:\/\/www.upm.es\/recursosidi\/wp-json\/wp\/v2\/product\/8860?print=pdf\" class=\"pdfprnt-button pdfprnt-button-pdf\" target=\"_blank\"><span class=\"pdfprnt-button-title pdfprnt-button-pdf-title\">Descargar ficha<\/span><\/a><\/div>","protected":false},"excerpt":{"rendered":"","protected":false},"featured_media":0,"template":"","meta":{"_acf_changed":false},"product_cat":[3946],"product_tag":[],"comunidades-upm":[],"quien":[],"mapa":[],"disponibilidad":[],"donde":[{"term_id":262,"name":"An\u00e1lisis e Intervenci\u00f3n en Patrimonio Arquitect\u00f3nico","slug":"analisis-e-intervencion-en-patrimonio-arquitectonico","term_group":0,"term_taxonomy_id":262,"taxonomy":"donde","description":"","parent":0,"count":6,"filter":"raw","term_order":"0"},{"term_id":260,"name":"Arquitectura Bioclim\u00e1tica en un entorno sostenible-ABIO","slug":"arquitectura-bioclimatica-en-un-entorno-sostenible-abio","term_group":0,"term_taxonomy_id":260,"taxonomy":"donde","description":"","parent":0,"count":19,"filter":"raw","term_order":"0"}],"infraestructura":[],"ods":[],"origen":[{"term_id":180,"name":"Patente","slug":"patente","term_group":0,"term_taxonomy_id":180,"taxonomy":"origen","description":"","parent":0,"count":614,"filter":"raw","term_order":"0"}],"familia_tax":false,"quien_tax":false,"donde_tax":false,"year":"","contacto":"<strong>Principales: <\/strong><ul><li>Maria del Mar Barbero Barrera <blockquote><strong>mar.barbero@upm.es<\/strong><\/blockquote><\/li><li>Nelson Flores Medina <blockquote><strong>nelson.flores@upm.es<\/strong><\/blockquote><\/li><li>Rosa Alejandrina Bustamante Montoro <blockquote><strong>rosa.bustamante@upm.es<\/strong><\/blockquote><\/li><\/ul>","telefono":"","pagina_web":"","email":"","id_ficha_portal":"937","video":"","adjuntos":false,"adjuntos_portal":"","inf":false,"departamento":"","acf":[],"lang":"es","translation":{"es":8860},"_links":{"self":[{"href":"https:\/\/www.upm.es\/recursosidi\/wp-json\/wp\/v2\/product\/8860"}],"collection":[{"href":"https:\/\/www.upm.es\/recursosidi\/wp-json\/wp\/v2\/product"}],"about":[{"href":"https:\/\/www.upm.es\/recursosidi\/wp-json\/wp\/v2\/types\/product"}],"wp:attachment":[{"href":"https:\/\/www.upm.es\/recursosidi\/wp-json\/wp\/v2\/media?parent=8860"}],"wp:term":[{"taxonomy":"product_cat","embeddable":true,"href":"https:\/\/www.upm.es\/recursosidi\/wp-json\/wp\/v2\/product_cat?post=8860"},{"taxonomy":"product_tag","embeddable":true,"href":"https:\/\/www.upm.es\/recursosidi\/wp-json\/wp\/v2\/product_tag?post=8860"},{"taxonomy":"comunidad_upm","embeddable":true,"href":"https:\/\/www.upm.es\/recursosidi\/wp-json\/wp\/v2\/comunidades-upm?post=8860"},{"taxonomy":"quien","embeddable":true,"href":"https:\/\/www.upm.es\/recursosidi\/wp-json\/wp\/v2\/quien?post=8860"},{"taxonomy":"mapa","embeddable":true,"href":"https:\/\/www.upm.es\/recursosidi\/wp-json\/wp\/v2\/mapa?post=8860"},{"taxonomy":"disponibilidad","embeddable":true,"href":"https:\/\/www.upm.es\/recursosidi\/wp-json\/wp\/v2\/disponibilidad?post=8860"},{"taxonomy":"donde","embeddable":true,"href":"https:\/\/www.upm.es\/recursosidi\/wp-json\/wp\/v2\/donde?post=8860"},{"taxonomy":"infraestructura","embeddable":true,"href":"https:\/\/www.upm.es\/recursosidi\/wp-json\/wp\/v2\/infraestructura?post=8860"},{"taxonomy":"ods","embeddable":true,"href":"https:\/\/www.upm.es\/recursosidi\/wp-json\/wp\/v2\/ods?post=8860"},{"taxonomy":"origen","embeddable":true,"href":"https:\/\/www.upm.es\/recursosidi\/wp-json\/wp\/v2\/origen?post=8860"}],"curies":[{"name":"wp","href":"https:\/\/api.w.org\/{rel}","templated":true}]}}