{"id":8861,"date":"2021-11-29T14:27:45","date_gmt":"2021-11-29T13:27:45","guid":{"rendered":"https:\/\/www.upm.es\/recursosidi\/offers-resources\/sin categor\u00eda\/sistema-de-union-para-estructuras-reticulares-moviles\/"},"modified":"2021-11-29T14:27:47","modified_gmt":"2021-11-29T13:27:47","slug":"sistema-de-union-para-estructuras-reticulares-moviles","status":"publish","type":"product","link":"https:\/\/www.upm.es\/recursosidi\/offers-resources\/patentes\/sistema-de-union-para-estructuras-reticulares-moviles\/","title":{"rendered":"Sistema de uni\u00f3n para estructuras reticulares m\u00f3viles"},"content":{"rendered":"<h5>Descripci\u00f3n de la patente <\/h5>\n<p>U201931716<\/p>\n<h5>Situaci\u00f3n <\/h5>\n<p>Concedida<\/p>\n<h5>N\u00famero de solicitud<\/h5>\n<p>U201931716<\/p>\n<h5>N\u00famero de publicaci\u00f3n<\/h5>\n<p>U1238524<\/p>\n<h5>Fecha de presentaci\u00f3n <\/h5>\n<p>11\/01\/2018<\/p>\n<h5>Fecha de publicaci\u00f3n <\/h5>\n<p>11\/12\/2019<\/p>\n<h5>Fecha de concesi\u00f3n <\/h5>\n<p>26\/02\/2020<\/p>\n<div class=\"pdfprnt-buttons pdfprnt-buttons-product pdfprnt-bottom-left\"><a href=\"https:\/\/www.upm.es\/recursosidi\/wp-json\/wp\/v2\/product\/8861?print=pdf\" class=\"pdfprnt-button pdfprnt-button-pdf\" target=\"_blank\"><span class=\"pdfprnt-button-title pdfprnt-button-pdf-title\">Descargar ficha<\/span><\/a><\/div>","protected":false},"excerpt":{"rendered":"<p>Descripci\u00f3n de la patente U201931716 Situaci\u00f3n Concedida N\u00famero de solicitud U201931716 N\u00famero de publicaci\u00f3n U1238524 Fecha de presentaci\u00f3n 11\/01\/2018 Fecha de publicaci\u00f3n 11\/12\/2019 Fecha de&hellip;<\/p>\n","protected":false},"featured_media":0,"template":"","meta":{"_acf_changed":false},"product_cat":[3946],"product_tag":[],"comunidades-upm":[],"quien":[],"mapa":[],"disponibilidad":[],"donde":[{"term_id":260,"name":"Arquitectura Bioclim\u00e1tica en un entorno sostenible-ABIO","slug":"arquitectura-bioclimatica-en-un-entorno-sostenible-abio","term_group":0,"term_taxonomy_id":260,"taxonomy":"donde","description":"","parent":0,"count":19,"filter":"raw","term_order":"0"}],"infraestructura":[],"ods":[],"origen":[{"term_id":180,"name":"Patente","slug":"patente","term_group":0,"term_taxonomy_id":180,"taxonomy":"origen","description":"","parent":0,"count":614,"filter":"raw","term_order":"0"}],"familia_tax":false,"quien_tax":false,"donde_tax":false,"year":"","contacto":"<strong>Principales: <\/strong><ul><li>Jesus Anaya Diaz <blockquote><strong>jesus.anaya@upm.es<\/strong><\/blockquote><\/li><li>Ramon Serrano Aviles <blockquote><strong>r.serranoa@upm.es<\/strong><\/blockquote><\/li><li>Maria Dolores Alvarez Elipe <blockquote><strong>dolores.alvarez.elipe@alumnos.upm.es<\/strong><\/blockquote><\/li><\/ul>","telefono":"","pagina_web":"","email":"","id_ficha_portal":"1432","video":"","adjuntos":false,"adjuntos_portal":"https:\/\/www.upm.es\/S2i\/Acuse\/recuperarArchivo.jsp?id=1432&id_archivo=10648&tipo=patente&extension=fichero ","inf":false,"departamento":"","acf":[],"lang":"es","translation":{"es":8861},"_links":{"self":[{"href":"https:\/\/www.upm.es\/recursosidi\/wp-json\/wp\/v2\/product\/8861"}],"collection":[{"href":"https:\/\/www.upm.es\/recursosidi\/wp-json\/wp\/v2\/product"}],"about":[{"href":"https:\/\/www.upm.es\/recursosidi\/wp-json\/wp\/v2\/types\/product"}],"wp:attachment":[{"href":"https:\/\/www.upm.es\/recursosidi\/wp-json\/wp\/v2\/media?parent=8861"}],"wp:term":[{"taxonomy":"product_cat","embeddable":true,"href":"https:\/\/www.upm.es\/recursosidi\/wp-json\/wp\/v2\/product_cat?post=8861"},{"taxonomy":"product_tag","embeddable":true,"href":"https:\/\/www.upm.es\/recursosidi\/wp-json\/wp\/v2\/product_tag?post=8861"},{"taxonomy":"comunidad_upm","embeddable":true,"href":"https:\/\/www.upm.es\/recursosidi\/wp-json\/wp\/v2\/comunidades-upm?post=8861"},{"taxonomy":"quien","embeddable":true,"href":"https:\/\/www.upm.es\/recursosidi\/wp-json\/wp\/v2\/quien?post=8861"},{"taxonomy":"mapa","embeddable":true,"href":"https:\/\/www.upm.es\/recursosidi\/wp-json\/wp\/v2\/mapa?post=8861"},{"taxonomy":"disponibilidad","embeddable":true,"href":"https:\/\/www.upm.es\/recursosidi\/wp-json\/wp\/v2\/disponibilidad?post=8861"},{"taxonomy":"donde","embeddable":true,"href":"https:\/\/www.upm.es\/recursosidi\/wp-json\/wp\/v2\/donde?post=8861"},{"taxonomy":"infraestructura","embeddable":true,"href":"https:\/\/www.upm.es\/recursosidi\/wp-json\/wp\/v2\/infraestructura?post=8861"},{"taxonomy":"ods","embeddable":true,"href":"https:\/\/www.upm.es\/recursosidi\/wp-json\/wp\/v2\/ods?post=8861"},{"taxonomy":"origen","embeddable":true,"href":"https:\/\/www.upm.es\/recursosidi\/wp-json\/wp\/v2\/origen?post=8861"}],"curies":[{"name":"wp","href":"https:\/\/api.w.org\/{rel}","templated":true}]}}