{"id":8866,"date":"2021-11-29T14:47:20","date_gmt":"2021-11-29T13:47:20","guid":{"rendered":"https:\/\/www.upm.es\/recursosidi\/offers-resources\/sin%20categor\u00eda\/dispositivo-elastico-con-rigidez-variable-actuador-con-rigidez-variable-y-acoplamiento-con-rigidez-variable\/"},"modified":"2022-08-10T02:24:10","modified_gmt":"2022-08-10T00:24:10","slug":"dispositivo-elastico-con-rigidez-variable-actuador-con-rigidez-variable-y-acoplamiento-con-rigidez-variable","status":"publish","type":"product","link":"https:\/\/www.upm.es\/recursosidi\/offers-resources\/patentes\/dispositivo-elastico-con-rigidez-variable-actuador-con-rigidez-variable-y-acoplamiento-con-rigidez-variable\/","title":{"rendered":"DISPOSITIVO ELASTICO CON RIGIDEZ VARIABLE, ACTUADOR CON RIGIDEZ VARIABLE Y ACOPLAMIENTO CON RIGIDEZ VARIABLE"},"content":{"rendered":"<h5>Descripci\u00f3n de la patente <\/h5>\n<p>Dispositivo el&aacute;stico con rigidez variable, actuador con<br \/>rigidez variable y acoplamiento con rigidez variable.<br \/>La invenci&oacute;n se refiere a un dispositivo el&aacute;stico (10)<br \/>que comprende un primer resorte (20a) en espiral,<br \/>unido a una carcasa (22) y a un &aacute;rbol (21), y un<br \/>segundo resorte (20b) en espiral, unido a una carcasa<br \/>(22) y a un &aacute;rbol (21), donde: el &aacute;rbol (21) o,<br \/>alternativamente, la carcasa (22), es com&uacute;n a ambos<br \/>resortes (20a, 20b); la rigidez del resorte (20a)<br \/>depende de la posici&oacute;n relativa entre el &aacute;rbol (21) y la<br \/>carcasa (22) al que est&aacute; unido dicho resorte (20a); la<br \/>rigidez del resorte (20b) depende de la posici&oacute;n<br \/>relativa entre el &aacute;rbol (21) y la carcasa (22) al que<br \/>est&aacute; unido dicho resorte (20b) y donde las espiras del<br \/>resorte (20a) discurren en sentido contrario a las<br \/>espiras del resorte (20b).<\/p>\n<p><img fetchpriority=\"high\" decoding=\"async\" src=\"https:\/\/www.upm.es\/S2i\/Acuse\/recuperarArchivo.jsp?id=1535&amp;id_archivo=12564&amp;tipo=patente&amp;extension=imagen\" alt=\"Figura 5\" width=\"304\" height=\"297\" \/><\/p>\n<h5>Situaci\u00f3n <\/h5>\n<p>Concedida<\/p>\n<h5>N\u00famero de solicitud<\/h5>\n<p>P202030135<\/p>\n<h5>N\u00famero de publicaci\u00f3n<\/h5>\n<p>ES2785676<\/p>\n<h5>Fecha de presentaci\u00f3n <\/h5>\n<p>18\/02\/2020<\/p>\n<h5>Fecha de publicaci\u00f3n <\/h5>\n<p>07\/10\/2020<\/p>\n<h5>Fecha de concesi\u00f3n <\/h5>\n<p>12\/02\/2021<\/p>\n<div class=\"pdfprnt-buttons pdfprnt-buttons-product pdfprnt-bottom-left\"><a href=\"https:\/\/www.upm.es\/recursosidi\/wp-json\/wp\/v2\/product\/8866?print=pdf\" class=\"pdfprnt-button pdfprnt-button-pdf\" target=\"_blank\"><span class=\"pdfprnt-button-title pdfprnt-button-pdf-title\">Descargar ficha<\/span><\/a><\/div>","protected":false},"excerpt":{"rendered":"<p>Descripci\u00f3n de la patente Dispositivo el&aacute;stico con rigidez variable, actuador conrigidez variable y acoplamiento con rigidez variable.La invenci&oacute;n se refiere a un dispositivo el&aacute;stico (10)que&hellip;<\/p>\n","protected":false},"featured_media":0,"template":"","meta":{"_acf_changed":false},"product_cat":[3946],"product_tag":[4185,4186],"comunidades-upm":[],"quien":[],"mapa":[{"term_id":2405,"name":"Ciencia para la ingenier\u00eda y la arquitectura","slug":"ciencia-para-ingenieria-y-arquitectura","term_group":0,"term_taxonomy_id":2405,"taxonomy":"mapa","description":"","parent":0,"count":127,"filter":"raw","term_order":"7"}],"disponibilidad":[],"donde":[{"term_id":310,"name":"GI-IM: Grupo de Investigaci\u00f3n en Ingenier\u00eda de M\u00e1quinas","slug":"gi-im-grupo-de-investigacion-en-ingenieria-de-maquinas","term_group":0,"term_taxonomy_id":310,"taxonomy":"donde","description":"","parent":0,"count":12,"filter":"raw","term_order":"0"},{"term_id":542,"name":"Grupo de An\u00e1lisis Biomec\u00e1nico","slug":"grupo-de-analisis-biomecanico","term_group":0,"term_taxonomy_id":542,"taxonomy":"donde","description":"","parent":0,"count":6,"filter":"raw","term_order":"0"}],"infraestructura":[],"ods":[],"origen":[{"term_id":180,"name":"Patente","slug":"patente","term_group":0,"term_taxonomy_id":180,"taxonomy":"origen","description":"","parent":0,"count":614,"filter":"raw","term_order":"0"}],"familia_tax":false,"quien_tax":false,"donde_tax":false,"year":"","contacto":"<strong>Principales: <\/strong><ul><li>JUAN MANUEL MU\u00d1OZ GUIJOSA <blockquote><strong>juanmanuel.munoz.guijosa@upm.es<\/strong><\/blockquote><\/li><li>ANDRES DIAZ LANTADA <blockquote><strong>andres.diaz@upm.es<\/strong><\/blockquote><\/li><li>ENRIQUE CHACON TANARRO <blockquote><strong>e.chacon@upm.es<\/strong><\/blockquote><\/li><li>ENRIQUE NAVARRO CABELLO <blockquote><strong>enrique.navarro@upm.es<\/strong><\/blockquote><\/li><\/ul>","telefono":"","pagina_web":"","email":"","id_ficha_portal":"1535","video":"","adjuntos":false,"adjuntos_portal":"https:\/\/www.upm.es\/S2i\/Acuse\/recuperarArchivo.jsp?id=1535&id_archivo=11889&tipo=patente&extension=fichero ","inf":false,"departamento":"","acf":[],"lang":"es","translation":{"es":8866},"_links":{"self":[{"href":"https:\/\/www.upm.es\/recursosidi\/wp-json\/wp\/v2\/product\/8866"}],"collection":[{"href":"https:\/\/www.upm.es\/recursosidi\/wp-json\/wp\/v2\/product"}],"about":[{"href":"https:\/\/www.upm.es\/recursosidi\/wp-json\/wp\/v2\/types\/product"}],"wp:attachment":[{"href":"https:\/\/www.upm.es\/recursosidi\/wp-json\/wp\/v2\/media?parent=8866"}],"wp:term":[{"taxonomy":"product_cat","embeddable":true,"href":"https:\/\/www.upm.es\/recursosidi\/wp-json\/wp\/v2\/product_cat?post=8866"},{"taxonomy":"product_tag","embeddable":true,"href":"https:\/\/www.upm.es\/recursosidi\/wp-json\/wp\/v2\/product_tag?post=8866"},{"taxonomy":"comunidad_upm","embeddable":true,"href":"https:\/\/www.upm.es\/recursosidi\/wp-json\/wp\/v2\/comunidades-upm?post=8866"},{"taxonomy":"quien","embeddable":true,"href":"https:\/\/www.upm.es\/recursosidi\/wp-json\/wp\/v2\/quien?post=8866"},{"taxonomy":"mapa","embeddable":true,"href":"https:\/\/www.upm.es\/recursosidi\/wp-json\/wp\/v2\/mapa?post=8866"},{"taxonomy":"disponibilidad","embeddable":true,"href":"https:\/\/www.upm.es\/recursosidi\/wp-json\/wp\/v2\/disponibilidad?post=8866"},{"taxonomy":"donde","embeddable":true,"href":"https:\/\/www.upm.es\/recursosidi\/wp-json\/wp\/v2\/donde?post=8866"},{"taxonomy":"infraestructura","embeddable":true,"href":"https:\/\/www.upm.es\/recursosidi\/wp-json\/wp\/v2\/infraestructura?post=8866"},{"taxonomy":"ods","embeddable":true,"href":"https:\/\/www.upm.es\/recursosidi\/wp-json\/wp\/v2\/ods?post=8866"},{"taxonomy":"origen","embeddable":true,"href":"https:\/\/www.upm.es\/recursosidi\/wp-json\/wp\/v2\/origen?post=8866"}],"curies":[{"name":"wp","href":"https:\/\/api.w.org\/{rel}","templated":true}]}}