{"id":8877,"date":"2021-11-30T07:58:05","date_gmt":"2021-11-30T06:58:05","guid":{"rendered":"https:\/\/www.upm.es\/recursosidi\/offers-resources\/sin%20categor\u00eda\/estructura-y-pieza-modular-para-la-construccion\/"},"modified":"2023-01-18T09:35:12","modified_gmt":"2023-01-18T08:35:12","slug":"estructura-y-pieza-modular-para-la-construccion","status":"publish","type":"product","link":"https:\/\/www.upm.es\/recursosidi\/offers-resources\/patentes\/estructura-y-pieza-modular-para-la-construccion\/","title":{"rendered":"ESTRUCTURA Y PIEZA MODULAR PARA LA CONSTRUCCI\u00d3N"},"content":{"rendered":"<h5>Descripci\u00f3n de la patente <\/h5>\n<p>La presente invenci\u00f3n se refiere a una pieza modular concebida para la construcci\u00f3n de edificios y est\u00e1 fabricada con una impresora 3D.<br \/>\nLas piezas est\u00e1n fabricadas con pl\u00e1stico, que es un material que perdura en el tiempo. La peculiaridad que tiene, es que no necesita ning\u00fan aditivo para unirlos entre ellos, por lo que su ejecuci\u00f3n es m\u00e1s r\u00e1pida y limpia.<\/p>\n<h5>Situaci\u00f3n <\/h5>\n<p>Presentada<\/p>\n<h5>N\u00famero de solicitud<\/h5>\n<p>U202232176<\/p>\n<h5>Fecha de presentaci\u00f3n <\/h5>\n<p>10\/06\/2020<\/p>\n<h5>Fecha de publicaci\u00f3n <\/h5>\n<p>29\/09\/2020<\/p>\n<div class=\"pdfprnt-buttons pdfprnt-buttons-product pdfprnt-bottom-left\"><a href=\"https:\/\/www.upm.es\/recursosidi\/wp-json\/wp\/v2\/product\/8877?print=pdf\" class=\"pdfprnt-button pdfprnt-button-pdf\" target=\"_blank\"><span class=\"pdfprnt-button-title pdfprnt-button-pdf-title\">Descargar ficha<\/span><\/a><\/div>","protected":false},"excerpt":{"rendered":"<p>Descripci\u00f3n de la patente La presente invenci\u00f3n se refiere a una pieza modular concebida para la construcci\u00f3n de edificios y est\u00e1 fabricada con una impresora&hellip;<\/p>\n","protected":false},"featured_media":0,"template":"","meta":{"_acf_changed":false},"product_cat":[3946],"product_tag":[],"comunidades-upm":[],"quien":[],"mapa":[],"disponibilidad":[],"donde":[{"term_id":3423,"name":"Monitorizaci\u00f3n e Innovaci\u00f3n Tecnol\u00f3gica en Edificaci\u00f3n (MITE)","slug":"monitorizacion-e-innovacion-tecnologica-en-edificacion-mite","term_group":0,"term_taxonomy_id":3423,"taxonomy":"donde","description":"","parent":0,"count":26,"filter":"raw","term_order":"0"}],"infraestructura":[],"ods":[],"origen":[{"term_id":180,"name":"Patente","slug":"patente","term_group":0,"term_taxonomy_id":180,"taxonomy":"origen","description":"","parent":0,"count":614,"filter":"raw","term_order":"0"}],"familia_tax":false,"quien_tax":false,"donde_tax":false,"year":"","contacto":"<strong>Principales: <\/strong><ul><li>MARIA AMPARO VERDU VAZQUEZ <blockquote><strong>amparo.verdu@upm.es<\/strong><\/blockquote><\/li><li>M. MERCEDES VALIENTE LOPEZ <blockquote><strong>mercedes.valiente@upm.es<\/strong><\/blockquote><\/li><\/ul><strong>Otros inventores UPM: <\/strong><ul><li>Alberto Romo Melgar Centro de I+d+i en Procesado de la Informaci\u00f3n y Telecomunicaciones (IPT)<\/li><li>Sandra Moyano Sanz Centro de I+d+i en Procesado de la Informaci\u00f3n y Telecomunicaciones (IPT)<\/li><\/ul>","telefono":"","pagina_web":"","email":"","id_ficha_portal":"1646","video":"","adjuntos":false,"adjuntos_portal":"","inf":false,"departamento":"","acf":[],"lang":"es","translation":{"es":8877},"_links":{"self":[{"href":"https:\/\/www.upm.es\/recursosidi\/wp-json\/wp\/v2\/product\/8877"}],"collection":[{"href":"https:\/\/www.upm.es\/recursosidi\/wp-json\/wp\/v2\/product"}],"about":[{"href":"https:\/\/www.upm.es\/recursosidi\/wp-json\/wp\/v2\/types\/product"}],"wp:attachment":[{"href":"https:\/\/www.upm.es\/recursosidi\/wp-json\/wp\/v2\/media?parent=8877"}],"wp:term":[{"taxonomy":"product_cat","embeddable":true,"href":"https:\/\/www.upm.es\/recursosidi\/wp-json\/wp\/v2\/product_cat?post=8877"},{"taxonomy":"product_tag","embeddable":true,"href":"https:\/\/www.upm.es\/recursosidi\/wp-json\/wp\/v2\/product_tag?post=8877"},{"taxonomy":"comunidad_upm","embeddable":true,"href":"https:\/\/www.upm.es\/recursosidi\/wp-json\/wp\/v2\/comunidades-upm?post=8877"},{"taxonomy":"quien","embeddable":true,"href":"https:\/\/www.upm.es\/recursosidi\/wp-json\/wp\/v2\/quien?post=8877"},{"taxonomy":"mapa","embeddable":true,"href":"https:\/\/www.upm.es\/recursosidi\/wp-json\/wp\/v2\/mapa?post=8877"},{"taxonomy":"disponibilidad","embeddable":true,"href":"https:\/\/www.upm.es\/recursosidi\/wp-json\/wp\/v2\/disponibilidad?post=8877"},{"taxonomy":"donde","embeddable":true,"href":"https:\/\/www.upm.es\/recursosidi\/wp-json\/wp\/v2\/donde?post=8877"},{"taxonomy":"infraestructura","embeddable":true,"href":"https:\/\/www.upm.es\/recursosidi\/wp-json\/wp\/v2\/infraestructura?post=8877"},{"taxonomy":"ods","embeddable":true,"href":"https:\/\/www.upm.es\/recursosidi\/wp-json\/wp\/v2\/ods?post=8877"},{"taxonomy":"origen","embeddable":true,"href":"https:\/\/www.upm.es\/recursosidi\/wp-json\/wp\/v2\/origen?post=8877"}],"curies":[{"name":"wp","href":"https:\/\/api.w.org\/{rel}","templated":true}]}}