{"id":8879,"date":"2021-11-30T07:59:49","date_gmt":"2021-11-30T06:59:49","guid":{"rendered":"https:\/\/www.upm.es\/recursosidi\/offers-resources\/sin%20categor\u00eda\/tiranta-de-sujecion-de-falso-techo\/"},"modified":"2025-09-04T02:53:29","modified_gmt":"2025-09-04T00:53:29","slug":"tiranta-de-sujecion-de-falso-techo","status":"publish","type":"product","link":"https:\/\/www.upm.es\/recursosidi\/offers-resources\/patentes\/tiranta-de-sujecion-de-falso-techo\/","title":{"rendered":"TIRANTA DE SUJECI\u00d3N DE FALSO TECHO"},"content":{"rendered":"<h5>Descripci\u00f3n de la patente <\/h5>\n<p>Se describe una tiranta de sujeci&oacute;n de placa de falso<br \/>techo que est&aacute; fabricada en poliestireno y que<br \/>comprende una pieza de uni&oacute;n al techo con un<br \/>cuerpo principal cuya longitud determina la<br \/>separaci&oacute;n entre un techo original (1) y un falso techo<br \/>(6) a los que se une y dispone de un extremo con una<br \/>superficie de uni&oacute;n destinada a quedar unida al falso<br \/>techo (1) y un extremo libre; y comprende una pieza<br \/>de uni&oacute;n a las placas (4) destinada a quedar unida a<br \/>una placa de falso techo (6) y configurada para recibir<br \/>el extremo libre de la pieza de uni&oacute;n al techo (2) para<br \/>su ensamblaje.<\/p>\n<p>&nbsp;<img fetchpriority=\"high\" decoding=\"async\" src=\"https:\/\/www.upm.es\/S2i\/Acuse\/recuperarArchivo.jsp?id=1665&amp;id_archivo=12524&amp;tipo=patente&amp;extension=imagen\" alt=\"\" width=\"242\" height=\"324\" \/><\/p>\n<h5>Situaci\u00f3n <\/h5>\n<p>Concedida<\/p>\n<h5>N\u00famero de solicitud<\/h5>\n<p>U202132324<\/p>\n<h5>N\u00famero de publicaci\u00f3n<\/h5>\n<p>ES1284322<\/p>\n<h5>Fecha de presentaci\u00f3n <\/h5>\n<p>02\/10\/2020<\/p>\n<h5>Fecha de publicaci\u00f3n <\/h5>\n<p>23\/12\/2021<\/p>\n<h5>Fecha de concesi\u00f3n <\/h5>\n<p>10\/03\/2022<\/p>\n<div class=\"pdfprnt-buttons pdfprnt-buttons-product pdfprnt-bottom-left\"><a href=\"https:\/\/www.upm.es\/recursosidi\/wp-json\/wp\/v2\/product\/8879?print=pdf\" class=\"pdfprnt-button pdfprnt-button-pdf\" target=\"_blank\"><span class=\"pdfprnt-button-title pdfprnt-button-pdf-title\">Descargar ficha<\/span><\/a><\/div>","protected":false},"excerpt":{"rendered":"<p>Descripci\u00f3n de la patente Se describe una tiranta de sujeci&oacute;n de placa de falsotecho que est&aacute; fabricada en poliestireno y quecomprende una pieza de uni&oacute;n&hellip;<\/p>\n","protected":false},"featured_media":0,"template":"","meta":{"_acf_changed":false},"product_cat":[3946],"product_tag":[4208,4207,3988,4206],"comunidades-upm":[],"quien":[],"mapa":[{"term_id":124,"name":"Arquitectura, Baukultur y creatividad","slug":"arquitectura-baukultur-creatividad","term_group":0,"term_taxonomy_id":124,"taxonomy":"mapa","description":"","parent":0,"count":25,"filter":"raw","term_order":"4"},{"term_id":135,"name":"Industria, materiales y econom\u00eda circular","slug":"industria-materiales-economia_circular","term_group":0,"term_taxonomy_id":135,"taxonomy":"mapa","description":"","parent":0,"count":165,"filter":"raw","term_order":"13"}],"disponibilidad":[],"donde":[{"term_id":3423,"name":"Monitorizaci\u00f3n e Innovaci\u00f3n Tecnol\u00f3gica en Edificaci\u00f3n (MITE)","slug":"monitorizacion-e-innovacion-tecnologica-en-edificacion-mite","term_group":0,"term_taxonomy_id":3423,"taxonomy":"donde","description":"","parent":0,"count":26,"filter":"raw","term_order":"0"}],"infraestructura":[],"ods":[],"origen":[{"term_id":180,"name":"Patente","slug":"patente","term_group":0,"term_taxonomy_id":180,"taxonomy":"origen","description":"","parent":0,"count":614,"filter":"raw","term_order":"0"}],"familia_tax":false,"quien_tax":false,"donde_tax":false,"year":"0000-00-00","contacto":"<strong>Principales: <\/strong><ul><li>Tom\u00e1s Gil L\u00f3pez <blockquote><strong>tomas.gill@upm.es<\/strong><\/blockquote><\/li><li>Mar\u00eda Amparo Verd\u00fa V\u00e1zquez <blockquote><strong>amparo.verdu@upm.es<\/strong><\/blockquote><\/li><\/ul><strong>Otros inventores: <\/strong><ul><li>EnriqueCebrian Ram\u00edrez Universidad de las Palmas de Gran Canaria<\/li> <li>Julia ClaudiaMirza Rosca Universidad de las Palmas de Gran Canaria<\/li> <\/ul>","telefono":"","pagina_web":"","email":"","id_ficha_portal":"1665","video":"","adjuntos":false,"adjuntos_portal":"https:\/\/www.upm.es\/S2i\/Acuse\/recuperarArchivo.jsp?id=1665&id_archivo=12663&tipo=patente&extension=fichero ","inf":false,"departamento":"","acf":[],"lang":"es","translation":{"es":8879},"_links":{"self":[{"href":"https:\/\/www.upm.es\/recursosidi\/wp-json\/wp\/v2\/product\/8879"}],"collection":[{"href":"https:\/\/www.upm.es\/recursosidi\/wp-json\/wp\/v2\/product"}],"about":[{"href":"https:\/\/www.upm.es\/recursosidi\/wp-json\/wp\/v2\/types\/product"}],"wp:attachment":[{"href":"https:\/\/www.upm.es\/recursosidi\/wp-json\/wp\/v2\/media?parent=8879"}],"wp:term":[{"taxonomy":"product_cat","embeddable":true,"href":"https:\/\/www.upm.es\/recursosidi\/wp-json\/wp\/v2\/product_cat?post=8879"},{"taxonomy":"product_tag","embeddable":true,"href":"https:\/\/www.upm.es\/recursosidi\/wp-json\/wp\/v2\/product_tag?post=8879"},{"taxonomy":"comunidad_upm","embeddable":true,"href":"https:\/\/www.upm.es\/recursosidi\/wp-json\/wp\/v2\/comunidades-upm?post=8879"},{"taxonomy":"quien","embeddable":true,"href":"https:\/\/www.upm.es\/recursosidi\/wp-json\/wp\/v2\/quien?post=8879"},{"taxonomy":"mapa","embeddable":true,"href":"https:\/\/www.upm.es\/recursosidi\/wp-json\/wp\/v2\/mapa?post=8879"},{"taxonomy":"disponibilidad","embeddable":true,"href":"https:\/\/www.upm.es\/recursosidi\/wp-json\/wp\/v2\/disponibilidad?post=8879"},{"taxonomy":"donde","embeddable":true,"href":"https:\/\/www.upm.es\/recursosidi\/wp-json\/wp\/v2\/donde?post=8879"},{"taxonomy":"infraestructura","embeddable":true,"href":"https:\/\/www.upm.es\/recursosidi\/wp-json\/wp\/v2\/infraestructura?post=8879"},{"taxonomy":"ods","embeddable":true,"href":"https:\/\/www.upm.es\/recursosidi\/wp-json\/wp\/v2\/ods?post=8879"},{"taxonomy":"origen","embeddable":true,"href":"https:\/\/www.upm.es\/recursosidi\/wp-json\/wp\/v2\/origen?post=8879"}],"curies":[{"name":"wp","href":"https:\/\/api.w.org\/{rel}","templated":true}]}}