{"id":8887,"date":"2021-11-30T08:12:11","date_gmt":"2021-11-30T07:12:11","guid":{"rendered":"https:\/\/www.upm.es\/recursosidi\/offers-resources\/sin%20categor\u00eda\/sistema-y-metodo-de-localizacion-de-rama-con-falta-atierra-en-sistemas-electricos-de-corriente-continuacon-varias-ramas-en-paralelo\/"},"modified":"2022-08-10T02:23:47","modified_gmt":"2022-08-10T00:23:47","slug":"sistema-y-metodo-de-localizacion-de-rama-con-falta-atierra-en-sistemas-electricos-de-corriente-continuacon-varias-ramas-en-paralelo","status":"publish","type":"product","link":"https:\/\/www.upm.es\/recursosidi\/offers-resources\/patentes\/sistema-y-metodo-de-localizacion-de-rama-con-falta-atierra-en-sistemas-electricos-de-corriente-continuacon-varias-ramas-en-paralelo\/","title":{"rendered":"SISTEMA Y M\u00c9TODO DE LOCALIZACI\u00d3N DE RAMA CON FALTA A\r\nTIERRA EN SISTEMAS EL\u00c9CTRICOS DE CORRIENTE CONTINUA\r\nCON VARIAS RAMAS EN PARALELO"},"content":{"rendered":"<h5>Descripci\u00f3n de la patente <\/h5>\n<p>Sistema y m&eacute;todo de localizaci&oacute;n de rama con falta a tierra en sistemas el&eacute;ctricos de corriente continua con varias ramas en paralelo, mediante la medida de la corriente de cada rama paralelo del sistema de corriente continua, y mediante el c&aacute;lculo de la variaci&oacute;n relativa de corriente de cada rama al conmutar un elemento de puesta a tierra desde un punto energizado del sistema de corriente continua intermitentemente. La rama en falta se localiza como la rama que m&aacute;s variaci&oacute;n relativa de corriente tiene entre las posiciones abierto y cerrado del elemento de conmutaci&oacute;n que permite o no el retorno de la corriente de defecto.<\/p>\n<p><img fetchpriority=\"high\" decoding=\"async\" src=\"recuperarArchivo.jsp?id=1741&amp;id_archivo=12632&amp;tipo=patente&amp;extension=imagen\" alt=\"Figura 1\" width=\"490\" height=\"320\" \/><\/p>\n<h5>Situaci\u00f3n <\/h5>\n<p>Concedida<\/p>\n<h5>N\u00famero de solicitud<\/h5>\n<p>P202130549<\/p>\n<h5>N\u00famero de publicaci\u00f3n<\/h5>\n<p>ES2874849<\/p>\n<h5>Fecha de presentaci\u00f3n <\/h5>\n<p>15\/06\/2021<\/p>\n<h5>Fecha de publicaci\u00f3n <\/h5>\n<p>05\/11\/2021<\/p>\n<h5>Fecha de concesi\u00f3n <\/h5>\n<p>04\/02\/2022<\/p>\n<div class=\"pdfprnt-buttons pdfprnt-buttons-product pdfprnt-bottom-left\"><a href=\"https:\/\/www.upm.es\/recursosidi\/wp-json\/wp\/v2\/product\/8887?print=pdf\" class=\"pdfprnt-button pdfprnt-button-pdf\" target=\"_blank\"><span class=\"pdfprnt-button-title pdfprnt-button-pdf-title\">Descargar ficha<\/span><\/a><\/div>","protected":false},"excerpt":{"rendered":"<p>Descripci\u00f3n de la patente Sistema y m&eacute;todo de localizaci&oacute;n de rama con falta a tierra en sistemas el&eacute;ctricos de corriente continua con varias ramas en&hellip;<\/p>\n","protected":false},"featured_media":0,"template":"","meta":{"_acf_changed":false},"product_cat":[3946],"product_tag":[4084,4114,4326,4325],"comunidades-upm":[],"quien":[],"mapa":[{"term_id":2405,"name":"Ciencia para la ingenier\u00eda y la arquitectura","slug":"ciencia-para-ingenieria-y-arquitectura","term_group":0,"term_taxonomy_id":2405,"taxonomy":"mapa","description":"","parent":0,"count":127,"filter":"raw","term_order":"7"},{"term_id":133,"name":"Clima, Energ\u00eda y Movilidad","slug":"clima-energia-movilidad","term_group":0,"term_taxonomy_id":133,"taxonomy":"mapa","description":"","parent":0,"count":129,"filter":"raw","term_order":"9"},{"term_id":135,"name":"Industria, materiales y econom\u00eda circular","slug":"industria-materiales-economia_circular","term_group":0,"term_taxonomy_id":135,"taxonomy":"mapa","description":"","parent":0,"count":165,"filter":"raw","term_order":"13"}],"disponibilidad":[],"donde":[{"term_id":374,"name":"Generaci\u00f3n el\u00e9ctrica con energ\u00eda e\u00f3lica","slug":"generacion-electrica-con-energia-eolica","term_group":0,"term_taxonomy_id":374,"taxonomy":"donde","description":"","parent":0,"count":70,"filter":"raw","term_order":"0"}],"infraestructura":[],"ods":[],"origen":[{"term_id":180,"name":"Patente","slug":"patente","term_group":0,"term_taxonomy_id":180,"taxonomy":"origen","description":"","parent":0,"count":614,"filter":"raw","term_order":"0"}],"familia_tax":false,"quien_tax":false,"donde_tax":false,"year":"0000-00-00","contacto":"<strong>Principales: <\/strong><ul><li>JOSE MANUEL GUERRERO GRANADOS <blockquote><strong>josemanuel.guerrero@upm.es<\/strong><\/blockquote><\/li><li>CARLOS ANTONIO PLATERO GAONA <blockquote><strong>carlosantonio.platero@upm.es<\/strong><\/blockquote><\/li><\/ul><strong>Otros inventores UPM: <\/strong><ul><li>\u00c1ngel Arango Manzarbeitia E.T.S. de Ingenieros de Minas y Energ\u00eda<\/li><\/ul>","telefono":"","pagina_web":"","email":"","id_ficha_portal":"1741","video":"","adjuntos":false,"adjuntos_portal":"https:\/\/www.upm.es\/S2i\/Acuse\/recuperarArchivo.jsp?id=1741&id_archivo=12788&tipo=patente&extension=fichero ","inf":false,"departamento":"","acf":[],"lang":"es","translation":{"es":8887},"_links":{"self":[{"href":"https:\/\/www.upm.es\/recursosidi\/wp-json\/wp\/v2\/product\/8887"}],"collection":[{"href":"https:\/\/www.upm.es\/recursosidi\/wp-json\/wp\/v2\/product"}],"about":[{"href":"https:\/\/www.upm.es\/recursosidi\/wp-json\/wp\/v2\/types\/product"}],"wp:attachment":[{"href":"https:\/\/www.upm.es\/recursosidi\/wp-json\/wp\/v2\/media?parent=8887"}],"wp:term":[{"taxonomy":"product_cat","embeddable":true,"href":"https:\/\/www.upm.es\/recursosidi\/wp-json\/wp\/v2\/product_cat?post=8887"},{"taxonomy":"product_tag","embeddable":true,"href":"https:\/\/www.upm.es\/recursosidi\/wp-json\/wp\/v2\/product_tag?post=8887"},{"taxonomy":"comunidad_upm","embeddable":true,"href":"https:\/\/www.upm.es\/recursosidi\/wp-json\/wp\/v2\/comunidades-upm?post=8887"},{"taxonomy":"quien","embeddable":true,"href":"https:\/\/www.upm.es\/recursosidi\/wp-json\/wp\/v2\/quien?post=8887"},{"taxonomy":"mapa","embeddable":true,"href":"https:\/\/www.upm.es\/recursosidi\/wp-json\/wp\/v2\/mapa?post=8887"},{"taxonomy":"disponibilidad","embeddable":true,"href":"https:\/\/www.upm.es\/recursosidi\/wp-json\/wp\/v2\/disponibilidad?post=8887"},{"taxonomy":"donde","embeddable":true,"href":"https:\/\/www.upm.es\/recursosidi\/wp-json\/wp\/v2\/donde?post=8887"},{"taxonomy":"infraestructura","embeddable":true,"href":"https:\/\/www.upm.es\/recursosidi\/wp-json\/wp\/v2\/infraestructura?post=8887"},{"taxonomy":"ods","embeddable":true,"href":"https:\/\/www.upm.es\/recursosidi\/wp-json\/wp\/v2\/ods?post=8887"},{"taxonomy":"origen","embeddable":true,"href":"https:\/\/www.upm.es\/recursosidi\/wp-json\/wp\/v2\/origen?post=8887"}],"curies":[{"name":"wp","href":"https:\/\/api.w.org\/{rel}","templated":true}]}}