{"id":9040,"date":"2021-12-21T12:58:09","date_gmt":"2021-12-21T11:58:09","guid":{"rendered":"https:\/\/www.upm.es\/recursosidi\/offers-resources\/sin categor\u00eda\/bateria-multidimensional-de-indicadores-de-estilo-y-eficacia-de-juego-bmieej\/"},"modified":"2026-05-01T03:44:51","modified_gmt":"2026-05-01T01:44:51","slug":"bateria-multidimensional-de-indicadores-de-estilo-y-eficacia-de-juego-bmieej","status":"publish","type":"product","link":"https:\/\/www.upm.es\/recursosidi\/offers-resources\/software\/bateria-multidimensional-de-indicadores-de-estilo-y-eficacia-de-juego-bmieej\/","title":{"rendered":"Bater\u00eda multidimensional de indicadores de estilo y eficacia de juego (BMIEEJ)"},"content":{"rendered":"<h4><strong>Descripci\u00f3n del software <\/strong><\/h4>\n<p>Con esta herramienta de an\u00e1lisis del juego original, se procuran aportar nuevos contenidos que complementen el an\u00e1lisis cuantitativo de la<br \/>\nactividad competitiva desarrollada por los equipos de f\u00fatbol durante los partidos.<\/p>\n<h4><strong>Referencia<\/strong><\/h4>\n<p>C-140\/2014<\/p>\n<div class=\"pdfprnt-buttons pdfprnt-buttons-product pdfprnt-bottom-left\"><a href=\"https:\/\/www.upm.es\/recursosidi\/wp-json\/wp\/v2\/product\/9040?print=pdf\" class=\"pdfprnt-button pdfprnt-button-pdf\" target=\"_blank\"><span class=\"pdfprnt-button-title pdfprnt-button-pdf-title\">Descargar ficha<\/span><\/a><\/div>","protected":false},"excerpt":{"rendered":"<p>Descripci\u00f3n del software Con esta herramienta de an\u00e1lisis del juego original, se procuran aportar nuevos contenidos que complementen el an\u00e1lisis cuantitativo de la actividad competitiva&hellip;<\/p>\n","protected":false},"featured_media":0,"template":"","meta":{"_acf_changed":false},"product_cat":[3948],"product_tag":[],"comunidades-upm":[],"quien":[],"mapa":[{"term_id":122,"name":"Salud y bienestar","slug":"salud-y-bienestar","term_group":0,"term_taxonomy_id":122,"taxonomy":"mapa","description":"","parent":0,"count":105,"filter":"raw","term_order":"17"}],"disponibilidad":[],"donde":[{"term_id":42,"name":"UPM","slug":"upm","term_group":0,"term_taxonomy_id":42,"taxonomy":"donde","description":"Universidad Polit\u00e9cnica de Madrid\r\nHTML \"Lorem ipsum dolor sit amet, consectetur adipiscing elit, sed do eiusmod tempor incididunt ut labore et dolore magna aliqua. Ut enim ad minim veniam, quis nostrud exercitation ullamco laboris nisi ut aliquip ex ea commodo consequat. Duis aute irure dolor in reprehenderit in voluptate velit esse cillum dolore eu fugiat nulla pariatur. Excepteur sint occaecat cupidatat non proident, sunt in culpa qui officia deserunt mollit anim id est laborum.\"","parent":0,"count":146,"filter":"raw","term_order":"0"}],"infraestructura":[],"ods":[],"origen":[{"term_id":184,"name":"Software","slug":"software","term_group":0,"term_taxonomy_id":184,"taxonomy":"origen","description":"","parent":0,"count":133,"filter":"raw","term_order":"0"}],"familia_tax":false,"quien_tax":false,"donde_tax":false,"year":"","contacto":"<strong>Investigadores principales: <\/strong><ul><li>FRANCISCO JAVIER MI\u00d1ANO ESPIN <blockquote><strong>javier.minano@upm.es<\/strong><\/blockquote><\/li><\/ul><strong>Otros autores: <\/strong><ul><li>ConstantinoArce Fern\u00e1ndez USC - Universidad de Santiago de Compostela<\/li> <li>\u00c1ngelVales V\u00e1zquez UNIVERSIDADE DA CORUNA<\/li> <li>AlbertoAreces Gallo UNIVERSIDADE DA CORUNA<\/li> <li>HugoBlanco Pita UNIVERSIDADE DA CORUNA<\/li> <\/ul>","telefono":"","pagina_web":"","email":"","id_ficha_portal":"908","video":"","adjuntos":false,"adjuntos_portal":"","inf":false,"departamento":"","acf":[],"lang":"es","translation":{"es":9040,"en":10719},"_links":{"self":[{"href":"https:\/\/www.upm.es\/recursosidi\/wp-json\/wp\/v2\/product\/9040"}],"collection":[{"href":"https:\/\/www.upm.es\/recursosidi\/wp-json\/wp\/v2\/product"}],"about":[{"href":"https:\/\/www.upm.es\/recursosidi\/wp-json\/wp\/v2\/types\/product"}],"wp:attachment":[{"href":"https:\/\/www.upm.es\/recursosidi\/wp-json\/wp\/v2\/media?parent=9040"}],"wp:term":[{"taxonomy":"product_cat","embeddable":true,"href":"https:\/\/www.upm.es\/recursosidi\/wp-json\/wp\/v2\/product_cat?post=9040"},{"taxonomy":"product_tag","embeddable":true,"href":"https:\/\/www.upm.es\/recursosidi\/wp-json\/wp\/v2\/product_tag?post=9040"},{"taxonomy":"comunidad_upm","embeddable":true,"href":"https:\/\/www.upm.es\/recursosidi\/wp-json\/wp\/v2\/comunidades-upm?post=9040"},{"taxonomy":"quien","embeddable":true,"href":"https:\/\/www.upm.es\/recursosidi\/wp-json\/wp\/v2\/quien?post=9040"},{"taxonomy":"mapa","embeddable":true,"href":"https:\/\/www.upm.es\/recursosidi\/wp-json\/wp\/v2\/mapa?post=9040"},{"taxonomy":"disponibilidad","embeddable":true,"href":"https:\/\/www.upm.es\/recursosidi\/wp-json\/wp\/v2\/disponibilidad?post=9040"},{"taxonomy":"donde","embeddable":true,"href":"https:\/\/www.upm.es\/recursosidi\/wp-json\/wp\/v2\/donde?post=9040"},{"taxonomy":"infraestructura","embeddable":true,"href":"https:\/\/www.upm.es\/recursosidi\/wp-json\/wp\/v2\/infraestructura?post=9040"},{"taxonomy":"ods","embeddable":true,"href":"https:\/\/www.upm.es\/recursosidi\/wp-json\/wp\/v2\/ods?post=9040"},{"taxonomy":"origen","embeddable":true,"href":"https:\/\/www.upm.es\/recursosidi\/wp-json\/wp\/v2\/origen?post=9040"}],"curies":[{"name":"wp","href":"https:\/\/api.w.org\/{rel}","templated":true}]}}