{"id":9166,"date":"2022-02-17T13:27:22","date_gmt":"2022-02-17T12:27:22","guid":{"rendered":"https:\/\/www.upm.es\/recursosidi\/offers-resources\/sin%20categor\u00eda\/compuerta-fusible-recuperable-de-vertedero-poligonal-con-sistema-de-apertura-y-cierre-de-una-seccion-de-paso-de-agua-en-una-obra-hidraulica\/"},"modified":"2022-08-10T02:24:03","modified_gmt":"2022-08-10T00:24:03","slug":"compuerta-fusible-recuperable-de-vertedero-poligonal-con-sistema-de-apertura-y-cierre-de-una-seccion-de-paso-de-agua-en-una-obra-hidraulica","status":"publish","type":"product","link":"https:\/\/www.upm.es\/recursosidi\/offers-resources\/patentes\/compuerta-fusible-recuperable-de-vertedero-poligonal-con-sistema-de-apertura-y-cierre-de-una-seccion-de-paso-de-agua-en-una-obra-hidraulica\/","title":{"rendered":"Compuerta fusible recuperable de vertedero poligonal con sistema de apertura y cierre de una secci\u00f3n de paso de agua en una obra hidr\u00e1ulica"},"content":{"rendered":"<h5>Descripci\u00f3n de la patente <\/h5>\n<p align=\"LEFT\">Compuerta fusible recuperable de vertedero poligonal con sistema de apertura y cierre de una secci&oacute;n de paso de agua en una obra hidr&aacute;ulica.<\/p>\n<p align=\"LEFT\">La compuerta (1) est&aacute; acoplada a una estructura fija (3) de la obra hidr&aacute;ulica mediante varias primeras conexiones articuladas (4) ubicadas en una alineaci&oacute;n<\/p>\n<p align=\"LEFT\">horizontal en proximidad a un borde inferior de la secci&oacute;n de paso (3) de agua; y que comprende dos m e c a n i s m o s p r i n c i p a l e s ( 5 , 5 &#8216; ) d e<\/p>\n<p align=\"LEFT\">enclavamiento\/desenclavamiento que se activan a partir del nivel adquirido por el agua que eleva unos flotadores (6) dispuestos en sendos compartimentos<\/p>\n<p align=\"LEFT\">(8) ubicados en unos estribos de la compuerta (1), a los que accede el agua por unos orificios (7) ubicados en la parte inferior de los compartimentos (8) y que<\/p>\n<p align=\"LEFT\">una vez liberan la retenci&oacute;n de la compuerta (1), esta bascula con vuelco alrededor de las primeras conexiones articuladas (4) hacia aguas arriba con apoyo amortiguado sobre el lecho de agua.<\/p>\n<p>&nbsp;<\/p>\n<h5>Situaci\u00f3n <\/h5>\n<p>Concedida<\/p>\n<h5>N\u00famero de solicitud<\/h5>\n<p>P202130736<\/p>\n<h5>N\u00famero de publicaci\u00f3n<\/h5>\n<p>ES2894904<\/p>\n<h5>Fecha de presentaci\u00f3n <\/h5>\n<p>28\/07\/2021<\/p>\n<h5>Fecha de publicaci\u00f3n <\/h5>\n<p>16\/02\/2022<\/p>\n<h5>Fecha de concesi\u00f3n <\/h5>\n<p>09\/06\/2022<\/p>\n<div class=\"pdfprnt-buttons pdfprnt-buttons-product pdfprnt-bottom-left\"><a href=\"https:\/\/www.upm.es\/recursosidi\/wp-json\/wp\/v2\/product\/9166?print=pdf\" class=\"pdfprnt-button pdfprnt-button-pdf\" target=\"_blank\"><span class=\"pdfprnt-button-title pdfprnt-button-pdf-title\">Descargar ficha<\/span><\/a><\/div>","protected":false},"excerpt":{"rendered":"<p>Descripci\u00f3n de la patente Compuerta fusible recuperable de vertedero poligonal con sistema de apertura y cierre de una secci&oacute;n de paso de agua en una&hellip;<\/p>\n","protected":false},"featured_media":0,"template":"","meta":{"_acf_changed":false},"product_cat":[3946],"product_tag":[],"comunidades-upm":[],"quien":[],"mapa":[],"disponibilidad":[],"donde":[{"term_id":534,"name":"Hidroinform\u00e1tica y Gesti\u00f3n del Agua","slug":"hidroinformatica-y-gestion-del-agua","term_group":0,"term_taxonomy_id":534,"taxonomy":"donde","description":"El objetivo de nuestro grupo es la investigaci&oacute;n en un campo multidisciplinar que combina intereses tecnol&oacute;gicos, humanos, sociol&oacute;gicos y medioambientales con el fin de resolver problemas relacionados con el medio ambiente acu&aacute;tico y mejorar la gesti&oacute;n de los recursos h&iacute;dricos haciendo uso de las tecnolog&iacute;as de informaci&oacute;n. La hidroinform&aacute;tica utiliza soluciones tales como m&eacute;todos num&eacute;ricos de modelizaci&oacute;n y optimizaci&oacute;n, redes de sensores, sistemas de informaci&oacute;n e inteligencia artificial (an&aacute;lisis inteligente de datos, herramientas de ayuda a la decisi&oacute;n) para resolver problemas de hidr&aacute;ulica, hidrolog&iacute;a e ingenier&iacute;a ambiental con el fin de obtener un mejor manejo de los sistemas basados en recursos h&iacute;dricos.\n&nbsp;\nNuestras l&iacute;neas de investigaci&oacute;n incluyen:\n\n\n<strong>Infraestructuras y Sistemas Hidr&aacute;ulicos:<\/strong>&nbsp;Modelizaci&oacute;n, gesti&oacute;n de recursos, seguridad, sistemas hidroel&eacute;ctricos\n\n\n\n<strong>Medioambiente: <\/strong>Cambio clim&aacute;tico, sequ&iacute;a, impacto socio-econ&oacute;mico de la gesti&oacute;n del agua\n\n\n<strong>Tecnolog&iacute;as de Informaci&oacute;n: <\/strong>Sistemas de informaci&oacute;n, inteligencia artificial\n","parent":0,"count":15,"filter":"raw","term_order":"0"}],"infraestructura":[],"ods":[],"origen":[{"term_id":180,"name":"Patente","slug":"patente","term_group":0,"term_taxonomy_id":180,"taxonomy":"origen","description":"","parent":0,"count":614,"filter":"raw","term_order":"0"}],"familia_tax":false,"quien_tax":false,"donde_tax":false,"year":"","contacto":"<strong>Principales: <\/strong><ul><li>RAFAEL MORAN MOYA <blockquote><strong>r.moran@upm.es<\/strong><\/blockquote><\/li><li>FRANCISCO JAVIER CABALLERO JIMENEZ <blockquote><strong>franciscojavier.caballero@upm.es<\/strong><\/blockquote><\/li><li>CRISTIAN PONCE FARF\u00c1N <blockquote><strong>cristian.ponce@upm.es<\/strong><\/blockquote><\/li><li>JAVIER PERAITA DE GRADO <blockquote><strong>j.peraita@upm.es<\/strong><\/blockquote><\/li><li>MIGUEL ANGEL TOLEDO MUNICIO <blockquote><strong>miguelangel.toledo@upm.es<\/strong><\/blockquote><\/li><\/ul><strong>Otros inventores: <\/strong><ul><li>JavierSan Mauro Saiz CIMNE - Centre Internacional de M\u00e8todes Num\u00e8rics en Enginyeria  (UPC - Universidad Polit\u00e9cnica de Catalu\u00f1a)<\/li> <li>TamaraRamos del Rosario CEDEX - Centro de Estudios y Experimentaci\u00f3n de Obras P\u00fablicas (Ministerio de Fomento)<\/li> <li>Francisco JavierCaballero Jim\u00e9nez ACIS innovaci\u00f3n+ingenier\u00eda S.L. (ACIS2in)<\/li> <li>Carlos Granell Ninot JES\u00daS GRANELL INGENIERO CONSULTOR S.L<\/li> <li>FernandoSalazar Gonz\u00e1lez CIMNE - Centre Internacional de M\u00e8todes Num\u00e8rics en Enginyeria  (UPC - Universidad Polit\u00e9cnica de Catalu\u00f1a)<\/li> <li>LuisBalair\u00f3n P\u00e9rez CEDEX - Centro de Estudios y Experimentaci\u00f3n de Obras P\u00fablicas (Ministerio de Fomento)<\/li> <li>FranciscoRiquelme Cepeda ALGM Metodos de Ingenieri\u00ada, SLU.<\/li> <li>LuisRuano Arn\u00e1iz VEMSA SL<\/li> <li>Mar\u00eda InmaculadaMonterde Villar VEMSA SL<\/li> <li>Mar\u00eda AlejandraRuano Arn\u00e1iz VEMSA SL<\/li> <\/ul>","telefono":"","pagina_web":"","email":"","id_ficha_portal":"1722","video":"","adjuntos":false,"adjuntos_portal":"https:\/\/www.upm.es\/S2i\/Acuse\/recuperarArchivo.jsp?id=1722&id_archivo=12989&tipo=patente&extension=fichero ","inf":false,"departamento":"","acf":[],"lang":"es","translation":{"es":9166},"_links":{"self":[{"href":"https:\/\/www.upm.es\/recursosidi\/wp-json\/wp\/v2\/product\/9166"}],"collection":[{"href":"https:\/\/www.upm.es\/recursosidi\/wp-json\/wp\/v2\/product"}],"about":[{"href":"https:\/\/www.upm.es\/recursosidi\/wp-json\/wp\/v2\/types\/product"}],"wp:attachment":[{"href":"https:\/\/www.upm.es\/recursosidi\/wp-json\/wp\/v2\/media?parent=9166"}],"wp:term":[{"taxonomy":"product_cat","embeddable":true,"href":"https:\/\/www.upm.es\/recursosidi\/wp-json\/wp\/v2\/product_cat?post=9166"},{"taxonomy":"product_tag","embeddable":true,"href":"https:\/\/www.upm.es\/recursosidi\/wp-json\/wp\/v2\/product_tag?post=9166"},{"taxonomy":"comunidad_upm","embeddable":true,"href":"https:\/\/www.upm.es\/recursosidi\/wp-json\/wp\/v2\/comunidades-upm?post=9166"},{"taxonomy":"quien","embeddable":true,"href":"https:\/\/www.upm.es\/recursosidi\/wp-json\/wp\/v2\/quien?post=9166"},{"taxonomy":"mapa","embeddable":true,"href":"https:\/\/www.upm.es\/recursosidi\/wp-json\/wp\/v2\/mapa?post=9166"},{"taxonomy":"disponibilidad","embeddable":true,"href":"https:\/\/www.upm.es\/recursosidi\/wp-json\/wp\/v2\/disponibilidad?post=9166"},{"taxonomy":"donde","embeddable":true,"href":"https:\/\/www.upm.es\/recursosidi\/wp-json\/wp\/v2\/donde?post=9166"},{"taxonomy":"infraestructura","embeddable":true,"href":"https:\/\/www.upm.es\/recursosidi\/wp-json\/wp\/v2\/infraestructura?post=9166"},{"taxonomy":"ods","embeddable":true,"href":"https:\/\/www.upm.es\/recursosidi\/wp-json\/wp\/v2\/ods?post=9166"},{"taxonomy":"origen","embeddable":true,"href":"https:\/\/www.upm.es\/recursosidi\/wp-json\/wp\/v2\/origen?post=9166"}],"curies":[{"name":"wp","href":"https:\/\/api.w.org\/{rel}","templated":true}]}}