{"id":9193,"date":"2022-02-25T02:29:11","date_gmt":"2022-02-25T01:29:11","guid":{"rendered":"https:\/\/www.upm.es\/recursosidi\/offers-resources\/sin%20categor\u00eda\/pieza-ceramica-para-construccion-y-procedimiento-de-construccion-de-forjado-que-la-incorpora\/"},"modified":"2022-11-16T02:00:34","modified_gmt":"2022-11-16T01:00:34","slug":"pieza-ceramica-para-construccion-y-procedimiento-de-construccion-de-forjado-que-la-incorpora","status":"publish","type":"product","link":"https:\/\/www.upm.es\/recursosidi\/offers-resources\/patentes\/pieza-ceramica-para-construccion-y-procedimiento-de-construccion-de-forjado-que-la-incorpora\/","title":{"rendered":"PIEZA CER\u00c1MICA PARA CONSTRUCCI\u00d3N Y PROCEDIMIENTO DE CONSTRUCCI\u00d3N DE FORJADO QUE LA INCORPORA"},"content":{"rendered":"<h5>Descripci\u00f3n de la patente <\/h5>\n<p>Pieza cer&aacute;mica (1, 1&#8242;) para construcci&oacute;n y<\/p>\n<p>procedimiento de construcci&oacute;n de forjado (11, 11&#8242;)<\/p>\n<p>que la incorpora. La pieza cer&aacute;mica (1, 1&#8242;) comprende<\/p>\n<p>una pared inferior (2), una pared superior (3) y dos<\/p>\n<p>paredes laterales (4), de manera que las cuatro<\/p>\n<p>paredes delimitan huecos interiores (5) con tabiques<\/p>\n<p>intermedios (6), siendo la pared inferior (2) de menor<\/p>\n<p>anchura que la pared superior (3), y estando las<\/p>\n<p>paredes laterales (4) unidas a la pared inferior (2)<\/p>\n<p>mediante sendos escalonamientos entrantes<\/p>\n<p>inferiores (7), en la que la pared superior (3)<\/p>\n<p>comprende sendos salientes laterales (8) a modo de<\/p>\n<p>aletas en voladizo, cada uno de los cuales forma un<\/p>\n<p>escalonamiento saliente (9) con respecto a cada una<\/p>\n<p>de las respectivas paredes laterales (4).<\/p>\n<h5>Situaci\u00f3n <\/h5>\n<p>Concedida<\/p>\n<h5>N\u00famero de solicitud<\/h5>\n<p>U202230847<\/p>\n<h5>N\u00famero de publicaci\u00f3n<\/h5>\n<p>ES1293589<\/p>\n<h5>Fecha de presentaci\u00f3n <\/h5>\n<p>30\/12\/2021<\/p>\n<h5>Fecha de publicaci\u00f3n <\/h5>\n<p>05\/08\/2022<\/p>\n<h5>Fecha de concesi\u00f3n <\/h5>\n<p>20\/10\/2022<\/p>\n<div class=\"pdfprnt-buttons pdfprnt-buttons-product pdfprnt-bottom-left\"><a href=\"https:\/\/www.upm.es\/recursosidi\/wp-json\/wp\/v2\/product\/9193?print=pdf\" class=\"pdfprnt-button pdfprnt-button-pdf\" target=\"_blank\"><span class=\"pdfprnt-button-title pdfprnt-button-pdf-title\">Descargar ficha<\/span><\/a><\/div>","protected":false},"excerpt":{"rendered":"<p>Descripci\u00f3n de la patente Pieza cer&aacute;mica (1, 1&#8242;) para construcci&oacute;n y procedimiento de construcci&oacute;n de forjado (11, 11&#8242;) que la incorpora. La pieza cer&aacute;mica (1,&hellip;<\/p>\n","protected":false},"featured_media":0,"template":"","meta":{"_acf_changed":false},"product_cat":[3946],"product_tag":[],"comunidades-upm":[],"quien":[],"mapa":[{"term_id":124,"name":"Arquitectura, Baukultur y creatividad","slug":"arquitectura-baukultur-creatividad","term_group":0,"term_taxonomy_id":124,"taxonomy":"mapa","description":"","parent":0,"count":25,"filter":"raw","term_order":"4"}],"disponibilidad":[],"donde":[{"term_id":42,"name":"UPM","slug":"upm","term_group":0,"term_taxonomy_id":42,"taxonomy":"donde","description":"Universidad Polit\u00e9cnica de Madrid\r\nHTML \"Lorem ipsum dolor sit amet, consectetur adipiscing elit, sed do eiusmod tempor incididunt ut labore et dolore magna aliqua. Ut enim ad minim veniam, quis nostrud exercitation ullamco laboris nisi ut aliquip ex ea commodo consequat. Duis aute irure dolor in reprehenderit in voluptate velit esse cillum dolore eu fugiat nulla pariatur. Excepteur sint occaecat cupidatat non proident, sunt in culpa qui officia deserunt mollit anim id est laborum.\"","parent":0,"count":146,"filter":"raw","term_order":"0"}],"infraestructura":[],"ods":[],"origen":[{"term_id":180,"name":"Patente","slug":"patente","term_group":0,"term_taxonomy_id":180,"taxonomy":"origen","description":"","parent":0,"count":614,"filter":"raw","term_order":"0"}],"familia_tax":false,"quien_tax":false,"donde_tax":false,"year":"","contacto":"<ul><li><blockquote><strong>otri.investigacion@upm.es<\/strong><\/blockquote><\/li><\/ul>","telefono":"","pagina_web":"","email":"","id_ficha_portal":"1809","video":"","adjuntos":false,"adjuntos_portal":"https:\/\/www.upm.es\/S2i\/Acuse\/recuperarArchivo.jsp?id=1809&id_archivo=12836&tipo=patente&extension=fichero ;https:\/\/www.upm.es\/S2i\/Acuse\/recuperarArchivo.jsp?id=1809&id_archivo=13152&tipo=patente&extension=fichero ","inf":false,"departamento":"","acf":[],"lang":"es","translation":{"es":9193},"_links":{"self":[{"href":"https:\/\/www.upm.es\/recursosidi\/wp-json\/wp\/v2\/product\/9193"}],"collection":[{"href":"https:\/\/www.upm.es\/recursosidi\/wp-json\/wp\/v2\/product"}],"about":[{"href":"https:\/\/www.upm.es\/recursosidi\/wp-json\/wp\/v2\/types\/product"}],"wp:attachment":[{"href":"https:\/\/www.upm.es\/recursosidi\/wp-json\/wp\/v2\/media?parent=9193"}],"wp:term":[{"taxonomy":"product_cat","embeddable":true,"href":"https:\/\/www.upm.es\/recursosidi\/wp-json\/wp\/v2\/product_cat?post=9193"},{"taxonomy":"product_tag","embeddable":true,"href":"https:\/\/www.upm.es\/recursosidi\/wp-json\/wp\/v2\/product_tag?post=9193"},{"taxonomy":"comunidad_upm","embeddable":true,"href":"https:\/\/www.upm.es\/recursosidi\/wp-json\/wp\/v2\/comunidades-upm?post=9193"},{"taxonomy":"quien","embeddable":true,"href":"https:\/\/www.upm.es\/recursosidi\/wp-json\/wp\/v2\/quien?post=9193"},{"taxonomy":"mapa","embeddable":true,"href":"https:\/\/www.upm.es\/recursosidi\/wp-json\/wp\/v2\/mapa?post=9193"},{"taxonomy":"disponibilidad","embeddable":true,"href":"https:\/\/www.upm.es\/recursosidi\/wp-json\/wp\/v2\/disponibilidad?post=9193"},{"taxonomy":"donde","embeddable":true,"href":"https:\/\/www.upm.es\/recursosidi\/wp-json\/wp\/v2\/donde?post=9193"},{"taxonomy":"infraestructura","embeddable":true,"href":"https:\/\/www.upm.es\/recursosidi\/wp-json\/wp\/v2\/infraestructura?post=9193"},{"taxonomy":"ods","embeddable":true,"href":"https:\/\/www.upm.es\/recursosidi\/wp-json\/wp\/v2\/ods?post=9193"},{"taxonomy":"origen","embeddable":true,"href":"https:\/\/www.upm.es\/recursosidi\/wp-json\/wp\/v2\/origen?post=9193"}],"curies":[{"name":"wp","href":"https:\/\/api.w.org\/{rel}","templated":true}]}}