{"id":9304,"date":"2022-11-29T13:43:41","date_gmt":"2022-11-29T12:43:41","guid":{"rendered":"https:\/\/www.upm.es\/recursosidi\/offers-resources\/sin%20categor\u00eda\/material-de-construccion-para-la-elaboracion-de-prefabricados\/"},"modified":"2022-11-29T13:51:20","modified_gmt":"2022-11-29T12:51:20","slug":"material-de-construccion-para-la-elaboracion-de-prefabricados","status":"publish","type":"product","link":"https:\/\/www.upm.es\/recursosidi\/offers-resources\/patentes\/material-de-construccion-para-la-elaboracion-de-prefabricados\/","title":{"rendered":"MATERIAL DE CONSTRUCCI\u00d3N PARA LA ELABORACI\u00d3N DE PREFABRICADOS"},"content":{"rendered":"<h5>Descripci\u00f3n de la patente <\/h5>\n<p>&nbsp;<\/p>\n<p align=\"LEFT\"><span style=\"font-family: Arial;font-size: xx-small\"><span style=\"font-family: Arial;font-size: xx-small\"><span style=\"font-family: Arial;font-size: xx-small\"><span style=\"font-family: Arial;font-size: xx-small\">Material de construcci&oacute;n para la elaboraci&oacute;n de&nbsp; prefabricados.&nbsp; La invenci&oacute;n se refiere a un material de construcci&oacute;n especialmente adecuado para elaborar prefabricados en viviendas sociales, que comprende una relaci&oacute;n agua\/material conglomerante igual o superior a 0.8 y donde dicho material de construcci&oacute;n comprende adicionalmente: 1 a 5% de vermiculita expandida de baja densidad comprendida entre 60 y 140 kg\/m3 a una temperatura de&nbsp; entre 21 y 23&ordm;C;&nbsp; 1a&nbsp; 3% de poliacrilamida superabsorbente en polvo y 1a&nbsp; 3% de&nbsp;&nbsp; sustrato&nbsp;&nbsp; org&aacute;nico&nbsp;&nbsp; de&nbsp; fibra&nbsp; de&nbsp; coco.&nbsp; La invenci&oacute;n tambi&eacute;n se refiere al m&eacute;todo de&nbsp; fabricaci&oacute;n de dicho material, as&iacute; como a su uso como&nbsp; material de construcci&oacute;n. <\/span><\/span><\/span><\/span><\/p>\n<p>&nbsp;<\/p>\n<p align=\"LEFT\"><span style=\"font-family: Arial;font-size: xx-small\"><span style=\"font-family: Arial;font-size: xx-small\">&nbsp;<\/span><\/span><\/p>\n<h5>Situaci\u00f3n <\/h5>\n<p>Concedida<\/p>\n<h5>N\u00famero de solicitud<\/h5>\n<p>P202130564<\/p>\n<h5>N\u00famero de publicaci\u00f3n<\/h5>\n<p>ES2899523<\/p>\n<h5>Fecha de presentaci\u00f3n <\/h5>\n<p>17\/06\/2021<\/p>\n<h5>Fecha de publicaci\u00f3n <\/h5>\n<p>11\/03\/2022<\/p>\n<h5>Fecha de concesi\u00f3n <\/h5>\n<p>17\/10\/2022<\/p>\n<div class=\"pdfprnt-buttons pdfprnt-buttons-product pdfprnt-bottom-left\"><a href=\"https:\/\/www.upm.es\/recursosidi\/wp-json\/wp\/v2\/product\/9304?print=pdf\" class=\"pdfprnt-button pdfprnt-button-pdf\" target=\"_blank\"><span class=\"pdfprnt-button-title pdfprnt-button-pdf-title\">Descargar ficha<\/span><\/a><\/div>","protected":false},"excerpt":{"rendered":"<p>Descripci\u00f3n de la patente &nbsp; Material de construcci&oacute;n para la elaboraci&oacute;n de&nbsp; prefabricados.&nbsp; La invenci&oacute;n se refiere a un material de construcci&oacute;n especialmente adecuado para&hellip;<\/p>\n","protected":false},"featured_media":0,"template":"","meta":{"_acf_changed":false},"product_cat":[3946],"product_tag":[],"comunidades-upm":[],"quien":[],"mapa":[],"disponibilidad":[],"donde":[{"term_id":3423,"name":"Monitorizaci\u00f3n e Innovaci\u00f3n Tecnol\u00f3gica en Edificaci\u00f3n (MITE)","slug":"monitorizacion-e-innovacion-tecnologica-en-edificacion-mite","term_group":0,"term_taxonomy_id":3423,"taxonomy":"donde","description":"","parent":0,"count":26,"filter":"raw","term_order":"0"}],"infraestructura":[],"ods":[],"origen":[{"term_id":180,"name":"Patente","slug":"patente","term_group":0,"term_taxonomy_id":180,"taxonomy":"origen","description":"","parent":0,"count":614,"filter":"raw","term_order":"0"}],"familia_tax":false,"quien_tax":false,"donde_tax":false,"year":"","contacto":"<strong>Main: <\/strong><ul><li>DANIEL FERRANDEZ VEGA <blockquote><strong>daniel.fvega@upm.es<\/strong><\/blockquote><\/li><li>MANUEL ALVAREZ DORADO <blockquote><strong>manuel.alvarezd@upm.es<\/strong><\/blockquote><\/li><li>CARLOS MORON FERNANDEZ <blockquote><strong>carlos.moron@upm.es<\/strong><\/blockquote><\/li><\/ul>","telefono":"","pagina_web":"","email":"","id_ficha_portal":"1735","video":"","adjuntos":false,"adjuntos_portal":"https:\/\/www.upm.es\/S2i\/Acuse\/recuperarArchivo.jsp?id=1735&id_archivo=13288&tipo=patente&extension=fichero ","inf":false,"departamento":"","acf":[],"lang":"es","translation":{"es":9304,"en":11673},"_links":{"self":[{"href":"https:\/\/www.upm.es\/recursosidi\/wp-json\/wp\/v2\/product\/9304"}],"collection":[{"href":"https:\/\/www.upm.es\/recursosidi\/wp-json\/wp\/v2\/product"}],"about":[{"href":"https:\/\/www.upm.es\/recursosidi\/wp-json\/wp\/v2\/types\/product"}],"wp:attachment":[{"href":"https:\/\/www.upm.es\/recursosidi\/wp-json\/wp\/v2\/media?parent=9304"}],"wp:term":[{"taxonomy":"product_cat","embeddable":true,"href":"https:\/\/www.upm.es\/recursosidi\/wp-json\/wp\/v2\/product_cat?post=9304"},{"taxonomy":"product_tag","embeddable":true,"href":"https:\/\/www.upm.es\/recursosidi\/wp-json\/wp\/v2\/product_tag?post=9304"},{"taxonomy":"comunidad_upm","embeddable":true,"href":"https:\/\/www.upm.es\/recursosidi\/wp-json\/wp\/v2\/comunidades-upm?post=9304"},{"taxonomy":"quien","embeddable":true,"href":"https:\/\/www.upm.es\/recursosidi\/wp-json\/wp\/v2\/quien?post=9304"},{"taxonomy":"mapa","embeddable":true,"href":"https:\/\/www.upm.es\/recursosidi\/wp-json\/wp\/v2\/mapa?post=9304"},{"taxonomy":"disponibilidad","embeddable":true,"href":"https:\/\/www.upm.es\/recursosidi\/wp-json\/wp\/v2\/disponibilidad?post=9304"},{"taxonomy":"donde","embeddable":true,"href":"https:\/\/www.upm.es\/recursosidi\/wp-json\/wp\/v2\/donde?post=9304"},{"taxonomy":"infraestructura","embeddable":true,"href":"https:\/\/www.upm.es\/recursosidi\/wp-json\/wp\/v2\/infraestructura?post=9304"},{"taxonomy":"ods","embeddable":true,"href":"https:\/\/www.upm.es\/recursosidi\/wp-json\/wp\/v2\/ods?post=9304"},{"taxonomy":"origen","embeddable":true,"href":"https:\/\/www.upm.es\/recursosidi\/wp-json\/wp\/v2\/origen?post=9304"}],"curies":[{"name":"wp","href":"https:\/\/api.w.org\/{rel}","templated":true}]}}