{"id":9386,"date":"2022-04-27T02:35:30","date_gmt":"2022-04-27T00:35:30","guid":{"rendered":"https:\/\/www.upm.es\/recursosidi\/offers-resources\/sin%20categor\u00eda\/celda-unidad-de-metamaterial-y-metamaterial-formado-a-partir-de-dicha-celda-unidad\/"},"modified":"2022-11-19T02:00:35","modified_gmt":"2022-11-19T01:00:35","slug":"celda-unidad-de-metamaterial-y-metamaterial-formado-a-partir-de-dicha-celda-unidad","status":"publish","type":"product","link":"https:\/\/www.upm.es\/recursosidi\/offers-resources\/patentes\/celda-unidad-de-metamaterial-y-metamaterial-formado-a-partir-de-dicha-celda-unidad\/","title":{"rendered":"CELDA UNIDAD DE METAMATERIAL Y METAMATERIAL FORMADO A PARTIR DE DICHA CELDA UNIDAD"},"content":{"rendered":"<h5>Descripci\u00f3n de la patente <\/h5>\n<p align=\"LEFT\">Celda unidad de metamaterial y metamaterial formado a partir de dicha celda unidad. Celda unidad (C) de metamaterial con forma de prisma hexagonal recto, provista de vigas oblicuas unidas entre s&iacute; formando: un primer grupo de nodos (B1, B2, B3, B4, B5, B6) dispuesto sobre un plano horizontal central (P) y que definen los v&eacute;rtices interiores de una estrella; un segundo grupo de nodos (S1, S2, S3, S4, S5, S6) que definen los v&eacute;rtices exteriores de la estrella, y est&aacute;n ubicados verticalmente de forma alterna por encima y por debajo del plano horizontal (P); y un tercer grupo de nodos (M1, M2) auxiliares dispuestos verticalmente por encima y por debajo del plano horizontal (P)<\/p>\n<p>&nbsp;<\/p>\n<h5>Situaci\u00f3n <\/h5>\n<p>Concedida<\/p>\n<h5>N\u00famero de solicitud<\/h5>\n<p>P202130221<\/p>\n<h5>N\u00famero de publicaci\u00f3n<\/h5>\n<p>ES2907514<\/p>\n<h5>Fecha de presentaci\u00f3n <\/h5>\n<p>15\/03\/2021<\/p>\n<h5>Fecha de publicaci\u00f3n <\/h5>\n<p>25\/04\/2022<\/p>\n<h5>Fecha de concesi\u00f3n <\/h5>\n<p>11\/11\/2022<\/p>\n<div class=\"pdfprnt-buttons pdfprnt-buttons-product pdfprnt-bottom-left\"><a href=\"https:\/\/www.upm.es\/recursosidi\/wp-json\/wp\/v2\/product\/9386?print=pdf\" class=\"pdfprnt-button pdfprnt-button-pdf\" target=\"_blank\"><span class=\"pdfprnt-button-title pdfprnt-button-pdf-title\">Descargar ficha<\/span><\/a><\/div>","protected":false},"excerpt":{"rendered":"<p>Descripci\u00f3n de la patente Celda unidad de metamaterial y metamaterial formado a partir de dicha celda unidad. Celda unidad (C) de metamaterial con forma de&hellip;<\/p>\n","protected":false},"featured_media":0,"template":"","meta":{"_acf_changed":false},"product_cat":[3946],"product_tag":[],"comunidades-upm":[],"quien":[],"mapa":[],"disponibilidad":[],"donde":[{"term_id":3419,"name":"GAMOSINOS: Grupo Avanzado de MOdelado y SImulaci\u00f3n NO-lineal de S\u00f3lidos","slug":"gamosinos-grupo-avanzado-de-modelado-y-simulacion-no-lineal-de-solidos","term_group":0,"term_taxonomy_id":3419,"taxonomy":"donde","description":"","parent":0,"count":2,"filter":"raw","term_order":"0"}],"infraestructura":[],"ods":[],"origen":[{"term_id":180,"name":"Patente","slug":"patente","term_group":0,"term_taxonomy_id":180,"taxonomy":"origen","description":"","parent":0,"count":614,"filter":"raw","term_order":"0"}],"familia_tax":false,"quien_tax":false,"donde_tax":false,"year":"","contacto":"<strong>Principales: <\/strong><ul><li>FRANCISCO JAVIER MONTANS LEAL <blockquote><strong>fco.montans@upm.es<\/strong><\/blockquote><\/li><li>LUIS SAUCEDO MORA <blockquote><strong>luis.saucedo@upm.es<\/strong><\/blockquote><\/li><li>MIGUEL ANGEL SANZ GOMEZ <blockquote><strong>miguelangel.sanz@upm.es<\/strong><\/blockquote><\/li><\/ul><strong>Otros inventores UPM: <\/strong><ul><li>Guillermo G\u00f3mez Carano E.T.S. de  Ingenier\u00eda Aeron\u00e1utica y del Espacio<\/li><\/ul>","telefono":"","pagina_web":"","email":"","id_ficha_portal":"1684","video":"","adjuntos":false,"adjuntos_portal":"https:\/\/www.upm.es\/S2i\/Acuse\/recuperarArchivo.jsp?id=1684&id_archivo=13332&tipo=patente&extension=fichero","inf":false,"departamento":"","acf":[],"lang":"es","translation":{"es":9386},"_links":{"self":[{"href":"https:\/\/www.upm.es\/recursosidi\/wp-json\/wp\/v2\/product\/9386"}],"collection":[{"href":"https:\/\/www.upm.es\/recursosidi\/wp-json\/wp\/v2\/product"}],"about":[{"href":"https:\/\/www.upm.es\/recursosidi\/wp-json\/wp\/v2\/types\/product"}],"wp:attachment":[{"href":"https:\/\/www.upm.es\/recursosidi\/wp-json\/wp\/v2\/media?parent=9386"}],"wp:term":[{"taxonomy":"product_cat","embeddable":true,"href":"https:\/\/www.upm.es\/recursosidi\/wp-json\/wp\/v2\/product_cat?post=9386"},{"taxonomy":"product_tag","embeddable":true,"href":"https:\/\/www.upm.es\/recursosidi\/wp-json\/wp\/v2\/product_tag?post=9386"},{"taxonomy":"comunidad_upm","embeddable":true,"href":"https:\/\/www.upm.es\/recursosidi\/wp-json\/wp\/v2\/comunidades-upm?post=9386"},{"taxonomy":"quien","embeddable":true,"href":"https:\/\/www.upm.es\/recursosidi\/wp-json\/wp\/v2\/quien?post=9386"},{"taxonomy":"mapa","embeddable":true,"href":"https:\/\/www.upm.es\/recursosidi\/wp-json\/wp\/v2\/mapa?post=9386"},{"taxonomy":"disponibilidad","embeddable":true,"href":"https:\/\/www.upm.es\/recursosidi\/wp-json\/wp\/v2\/disponibilidad?post=9386"},{"taxonomy":"donde","embeddable":true,"href":"https:\/\/www.upm.es\/recursosidi\/wp-json\/wp\/v2\/donde?post=9386"},{"taxonomy":"infraestructura","embeddable":true,"href":"https:\/\/www.upm.es\/recursosidi\/wp-json\/wp\/v2\/infraestructura?post=9386"},{"taxonomy":"ods","embeddable":true,"href":"https:\/\/www.upm.es\/recursosidi\/wp-json\/wp\/v2\/ods?post=9386"},{"taxonomy":"origen","embeddable":true,"href":"https:\/\/www.upm.es\/recursosidi\/wp-json\/wp\/v2\/origen?post=9386"}],"curies":[{"name":"wp","href":"https:\/\/api.w.org\/{rel}","templated":true}]}}