{"id":9442,"date":"2021-04-23T13:49:53","date_gmt":"2021-04-23T11:49:53","guid":{"rendered":"https:\/\/www.upm.es\/recursosidi\/offers-resources\/sin categor\u00eda\/servicio-de-creacion-de-grafos-de-conocimiento\/"},"modified":"2022-04-28T12:52:46","modified_gmt":"2022-04-28T10:52:46","slug":"servicio-de-creacion-de-grafos-de-conocimiento","status":"publish","type":"product","link":"https:\/\/www.upm.es\/recursosidi\/offers-resources\/servicios-cientifico-tecnologico\/servicios-servicios-cientifico-tecnologico\/servicio-de-creacion-de-grafos-de-conocimiento\/","title":{"rendered":"Servicio de Creaci\u00f3n de Grafos de Conocimiento"},"content":{"rendered":"<h2>Servicio de Creaci&oacute;n de Grafos de Conocimiento<\/h2>\n<hr \/>\n<h4>Descripci&oacute;n de los servicios que se ofrecen <!-- y tarifas --><\/h4>\n<p>Mediante este servicio ponemos a vuestra disposici&oacute;n nuestra amplia experiencia en la planificaci&oacute;n estrat&eacute;gica relacionada con la creaci&oacute;n, mantenimiento y uso de grafos de conocimientos en cualquier dominio y sector de actividad.<\/p>\n<p>Desde un punto de vista estrat&eacute;gico, analizamos los procesos de negocio de la organiaci&oacute;n, para determinar los retos y oportunidades que se pueden abordar con el uso de grafos de conocimientos. Asimismo, analizamos vuestras principales fuentes de datos e informaci&oacute;n (bases de datos, ficheros de datos en todo tipo de formatos, documentos, etc.).<\/p>\n<p>Desde un punto de vista t&eacute;cnico, realizamos la configuraci&oacute;n de todos los procesos y componentes tecnol&oacute;gicos necesarios para el preprocesamiento, unificaci&oacute;n y transformaci&oacute;n de estas fuentes de datos en un &uacute;nico grafo de conocimientos de la organizaci&oacute;n, incorporando si es necesario informaci&oacute;n de grafos de conocimiento existentes, de prop&oacute;sito general o propios del dominio de actividad. Siempre que sea posible se utilizar&aacute;n est&aacute;ndares y lenguajes declarativos, para facilitar el mantenimiento posterior, aunque en ocasiones tambi&eacute;n puede ser necesario realizar transformaciones ad-hoc en el caso de datos muy complejos o documentos.<!-- Recuerda que estas tarifas ser\u00e1n las oficiales aprobadas en Consejo de Direcci\u00f3n y Consejo Social. --><\/p>\n<hr \/>\n<h4>Necesidades demandadas y aplicaciones<\/h4>\n<p>Los grafos de conocimientos (<em>Knowledge Graphs<\/em>) se han convertido en una herramienta esencial para organizar los datos, informaci&oacute;n y conocimientos disponibles dentro de las organizaciones, independientemente de su sector de actividad y de si son p&uacute;blicas o privadas. Los grafos de conocimientos facilitan la gesti&oacute;n y organizaci&oacute;n de todos los activos que estas organizaciones poseen, haciendo el trabajo de sus empleados m&aacute;s eficiente al permitirles encontrar la informaci&oacute;n que buscan con m&aacute;s rapidez y precisi&oacute;n.<\/p>\n<hr \/>\n<h4>Sector o &aacute;rea de aplicaci&oacute;n<\/h4>\n<p>Este tipo de servicios se puede ofrecer para organizaciones p&uacute;blicas y privadas en cualquier sector o &aacute;rea de actividad. Tenemos experiencia en la creaci&oacute;n de grafos de conocimientos en dominios como los repositorios digitales de bibliotecas, los datos geogr&aacute;ficos, los datos de ciudades, datos acad&eacute;micos y de investigaci&oacute;n, infraestructuras hardware y software, &aacute;mbito jur&iacute;dico, industria 4.0, redes de sensores, etc.&nbsp;<\/p>\n<hr \/>\n<h4>Competencias diferenciales<\/h4>\n<p>Adem&aacute;s de nuestra amplia experiencia en la consultor&iacute;a estrat&eacute;gica con muchos tipos de organizaciones nacionales e internacionales, as&iacute; como en el despliegue en producci&oacute;n de grafos de conocimientos para distintos tipos de organizaciones, nuestra ventaja competitiva principal es el hecho de que llevamos trabajando m&aacute;s de 15 a&ntilde;os en la creaci&oacute;n de lenguajes, algoritmos y herramientas para el tratamiento de datos y su transformaci&oacute;n en grafos de conocimientos. Asimismo, lideramos el grupo de trabajo del consorcio de la World Wide Web W3C Knowledge Graph Construction, donde se est&aacute;n discutiendo junto con otros actores del mundo de la industria, las administraciones p&uacute;blicas y la investigaci&oacute;n los siguientes pasos para mejorar los lenguajes y sistemas de transformaci&oacute;n existentes<\/p>\n<hr \/>\n<h4>Referencias previas de prestaci&oacute;n<\/h4>\n<ul>\n<li>Biblioteca Nacional de Espa&ntilde;a: <a href=\"http:\/\/datos.bne.es\/\">http:\/\/datos.bne.es\/<\/a>&nbsp;<\/li>\n<li>Ayuntamiento de Zaragoza: <a href=\"http:\/\/datos.zaragoza.es\/\">http:\/\/datos.zaragoza.es\/<\/a>&nbsp;<\/li>\n<li>Centro Nacional de Informaci&oacute;n Geogr&aacute;fica: <a href=\"http:\/\/datos.ign.es\/\">http:\/\/datos.ign.es\/<\/a>&nbsp;<\/li>\n<li>Servidor de la DBpedia en espa&ntilde;ol: <a href=\"https:\/\/es.dbpedia.org\/\">https:\/\/es.dbpedia.org\/<\/a>&nbsp;<\/li>\n<\/ul>\n<p>Asimismo, hemos dado soporte para la creaci&oacute;n de grafos de conocimientos a varias empresas nacionales e internacionales en sectores como el TIC, el jur&iacute;dico, los seguros y la gesti&oacute;n universitaria, cuyos nombres no revelamos por&nbsp; acuerdos de confidencialidad<\/p>\n<hr \/>\n<h4>Descripci&oacute;n del equipamiento<\/h4>\n<p>Poseemos la infraestructura hardware y software para poder realizar los procesos de transformaci&oacute;n y alojamiento de los grafos de conocimientos en nuestras instalaciones. Sin embargo, tambi&eacute;n es com&uacute;n la realizaci&oacute;n de estas tareas en las instalaciones del cliente, por lo que tenemos total flexibilidad en este sentido<\/p>\n<hr \/>\n<h4>&nbsp;<\/h4>\n<hr \/>\n<div class=\"pdfprnt-buttons pdfprnt-buttons-product pdfprnt-bottom-left\"><a href=\"https:\/\/www.upm.es\/recursosidi\/wp-json\/wp\/v2\/product\/9442?print=pdf\" class=\"pdfprnt-button pdfprnt-button-pdf\" target=\"_blank\"><span class=\"pdfprnt-button-title pdfprnt-button-pdf-title\">Descargar ficha<\/span><\/a><\/div>","protected":false},"excerpt":{"rendered":"<p>Se ofrece soporte estrat\u00e9gico, metodol\u00f3gico y tecnol\u00f3gico para llevar a cabo todas las fases involucradas en la generaci\u00f3n de grafos de conocimientos a partir de fuentes de datos heterog\u00e9neas (bases de datos, ficheros tabulares en formato CSV o Excel, ficheros o APIs usando formato JSON, documentos)<\/p>\n","protected":false},"featured_media":6754,"template":"","meta":{"_acf_changed":false},"product_cat":[2395],"product_tag":[3357,3355,3356,3113,2483,3323],"comunidades-upm":[],"quien":[],"mapa":[{"term_id":126,"name":"Tecnolog\u00edas digitales, Inteligencia Artificial, ciberseguridad, 5G, rob\u00f3tica","slug":"tecnologias_digitales-ai-ciberseguridad-5g-robotica","term_group":0,"term_taxonomy_id":126,"taxonomy":"mapa","description":"","parent":0,"count":194,"filter":"raw","term_order":"23"}],"disponibilidad":[{"term_id":204,"name":"Disponible","slug":"disponible","term_group":0,"term_taxonomy_id":204,"taxonomy":"disponibilidad","description":"","parent":0,"count":110,"filter":"raw","term_order":"0"}],"donde":[{"term_id":1884,"name":"Artificial Intelligence R&amp;I Centre (AI.nnovation Space)","slug":"en_artificial-intelligence-ri-centre-ai-nnovation-space","term_group":0,"term_taxonomy_id":1884,"taxonomy":"donde","description":"","parent":0,"count":41,"filter":"raw","term_order":"0"},{"term_id":664,"name":"Centro de I+D+i en Inteligencia Artificial (AI.nnovation Space)","slug":"centro-de-idi-en-inteligencia-artificial-ai-nnovation-space","term_group":0,"term_taxonomy_id":664,"taxonomy":"donde","description":"","parent":0,"count":44,"filter":"raw","term_order":"0"},{"term_id":526,"name":"Ontology Engineering Group","slug":"ontology-engineering-group","term_group":0,"term_taxonomy_id":526,"taxonomy":"donde","description":"Trabajamos en las siguientes l&iacute;neas:\n&nbsp;\n\n<strong>Ingenier&iacute;a Ontol&oacute;gica.<\/strong> Construimos ontolog&iacute;as en dominios muy diversos, as&iacute; como m&eacute;todos y herramientas para facilitar esta tarea.\n<strong>Web Sem&aacute;ntica y Linked Data<\/strong>. Hemos creado Linked Data para organizaciones como la Biblioteca Nacional de Espa&ntilde;a, Instituto Geogr&aacute;fico Nacional, Ayuntamiento de Zaragoza, etc. Tambi&eacute;n hemos creado un gran n&uacute;mero de aplicaciones basadas en estos datos.\n<strong>Ingenier&iacute;a Ling&uuml;&iacute;stica.<\/strong> Aplicamos t&eacute;cnicas de procesamiento de lenguaje natural para la construcci&oacute;n de ontolog&iacute;as y la anotaci&oacute;n de textos, as&iacute; como el tratamiento de la multilingualidad.\n<strong>Integraci&oacute;n de datos.<\/strong> Creamos herramientas para integrar datos de bases de datos relacionales, hojas de c&aacute;lculo, streams de datos,, etc.\n<strong>e-Ciencia Sem&aacute;ntica.<\/strong> Facilitamos la labor de investigadores de varias disciplinas mediante el uso de tecnolog&iacute;as sem&aacute;nticas.\n","parent":0,"count":45,"filter":"raw","term_order":"0"},{"term_id":1750,"name":"Ontology Engineering Group","slug":"en_ontology-engineering-group","term_group":0,"term_taxonomy_id":1750,"taxonomy":"donde","description":"Trabajamos en las siguientes l&iacute;neas:\n&nbsp;\n\n<strong>Ingenier&iacute;a Ontol&oacute;gica.<\/strong> Construimos ontolog&iacute;as en dominios muy diversos, as&iacute; como m&eacute;todos y herramientas para facilitar esta tarea.\n<strong>Web Sem&aacute;ntica y Linked Data<\/strong>. Hemos creado Linked Data para organizaciones como la Biblioteca Nacional de Espa&ntilde;a, Instituto Geogr&aacute;fico Nacional, Ayuntamiento de Zaragoza, etc. Tambi&eacute;n hemos creado un gran n&uacute;mero de aplicaciones basadas en estos datos.\n<strong>Ingenier&iacute;a Ling&uuml;&iacute;stica.<\/strong> Aplicamos t&eacute;cnicas de procesamiento de lenguaje natural para la construcci&oacute;n de ontolog&iacute;as y la anotaci&oacute;n de textos, as&iacute; como el tratamiento de la multilingualidad.\n<strong>Integraci&oacute;n de datos.<\/strong> Creamos herramientas para integrar datos de bases de datos relacionales, hojas de c&aacute;lculo, streams de datos,, etc.\n<strong>e-Ciencia Sem&aacute;ntica.<\/strong> Facilitamos la labor de investigadores de varias disciplinas mediante el uso de tecnolog&iacute;as sem&aacute;nticas.\n","parent":0,"count":45,"filter":"raw","term_order":"0"}],"infraestructura":[],"ods":[{"term_id":2247,"name":"Industria, Innovaci\u00f3n e Infraestructura","slug":"industria-innovacion-e-infraestructura","term_group":0,"term_taxonomy_id":2247,"taxonomy":"ods","description":"","parent":0,"count":171,"filter":"raw","term_order":"0"}],"origen":[{"term_id":196,"name":"Infraestructuras, Instalaci\u00f3n, Equipo","slug":"infraestructuras","term_group":0,"term_taxonomy_id":196,"taxonomy":"origen","description":"","parent":0,"count":180,"filter":"raw","term_order":"0"}],"familia_tax":false,"quien_tax":false,"donde_tax":false,"year":"2021-01-01","contacto":"Escuela T\u00e9cnica Superior de Ingenieros Inform\u00e1ticos (ETSIINF). Universidad Polit\u00e9cnica de Madrid. Avda. Montepr\u00edncipe, s\/n. Boadilla del Monte, 28660, Espa\u00f1a","telefono":"910672911","pagina_web":"https:\/\/oeg.fi.upm.es\/index.html","email":"oscar.corcho@upm.es","id_ficha_portal":"234","video":"","adjuntos":false,"adjuntos_portal":"","inf":false,"departamento":"","acf":[],"lang":"es","translation":{"es":9442,"en":9446},"_links":{"self":[{"href":"https:\/\/www.upm.es\/recursosidi\/wp-json\/wp\/v2\/product\/9442"}],"collection":[{"href":"https:\/\/www.upm.es\/recursosidi\/wp-json\/wp\/v2\/product"}],"about":[{"href":"https:\/\/www.upm.es\/recursosidi\/wp-json\/wp\/v2\/types\/product"}],"wp:featuredmedia":[{"embeddable":true,"href":"https:\/\/www.upm.es\/recursosidi\/wp-json\/wp\/v2\/media\/6754"}],"wp:attachment":[{"href":"https:\/\/www.upm.es\/recursosidi\/wp-json\/wp\/v2\/media?parent=9442"}],"wp:term":[{"taxonomy":"product_cat","embeddable":true,"href":"https:\/\/www.upm.es\/recursosidi\/wp-json\/wp\/v2\/product_cat?post=9442"},{"taxonomy":"product_tag","embeddable":true,"href":"https:\/\/www.upm.es\/recursosidi\/wp-json\/wp\/v2\/product_tag?post=9442"},{"taxonomy":"comunidad_upm","embeddable":true,"href":"https:\/\/www.upm.es\/recursosidi\/wp-json\/wp\/v2\/comunidades-upm?post=9442"},{"taxonomy":"quien","embeddable":true,"href":"https:\/\/www.upm.es\/recursosidi\/wp-json\/wp\/v2\/quien?post=9442"},{"taxonomy":"mapa","embeddable":true,"href":"https:\/\/www.upm.es\/recursosidi\/wp-json\/wp\/v2\/mapa?post=9442"},{"taxonomy":"disponibilidad","embeddable":true,"href":"https:\/\/www.upm.es\/recursosidi\/wp-json\/wp\/v2\/disponibilidad?post=9442"},{"taxonomy":"donde","embeddable":true,"href":"https:\/\/www.upm.es\/recursosidi\/wp-json\/wp\/v2\/donde?post=9442"},{"taxonomy":"infraestructura","embeddable":true,"href":"https:\/\/www.upm.es\/recursosidi\/wp-json\/wp\/v2\/infraestructura?post=9442"},{"taxonomy":"ods","embeddable":true,"href":"https:\/\/www.upm.es\/recursosidi\/wp-json\/wp\/v2\/ods?post=9442"},{"taxonomy":"origen","embeddable":true,"href":"https:\/\/www.upm.es\/recursosidi\/wp-json\/wp\/v2\/origen?post=9442"}],"curies":[{"name":"wp","href":"https:\/\/api.w.org\/{rel}","templated":true}]}}