{"id":9448,"date":"2021-04-20T13:18:18","date_gmt":"2021-04-20T11:18:18","guid":{"rendered":"https:\/\/www.upm.es\/recursosidi\/offers-resources\/sin categor\u00eda\/servicio-de-mantenimiento-y-actualizacion-de-portales-de-datos-abiertos\/"},"modified":"2022-04-28T12:55:54","modified_gmt":"2022-04-28T10:55:54","slug":"servicio-de-mantenimiento-y-actualizacion-de-portales-de-datos-abiertos","status":"publish","type":"product","link":"https:\/\/www.upm.es\/recursosidi\/offers-resources\/servicios-cientifico-tecnologico\/servicios-servicios-cientifico-tecnologico\/servicio-de-mantenimiento-y-actualizacion-de-portales-de-datos-abiertos\/","title":{"rendered":"Servicio de mantenimiento y actualizaci\u00f3n de portales de datos abiertos"},"content":{"rendered":"<h4>Servicio de mantenimiento y actualizaci&oacute;n de portales de datos abiertos<\/h4>\n<hr \/>\n<h4>Descripci&oacute;n de los servicios que se ofrecen <!-- y tarifas --><\/h4>\n<p>En este servicio proporcionamos ayuda a organizaciones p&uacute;blicas y privadas sobre la estrategia a seguir para el despliegue de su propio portal de datos abiertos y\/o de un espacio de datos, de acuerdo con buenas pr&aacute;cticas nacionales e internacionales, directivas europeas, legislaci&oacute;n nacional, regional y local. Asimismo, proporcionamos todo el soporte tecnol&oacute;gico necesario para la configuraci&oacute;n y despliegue de portales de datos abiertos y espacios de datos basados en software de c&oacute;digo abierto (CKAN, GAIA-X), y para la preparaci&oacute;n de los conjuntos de datos que deban ser publicados, seleccionando modos de actualizaci&oacute;n, procesos de limpieza y preparaci&oacute;n de datos, formatos de publicaci&oacute;n (desde 1 hasta las 5 estrellas), etc.<!-- Recuerda que estas tarifas ser\u00e1n las oficiales aprobadas en Consejo de Direcci\u00f3n y Consejo Social. --><\/p>\n<hr \/>\n<h4>Necesidades demandadas y aplicaciones<\/h4>\n<p>Existe una creciente demanda por parte de las administraciones p&uacute;blicas, as&iacute; como de otros organismos p&uacute;blicos y privados, para la publicaci&oacute;n de aquellos datos que no est&aacute;n sujetos a limitaciones relacionadas con la privacidad de los datos. Este tipo de publicaci&oacute;n facilita la reutilizaci&oacute;n y tiene el potencial de generar un gran impacto econ&oacute;mico, social, pol&iacute;tico y medio-ambiental. Asimismo, la Estrategia Europea de Datos identifica la necesidad de trabajar en espacios de datos conjuntos, por sectores o por localizaciones geogr&aacute;ficas, que permitan la compartici&oacute;n de datos p&uacute;blicos y privados entre distintos tipos de organizaciones, y con la ciudadan&iacute;a.<\/p>\n<hr \/>\n<h4>Sector o &aacute;rea de aplicaci&oacute;n<\/h4>\n<p>Los portales de datos abiertos son aplicables a cualquier sector de actividad. Esto incluye &aacute;reas donde su aplicaci&oacute;n es generalizada, como las ciudades y territorios, los datos estad&iacute;sticos, los datos geogr&aacute;ficos y los datos de investigaci&oacute;n.<\/p>\n<hr \/>\n<h4>Competencias diferenciales<\/h4>\n<p>Nuestro grupo tiene una larga experiencia en el despliegue de portales de datos abiertos. Esto incluye datos abiertos gubernamentales (de administraciones p&uacute;blicas) y datos abiertos de investigaci&oacute;n. Una gran ventaja es que cubrimos todo el ciclo de vida de los datos abiertos, desde la planificaci&oacute;n hasta su publicaci&oacute;n y utilizaci&oacute;n.<\/p>\n<p>En el contexto de los datos de investigaci&oacute;n, adem&aacute;s, todo ello se realiza siguiendo los principios FAIR. De hecho, uno de los miembros de nuestro equipo ha participado como &uacute;nico miembro espa&ntilde;ol del grupo de trabajo de la European Open Science Cloud sobre FAIR (Findable, Accesible, Interoperable, Reusable).<\/p>\n<hr \/>\n<h4>Referencias previas de prestaci&oacute;n<\/h4>\n<p>Nuestro grupo est&aacute; actualmente trabajando dentro de un consorcio en un contrato con la EU Publications Office en relaci&oacute;n con data.europa.eu, realizando tareas de investigaci&oacute;n relacionadas con el impacto y posicionamiento de los datos abiertos. Asimismo, hemos apoyado el despliegue de portales de datos abiertos como el del Ayuntamiento de Zaragoza (<a href=\"https:\/\/datos.zaragoza.es\/\">https:\/\/datos.zaragoza.es\/<\/a>).<\/p>\n<p>Con respecto a los datos de investigaci&oacute;n, hemos sido responsables de la creaci&oacute;n de los siguientes portales de datos abiertos de investigaci&oacute;n:<\/p>\n<ul>\n<li>CSIC-INIA: <a href=\"http:\/\/data.inia.es\/\">http:\/\/data.inia.es\/<\/a><\/li>\n<li>Instituto Madrile&ntilde;o de Investigaci&oacute;n y Desarrollo Rural, Agrario y Alimentario (IMIDRA): <a href=\"https:\/\/gopausa.linkeddata.es\/\">https:\/\/gopausa.linkeddata.es\/<\/a>&nbsp;<\/li>\n<\/ul>\n<hr \/>\n<h4>Descripci&oacute;n del equipamiento<\/h4>\n<p>Poseemos la infraestructura hardware y software para poder realizar el despliegue de los portales de datos abiertos, en caso de que sea necesario. Asimismo, es com&uacute;n la realizaci&oacute;n de estas tareas en las instalaciones del cliente, por lo que tenemos total flexibilidad en este sentido.<\/p>\n<hr \/>\n<p>&nbsp;<\/p>\n<hr \/>\n<div class=\"pdfprnt-buttons pdfprnt-buttons-product pdfprnt-bottom-left\"><a href=\"https:\/\/www.upm.es\/recursosidi\/wp-json\/wp\/v2\/product\/9448?print=pdf\" class=\"pdfprnt-button pdfprnt-button-pdf\" target=\"_blank\"><span class=\"pdfprnt-button-title pdfprnt-button-pdf-title\">Descargar ficha<\/span><\/a><\/div>","protected":false},"excerpt":{"rendered":"<p>Este servicio incluye la planificaci\u00f3n estrat\u00e9gica, configuraci\u00f3n y despliegue del software necesario para publicar datos en un portal de datos abiertos, as\u00ed como todo el proceso de preparaci\u00f3n de los mismos (recolecci\u00f3n, limpieza, creaci\u00f3n de datasets, etc.). <\/p>\n","protected":false},"featured_media":6734,"template":"","meta":{"_acf_changed":false},"product_cat":[2395],"product_tag":[3329,3325,3327,3326,3328,3330],"comunidades-upm":[],"quien":[],"mapa":[{"term_id":126,"name":"Tecnolog\u00edas digitales, Inteligencia Artificial, ciberseguridad, 5G, rob\u00f3tica","slug":"tecnologias_digitales-ai-ciberseguridad-5g-robotica","term_group":0,"term_taxonomy_id":126,"taxonomy":"mapa","description":"","parent":0,"count":194,"filter":"raw","term_order":"23"}],"disponibilidad":[{"term_id":204,"name":"Disponible","slug":"disponible","term_group":0,"term_taxonomy_id":204,"taxonomy":"disponibilidad","description":"","parent":0,"count":110,"filter":"raw","term_order":"0"}],"donde":[{"term_id":1884,"name":"Artificial Intelligence R&amp;I Centre (AI.nnovation Space)","slug":"en_artificial-intelligence-ri-centre-ai-nnovation-space","term_group":0,"term_taxonomy_id":1884,"taxonomy":"donde","description":"","parent":0,"count":41,"filter":"raw","term_order":"0"},{"term_id":664,"name":"Centro de I+D+i en Inteligencia Artificial (AI.nnovation Space)","slug":"centro-de-idi-en-inteligencia-artificial-ai-nnovation-space","term_group":0,"term_taxonomy_id":664,"taxonomy":"donde","description":"","parent":0,"count":44,"filter":"raw","term_order":"0"},{"term_id":526,"name":"Ontology Engineering Group","slug":"ontology-engineering-group","term_group":0,"term_taxonomy_id":526,"taxonomy":"donde","description":"Trabajamos en las siguientes l&iacute;neas:\n&nbsp;\n\n<strong>Ingenier&iacute;a Ontol&oacute;gica.<\/strong> Construimos ontolog&iacute;as en dominios muy diversos, as&iacute; como m&eacute;todos y herramientas para facilitar esta tarea.\n<strong>Web Sem&aacute;ntica y Linked Data<\/strong>. Hemos creado Linked Data para organizaciones como la Biblioteca Nacional de Espa&ntilde;a, Instituto Geogr&aacute;fico Nacional, Ayuntamiento de Zaragoza, etc. Tambi&eacute;n hemos creado un gran n&uacute;mero de aplicaciones basadas en estos datos.\n<strong>Ingenier&iacute;a Ling&uuml;&iacute;stica.<\/strong> Aplicamos t&eacute;cnicas de procesamiento de lenguaje natural para la construcci&oacute;n de ontolog&iacute;as y la anotaci&oacute;n de textos, as&iacute; como el tratamiento de la multilingualidad.\n<strong>Integraci&oacute;n de datos.<\/strong> Creamos herramientas para integrar datos de bases de datos relacionales, hojas de c&aacute;lculo, streams de datos,, etc.\n<strong>e-Ciencia Sem&aacute;ntica.<\/strong> Facilitamos la labor de investigadores de varias disciplinas mediante el uso de tecnolog&iacute;as sem&aacute;nticas.\n","parent":0,"count":45,"filter":"raw","term_order":"0"},{"term_id":1750,"name":"Ontology Engineering Group","slug":"en_ontology-engineering-group","term_group":0,"term_taxonomy_id":1750,"taxonomy":"donde","description":"Trabajamos en las siguientes l&iacute;neas:\n&nbsp;\n\n<strong>Ingenier&iacute;a Ontol&oacute;gica.<\/strong> Construimos ontolog&iacute;as en dominios muy diversos, as&iacute; como m&eacute;todos y herramientas para facilitar esta tarea.\n<strong>Web Sem&aacute;ntica y Linked Data<\/strong>. Hemos creado Linked Data para organizaciones como la Biblioteca Nacional de Espa&ntilde;a, Instituto Geogr&aacute;fico Nacional, Ayuntamiento de Zaragoza, etc. Tambi&eacute;n hemos creado un gran n&uacute;mero de aplicaciones basadas en estos datos.\n<strong>Ingenier&iacute;a Ling&uuml;&iacute;stica.<\/strong> Aplicamos t&eacute;cnicas de procesamiento de lenguaje natural para la construcci&oacute;n de ontolog&iacute;as y la anotaci&oacute;n de textos, as&iacute; como el tratamiento de la multilingualidad.\n<strong>Integraci&oacute;n de datos.<\/strong> Creamos herramientas para integrar datos de bases de datos relacionales, hojas de c&aacute;lculo, streams de datos,, etc.\n<strong>e-Ciencia Sem&aacute;ntica.<\/strong> Facilitamos la labor de investigadores de varias disciplinas mediante el uso de tecnolog&iacute;as sem&aacute;nticas.\n","parent":0,"count":45,"filter":"raw","term_order":"0"}],"infraestructura":[],"ods":[{"term_id":2239,"name":"Ciudades y Comunidades Sostenibles","slug":"ciudades-y-comunidades-sostenibles","term_group":0,"term_taxonomy_id":2239,"taxonomy":"ods","description":"","parent":0,"count":43,"filter":"raw","term_order":"0"},{"term_id":2247,"name":"Industria, Innovaci\u00f3n e Infraestructura","slug":"industria-innovacion-e-infraestructura","term_group":0,"term_taxonomy_id":2247,"taxonomy":"ods","description":"","parent":0,"count":171,"filter":"raw","term_order":"0"},{"term_id":2218,"name":"Paz, Justicia e Instituciones s\u00f3lidas","slug":"paz-justicia-e-instituciones-solidas","term_group":0,"term_taxonomy_id":2218,"taxonomy":"ods","description":"","parent":0,"count":1,"filter":"raw","term_order":"0"}],"origen":[{"term_id":196,"name":"Infraestructuras, Instalaci\u00f3n, Equipo","slug":"infraestructuras","term_group":0,"term_taxonomy_id":196,"taxonomy":"origen","description":"","parent":0,"count":180,"filter":"raw","term_order":"0"}],"familia_tax":false,"quien_tax":false,"donde_tax":false,"year":"2021-01-01","contacto":"Escuela T\u00e9cnica Superior de Ingenieros Inform\u00e1ticos (ETSIINF). Universidad Polit\u00e9cnica de Madrid. Avda. Montepr\u00edncipe, s\/n. Boadilla del Monte, 28660, Espa\u00f1a","telefono":"910672911","pagina_web":"https:\/\/oeg.fi.upm.es\/","email":"oscar.corcho@upm.es","id_ficha_portal":"235","video":"","adjuntos":false,"adjuntos_portal":"","inf":false,"departamento":"","acf":[],"lang":"es","translation":{"es":9448,"en":9452},"_links":{"self":[{"href":"https:\/\/www.upm.es\/recursosidi\/wp-json\/wp\/v2\/product\/9448"}],"collection":[{"href":"https:\/\/www.upm.es\/recursosidi\/wp-json\/wp\/v2\/product"}],"about":[{"href":"https:\/\/www.upm.es\/recursosidi\/wp-json\/wp\/v2\/types\/product"}],"wp:featuredmedia":[{"embeddable":true,"href":"https:\/\/www.upm.es\/recursosidi\/wp-json\/wp\/v2\/media\/6734"}],"wp:attachment":[{"href":"https:\/\/www.upm.es\/recursosidi\/wp-json\/wp\/v2\/media?parent=9448"}],"wp:term":[{"taxonomy":"product_cat","embeddable":true,"href":"https:\/\/www.upm.es\/recursosidi\/wp-json\/wp\/v2\/product_cat?post=9448"},{"taxonomy":"product_tag","embeddable":true,"href":"https:\/\/www.upm.es\/recursosidi\/wp-json\/wp\/v2\/product_tag?post=9448"},{"taxonomy":"comunidad_upm","embeddable":true,"href":"https:\/\/www.upm.es\/recursosidi\/wp-json\/wp\/v2\/comunidades-upm?post=9448"},{"taxonomy":"quien","embeddable":true,"href":"https:\/\/www.upm.es\/recursosidi\/wp-json\/wp\/v2\/quien?post=9448"},{"taxonomy":"mapa","embeddable":true,"href":"https:\/\/www.upm.es\/recursosidi\/wp-json\/wp\/v2\/mapa?post=9448"},{"taxonomy":"disponibilidad","embeddable":true,"href":"https:\/\/www.upm.es\/recursosidi\/wp-json\/wp\/v2\/disponibilidad?post=9448"},{"taxonomy":"donde","embeddable":true,"href":"https:\/\/www.upm.es\/recursosidi\/wp-json\/wp\/v2\/donde?post=9448"},{"taxonomy":"infraestructura","embeddable":true,"href":"https:\/\/www.upm.es\/recursosidi\/wp-json\/wp\/v2\/infraestructura?post=9448"},{"taxonomy":"ods","embeddable":true,"href":"https:\/\/www.upm.es\/recursosidi\/wp-json\/wp\/v2\/ods?post=9448"},{"taxonomy":"origen","embeddable":true,"href":"https:\/\/www.upm.es\/recursosidi\/wp-json\/wp\/v2\/origen?post=9448"}],"curies":[{"name":"wp","href":"https:\/\/api.w.org\/{rel}","templated":true}]}}