{"id":9452,"date":"2022-04-28T12:55:48","date_gmt":"2022-04-28T10:55:48","guid":{"rendered":"https:\/\/www.upm.es\/recursosidi\/offers-resources\/sin categor\u00eda\/open-data-portal-configuration-and-deployment\/"},"modified":"2022-04-28T12:55:54","modified_gmt":"2022-04-28T10:55:54","slug":"open-data-portal-configuration-and-deployment","status":"publish","type":"product","link":"https:\/\/www.upm.es\/recursosidi\/en\/offers-resources\/technological-scientific-services\/services-technological-scientific-services\/open-data-portal-configuration-and-deployment\/","title":{"rendered":"Open Data Portal Configuration and Deployment"},"content":{"rendered":"<h4>Open Data Portal Configuration and Deployment&nbsp;<\/h4>\n<hr \/>\n<p>In the context of this service, we support public and private organisations in the adoption of a systematic strategy for the deployment of their open data portal or data space. We follow good practices at the international and national levels, as well as legal regulations, including the European directives, and national, regional and local regulations. We also provide all the technological support that is necessary for the configuration and deployment of open data portals and data spaces, based on open source software (CKAN, GAIA-X), and for the preparation of data assets that will be published. We help organisations in selecting update modes and frequencies, cleaning and preparation processes, publication formats (from 1 to 5 stars), etc.<!-- Recuerda que estas tarifas ser\u00e1n las oficiales aprobadas en Consejo de Direcci\u00f3n y Consejo Social. --><\/p>\n<hr \/>\n<h4>Market demands<\/h4>\n<p>There is an increasing demand from public administrations, including public bodies, and private organisations for the publication of data that is not subject to privacy-awareness or data-protection limitations. The publication of open data eases reuse and has the potential of generating a large economic, social, political and environmental impact. Furthermore, the European Strategy for Data identifies the need to work on common data spaces, either by sector of by geographic location, that allows sharing public and private data across organisations, and with citizens.&nbsp;<\/p>\n<hr \/>\n<h4>Field of application<\/h4>\n<p>Open data portals and data spaces are relevant for all types of activity sectors. This includes areas where their application is already evident, such as cities and regions, statistical data, geographical data, and research data.<\/p>\n<hr \/>\n<h4>Differential Advantage<\/h4>\n<p>Our group has wide experience in the deployment of open data portals. This includes open government data (fromo public administrations) and open research data. One of our competitive advantages is that we provide support to the whole lifecycle of open data, from planning to their publication and reuse.<\/p>\n<p>In the context of research data, we follow FAIR principles. In fact, one of our group members has been involved in the edition of the European Open Science Cloud (EOSC) Interoperability Framework.<\/p>\n<hr \/>\n<h4>Examples of previous references<\/h4>\n<p>Our group is currently working inside a consortium that provides support to the EU Publications Office for the further development of data.europa.eu, with research tasks focused on the impact and positioning of open data. We have supported the deployment of 5-star open data portals like the one from the city of Zaragoza (<a href=\"https:\/\/datos.zaragoza.es\/\">https:\/\/datos.zaragoza.es\/<\/a>).<\/p>\n<p>With respect to research data, we have been in charge of the following open research data portals:<\/p>\n<ul>\n<li>CSIC-INIA: <a href=\"http:\/\/data.inia.es\/\">http:\/\/data.inia.es\/<\/a><\/li>\n<li>Instituto Madrile&ntilde;o de Investigaci&oacute;n y Desarrollo Rural, Agrario y Alimentario (IMIDRA): <a href=\"https:\/\/gopausa.linkeddata.es\/\">https:\/\/gopausa.linkeddata.es\/<\/a>&nbsp;<\/li>\n<\/ul>\n<hr \/>\n<h4>Equipment description&nbsp;<\/h4>\n<p>We have the hardware and software infrastructure that is necessary in order to deploy production-based open data portals and data spaces. However, we are commonly requested to work on the premises of our clients, so we are flexbile on this.<\/p>\n<hr \/>\n<p>&nbsp;<\/p>\n<hr \/>\n<div class=\"pdfprnt-buttons pdfprnt-buttons-product pdfprnt-bottom-left\"><a href=\"https:\/\/www.upm.es\/recursosidi\/wp-json\/wp\/v2\/product\/9452?print=pdf\" class=\"pdfprnt-button pdfprnt-button-pdf\" target=\"_blank\"><span class=\"pdfprnt-button-title pdfprnt-button-pdf-title\">Descargar ficha<\/span><\/a><\/div>","protected":false},"excerpt":{"rendered":"<p>This service includes the strategic planning, configuration and deployment of the software needed to publish data in an open data portal or a data space, as well as all the data preparation processes (acquisition, cleaning, dataset creation, etc.). <\/p>\n","protected":false},"featured_media":9451,"template":"","meta":{"_acf_changed":false},"product_cat":[2403],"product_tag":[3329,3325,3327,3326,3328,3330],"comunidades-upm":[],"quien":[],"mapa":[{"term_id":37,"name":"Digital Technologies, Artificial Intelligence, Cybersecurity, 5G, Robotics","slug":"digital_technologies-ai-cybersecurity-5g-robotics","term_group":0,"term_taxonomy_id":37,"taxonomy":"mapa","description":"","parent":0,"count":83,"filter":"raw","term_order":"24"}],"disponibilidad":[{"term_id":204,"name":"Disponible","slug":"disponible","term_group":0,"term_taxonomy_id":204,"taxonomy":"disponibilidad","description":"","parent":0,"count":110,"filter":"raw","term_order":"0"}],"donde":[{"term_id":1884,"name":"Artificial Intelligence R&amp;I Centre (AI.nnovation Space)","slug":"en_artificial-intelligence-ri-centre-ai-nnovation-space","term_group":0,"term_taxonomy_id":1884,"taxonomy":"donde","description":"","parent":0,"count":41,"filter":"raw","term_order":"0"},{"term_id":664,"name":"Centro de I+D+i en Inteligencia Artificial (AI.nnovation Space)","slug":"centro-de-idi-en-inteligencia-artificial-ai-nnovation-space","term_group":0,"term_taxonomy_id":664,"taxonomy":"donde","description":"","parent":0,"count":44,"filter":"raw","term_order":"0"},{"term_id":526,"name":"Ontology Engineering Group","slug":"ontology-engineering-group","term_group":0,"term_taxonomy_id":526,"taxonomy":"donde","description":"Trabajamos en las siguientes l&iacute;neas:\n&nbsp;\n\n<strong>Ingenier&iacute;a Ontol&oacute;gica.<\/strong> Construimos ontolog&iacute;as en dominios muy diversos, as&iacute; como m&eacute;todos y herramientas para facilitar esta tarea.\n<strong>Web Sem&aacute;ntica y Linked Data<\/strong>. Hemos creado Linked Data para organizaciones como la Biblioteca Nacional de Espa&ntilde;a, Instituto Geogr&aacute;fico Nacional, Ayuntamiento de Zaragoza, etc. Tambi&eacute;n hemos creado un gran n&uacute;mero de aplicaciones basadas en estos datos.\n<strong>Ingenier&iacute;a Ling&uuml;&iacute;stica.<\/strong> Aplicamos t&eacute;cnicas de procesamiento de lenguaje natural para la construcci&oacute;n de ontolog&iacute;as y la anotaci&oacute;n de textos, as&iacute; como el tratamiento de la multilingualidad.\n<strong>Integraci&oacute;n de datos.<\/strong> Creamos herramientas para integrar datos de bases de datos relacionales, hojas de c&aacute;lculo, streams de datos,, etc.\n<strong>e-Ciencia Sem&aacute;ntica.<\/strong> Facilitamos la labor de investigadores de varias disciplinas mediante el uso de tecnolog&iacute;as sem&aacute;nticas.\n","parent":0,"count":45,"filter":"raw","term_order":"0"},{"term_id":1750,"name":"Ontology Engineering Group","slug":"en_ontology-engineering-group","term_group":0,"term_taxonomy_id":1750,"taxonomy":"donde","description":"Trabajamos en las siguientes l&iacute;neas:\n&nbsp;\n\n<strong>Ingenier&iacute;a Ontol&oacute;gica.<\/strong> Construimos ontolog&iacute;as en dominios muy diversos, as&iacute; como m&eacute;todos y herramientas para facilitar esta tarea.\n<strong>Web Sem&aacute;ntica y Linked Data<\/strong>. Hemos creado Linked Data para organizaciones como la Biblioteca Nacional de Espa&ntilde;a, Instituto Geogr&aacute;fico Nacional, Ayuntamiento de Zaragoza, etc. Tambi&eacute;n hemos creado un gran n&uacute;mero de aplicaciones basadas en estos datos.\n<strong>Ingenier&iacute;a Ling&uuml;&iacute;stica.<\/strong> Aplicamos t&eacute;cnicas de procesamiento de lenguaje natural para la construcci&oacute;n de ontolog&iacute;as y la anotaci&oacute;n de textos, as&iacute; como el tratamiento de la multilingualidad.\n<strong>Integraci&oacute;n de datos.<\/strong> Creamos herramientas para integrar datos de bases de datos relacionales, hojas de c&aacute;lculo, streams de datos,, etc.\n<strong>e-Ciencia Sem&aacute;ntica.<\/strong> Facilitamos la labor de investigadores de varias disciplinas mediante el uso de tecnolog&iacute;as sem&aacute;nticas.\n","parent":0,"count":45,"filter":"raw","term_order":"0"}],"infraestructura":[],"ods":[{"term_id":2249,"name":"Industry, Innovation and Infrastructure","slug":"industry-innovation-and-infrastructure","term_group":0,"term_taxonomy_id":2249,"taxonomy":"ods","description":"","parent":0,"count":129,"filter":"raw","term_order":"0"},{"term_id":2221,"name":"Peace, Justice and Strong Institutions","slug":"peace-justice-and-strong-institutions","term_group":0,"term_taxonomy_id":2221,"taxonomy":"ods","description":"","parent":0,"count":1,"filter":"raw","term_order":"0"},{"term_id":2241,"name":"Sustainable Cities and Communities","slug":"sustainable-cities-and-communities","term_group":0,"term_taxonomy_id":2241,"taxonomy":"ods","description":"","parent":0,"count":38,"filter":"raw","term_order":"0"}],"origen":[{"term_id":196,"name":"Infraestructuras, Instalaci\u00f3n, Equipo","slug":"infraestructuras","term_group":0,"term_taxonomy_id":196,"taxonomy":"origen","description":"","parent":0,"count":180,"filter":"raw","term_order":"0"}],"familia_tax":false,"quien_tax":false,"donde_tax":false,"year":"2021-01-01","contacto":"Escuela T\u00e9cnica Superior de Ingenieros Inform\u00e1ticos (ETSIINF). Universidad Polit\u00e9cnica de Madrid. Avda. Montepr\u00edncipe, s\/n. Boadilla del Monte, 28660, Espa\u00f1a","telefono":"910672911","pagina_web":"https:\/\/oeg.fi.upm.es\/","email":"oscar.corcho@upm.es","id_ficha_portal":"235","video":"","adjuntos":false,"adjuntos_portal":"","inf":false,"departamento":"","acf":[],"lang":"en","translation":{"en":9452,"es":9448},"_links":{"self":[{"href":"https:\/\/www.upm.es\/recursosidi\/wp-json\/wp\/v2\/product\/9452"}],"collection":[{"href":"https:\/\/www.upm.es\/recursosidi\/wp-json\/wp\/v2\/product"}],"about":[{"href":"https:\/\/www.upm.es\/recursosidi\/wp-json\/wp\/v2\/types\/product"}],"wp:featuredmedia":[{"embeddable":true,"href":"https:\/\/www.upm.es\/recursosidi\/wp-json\/wp\/v2\/media\/9451"}],"wp:attachment":[{"href":"https:\/\/www.upm.es\/recursosidi\/wp-json\/wp\/v2\/media?parent=9452"}],"wp:term":[{"taxonomy":"product_cat","embeddable":true,"href":"https:\/\/www.upm.es\/recursosidi\/wp-json\/wp\/v2\/product_cat?post=9452"},{"taxonomy":"product_tag","embeddable":true,"href":"https:\/\/www.upm.es\/recursosidi\/wp-json\/wp\/v2\/product_tag?post=9452"},{"taxonomy":"comunidad_upm","embeddable":true,"href":"https:\/\/www.upm.es\/recursosidi\/wp-json\/wp\/v2\/comunidades-upm?post=9452"},{"taxonomy":"quien","embeddable":true,"href":"https:\/\/www.upm.es\/recursosidi\/wp-json\/wp\/v2\/quien?post=9452"},{"taxonomy":"mapa","embeddable":true,"href":"https:\/\/www.upm.es\/recursosidi\/wp-json\/wp\/v2\/mapa?post=9452"},{"taxonomy":"disponibilidad","embeddable":true,"href":"https:\/\/www.upm.es\/recursosidi\/wp-json\/wp\/v2\/disponibilidad?post=9452"},{"taxonomy":"donde","embeddable":true,"href":"https:\/\/www.upm.es\/recursosidi\/wp-json\/wp\/v2\/donde?post=9452"},{"taxonomy":"infraestructura","embeddable":true,"href":"https:\/\/www.upm.es\/recursosidi\/wp-json\/wp\/v2\/infraestructura?post=9452"},{"taxonomy":"ods","embeddable":true,"href":"https:\/\/www.upm.es\/recursosidi\/wp-json\/wp\/v2\/ods?post=9452"},{"taxonomy":"origen","embeddable":true,"href":"https:\/\/www.upm.es\/recursosidi\/wp-json\/wp\/v2\/origen?post=9452"}],"curies":[{"name":"wp","href":"https:\/\/api.w.org\/{rel}","templated":true}]}}